{"id":9412,"date":"2021-07-14T23:07:20","date_gmt":"2021-07-14T21:07:20","guid":{"rendered":"https:\/\/sagitta-safety.com\/?post_type=product&#038;p=9412"},"modified":"2022-09-19T14:23:54","modified_gmt":"2022-09-19T12:23:54","slug":"katon-high-vision","status":"publish","type":"product","link":"https:\/\/sagitta-safety.com\/sk\/produkt\/katon-high-vision\/","title":{"rendered":"KATON High Vision"},"content":{"rendered":"","protected":false},"excerpt":{"rendered":"<ul>\n<li>ultra \u013eahk\u00e9 ochrann\u00e9 okuliare, ve\u013emi pru\u017en\u00e9<\/li>\n<li>atrakt\u00edvny \u0161portov\u00fd dizajn<\/li>\n<li>LED Blue Protect filter efekt\u00edvne redukuje nebezpe\u010dn\u00e9 modr\u00e9 svetlo do 420nm<\/li>\n<li>High Vision anti-reflex vysoko kvalitn\u00e9 zu\u0161\u013eachtenie zabezpe\u010duje jasn\u00e9 videnie bez ru\u0161iv\u00fdch odrazov na zorn\u00edku<\/li>\n<li>vysok\u00e9 percento priepustnosti svetla zabezpe\u010duje dokonal\u00fa ostros\u0165 a\u00a0kontrast<\/li>\n<li>panoramatick\u00fd tvar zorn\u00edka zabezpe\u010duje \u0161irok\u00e9 zorn\u00e9 pole<\/li>\n<li>minim\u00e1lne stranov\u00e9 skreslenie perifern\u00e9ho obrazu<\/li>\n<li>nen\u00e1ro\u010dn\u00e9 na \u00fadr\u017ebu<\/li>\n<\/ul>\n","protected":false},"featured_media":9425,"template":"","meta":{"_et_pb_use_builder":"","_et_pb_old_content":"","_et_gb_content_width":""},"product_brand":[],"product_cat":[198],"product_tag":[],"class_list":{"0":"post-9412","1":"product","2":"type-product","3":"status-publish","4":"has-post-thumbnail","6":"product_cat-ochranne-okuliare-high-vision","8":"first","9":"instock","10":"shipping-taxable","11":"product-type-simple"},"yoast_head":"<!-- This site is optimized with the Yoast SEO plugin v26.1.1 - https:\/\/yoast.com\/wordpress\/plugins\/seo\/ -->\n<title>KATON High Vision - Sagitta, \u0161pecialista na o\u010dn\u00fa optiku<\/title>\n<meta name=\"robots\" content=\"index, follow, max-snippet:-1, max-image-preview:large, max-video-preview:-1\" \/>\n<link rel=\"canonical\" href=\"https:\/\/sagitta-safety.com\/sk\/produkt\/katon-high-vision\/\" \/>\n<meta property=\"og:locale\" content=\"sk_SK\" \/>\n<meta property=\"og:type\" content=\"article\" \/>\n<meta property=\"og:title\" content=\"KATON High Vision - Sagitta, \u0161pecialista na o\u010dn\u00fa optiku\" \/>\n<meta property=\"og:description\" content=\"ultra \u013eahk\u00e9 ochrann\u00e9 okuliare, ve\u013emi pru\u017en\u00e9  atrakt\u00edvny \u0161portov\u00fd dizajn  LED Blue Protect filter efekt\u00edvne redukuje nebezpe\u010dn\u00e9 modr\u00e9 svetlo do 420nm  High Vision anti-reflex vysoko kvalitn\u00e9 zu\u0161\u013eachtenie zabezpe\u010duje jasn\u00e9 videnie bez ru\u0161iv\u00fdch odrazov na zorn\u00edku  vysok\u00e9 percento priepustnosti svetla zabezpe\u010duje dokonal\u00fa ostros\u0165 a\u00a0kontrast  panoramatick\u00fd tvar zorn\u00edka zabezpe\u010duje \u0161irok\u00e9 zorn\u00e9 pole  minim\u00e1lne stranov\u00e9 skreslenie perifern\u00e9ho obrazu  nen\u00e1ro\u010dn\u00e9 na \u00fadr\u017ebu\" \/>\n<meta property=\"og:url\" content=\"https:\/\/sagitta-safety.com\/sk\/produkt\/katon-high-vision\/\" \/>\n<meta property=\"og:site_name\" content=\"Sagitta, \u0161pecialista na o\u010dn\u00fa optiku\" \/>\n<meta property=\"article:modified_time\" content=\"2022-09-19T12:23:54+00:00\" \/>\n<meta property=\"og:image\" content=\"https:\/\/sagitta-safety.com\/wp-content\/uploads\/2021\/07\/Katon_Clean_Fog-2-2.jpg\" \/>\n\t<meta property=\"og:image:width\" content=\"1772\" \/>\n\t<meta property=\"og:image:height\" content=\"1772\" \/>\n\t<meta property=\"og:image:type\" content=\"image\/jpeg\" \/>\n<meta name=\"twitter:card\" content=\"summary_large_image\" \/>\n<script type=\"application\/ld+json\" class=\"yoast-schema-graph\">{\"@context\":\"https:\/\/schema.org\",\"@graph\":[{\"@type\":\"WebPage\",\"@id\":\"https:\/\/sagitta-safety.com\/sk\/produkt\/katon-high-vision\/\",\"url\":\"https:\/\/sagitta-safety.com\/sk\/produkt\/katon-high-vision\/\",\"name\":\"KATON High Vision - Sagitta, \u0161pecialista na o\u010dn\u00fa optiku\",\"isPartOf\":{\"@id\":\"https:\/\/sagitta-safety.com\/en\/#website\"},\"primaryImageOfPage\":{\"@id\":\"https:\/\/sagitta-safety.com\/sk\/produkt\/katon-high-vision\/#primaryimage\"},\"image\":{\"@id\":\"https:\/\/sagitta-safety.com\/sk\/produkt\/katon-high-vision\/#primaryimage\"},\"thumbnailUrl\":\"https:\/\/sagitta-safety.com\/wp-content\/uploads\/2021\/07\/Katon_Clean_Fog-2-2.jpg\",\"datePublished\":\"2021-07-14T21:07:20+00:00\",\"dateModified\":\"2022-09-19T12:23:54+00:00\",\"breadcrumb\":{\"@id\":\"https:\/\/sagitta-safety.com\/sk\/produkt\/katon-high-vision\/#breadcrumb\"},\"inLanguage\":\"sk-SK\",\"potentialAction\":[{\"@type\":\"ReadAction\",\"target\":[\"https:\/\/sagitta-safety.com\/sk\/produkt\/katon-high-vision\/\"]}]},{\"@type\":\"ImageObject\",\"inLanguage\":\"sk-SK\",\"@id\":\"https:\/\/sagitta-safety.com\/sk\/produkt\/katon-high-vision\/#primaryimage\",\"url\":\"https:\/\/sagitta-safety.com\/wp-content\/uploads\/2021\/07\/Katon_Clean_Fog-2-2.jpg\",\"contentUrl\":\"https:\/\/sagitta-safety.com\/wp-content\/uploads\/2021\/07\/Katon_Clean_Fog-2-2.jpg\",\"width\":1772,\"height\":1772},{\"@type\":\"BreadcrumbList\",\"@id\":\"https:\/\/sagitta-safety.com\/sk\/produkt\/katon-high-vision\/#breadcrumb\",\"itemListElement\":[{\"@type\":\"ListItem\",\"position\":1,\"name\":\"Home\",\"item\":\"https:\/\/sagitta-safety.com\/cz\/\"},{\"@type\":\"ListItem\",\"position\":2,\"name\":\"Ochrana zraku\",\"item\":\"https:\/\/sagitta-safety.com\/en\/eye-protection\/\"},{\"@type\":\"ListItem\",\"position\":3,\"name\":\"KATON High Vision\"}]},{\"@type\":\"WebSite\",\"@id\":\"https:\/\/sagitta-safety.com\/en\/#website\",\"url\":\"https:\/\/sagitta-safety.com\/en\/\",\"name\":\"Sagitta, \u0161pecialista na o\u010dn\u00fa optiku\",\"description\":\"Profesion\u00e1lna ochrana zraku pre priemysel | SAGITTA\",\"potentialAction\":[{\"@type\":\"SearchAction\",\"target\":{\"@type\":\"EntryPoint\",\"urlTemplate\":\"https:\/\/sagitta-safety.com\/en\/?s={search_term_string}\"},\"query-input\":{\"@type\":\"PropertyValueSpecification\",\"valueRequired\":true,\"valueName\":\"search_term_string\"}}],\"inLanguage\":\"sk-SK\"}]}<\/script>\n<!-- \/ Yoast SEO plugin. -->","yoast_head_json":{"title":"KATON High Vision - Sagitta, \u0161pecialista na o\u010dn\u00fa optiku","robots":{"index":"index","follow":"follow","max-snippet":"max-snippet:-1","max-image-preview":"max-image-preview:large","max-video-preview":"max-video-preview:-1"},"canonical":"https:\/\/sagitta-safety.com\/sk\/produkt\/katon-high-vision\/","og_locale":"sk_SK","og_type":"article","og_title":"KATON High Vision - Sagitta, \u0161pecialista na o\u010dn\u00fa optiku","og_description":"ultra \u013eahk\u00e9 ochrann\u00e9 okuliare, ve\u013emi pru\u017en\u00e9  atrakt\u00edvny \u0161portov\u00fd dizajn  LED Blue Protect filter efekt\u00edvne redukuje nebezpe\u010dn\u00e9 modr\u00e9 svetlo do 420nm  High Vision anti-reflex vysoko kvalitn\u00e9 zu\u0161\u013eachtenie zabezpe\u010duje jasn\u00e9 videnie bez ru\u0161iv\u00fdch odrazov na zorn\u00edku  vysok\u00e9 percento priepustnosti svetla zabezpe\u010duje dokonal\u00fa ostros\u0165 a\u00a0kontrast  panoramatick\u00fd tvar zorn\u00edka zabezpe\u010duje \u0161irok\u00e9 zorn\u00e9 pole  minim\u00e1lne stranov\u00e9 skreslenie perifern\u00e9ho obrazu  nen\u00e1ro\u010dn\u00e9 na \u00fadr\u017ebu","og_url":"https:\/\/sagitta-safety.com\/sk\/produkt\/katon-high-vision\/","og_site_name":"Sagitta, \u0161pecialista na o\u010dn\u00fa optiku","article_modified_time":"2022-09-19T12:23:54+00:00","og_image":[{"width":1772,"height":1772,"url":"https:\/\/sagitta-safety.com\/wp-content\/uploads\/2021\/07\/Katon_Clean_Fog-2-2.jpg","type":"image\/jpeg"}],"twitter_card":"summary_large_image","schema":{"@context":"https:\/\/schema.org","@graph":[{"@type":"WebPage","@id":"https:\/\/sagitta-safety.com\/sk\/produkt\/katon-high-vision\/","url":"https:\/\/sagitta-safety.com\/sk\/produkt\/katon-high-vision\/","name":"KATON High Vision - Sagitta, \u0161pecialista na o\u010dn\u00fa optiku","isPartOf":{"@id":"https:\/\/sagitta-safety.com\/en\/#website"},"primaryImageOfPage":{"@id":"https:\/\/sagitta-safety.com\/sk\/produkt\/katon-high-vision\/#primaryimage"},"image":{"@id":"https:\/\/sagitta-safety.com\/sk\/produkt\/katon-high-vision\/#primaryimage"},"thumbnailUrl":"https:\/\/sagitta-safety.com\/wp-content\/uploads\/2021\/07\/Katon_Clean_Fog-2-2.jpg","datePublished":"2021-07-14T21:07:20+00:00","dateModified":"2022-09-19T12:23:54+00:00","breadcrumb":{"@id":"https:\/\/sagitta-safety.com\/sk\/produkt\/katon-high-vision\/#breadcrumb"},"inLanguage":"sk-SK","potentialAction":[{"@type":"ReadAction","target":["https:\/\/sagitta-safety.com\/sk\/produkt\/katon-high-vision\/"]}]},{"@type":"ImageObject","inLanguage":"sk-SK","@id":"https:\/\/sagitta-safety.com\/sk\/produkt\/katon-high-vision\/#primaryimage","url":"https:\/\/sagitta-safety.com\/wp-content\/uploads\/2021\/07\/Katon_Clean_Fog-2-2.jpg","contentUrl":"https:\/\/sagitta-safety.com\/wp-content\/uploads\/2021\/07\/Katon_Clean_Fog-2-2.jpg","width":1772,"height":1772},{"@type":"BreadcrumbList","@id":"https:\/\/sagitta-safety.com\/sk\/produkt\/katon-high-vision\/#breadcrumb","itemListElement":[{"@type":"ListItem","position":1,"name":"Home","item":"https:\/\/sagitta-safety.com\/cz\/"},{"@type":"ListItem","position":2,"name":"Ochrana zraku","item":"https:\/\/sagitta-safety.com\/en\/eye-protection\/"},{"@type":"ListItem","position":3,"name":"KATON High Vision"}]},{"@type":"WebSite","@id":"https:\/\/sagitta-safety.com\/en\/#website","url":"https:\/\/sagitta-safety.com\/en\/","name":"Sagitta, \u0161pecialista na o\u010dn\u00fa optiku","description":"Profesion\u00e1lna ochrana zraku pre priemysel | SAGITTA","potentialAction":[{"@type":"SearchAction","target":{"@type":"EntryPoint","urlTemplate":"https:\/\/sagitta-safety.com\/en\/?s={search_term_string}"},"query-input":{"@type":"PropertyValueSpecification","valueRequired":true,"valueName":"search_term_string"}}],"inLanguage":"sk-SK"}]}},"_links":{"self":[{"href":"https:\/\/sagitta-safety.com\/sk\/wp-json\/wp\/v2\/product\/9412","targetHints":{"allow":["GET"]}}],"collection":[{"href":"https:\/\/sagitta-safety.com\/sk\/wp-json\/wp\/v2\/product"}],"about":[{"href":"https:\/\/sagitta-safety.com\/sk\/wp-json\/wp\/v2\/types\/product"}],"wp:featuredmedia":[{"embeddable":true,"href":"https:\/\/sagitta-safety.com\/sk\/wp-json\/wp\/v2\/media\/9425"}],"wp:attachment":[{"href":"https:\/\/sagitta-safety.com\/sk\/wp-json\/wp\/v2\/media?parent=9412"}],"wp:term":[{"taxonomy":"product_brand","embeddable":true,"href":"https:\/\/sagitta-safety.com\/sk\/wp-json\/wp\/v2\/product_brand?post=9412"},{"taxonomy":"product_cat","embeddable":true,"href":"https:\/\/sagitta-safety.com\/sk\/wp-json\/wp\/v2\/product_cat?post=9412"},{"taxonomy":"product_tag","embeddable":true,"href":"https:\/\/sagitta-safety.com\/sk\/wp-json\/wp\/v2\/product_tag?post=9412"}],"curies":[{"name":"wp","href":"https:\/\/api.w.org\/{rel}","templated":true}]}}