{"id":6606,"date":"2020-12-21T01:22:54","date_gmt":"2020-12-21T00:22:54","guid":{"rendered":"http:\/\/sagitta-safety.com\/?post_type=product&#038;p=6606"},"modified":"2021-01-13T16:29:03","modified_gmt":"2021-01-13T15:29:03","slug":"voltor-rx-klip","status":"publish","type":"product","link":"https:\/\/sagitta-safety.com\/sk\/produkt\/voltor-rx-klip\/","title":{"rendered":"VOLTOR RX klip"},"content":{"rendered":"","protected":false},"excerpt":{"rendered":"<p>Plastov\u00fd dioptrick\u00fd klip k&nbsp;nedioptrick\u00fdm okuliarom VOLTOR<\/p>\n","protected":false},"featured_media":8169,"template":"","meta":{"_et_pb_use_builder":"","_et_pb_old_content":"","_et_gb_content_width":""},"product_brand":[],"product_cat":[197,213],"product_tag":[],"class_list":{"0":"post-6606","1":"product","2":"type-product","3":"status-publish","4":"has-post-thumbnail","6":"product_cat-ochranne-okuliare","7":"product_cat-dioptricky-klip","9":"first","10":"instock","11":"shipping-taxable","12":"product-type-simple"},"yoast_head":"<!-- This site is optimized with the Yoast SEO plugin v26.1.1 - https:\/\/yoast.com\/wordpress\/plugins\/seo\/ -->\n<title>VOLTOR RX klip - Sagitta, \u0161pecialista na o\u010dn\u00fa optiku<\/title>\n<meta name=\"robots\" content=\"index, follow, max-snippet:-1, max-image-preview:large, max-video-preview:-1\" \/>\n<link rel=\"canonical\" href=\"https:\/\/sagitta-safety.com\/sk\/product\/voltor-rx-klip\/\" \/>\n<meta property=\"og:locale\" content=\"sk_SK\" \/>\n<meta property=\"og:type\" content=\"article\" \/>\n<meta property=\"og:title\" content=\"VOLTOR RX klip - Sagitta, \u0161pecialista na o\u010dn\u00fa optiku\" \/>\n<meta property=\"og:description\" content=\"Plastov\u00fd dioptrick\u00fd klip k nedioptrick\u00fdm okuliarom VOLTOR\" \/>\n<meta property=\"og:url\" content=\"https:\/\/sagitta-safety.com\/sk\/product\/voltor-rx-klip\/\" \/>\n<meta property=\"og:site_name\" content=\"Sagitta, \u0161pecialista na o\u010dn\u00fa optiku\" \/>\n<meta property=\"article:modified_time\" content=\"2021-01-13T15:29:03+00:00\" \/>\n<meta property=\"og:image\" content=\"https:\/\/sagitta-safety.com\/wp-content\/uploads\/2020\/12\/Voltor-RX-Clip2.jpg\" \/>\n\t<meta property=\"og:image:width\" content=\"1700\" \/>\n\t<meta property=\"og:image:height\" content=\"1700\" \/>\n\t<meta property=\"og:image:type\" content=\"image\/jpeg\" \/>\n<meta name=\"twitter:card\" content=\"summary_large_image\" \/>\n<script type=\"application\/ld+json\" class=\"yoast-schema-graph\">{\"@context\":\"https:\/\/schema.org\",\"@graph\":[{\"@type\":\"WebPage\",\"@id\":\"https:\/\/sagitta-safety.com\/en\/product\/voltor-rx-klip\/\",\"url\":\"https:\/\/sagitta-safety.com\/en\/product\/voltor-rx-klip\/\",\"name\":\"VOLTOR RX klip - Sagitta, \u0161pecialista na o\u010dn\u00fa optiku\",\"isPartOf\":{\"@id\":\"https:\/\/sagitta-safety.com\/en\/#website\"},\"primaryImageOfPage\":{\"@id\":\"https:\/\/sagitta-safety.com\/en\/product\/voltor-rx-klip\/#primaryimage\"},\"image\":{\"@id\":\"https:\/\/sagitta-safety.com\/en\/product\/voltor-rx-klip\/#primaryimage\"},\"thumbnailUrl\":\"https:\/\/sagitta-safety.com\/wp-content\/uploads\/2020\/12\/Voltor-RX-Clip2.jpg\",\"datePublished\":\"2020-12-21T00:22:54+00:00\",\"dateModified\":\"2021-01-13T15:29:03+00:00\",\"breadcrumb\":{\"@id\":\"https:\/\/sagitta-safety.com\/en\/product\/voltor-rx-klip\/#breadcrumb\"},\"inLanguage\":\"sk-SK\",\"potentialAction\":[{\"@type\":\"ReadAction\",\"target\":[\"https:\/\/sagitta-safety.com\/en\/product\/voltor-rx-klip\/\"]}]},{\"@type\":\"ImageObject\",\"inLanguage\":\"sk-SK\",\"@id\":\"https:\/\/sagitta-safety.com\/en\/product\/voltor-rx-klip\/#primaryimage\",\"url\":\"https:\/\/sagitta-safety.com\/wp-content\/uploads\/2020\/12\/Voltor-RX-Clip2.jpg\",\"contentUrl\":\"https:\/\/sagitta-safety.com\/wp-content\/uploads\/2020\/12\/Voltor-RX-Clip2.jpg\",\"width\":1700,\"height\":1700},{\"@type\":\"BreadcrumbList\",\"@id\":\"https:\/\/sagitta-safety.com\/en\/product\/voltor-rx-klip\/#breadcrumb\",\"itemListElement\":[{\"@type\":\"ListItem\",\"position\":1,\"name\":\"Home\",\"item\":\"https:\/\/sagitta-safety.com\/cz\/\"},{\"@type\":\"ListItem\",\"position\":2,\"name\":\"Ochrana zraku\",\"item\":\"https:\/\/sagitta-safety.com\/en\/eye-protection\/\"},{\"@type\":\"ListItem\",\"position\":3,\"name\":\"VOLTOR RX klip\"}]},{\"@type\":\"WebSite\",\"@id\":\"https:\/\/sagitta-safety.com\/en\/#website\",\"url\":\"https:\/\/sagitta-safety.com\/en\/\",\"name\":\"Sagitta, \u0161pecialista na o\u010dn\u00fa optiku\",\"description\":\"Profesion\u00e1lna ochrana zraku pre priemysel | SAGITTA\",\"potentialAction\":[{\"@type\":\"SearchAction\",\"target\":{\"@type\":\"EntryPoint\",\"urlTemplate\":\"https:\/\/sagitta-safety.com\/en\/?s={search_term_string}\"},\"query-input\":{\"@type\":\"PropertyValueSpecification\",\"valueRequired\":true,\"valueName\":\"search_term_string\"}}],\"inLanguage\":\"sk-SK\"}]}<\/script>\n<!-- \/ Yoast SEO plugin. -->","yoast_head_json":{"title":"VOLTOR RX klip - Sagitta, \u0161pecialista na o\u010dn\u00fa optiku","robots":{"index":"index","follow":"follow","max-snippet":"max-snippet:-1","max-image-preview":"max-image-preview:large","max-video-preview":"max-video-preview:-1"},"canonical":"https:\/\/sagitta-safety.com\/sk\/product\/voltor-rx-klip\/","og_locale":"sk_SK","og_type":"article","og_title":"VOLTOR RX klip - Sagitta, \u0161pecialista na o\u010dn\u00fa optiku","og_description":"Plastov\u00fd dioptrick\u00fd klip k nedioptrick\u00fdm okuliarom VOLTOR","og_url":"https:\/\/sagitta-safety.com\/sk\/product\/voltor-rx-klip\/","og_site_name":"Sagitta, \u0161pecialista na o\u010dn\u00fa optiku","article_modified_time":"2021-01-13T15:29:03+00:00","og_image":[{"width":1700,"height":1700,"url":"https:\/\/sagitta-safety.com\/wp-content\/uploads\/2020\/12\/Voltor-RX-Clip2.jpg","type":"image\/jpeg"}],"twitter_card":"summary_large_image","schema":{"@context":"https:\/\/schema.org","@graph":[{"@type":"WebPage","@id":"https:\/\/sagitta-safety.com\/en\/product\/voltor-rx-klip\/","url":"https:\/\/sagitta-safety.com\/en\/product\/voltor-rx-klip\/","name":"VOLTOR RX klip - Sagitta, \u0161pecialista na o\u010dn\u00fa optiku","isPartOf":{"@id":"https:\/\/sagitta-safety.com\/en\/#website"},"primaryImageOfPage":{"@id":"https:\/\/sagitta-safety.com\/en\/product\/voltor-rx-klip\/#primaryimage"},"image":{"@id":"https:\/\/sagitta-safety.com\/en\/product\/voltor-rx-klip\/#primaryimage"},"thumbnailUrl":"https:\/\/sagitta-safety.com\/wp-content\/uploads\/2020\/12\/Voltor-RX-Clip2.jpg","datePublished":"2020-12-21T00:22:54+00:00","dateModified":"2021-01-13T15:29:03+00:00","breadcrumb":{"@id":"https:\/\/sagitta-safety.com\/en\/product\/voltor-rx-klip\/#breadcrumb"},"inLanguage":"sk-SK","potentialAction":[{"@type":"ReadAction","target":["https:\/\/sagitta-safety.com\/en\/product\/voltor-rx-klip\/"]}]},{"@type":"ImageObject","inLanguage":"sk-SK","@id":"https:\/\/sagitta-safety.com\/en\/product\/voltor-rx-klip\/#primaryimage","url":"https:\/\/sagitta-safety.com\/wp-content\/uploads\/2020\/12\/Voltor-RX-Clip2.jpg","contentUrl":"https:\/\/sagitta-safety.com\/wp-content\/uploads\/2020\/12\/Voltor-RX-Clip2.jpg","width":1700,"height":1700},{"@type":"BreadcrumbList","@id":"https:\/\/sagitta-safety.com\/en\/product\/voltor-rx-klip\/#breadcrumb","itemListElement":[{"@type":"ListItem","position":1,"name":"Home","item":"https:\/\/sagitta-safety.com\/cz\/"},{"@type":"ListItem","position":2,"name":"Ochrana zraku","item":"https:\/\/sagitta-safety.com\/en\/eye-protection\/"},{"@type":"ListItem","position":3,"name":"VOLTOR RX klip"}]},{"@type":"WebSite","@id":"https:\/\/sagitta-safety.com\/en\/#website","url":"https:\/\/sagitta-safety.com\/en\/","name":"Sagitta, \u0161pecialista na o\u010dn\u00fa optiku","description":"Profesion\u00e1lna ochrana zraku pre priemysel | SAGITTA","potentialAction":[{"@type":"SearchAction","target":{"@type":"EntryPoint","urlTemplate":"https:\/\/sagitta-safety.com\/en\/?s={search_term_string}"},"query-input":{"@type":"PropertyValueSpecification","valueRequired":true,"valueName":"search_term_string"}}],"inLanguage":"sk-SK"}]}},"_links":{"self":[{"href":"https:\/\/sagitta-safety.com\/sk\/wp-json\/wp\/v2\/product\/6606","targetHints":{"allow":["GET"]}}],"collection":[{"href":"https:\/\/sagitta-safety.com\/sk\/wp-json\/wp\/v2\/product"}],"about":[{"href":"https:\/\/sagitta-safety.com\/sk\/wp-json\/wp\/v2\/types\/product"}],"wp:featuredmedia":[{"embeddable":true,"href":"https:\/\/sagitta-safety.com\/sk\/wp-json\/wp\/v2\/media\/8169"}],"wp:attachment":[{"href":"https:\/\/sagitta-safety.com\/sk\/wp-json\/wp\/v2\/media?parent=6606"}],"wp:term":[{"taxonomy":"product_brand","embeddable":true,"href":"https:\/\/sagitta-safety.com\/sk\/wp-json\/wp\/v2\/product_brand?post=6606"},{"taxonomy":"product_cat","embeddable":true,"href":"https:\/\/sagitta-safety.com\/sk\/wp-json\/wp\/v2\/product_cat?post=6606"},{"taxonomy":"product_tag","embeddable":true,"href":"https:\/\/sagitta-safety.com\/sk\/wp-json\/wp\/v2\/product_tag?post=6606"}],"curies":[{"name":"wp","href":"https:\/\/api.w.org\/{rel}","templated":true}]}}