{"id":6592,"date":"2020-12-21T00:14:14","date_gmt":"2020-12-20T23:14:14","guid":{"rendered":"http:\/\/sagitta-safety.com\/?post_type=product&#038;p=6592"},"modified":"2021-07-14T23:40:17","modified_gmt":"2021-07-14T21:40:17","slug":"preventor","status":"publish","type":"product","link":"https:\/\/sagitta-safety.com\/sk\/produkt\/preventor\/","title":{"rendered":"PREVENTOR"},"content":{"rendered":"","protected":false},"excerpt":{"rendered":"<ul>\n<li>kompaktn\u00e9 a&nbsp;\u013eahk\u00e9 okuliare s&nbsp;neobmedzen\u00fdm viden\u00edm<\/li>\n<li>okuliare v&nbsp;kombin\u00e1ci\u00ed s&nbsp;pru\u017en\u00fdm p\u00e1sikom sp\u013a\u0148aj\u00fa mechanick\u00fa pevnos\u0165 B &#8211; ochrana proti r\u00fdchlo letiacim \u010dasticiam, n\u00e1raz so strednou energiou 120 m\/s (STN EN 166)<\/li>\n<li>vetranie zorn\u00edka integrovan\u00e9 v&nbsp;tesniacej man\u017eete<\/li>\n<li>m\u00e4kk\u00fd nosn\u00edk s&nbsp;prevetr\u00e1van\u00edm<\/li>\n<li>konce stran\u00edc doplnen\u00e9 o&nbsp;proti\u0161mykov\u00fd dez\u00e9n<\/li>\n<li>volite\u013en\u00fd pru\u017en\u00fd p\u00e1sik pre lep\u0161iu fix\u00e1ciu okuliarov na hlave<\/li>\n<li>ochrann\u00e9 okuliare umo\u017e\u0148uj\u00fa pou\u017ei\u0165 \u013eahko vymenite\u013en\u00fd dioptrick\u00fd klip<\/li>\n<\/ul>\n","protected":false},"featured_media":8587,"template":"","meta":{"_et_pb_use_builder":"","_et_pb_old_content":"","_et_gb_content_width":""},"product_brand":[],"product_cat":[200],"product_tag":[],"class_list":{"0":"post-6592","1":"product","2":"type-product","3":"status-publish","4":"has-post-thumbnail","6":"product_cat-ochranne-okuliare-tesne","8":"first","9":"instock","10":"shipping-taxable","11":"product-type-simple"},"yoast_head":"<!-- This site is optimized with the Yoast SEO plugin v26.1.1 - https:\/\/yoast.com\/wordpress\/plugins\/seo\/ -->\n<title>PREVENTOR - Sagitta, \u0161pecialista na o\u010dn\u00fa optiku<\/title>\n<meta name=\"robots\" content=\"index, follow, max-snippet:-1, max-image-preview:large, max-video-preview:-1\" \/>\n<link rel=\"canonical\" href=\"https:\/\/sagitta-safety.com\/sk\/product\/preventor\/\" \/>\n<meta property=\"og:locale\" content=\"sk_SK\" \/>\n<meta property=\"og:type\" content=\"article\" \/>\n<meta property=\"og:title\" content=\"PREVENTOR - Sagitta, \u0161pecialista na o\u010dn\u00fa optiku\" \/>\n<meta property=\"og:description\" content=\"kompaktn\u00e9 a \u013eahk\u00e9 okuliare s neobmedzen\u00fdm viden\u00edm  okuliare v kombin\u00e1ci\u00ed s pru\u017en\u00fdm p\u00e1sikom sp\u013a\u0148aj\u00fa mechanick\u00fa pevnos\u0165 B - ochrana proti r\u00fdchlo letiacim \u010dasticiam, n\u00e1raz so strednou energiou 120 m\/s (STN EN 166)  vetranie zorn\u00edka integrovan\u00e9 v tesniacej man\u017eete  m\u00e4kk\u00fd nosn\u00edk s prevetr\u00e1van\u00edm  konce stran\u00edc doplnen\u00e9 o proti\u0161mykov\u00fd dez\u00e9n  volite\u013en\u00fd pru\u017en\u00fd p\u00e1sik pre lep\u0161iu fix\u00e1ciu okuliarov na hlave  ochrann\u00e9 okuliare umo\u017e\u0148uj\u00fa pou\u017ei\u0165 \u013eahko vymenite\u013en\u00fd dioptrick\u00fd klip\" \/>\n<meta property=\"og:url\" content=\"https:\/\/sagitta-safety.com\/sk\/product\/preventor\/\" \/>\n<meta property=\"og:site_name\" content=\"Sagitta, \u0161pecialista na o\u010dn\u00fa optiku\" \/>\n<meta property=\"article:modified_time\" content=\"2021-07-14T21:40:17+00:00\" \/>\n<meta property=\"og:image\" content=\"https:\/\/sagitta-safety.com\/wp-content\/uploads\/2020\/12\/Preventor-1.jpg\" \/>\n\t<meta property=\"og:image:width\" content=\"1772\" \/>\n\t<meta property=\"og:image:height\" content=\"1772\" \/>\n\t<meta property=\"og:image:type\" content=\"image\/jpeg\" \/>\n<meta name=\"twitter:card\" content=\"summary_large_image\" \/>\n<script type=\"application\/ld+json\" class=\"yoast-schema-graph\">{\"@context\":\"https:\/\/schema.org\",\"@graph\":[{\"@type\":\"WebPage\",\"@id\":\"https:\/\/sagitta-safety.com\/en\/product\/preventor\/\",\"url\":\"https:\/\/sagitta-safety.com\/en\/product\/preventor\/\",\"name\":\"PREVENTOR - Sagitta, \u0161pecialista na o\u010dn\u00fa optiku\",\"isPartOf\":{\"@id\":\"https:\/\/sagitta-safety.com\/en\/#website\"},\"primaryImageOfPage\":{\"@id\":\"https:\/\/sagitta-safety.com\/en\/product\/preventor\/#primaryimage\"},\"image\":{\"@id\":\"https:\/\/sagitta-safety.com\/en\/product\/preventor\/#primaryimage\"},\"thumbnailUrl\":\"https:\/\/sagitta-safety.com\/wp-content\/uploads\/2020\/12\/Preventor-1.jpg\",\"datePublished\":\"2020-12-20T23:14:14+00:00\",\"dateModified\":\"2021-07-14T21:40:17+00:00\",\"breadcrumb\":{\"@id\":\"https:\/\/sagitta-safety.com\/en\/product\/preventor\/#breadcrumb\"},\"inLanguage\":\"sk-SK\",\"potentialAction\":[{\"@type\":\"ReadAction\",\"target\":[\"https:\/\/sagitta-safety.com\/en\/product\/preventor\/\"]}]},{\"@type\":\"ImageObject\",\"inLanguage\":\"sk-SK\",\"@id\":\"https:\/\/sagitta-safety.com\/en\/product\/preventor\/#primaryimage\",\"url\":\"https:\/\/sagitta-safety.com\/wp-content\/uploads\/2020\/12\/Preventor-1.jpg\",\"contentUrl\":\"https:\/\/sagitta-safety.com\/wp-content\/uploads\/2020\/12\/Preventor-1.jpg\",\"width\":1772,\"height\":1772},{\"@type\":\"BreadcrumbList\",\"@id\":\"https:\/\/sagitta-safety.com\/en\/product\/preventor\/#breadcrumb\",\"itemListElement\":[{\"@type\":\"ListItem\",\"position\":1,\"name\":\"Home\",\"item\":\"https:\/\/sagitta-safety.com\/cz\/\"},{\"@type\":\"ListItem\",\"position\":2,\"name\":\"Ochrana zraku\",\"item\":\"https:\/\/sagitta-safety.com\/en\/eye-protection\/\"},{\"@type\":\"ListItem\",\"position\":3,\"name\":\"PREVENTOR\"}]},{\"@type\":\"WebSite\",\"@id\":\"https:\/\/sagitta-safety.com\/en\/#website\",\"url\":\"https:\/\/sagitta-safety.com\/en\/\",\"name\":\"Sagitta, \u0161pecialista na o\u010dn\u00fa optiku\",\"description\":\"Profesion\u00e1lna ochrana zraku pre priemysel | SAGITTA\",\"potentialAction\":[{\"@type\":\"SearchAction\",\"target\":{\"@type\":\"EntryPoint\",\"urlTemplate\":\"https:\/\/sagitta-safety.com\/en\/?s={search_term_string}\"},\"query-input\":{\"@type\":\"PropertyValueSpecification\",\"valueRequired\":true,\"valueName\":\"search_term_string\"}}],\"inLanguage\":\"sk-SK\"}]}<\/script>\n<!-- \/ Yoast SEO plugin. -->","yoast_head_json":{"title":"PREVENTOR - Sagitta, \u0161pecialista na o\u010dn\u00fa optiku","robots":{"index":"index","follow":"follow","max-snippet":"max-snippet:-1","max-image-preview":"max-image-preview:large","max-video-preview":"max-video-preview:-1"},"canonical":"https:\/\/sagitta-safety.com\/sk\/product\/preventor\/","og_locale":"sk_SK","og_type":"article","og_title":"PREVENTOR - Sagitta, \u0161pecialista na o\u010dn\u00fa optiku","og_description":"kompaktn\u00e9 a \u013eahk\u00e9 okuliare s neobmedzen\u00fdm viden\u00edm  okuliare v kombin\u00e1ci\u00ed s pru\u017en\u00fdm p\u00e1sikom sp\u013a\u0148aj\u00fa mechanick\u00fa pevnos\u0165 B - ochrana proti r\u00fdchlo letiacim \u010dasticiam, n\u00e1raz so strednou energiou 120 m\/s (STN EN 166)  vetranie zorn\u00edka integrovan\u00e9 v tesniacej man\u017eete  m\u00e4kk\u00fd nosn\u00edk s prevetr\u00e1van\u00edm  konce stran\u00edc doplnen\u00e9 o proti\u0161mykov\u00fd dez\u00e9n  volite\u013en\u00fd pru\u017en\u00fd p\u00e1sik pre lep\u0161iu fix\u00e1ciu okuliarov na hlave  ochrann\u00e9 okuliare umo\u017e\u0148uj\u00fa pou\u017ei\u0165 \u013eahko vymenite\u013en\u00fd dioptrick\u00fd klip","og_url":"https:\/\/sagitta-safety.com\/sk\/product\/preventor\/","og_site_name":"Sagitta, \u0161pecialista na o\u010dn\u00fa optiku","article_modified_time":"2021-07-14T21:40:17+00:00","og_image":[{"width":1772,"height":1772,"url":"https:\/\/sagitta-safety.com\/wp-content\/uploads\/2020\/12\/Preventor-1.jpg","type":"image\/jpeg"}],"twitter_card":"summary_large_image","schema":{"@context":"https:\/\/schema.org","@graph":[{"@type":"WebPage","@id":"https:\/\/sagitta-safety.com\/en\/product\/preventor\/","url":"https:\/\/sagitta-safety.com\/en\/product\/preventor\/","name":"PREVENTOR - Sagitta, \u0161pecialista na o\u010dn\u00fa optiku","isPartOf":{"@id":"https:\/\/sagitta-safety.com\/en\/#website"},"primaryImageOfPage":{"@id":"https:\/\/sagitta-safety.com\/en\/product\/preventor\/#primaryimage"},"image":{"@id":"https:\/\/sagitta-safety.com\/en\/product\/preventor\/#primaryimage"},"thumbnailUrl":"https:\/\/sagitta-safety.com\/wp-content\/uploads\/2020\/12\/Preventor-1.jpg","datePublished":"2020-12-20T23:14:14+00:00","dateModified":"2021-07-14T21:40:17+00:00","breadcrumb":{"@id":"https:\/\/sagitta-safety.com\/en\/product\/preventor\/#breadcrumb"},"inLanguage":"sk-SK","potentialAction":[{"@type":"ReadAction","target":["https:\/\/sagitta-safety.com\/en\/product\/preventor\/"]}]},{"@type":"ImageObject","inLanguage":"sk-SK","@id":"https:\/\/sagitta-safety.com\/en\/product\/preventor\/#primaryimage","url":"https:\/\/sagitta-safety.com\/wp-content\/uploads\/2020\/12\/Preventor-1.jpg","contentUrl":"https:\/\/sagitta-safety.com\/wp-content\/uploads\/2020\/12\/Preventor-1.jpg","width":1772,"height":1772},{"@type":"BreadcrumbList","@id":"https:\/\/sagitta-safety.com\/en\/product\/preventor\/#breadcrumb","itemListElement":[{"@type":"ListItem","position":1,"name":"Home","item":"https:\/\/sagitta-safety.com\/cz\/"},{"@type":"ListItem","position":2,"name":"Ochrana zraku","item":"https:\/\/sagitta-safety.com\/en\/eye-protection\/"},{"@type":"ListItem","position":3,"name":"PREVENTOR"}]},{"@type":"WebSite","@id":"https:\/\/sagitta-safety.com\/en\/#website","url":"https:\/\/sagitta-safety.com\/en\/","name":"Sagitta, \u0161pecialista na o\u010dn\u00fa optiku","description":"Profesion\u00e1lna ochrana zraku pre priemysel | SAGITTA","potentialAction":[{"@type":"SearchAction","target":{"@type":"EntryPoint","urlTemplate":"https:\/\/sagitta-safety.com\/en\/?s={search_term_string}"},"query-input":{"@type":"PropertyValueSpecification","valueRequired":true,"valueName":"search_term_string"}}],"inLanguage":"sk-SK"}]}},"_links":{"self":[{"href":"https:\/\/sagitta-safety.com\/sk\/wp-json\/wp\/v2\/product\/6592","targetHints":{"allow":["GET"]}}],"collection":[{"href":"https:\/\/sagitta-safety.com\/sk\/wp-json\/wp\/v2\/product"}],"about":[{"href":"https:\/\/sagitta-safety.com\/sk\/wp-json\/wp\/v2\/types\/product"}],"wp:featuredmedia":[{"embeddable":true,"href":"https:\/\/sagitta-safety.com\/sk\/wp-json\/wp\/v2\/media\/8587"}],"wp:attachment":[{"href":"https:\/\/sagitta-safety.com\/sk\/wp-json\/wp\/v2\/media?parent=6592"}],"wp:term":[{"taxonomy":"product_brand","embeddable":true,"href":"https:\/\/sagitta-safety.com\/sk\/wp-json\/wp\/v2\/product_brand?post=6592"},{"taxonomy":"product_cat","embeddable":true,"href":"https:\/\/sagitta-safety.com\/sk\/wp-json\/wp\/v2\/product_cat?post=6592"},{"taxonomy":"product_tag","embeddable":true,"href":"https:\/\/sagitta-safety.com\/sk\/wp-json\/wp\/v2\/product_tag?post=6592"}],"curies":[{"name":"wp","href":"https:\/\/api.w.org\/{rel}","templated":true}]}}