{"id":5081,"date":"2020-12-18T23:05:09","date_gmt":"2020-12-18T22:05:09","guid":{"rendered":"http:\/\/sagitta-safety.com\/?post_type=product&#038;p=5081"},"modified":"2021-04-09T18:09:38","modified_gmt":"2021-04-09T16:09:38","slug":"silver-disinfect-100ml","status":"publish","type":"product","link":"https:\/\/sagitta-safety.com\/sk\/produkt\/silver-disinfect-100ml\/","title":{"rendered":"Silver Disinfect 100ml"},"content":{"rendered":"","protected":false},"excerpt":{"rendered":"<p>Dezinfek\u010dn\u00fd prostriedok na okuliare na b\u00e1ze peroxidu vod\u00edka a&nbsp;striebra. Zaru\u010dene ni\u010d\u00ed bakt\u00e9rie, v\u00edrusy, plesne, kvasinky. Nie je koroz\u00edvny, nedegeneruje plasty. Neobsahuje alkoholy, fenoly, aldehydy, KAZ a&nbsp;farbiv\u00e1. Nevysu\u0161uje a&nbsp;nemen\u00ed senzoriku o\u0161etren\u00e9ho povrchu. Schv\u00e1len\u00fd na kontakt s&nbsp;potravinami, vyhovuje \u0161tandardom HACCP. Nepodlieha bakteri\u00e1lnej rezistenci\u00ed, environment\u00e1lne nez\u00e1vadn\u00fd.<\/p>\n","protected":false},"featured_media":8912,"template":"","meta":{"_et_pb_use_builder":"","_et_pb_old_content":"","_et_gb_content_width":""},"product_brand":[],"product_cat":[240],"product_tag":[],"class_list":{"0":"post-5081","1":"product","2":"type-product","3":"status-publish","4":"has-post-thumbnail","6":"product_cat-dezinfekcia-na-okuliare","8":"first","9":"instock","10":"shipping-taxable","11":"product-type-simple"},"yoast_head":"<!-- This site is optimized with the Yoast SEO plugin v26.1.1 - https:\/\/yoast.com\/wordpress\/plugins\/seo\/ -->\n<title>Silver Disinfect 100ml - Sagitta, \u0161pecialista na o\u010dn\u00fa optiku<\/title>\n<meta name=\"robots\" content=\"index, follow, max-snippet:-1, max-image-preview:large, max-video-preview:-1\" \/>\n<link rel=\"canonical\" href=\"https:\/\/sagitta-safety.com\/sk\/produkt\/silver-disinfect-100ml\/\" \/>\n<meta property=\"og:locale\" content=\"sk_SK\" \/>\n<meta property=\"og:type\" content=\"article\" \/>\n<meta property=\"og:title\" content=\"Silver Disinfect 100ml - Sagitta, \u0161pecialista na o\u010dn\u00fa optiku\" \/>\n<meta property=\"og:description\" content=\"Dezinfek\u010dn\u00fd prostriedok na okuliare na b\u00e1ze peroxidu vod\u00edka a striebra. Zaru\u010dene ni\u010d\u00ed bakt\u00e9rie, v\u00edrusy, plesne, kvasinky. Nie je koroz\u00edvny, nedegeneruje plasty. Neobsahuje alkoholy, fenoly, aldehydy, KAZ a farbiv\u00e1. Nevysu\u0161uje a nemen\u00ed senzoriku o\u0161etren\u00e9ho povrchu. Schv\u00e1len\u00fd na kontakt s potravinami, vyhovuje \u0161tandardom HACCP. Nepodlieha bakteri\u00e1lnej rezistenci\u00ed, environment\u00e1lne nez\u00e1vadn\u00fd.\" \/>\n<meta property=\"og:url\" content=\"https:\/\/sagitta-safety.com\/sk\/produkt\/silver-disinfect-100ml\/\" \/>\n<meta property=\"og:site_name\" content=\"Sagitta, \u0161pecialista na o\u010dn\u00fa optiku\" \/>\n<meta property=\"article:modified_time\" content=\"2021-04-09T16:09:38+00:00\" \/>\n<meta property=\"og:image\" content=\"https:\/\/sagitta-safety.com\/wp-content\/uploads\/2020\/12\/Silver_Disinfect_100.jpg\" \/>\n\t<meta property=\"og:image:width\" content=\"1772\" \/>\n\t<meta property=\"og:image:height\" content=\"1772\" \/>\n\t<meta property=\"og:image:type\" content=\"image\/jpeg\" \/>\n<meta name=\"twitter:card\" content=\"summary_large_image\" \/>\n<script type=\"application\/ld+json\" class=\"yoast-schema-graph\">{\"@context\":\"https:\/\/schema.org\",\"@graph\":[{\"@type\":\"WebPage\",\"@id\":\"https:\/\/sagitta-safety.com\/sk\/produkt\/silver-disinfect-100ml\/\",\"url\":\"https:\/\/sagitta-safety.com\/sk\/produkt\/silver-disinfect-100ml\/\",\"name\":\"Silver Disinfect 100ml - Sagitta, \u0161pecialista na o\u010dn\u00fa optiku\",\"isPartOf\":{\"@id\":\"https:\/\/sagitta-safety.com\/en\/#website\"},\"primaryImageOfPage\":{\"@id\":\"https:\/\/sagitta-safety.com\/sk\/produkt\/silver-disinfect-100ml\/#primaryimage\"},\"image\":{\"@id\":\"https:\/\/sagitta-safety.com\/sk\/produkt\/silver-disinfect-100ml\/#primaryimage\"},\"thumbnailUrl\":\"https:\/\/sagitta-safety.com\/wp-content\/uploads\/2020\/12\/Silver_Disinfect_100.jpg\",\"datePublished\":\"2020-12-18T22:05:09+00:00\",\"dateModified\":\"2021-04-09T16:09:38+00:00\",\"breadcrumb\":{\"@id\":\"https:\/\/sagitta-safety.com\/sk\/produkt\/silver-disinfect-100ml\/#breadcrumb\"},\"inLanguage\":\"sk-SK\",\"potentialAction\":[{\"@type\":\"ReadAction\",\"target\":[\"https:\/\/sagitta-safety.com\/sk\/produkt\/silver-disinfect-100ml\/\"]}]},{\"@type\":\"ImageObject\",\"inLanguage\":\"sk-SK\",\"@id\":\"https:\/\/sagitta-safety.com\/sk\/produkt\/silver-disinfect-100ml\/#primaryimage\",\"url\":\"https:\/\/sagitta-safety.com\/wp-content\/uploads\/2020\/12\/Silver_Disinfect_100.jpg\",\"contentUrl\":\"https:\/\/sagitta-safety.com\/wp-content\/uploads\/2020\/12\/Silver_Disinfect_100.jpg\",\"width\":1772,\"height\":1772},{\"@type\":\"BreadcrumbList\",\"@id\":\"https:\/\/sagitta-safety.com\/sk\/produkt\/silver-disinfect-100ml\/#breadcrumb\",\"itemListElement\":[{\"@type\":\"ListItem\",\"position\":1,\"name\":\"Home\",\"item\":\"https:\/\/sagitta-safety.com\/cz\/\"},{\"@type\":\"ListItem\",\"position\":2,\"name\":\"Ochrana zraku\",\"item\":\"https:\/\/sagitta-safety.com\/en\/eye-protection\/\"},{\"@type\":\"ListItem\",\"position\":3,\"name\":\"Silver Disinfect 100ml\"}]},{\"@type\":\"WebSite\",\"@id\":\"https:\/\/sagitta-safety.com\/en\/#website\",\"url\":\"https:\/\/sagitta-safety.com\/en\/\",\"name\":\"Sagitta, \u0161pecialista na o\u010dn\u00fa optiku\",\"description\":\"Profesion\u00e1lna ochrana zraku pre priemysel | SAGITTA\",\"potentialAction\":[{\"@type\":\"SearchAction\",\"target\":{\"@type\":\"EntryPoint\",\"urlTemplate\":\"https:\/\/sagitta-safety.com\/en\/?s={search_term_string}\"},\"query-input\":{\"@type\":\"PropertyValueSpecification\",\"valueRequired\":true,\"valueName\":\"search_term_string\"}}],\"inLanguage\":\"sk-SK\"}]}<\/script>\n<!-- \/ Yoast SEO plugin. -->","yoast_head_json":{"title":"Silver Disinfect 100ml - Sagitta, \u0161pecialista na o\u010dn\u00fa optiku","robots":{"index":"index","follow":"follow","max-snippet":"max-snippet:-1","max-image-preview":"max-image-preview:large","max-video-preview":"max-video-preview:-1"},"canonical":"https:\/\/sagitta-safety.com\/sk\/produkt\/silver-disinfect-100ml\/","og_locale":"sk_SK","og_type":"article","og_title":"Silver Disinfect 100ml - Sagitta, \u0161pecialista na o\u010dn\u00fa optiku","og_description":"Dezinfek\u010dn\u00fd prostriedok na okuliare na b\u00e1ze peroxidu vod\u00edka a striebra. Zaru\u010dene ni\u010d\u00ed bakt\u00e9rie, v\u00edrusy, plesne, kvasinky. Nie je koroz\u00edvny, nedegeneruje plasty. Neobsahuje alkoholy, fenoly, aldehydy, KAZ a farbiv\u00e1. Nevysu\u0161uje a nemen\u00ed senzoriku o\u0161etren\u00e9ho povrchu. Schv\u00e1len\u00fd na kontakt s potravinami, vyhovuje \u0161tandardom HACCP. Nepodlieha bakteri\u00e1lnej rezistenci\u00ed, environment\u00e1lne nez\u00e1vadn\u00fd.","og_url":"https:\/\/sagitta-safety.com\/sk\/produkt\/silver-disinfect-100ml\/","og_site_name":"Sagitta, \u0161pecialista na o\u010dn\u00fa optiku","article_modified_time":"2021-04-09T16:09:38+00:00","og_image":[{"width":1772,"height":1772,"url":"https:\/\/sagitta-safety.com\/wp-content\/uploads\/2020\/12\/Silver_Disinfect_100.jpg","type":"image\/jpeg"}],"twitter_card":"summary_large_image","schema":{"@context":"https:\/\/schema.org","@graph":[{"@type":"WebPage","@id":"https:\/\/sagitta-safety.com\/sk\/produkt\/silver-disinfect-100ml\/","url":"https:\/\/sagitta-safety.com\/sk\/produkt\/silver-disinfect-100ml\/","name":"Silver Disinfect 100ml - Sagitta, \u0161pecialista na o\u010dn\u00fa optiku","isPartOf":{"@id":"https:\/\/sagitta-safety.com\/en\/#website"},"primaryImageOfPage":{"@id":"https:\/\/sagitta-safety.com\/sk\/produkt\/silver-disinfect-100ml\/#primaryimage"},"image":{"@id":"https:\/\/sagitta-safety.com\/sk\/produkt\/silver-disinfect-100ml\/#primaryimage"},"thumbnailUrl":"https:\/\/sagitta-safety.com\/wp-content\/uploads\/2020\/12\/Silver_Disinfect_100.jpg","datePublished":"2020-12-18T22:05:09+00:00","dateModified":"2021-04-09T16:09:38+00:00","breadcrumb":{"@id":"https:\/\/sagitta-safety.com\/sk\/produkt\/silver-disinfect-100ml\/#breadcrumb"},"inLanguage":"sk-SK","potentialAction":[{"@type":"ReadAction","target":["https:\/\/sagitta-safety.com\/sk\/produkt\/silver-disinfect-100ml\/"]}]},{"@type":"ImageObject","inLanguage":"sk-SK","@id":"https:\/\/sagitta-safety.com\/sk\/produkt\/silver-disinfect-100ml\/#primaryimage","url":"https:\/\/sagitta-safety.com\/wp-content\/uploads\/2020\/12\/Silver_Disinfect_100.jpg","contentUrl":"https:\/\/sagitta-safety.com\/wp-content\/uploads\/2020\/12\/Silver_Disinfect_100.jpg","width":1772,"height":1772},{"@type":"BreadcrumbList","@id":"https:\/\/sagitta-safety.com\/sk\/produkt\/silver-disinfect-100ml\/#breadcrumb","itemListElement":[{"@type":"ListItem","position":1,"name":"Home","item":"https:\/\/sagitta-safety.com\/cz\/"},{"@type":"ListItem","position":2,"name":"Ochrana zraku","item":"https:\/\/sagitta-safety.com\/en\/eye-protection\/"},{"@type":"ListItem","position":3,"name":"Silver Disinfect 100ml"}]},{"@type":"WebSite","@id":"https:\/\/sagitta-safety.com\/en\/#website","url":"https:\/\/sagitta-safety.com\/en\/","name":"Sagitta, \u0161pecialista na o\u010dn\u00fa optiku","description":"Profesion\u00e1lna ochrana zraku pre priemysel | SAGITTA","potentialAction":[{"@type":"SearchAction","target":{"@type":"EntryPoint","urlTemplate":"https:\/\/sagitta-safety.com\/en\/?s={search_term_string}"},"query-input":{"@type":"PropertyValueSpecification","valueRequired":true,"valueName":"search_term_string"}}],"inLanguage":"sk-SK"}]}},"_links":{"self":[{"href":"https:\/\/sagitta-safety.com\/sk\/wp-json\/wp\/v2\/product\/5081","targetHints":{"allow":["GET"]}}],"collection":[{"href":"https:\/\/sagitta-safety.com\/sk\/wp-json\/wp\/v2\/product"}],"about":[{"href":"https:\/\/sagitta-safety.com\/sk\/wp-json\/wp\/v2\/types\/product"}],"wp:featuredmedia":[{"embeddable":true,"href":"https:\/\/sagitta-safety.com\/sk\/wp-json\/wp\/v2\/media\/8912"}],"wp:attachment":[{"href":"https:\/\/sagitta-safety.com\/sk\/wp-json\/wp\/v2\/media?parent=5081"}],"wp:term":[{"taxonomy":"product_brand","embeddable":true,"href":"https:\/\/sagitta-safety.com\/sk\/wp-json\/wp\/v2\/product_brand?post=5081"},{"taxonomy":"product_cat","embeddable":true,"href":"https:\/\/sagitta-safety.com\/sk\/wp-json\/wp\/v2\/product_cat?post=5081"},{"taxonomy":"product_tag","embeddable":true,"href":"https:\/\/sagitta-safety.com\/sk\/wp-json\/wp\/v2\/product_tag?post=5081"}],"curies":[{"name":"wp","href":"https:\/\/api.w.org\/{rel}","templated":true}]}}