{"id":5075,"date":"2020-12-18T22:53:59","date_gmt":"2020-12-18T21:53:59","guid":{"rendered":"http:\/\/sagitta-safety.com\/?post_type=product&#038;p=5075"},"modified":"2021-04-09T18:10:31","modified_gmt":"2021-04-09T16:10:31","slug":"ultra-cleaner-fog-500ml","status":"publish","type":"product","link":"https:\/\/sagitta-safety.com\/sk\/produkt\/ultra-cleaner-fog-500ml\/","title":{"rendered":"ULTRA CLEANER FOG 500ml"},"content":{"rendered":"","protected":false},"excerpt":{"rendered":"<p>Pprostriedok proti zahmlievaniu s&nbsp;intenz\u00edvnym a&nbsp;dlhotrvaj\u00facim anti-fog efektom na okuliarov\u00fdch \u0161o\u0161ovk\u00e1ch a&nbsp;zorn\u00edkoch. Ur\u010den\u00fd pre exponovan\u00e9 situ\u00e1cie ako pou\u017e\u00edvanie respir\u00e1tora, ochrann\u00e9ho r\u00fa\u0161ka, celotv\u00e1rov\u00e9 ochrann\u00e9 masky, masky pre pot\u00e1pa\u010dov, ochrann\u00e9 \u0161t\u00edty, \u0161t\u00edty prilieb, \u0161portov\u00e9 a&nbsp;tesn\u00e9 okuliare.<\/p>\n","protected":false},"featured_media":8916,"template":"","meta":{"_et_pb_use_builder":"","_et_pb_old_content":"","_et_gb_content_width":""},"product_brand":[],"product_cat":[241],"product_tag":[],"class_list":{"0":"post-5075","1":"product","2":"type-product","3":"status-publish","4":"has-post-thumbnail","6":"product_cat-anti-fog-na-okuliare","8":"first","9":"instock","10":"shipping-taxable","11":"product-type-simple"},"yoast_head":"<!-- This site is optimized with the Yoast SEO plugin v26.1.1 - https:\/\/yoast.com\/wordpress\/plugins\/seo\/ -->\n<title>ULTRA CLEANER FOG 500ml - Sagitta, \u0161pecialista na o\u010dn\u00fa optiku<\/title>\n<meta name=\"robots\" content=\"index, follow, max-snippet:-1, max-image-preview:large, max-video-preview:-1\" \/>\n<link rel=\"canonical\" href=\"https:\/\/sagitta-safety.com\/sk\/product\/ultra-cleaner-fog-500ml\/\" \/>\n<meta property=\"og:locale\" content=\"sk_SK\" \/>\n<meta property=\"og:type\" content=\"article\" \/>\n<meta property=\"og:title\" content=\"ULTRA CLEANER FOG 500ml - Sagitta, \u0161pecialista na o\u010dn\u00fa optiku\" \/>\n<meta property=\"og:description\" content=\"Pprostriedok proti zahmlievaniu s intenz\u00edvnym a dlhotrvaj\u00facim anti-fog efektom na okuliarov\u00fdch \u0161o\u0161ovk\u00e1ch a zorn\u00edkoch. Ur\u010den\u00fd pre exponovan\u00e9 situ\u00e1cie ako pou\u017e\u00edvanie respir\u00e1tora, ochrann\u00e9ho r\u00fa\u0161ka, celotv\u00e1rov\u00e9 ochrann\u00e9 masky, masky pre pot\u00e1pa\u010dov, ochrann\u00e9 \u0161t\u00edty, \u0161t\u00edty prilieb, \u0161portov\u00e9 a tesn\u00e9 okuliare.\" \/>\n<meta property=\"og:url\" content=\"https:\/\/sagitta-safety.com\/sk\/product\/ultra-cleaner-fog-500ml\/\" \/>\n<meta property=\"og:site_name\" content=\"Sagitta, \u0161pecialista na o\u010dn\u00fa optiku\" \/>\n<meta property=\"article:modified_time\" content=\"2021-04-09T16:10:31+00:00\" \/>\n<meta property=\"og:image\" content=\"https:\/\/sagitta-safety.com\/wp-content\/uploads\/2020\/12\/Ultra_Cleaner_Fog_500.jpg\" \/>\n\t<meta property=\"og:image:width\" content=\"1772\" \/>\n\t<meta property=\"og:image:height\" content=\"1772\" \/>\n\t<meta property=\"og:image:type\" content=\"image\/jpeg\" \/>\n<meta name=\"twitter:card\" content=\"summary_large_image\" \/>\n<script type=\"application\/ld+json\" class=\"yoast-schema-graph\">{\"@context\":\"https:\/\/schema.org\",\"@graph\":[{\"@type\":\"WebPage\",\"@id\":\"https:\/\/sagitta-safety.com\/en\/product\/ultra-cleaner-fog-500ml\/\",\"url\":\"https:\/\/sagitta-safety.com\/en\/product\/ultra-cleaner-fog-500ml\/\",\"name\":\"ULTRA CLEANER FOG 500ml - Sagitta, \u0161pecialista na o\u010dn\u00fa optiku\",\"isPartOf\":{\"@id\":\"https:\/\/sagitta-safety.com\/en\/#website\"},\"primaryImageOfPage\":{\"@id\":\"https:\/\/sagitta-safety.com\/en\/product\/ultra-cleaner-fog-500ml\/#primaryimage\"},\"image\":{\"@id\":\"https:\/\/sagitta-safety.com\/en\/product\/ultra-cleaner-fog-500ml\/#primaryimage\"},\"thumbnailUrl\":\"https:\/\/sagitta-safety.com\/wp-content\/uploads\/2020\/12\/Ultra_Cleaner_Fog_500.jpg\",\"datePublished\":\"2020-12-18T21:53:59+00:00\",\"dateModified\":\"2021-04-09T16:10:31+00:00\",\"breadcrumb\":{\"@id\":\"https:\/\/sagitta-safety.com\/en\/product\/ultra-cleaner-fog-500ml\/#breadcrumb\"},\"inLanguage\":\"sk-SK\",\"potentialAction\":[{\"@type\":\"ReadAction\",\"target\":[\"https:\/\/sagitta-safety.com\/en\/product\/ultra-cleaner-fog-500ml\/\"]}]},{\"@type\":\"ImageObject\",\"inLanguage\":\"sk-SK\",\"@id\":\"https:\/\/sagitta-safety.com\/en\/product\/ultra-cleaner-fog-500ml\/#primaryimage\",\"url\":\"https:\/\/sagitta-safety.com\/wp-content\/uploads\/2020\/12\/Ultra_Cleaner_Fog_500.jpg\",\"contentUrl\":\"https:\/\/sagitta-safety.com\/wp-content\/uploads\/2020\/12\/Ultra_Cleaner_Fog_500.jpg\",\"width\":1772,\"height\":1772},{\"@type\":\"BreadcrumbList\",\"@id\":\"https:\/\/sagitta-safety.com\/en\/product\/ultra-cleaner-fog-500ml\/#breadcrumb\",\"itemListElement\":[{\"@type\":\"ListItem\",\"position\":1,\"name\":\"Home\",\"item\":\"https:\/\/sagitta-safety.com\/cz\/\"},{\"@type\":\"ListItem\",\"position\":2,\"name\":\"Ochrana zraku\",\"item\":\"https:\/\/sagitta-safety.com\/en\/eye-protection\/\"},{\"@type\":\"ListItem\",\"position\":3,\"name\":\"ULTRA CLEANER FOG 500ml\"}]},{\"@type\":\"WebSite\",\"@id\":\"https:\/\/sagitta-safety.com\/en\/#website\",\"url\":\"https:\/\/sagitta-safety.com\/en\/\",\"name\":\"Sagitta, \u0161pecialista na o\u010dn\u00fa optiku\",\"description\":\"Profesion\u00e1lna ochrana zraku pre priemysel | SAGITTA\",\"potentialAction\":[{\"@type\":\"SearchAction\",\"target\":{\"@type\":\"EntryPoint\",\"urlTemplate\":\"https:\/\/sagitta-safety.com\/en\/?s={search_term_string}\"},\"query-input\":{\"@type\":\"PropertyValueSpecification\",\"valueRequired\":true,\"valueName\":\"search_term_string\"}}],\"inLanguage\":\"sk-SK\"}]}<\/script>\n<!-- \/ Yoast SEO plugin. -->","yoast_head_json":{"title":"ULTRA CLEANER FOG 500ml - Sagitta, \u0161pecialista na o\u010dn\u00fa optiku","robots":{"index":"index","follow":"follow","max-snippet":"max-snippet:-1","max-image-preview":"max-image-preview:large","max-video-preview":"max-video-preview:-1"},"canonical":"https:\/\/sagitta-safety.com\/sk\/product\/ultra-cleaner-fog-500ml\/","og_locale":"sk_SK","og_type":"article","og_title":"ULTRA CLEANER FOG 500ml - Sagitta, \u0161pecialista na o\u010dn\u00fa optiku","og_description":"Pprostriedok proti zahmlievaniu s intenz\u00edvnym a dlhotrvaj\u00facim anti-fog efektom na okuliarov\u00fdch \u0161o\u0161ovk\u00e1ch a zorn\u00edkoch. Ur\u010den\u00fd pre exponovan\u00e9 situ\u00e1cie ako pou\u017e\u00edvanie respir\u00e1tora, ochrann\u00e9ho r\u00fa\u0161ka, celotv\u00e1rov\u00e9 ochrann\u00e9 masky, masky pre pot\u00e1pa\u010dov, ochrann\u00e9 \u0161t\u00edty, \u0161t\u00edty prilieb, \u0161portov\u00e9 a tesn\u00e9 okuliare.","og_url":"https:\/\/sagitta-safety.com\/sk\/product\/ultra-cleaner-fog-500ml\/","og_site_name":"Sagitta, \u0161pecialista na o\u010dn\u00fa optiku","article_modified_time":"2021-04-09T16:10:31+00:00","og_image":[{"width":1772,"height":1772,"url":"https:\/\/sagitta-safety.com\/wp-content\/uploads\/2020\/12\/Ultra_Cleaner_Fog_500.jpg","type":"image\/jpeg"}],"twitter_card":"summary_large_image","schema":{"@context":"https:\/\/schema.org","@graph":[{"@type":"WebPage","@id":"https:\/\/sagitta-safety.com\/en\/product\/ultra-cleaner-fog-500ml\/","url":"https:\/\/sagitta-safety.com\/en\/product\/ultra-cleaner-fog-500ml\/","name":"ULTRA CLEANER FOG 500ml - Sagitta, \u0161pecialista na o\u010dn\u00fa optiku","isPartOf":{"@id":"https:\/\/sagitta-safety.com\/en\/#website"},"primaryImageOfPage":{"@id":"https:\/\/sagitta-safety.com\/en\/product\/ultra-cleaner-fog-500ml\/#primaryimage"},"image":{"@id":"https:\/\/sagitta-safety.com\/en\/product\/ultra-cleaner-fog-500ml\/#primaryimage"},"thumbnailUrl":"https:\/\/sagitta-safety.com\/wp-content\/uploads\/2020\/12\/Ultra_Cleaner_Fog_500.jpg","datePublished":"2020-12-18T21:53:59+00:00","dateModified":"2021-04-09T16:10:31+00:00","breadcrumb":{"@id":"https:\/\/sagitta-safety.com\/en\/product\/ultra-cleaner-fog-500ml\/#breadcrumb"},"inLanguage":"sk-SK","potentialAction":[{"@type":"ReadAction","target":["https:\/\/sagitta-safety.com\/en\/product\/ultra-cleaner-fog-500ml\/"]}]},{"@type":"ImageObject","inLanguage":"sk-SK","@id":"https:\/\/sagitta-safety.com\/en\/product\/ultra-cleaner-fog-500ml\/#primaryimage","url":"https:\/\/sagitta-safety.com\/wp-content\/uploads\/2020\/12\/Ultra_Cleaner_Fog_500.jpg","contentUrl":"https:\/\/sagitta-safety.com\/wp-content\/uploads\/2020\/12\/Ultra_Cleaner_Fog_500.jpg","width":1772,"height":1772},{"@type":"BreadcrumbList","@id":"https:\/\/sagitta-safety.com\/en\/product\/ultra-cleaner-fog-500ml\/#breadcrumb","itemListElement":[{"@type":"ListItem","position":1,"name":"Home","item":"https:\/\/sagitta-safety.com\/cz\/"},{"@type":"ListItem","position":2,"name":"Ochrana zraku","item":"https:\/\/sagitta-safety.com\/en\/eye-protection\/"},{"@type":"ListItem","position":3,"name":"ULTRA CLEANER FOG 500ml"}]},{"@type":"WebSite","@id":"https:\/\/sagitta-safety.com\/en\/#website","url":"https:\/\/sagitta-safety.com\/en\/","name":"Sagitta, \u0161pecialista na o\u010dn\u00fa optiku","description":"Profesion\u00e1lna ochrana zraku pre priemysel | SAGITTA","potentialAction":[{"@type":"SearchAction","target":{"@type":"EntryPoint","urlTemplate":"https:\/\/sagitta-safety.com\/en\/?s={search_term_string}"},"query-input":{"@type":"PropertyValueSpecification","valueRequired":true,"valueName":"search_term_string"}}],"inLanguage":"sk-SK"}]}},"_links":{"self":[{"href":"https:\/\/sagitta-safety.com\/sk\/wp-json\/wp\/v2\/product\/5075","targetHints":{"allow":["GET"]}}],"collection":[{"href":"https:\/\/sagitta-safety.com\/sk\/wp-json\/wp\/v2\/product"}],"about":[{"href":"https:\/\/sagitta-safety.com\/sk\/wp-json\/wp\/v2\/types\/product"}],"wp:featuredmedia":[{"embeddable":true,"href":"https:\/\/sagitta-safety.com\/sk\/wp-json\/wp\/v2\/media\/8916"}],"wp:attachment":[{"href":"https:\/\/sagitta-safety.com\/sk\/wp-json\/wp\/v2\/media?parent=5075"}],"wp:term":[{"taxonomy":"product_brand","embeddable":true,"href":"https:\/\/sagitta-safety.com\/sk\/wp-json\/wp\/v2\/product_brand?post=5075"},{"taxonomy":"product_cat","embeddable":true,"href":"https:\/\/sagitta-safety.com\/sk\/wp-json\/wp\/v2\/product_cat?post=5075"},{"taxonomy":"product_tag","embeddable":true,"href":"https:\/\/sagitta-safety.com\/sk\/wp-json\/wp\/v2\/product_tag?post=5075"}],"curies":[{"name":"wp","href":"https:\/\/api.w.org\/{rel}","templated":true}]}}