{"id":5073,"date":"2020-12-18T22:51:01","date_gmt":"2020-12-18T21:51:01","guid":{"rendered":"http:\/\/sagitta-safety.com\/?post_type=product&#038;p=5073"},"modified":"2021-04-09T18:10:48","modified_gmt":"2021-04-09T16:10:48","slug":"ultra-cleaner-plus-5l","status":"publish","type":"product","link":"https:\/\/sagitta-safety.com\/sk\/produkt\/ultra-cleaner-plus-5l\/","title":{"rendered":"ULTRA CLEANER PLUS 5L"},"content":{"rendered":"","protected":false},"excerpt":{"rendered":"<p>\u010cistiaci prostriedok na okuliare so siln\u00fdm \u010distiacim \u00fa\u010dinkom. Spo\u013eahlivo odstra\u0148uje z&nbsp;okuliarov prachov\u00e9 \u010dastice, odtla\u010dky prstov, pot, mastnoty a&nbsp;in\u00e9 ne\u010distoty. Zanech\u00e1va kri\u0161t\u00e1\u013eovo \u010dist\u00fd efekt zorn\u00edkov bez \u0161m\u00fah.<\/p>\n","protected":false},"featured_media":8917,"template":"","meta":{"_et_pb_use_builder":"","_et_pb_old_content":"","_et_gb_content_width":""},"product_brand":[],"product_cat":[242],"product_tag":[],"class_list":{"0":"post-5073","1":"product","2":"type-product","3":"status-publish","4":"has-post-thumbnail","6":"product_cat-roztoky-na-cistenie-okuliarov","8":"first","9":"instock","10":"shipping-taxable","11":"product-type-simple"},"yoast_head":"<!-- This site is optimized with the Yoast SEO plugin v26.1.1 - https:\/\/yoast.com\/wordpress\/plugins\/seo\/ -->\n<title>ULTRA CLEANER PLUS 5L - Sagitta, \u0161pecialista na o\u010dn\u00fa optiku<\/title>\n<meta name=\"robots\" content=\"index, follow, max-snippet:-1, max-image-preview:large, max-video-preview:-1\" \/>\n<link rel=\"canonical\" href=\"https:\/\/sagitta-safety.com\/sk\/produkt\/ultra-cleaner-plus-5l\/\" \/>\n<meta property=\"og:locale\" content=\"sk_SK\" \/>\n<meta property=\"og:type\" content=\"article\" \/>\n<meta property=\"og:title\" content=\"ULTRA CLEANER PLUS 5L - Sagitta, \u0161pecialista na o\u010dn\u00fa optiku\" \/>\n<meta property=\"og:description\" content=\"\u010cistiaci prostriedok na okuliare so siln\u00fdm \u010distiacim \u00fa\u010dinkom. Spo\u013eahlivo odstra\u0148uje z okuliarov prachov\u00e9 \u010dastice, odtla\u010dky prstov, pot, mastnoty a in\u00e9 ne\u010distoty. Zanech\u00e1va kri\u0161t\u00e1\u013eovo \u010dist\u00fd efekt zorn\u00edkov bez \u0161m\u00fah.\" \/>\n<meta property=\"og:url\" content=\"https:\/\/sagitta-safety.com\/sk\/produkt\/ultra-cleaner-plus-5l\/\" \/>\n<meta property=\"og:site_name\" content=\"Sagitta, \u0161pecialista na o\u010dn\u00fa optiku\" \/>\n<meta property=\"article:modified_time\" content=\"2021-04-09T16:10:48+00:00\" \/>\n<meta property=\"og:image\" content=\"https:\/\/sagitta-safety.com\/wp-content\/uploads\/2020\/12\/Ultra_Cleaner_Plus_5L.jpg\" \/>\n\t<meta property=\"og:image:width\" content=\"1772\" \/>\n\t<meta property=\"og:image:height\" content=\"1772\" \/>\n\t<meta property=\"og:image:type\" content=\"image\/jpeg\" \/>\n<meta name=\"twitter:card\" content=\"summary_large_image\" \/>\n<script type=\"application\/ld+json\" class=\"yoast-schema-graph\">{\"@context\":\"https:\/\/schema.org\",\"@graph\":[{\"@type\":\"WebPage\",\"@id\":\"https:\/\/sagitta-safety.com\/cz\/produkt\/ultra-cleaner-plus-5l\/\",\"url\":\"https:\/\/sagitta-safety.com\/cz\/produkt\/ultra-cleaner-plus-5l\/\",\"name\":\"ULTRA CLEANER PLUS 5L - Sagitta, \u0161pecialista na o\u010dn\u00fa optiku\",\"isPartOf\":{\"@id\":\"https:\/\/sagitta-safety.com\/en\/#website\"},\"primaryImageOfPage\":{\"@id\":\"https:\/\/sagitta-safety.com\/cz\/produkt\/ultra-cleaner-plus-5l\/#primaryimage\"},\"image\":{\"@id\":\"https:\/\/sagitta-safety.com\/cz\/produkt\/ultra-cleaner-plus-5l\/#primaryimage\"},\"thumbnailUrl\":\"https:\/\/sagitta-safety.com\/wp-content\/uploads\/2020\/12\/Ultra_Cleaner_Plus_5L.jpg\",\"datePublished\":\"2020-12-18T21:51:01+00:00\",\"dateModified\":\"2021-04-09T16:10:48+00:00\",\"breadcrumb\":{\"@id\":\"https:\/\/sagitta-safety.com\/cz\/produkt\/ultra-cleaner-plus-5l\/#breadcrumb\"},\"inLanguage\":\"sk-SK\",\"potentialAction\":[{\"@type\":\"ReadAction\",\"target\":[\"https:\/\/sagitta-safety.com\/cz\/produkt\/ultra-cleaner-plus-5l\/\"]}]},{\"@type\":\"ImageObject\",\"inLanguage\":\"sk-SK\",\"@id\":\"https:\/\/sagitta-safety.com\/cz\/produkt\/ultra-cleaner-plus-5l\/#primaryimage\",\"url\":\"https:\/\/sagitta-safety.com\/wp-content\/uploads\/2020\/12\/Ultra_Cleaner_Plus_5L.jpg\",\"contentUrl\":\"https:\/\/sagitta-safety.com\/wp-content\/uploads\/2020\/12\/Ultra_Cleaner_Plus_5L.jpg\",\"width\":1772,\"height\":1772},{\"@type\":\"BreadcrumbList\",\"@id\":\"https:\/\/sagitta-safety.com\/cz\/produkt\/ultra-cleaner-plus-5l\/#breadcrumb\",\"itemListElement\":[{\"@type\":\"ListItem\",\"position\":1,\"name\":\"Home\",\"item\":\"https:\/\/sagitta-safety.com\/cz\/\"},{\"@type\":\"ListItem\",\"position\":2,\"name\":\"Ochrana zraku\",\"item\":\"https:\/\/sagitta-safety.com\/en\/eye-protection\/\"},{\"@type\":\"ListItem\",\"position\":3,\"name\":\"ULTRA CLEANER PLUS 5L\"}]},{\"@type\":\"WebSite\",\"@id\":\"https:\/\/sagitta-safety.com\/en\/#website\",\"url\":\"https:\/\/sagitta-safety.com\/en\/\",\"name\":\"Sagitta, \u0161pecialista na o\u010dn\u00fa optiku\",\"description\":\"Profesion\u00e1lna ochrana zraku pre priemysel | SAGITTA\",\"potentialAction\":[{\"@type\":\"SearchAction\",\"target\":{\"@type\":\"EntryPoint\",\"urlTemplate\":\"https:\/\/sagitta-safety.com\/en\/?s={search_term_string}\"},\"query-input\":{\"@type\":\"PropertyValueSpecification\",\"valueRequired\":true,\"valueName\":\"search_term_string\"}}],\"inLanguage\":\"sk-SK\"}]}<\/script>\n<!-- \/ Yoast SEO plugin. -->","yoast_head_json":{"title":"ULTRA CLEANER PLUS 5L - Sagitta, \u0161pecialista na o\u010dn\u00fa optiku","robots":{"index":"index","follow":"follow","max-snippet":"max-snippet:-1","max-image-preview":"max-image-preview:large","max-video-preview":"max-video-preview:-1"},"canonical":"https:\/\/sagitta-safety.com\/sk\/produkt\/ultra-cleaner-plus-5l\/","og_locale":"sk_SK","og_type":"article","og_title":"ULTRA CLEANER PLUS 5L - Sagitta, \u0161pecialista na o\u010dn\u00fa optiku","og_description":"\u010cistiaci prostriedok na okuliare so siln\u00fdm \u010distiacim \u00fa\u010dinkom. Spo\u013eahlivo odstra\u0148uje z okuliarov prachov\u00e9 \u010dastice, odtla\u010dky prstov, pot, mastnoty a in\u00e9 ne\u010distoty. Zanech\u00e1va kri\u0161t\u00e1\u013eovo \u010dist\u00fd efekt zorn\u00edkov bez \u0161m\u00fah.","og_url":"https:\/\/sagitta-safety.com\/sk\/produkt\/ultra-cleaner-plus-5l\/","og_site_name":"Sagitta, \u0161pecialista na o\u010dn\u00fa optiku","article_modified_time":"2021-04-09T16:10:48+00:00","og_image":[{"width":1772,"height":1772,"url":"https:\/\/sagitta-safety.com\/wp-content\/uploads\/2020\/12\/Ultra_Cleaner_Plus_5L.jpg","type":"image\/jpeg"}],"twitter_card":"summary_large_image","schema":{"@context":"https:\/\/schema.org","@graph":[{"@type":"WebPage","@id":"https:\/\/sagitta-safety.com\/cz\/produkt\/ultra-cleaner-plus-5l\/","url":"https:\/\/sagitta-safety.com\/cz\/produkt\/ultra-cleaner-plus-5l\/","name":"ULTRA CLEANER PLUS 5L - Sagitta, \u0161pecialista na o\u010dn\u00fa optiku","isPartOf":{"@id":"https:\/\/sagitta-safety.com\/en\/#website"},"primaryImageOfPage":{"@id":"https:\/\/sagitta-safety.com\/cz\/produkt\/ultra-cleaner-plus-5l\/#primaryimage"},"image":{"@id":"https:\/\/sagitta-safety.com\/cz\/produkt\/ultra-cleaner-plus-5l\/#primaryimage"},"thumbnailUrl":"https:\/\/sagitta-safety.com\/wp-content\/uploads\/2020\/12\/Ultra_Cleaner_Plus_5L.jpg","datePublished":"2020-12-18T21:51:01+00:00","dateModified":"2021-04-09T16:10:48+00:00","breadcrumb":{"@id":"https:\/\/sagitta-safety.com\/cz\/produkt\/ultra-cleaner-plus-5l\/#breadcrumb"},"inLanguage":"sk-SK","potentialAction":[{"@type":"ReadAction","target":["https:\/\/sagitta-safety.com\/cz\/produkt\/ultra-cleaner-plus-5l\/"]}]},{"@type":"ImageObject","inLanguage":"sk-SK","@id":"https:\/\/sagitta-safety.com\/cz\/produkt\/ultra-cleaner-plus-5l\/#primaryimage","url":"https:\/\/sagitta-safety.com\/wp-content\/uploads\/2020\/12\/Ultra_Cleaner_Plus_5L.jpg","contentUrl":"https:\/\/sagitta-safety.com\/wp-content\/uploads\/2020\/12\/Ultra_Cleaner_Plus_5L.jpg","width":1772,"height":1772},{"@type":"BreadcrumbList","@id":"https:\/\/sagitta-safety.com\/cz\/produkt\/ultra-cleaner-plus-5l\/#breadcrumb","itemListElement":[{"@type":"ListItem","position":1,"name":"Home","item":"https:\/\/sagitta-safety.com\/cz\/"},{"@type":"ListItem","position":2,"name":"Ochrana zraku","item":"https:\/\/sagitta-safety.com\/en\/eye-protection\/"},{"@type":"ListItem","position":3,"name":"ULTRA CLEANER PLUS 5L"}]},{"@type":"WebSite","@id":"https:\/\/sagitta-safety.com\/en\/#website","url":"https:\/\/sagitta-safety.com\/en\/","name":"Sagitta, \u0161pecialista na o\u010dn\u00fa optiku","description":"Profesion\u00e1lna ochrana zraku pre priemysel | SAGITTA","potentialAction":[{"@type":"SearchAction","target":{"@type":"EntryPoint","urlTemplate":"https:\/\/sagitta-safety.com\/en\/?s={search_term_string}"},"query-input":{"@type":"PropertyValueSpecification","valueRequired":true,"valueName":"search_term_string"}}],"inLanguage":"sk-SK"}]}},"_links":{"self":[{"href":"https:\/\/sagitta-safety.com\/sk\/wp-json\/wp\/v2\/product\/5073","targetHints":{"allow":["GET"]}}],"collection":[{"href":"https:\/\/sagitta-safety.com\/sk\/wp-json\/wp\/v2\/product"}],"about":[{"href":"https:\/\/sagitta-safety.com\/sk\/wp-json\/wp\/v2\/types\/product"}],"wp:featuredmedia":[{"embeddable":true,"href":"https:\/\/sagitta-safety.com\/sk\/wp-json\/wp\/v2\/media\/8917"}],"wp:attachment":[{"href":"https:\/\/sagitta-safety.com\/sk\/wp-json\/wp\/v2\/media?parent=5073"}],"wp:term":[{"taxonomy":"product_brand","embeddable":true,"href":"https:\/\/sagitta-safety.com\/sk\/wp-json\/wp\/v2\/product_brand?post=5073"},{"taxonomy":"product_cat","embeddable":true,"href":"https:\/\/sagitta-safety.com\/sk\/wp-json\/wp\/v2\/product_cat?post=5073"},{"taxonomy":"product_tag","embeddable":true,"href":"https:\/\/sagitta-safety.com\/sk\/wp-json\/wp\/v2\/product_tag?post=5073"}],"curies":[{"name":"wp","href":"https:\/\/api.w.org\/{rel}","templated":true}]}}