{"id":1791,"date":"2017-11-04T18:38:47","date_gmt":"2017-11-04T17:38:47","guid":{"rendered":"http:\/\/sagitta-safety.com\/produkt\/raptor-welding\/"},"modified":"2021-04-09T18:13:09","modified_gmt":"2021-04-09T16:13:09","slug":"raptor-welding","status":"publish","type":"product","link":"https:\/\/sagitta-safety.com\/sk\/produkt\/raptor-welding\/","title":{"rendered":"RAPTOR Welding"},"content":{"rendered":"","protected":false},"excerpt":{"rendered":"<ul>\n<li>obl\u00fakov\u00fd dizajn zorn\u00edka eliminuje tunelov\u00fd efekt a&nbsp;umo\u017e\u0148uje obsiahnu\u0165 ve\u013ek\u00e9 zorn\u00e9 pole pracovn\u00e9ho okolia<\/li>\n<li>minim\u00e1lne stranov\u00e9 skreslenie perif\u00e9rneho obrazu<\/li>\n<li>ergonomick\u00fd dizajn pre pohodln\u00e9 celodenn\u00e9 nosenie<\/li>\n<li>slu\u010dky na straniciach fixuj\u00fa okuliare na tv\u00e1ri pri prudk\u00fdch pohyboch<\/li>\n<li>nen\u00e1ro\u010dn\u00e9 na \u00fadr\u017ebu<\/li>\n<li>ochrana pred \u017eiaren\u00edm vznikaj\u00facim pri zv\u00e1ran\u00ed, tvrdom sp\u00e1jkovan\u00ed, bodovan\u00ed<\/li>\n<li>\u00farove\u0148 ochrany: 2, 3, 5 (STN EN 169)<\/li>\n<\/ul>\n","protected":false},"featured_media":7870,"template":"","meta":{"_et_pb_use_builder":"","_et_pb_old_content":"","_et_gb_content_width":""},"product_brand":[],"product_cat":[202],"product_tag":[],"class_list":{"0":"post-1791","1":"product","2":"type-product","3":"status-publish","4":"has-post-thumbnail","6":"product_cat-zvaracske-ochranne-okuliare","8":"first","9":"instock","10":"shipping-taxable","11":"product-type-simple"},"yoast_head":"<!-- This site is optimized with the Yoast SEO plugin v26.1.1 - https:\/\/yoast.com\/wordpress\/plugins\/seo\/ -->\n<title>RAPTOR Welding - Sagitta, \u0161pecialista na o\u010dn\u00fa optiku<\/title>\n<meta name=\"robots\" content=\"index, follow, max-snippet:-1, max-image-preview:large, max-video-preview:-1\" \/>\n<link rel=\"canonical\" href=\"https:\/\/sagitta-safety.com\/sk\/product\/raptor-welding\/\" \/>\n<meta property=\"og:locale\" content=\"sk_SK\" \/>\n<meta property=\"og:type\" content=\"article\" \/>\n<meta property=\"og:title\" content=\"RAPTOR Welding - Sagitta, \u0161pecialista na o\u010dn\u00fa optiku\" \/>\n<meta property=\"og:description\" content=\"obl\u00fakov\u00fd dizajn zorn\u00edka eliminuje tunelov\u00fd efekt a umo\u017e\u0148uje obsiahnu\u0165 ve\u013ek\u00e9 zorn\u00e9 pole pracovn\u00e9ho okolia  minim\u00e1lne stranov\u00e9 skreslenie perif\u00e9rneho obrazu  ergonomick\u00fd dizajn pre pohodln\u00e9 celodenn\u00e9 nosenie  slu\u010dky na straniciach fixuj\u00fa okuliare na tv\u00e1ri pri prudk\u00fdch pohyboch  nen\u00e1ro\u010dn\u00e9 na \u00fadr\u017ebu  ochrana pred \u017eiaren\u00edm vznikaj\u00facim pri zv\u00e1ran\u00ed, tvrdom sp\u00e1jkovan\u00ed, bodovan\u00ed  \u00farove\u0148 ochrany: 2, 3, 5 (STN EN 169)\" \/>\n<meta property=\"og:url\" content=\"https:\/\/sagitta-safety.com\/sk\/product\/raptor-welding\/\" \/>\n<meta property=\"og:site_name\" content=\"Sagitta, \u0161pecialista na o\u010dn\u00fa optiku\" \/>\n<meta property=\"article:modified_time\" content=\"2021-04-09T16:13:09+00:00\" \/>\n<meta property=\"og:image\" content=\"https:\/\/sagitta-safety.com\/wp-content\/uploads\/2017\/11\/RAPTOR-welding-black-1-1.jpg\" \/>\n\t<meta property=\"og:image:width\" content=\"1772\" \/>\n\t<meta property=\"og:image:height\" content=\"1772\" \/>\n\t<meta property=\"og:image:type\" content=\"image\/jpeg\" \/>\n<meta name=\"twitter:card\" content=\"summary_large_image\" \/>\n<script type=\"application\/ld+json\" class=\"yoast-schema-graph\">{\"@context\":\"https:\/\/schema.org\",\"@graph\":[{\"@type\":\"WebPage\",\"@id\":\"https:\/\/sagitta-safety.com\/en\/product\/raptor-welding\/\",\"url\":\"https:\/\/sagitta-safety.com\/en\/product\/raptor-welding\/\",\"name\":\"RAPTOR Welding - Sagitta, \u0161pecialista na o\u010dn\u00fa optiku\",\"isPartOf\":{\"@id\":\"https:\/\/sagitta-safety.com\/en\/#website\"},\"primaryImageOfPage\":{\"@id\":\"https:\/\/sagitta-safety.com\/en\/product\/raptor-welding\/#primaryimage\"},\"image\":{\"@id\":\"https:\/\/sagitta-safety.com\/en\/product\/raptor-welding\/#primaryimage\"},\"thumbnailUrl\":\"https:\/\/sagitta-safety.com\/wp-content\/uploads\/2017\/11\/RAPTOR-welding-black-1-1.jpg\",\"datePublished\":\"2017-11-04T17:38:47+00:00\",\"dateModified\":\"2021-04-09T16:13:09+00:00\",\"breadcrumb\":{\"@id\":\"https:\/\/sagitta-safety.com\/en\/product\/raptor-welding\/#breadcrumb\"},\"inLanguage\":\"sk-SK\",\"potentialAction\":[{\"@type\":\"ReadAction\",\"target\":[\"https:\/\/sagitta-safety.com\/en\/product\/raptor-welding\/\"]}]},{\"@type\":\"ImageObject\",\"inLanguage\":\"sk-SK\",\"@id\":\"https:\/\/sagitta-safety.com\/en\/product\/raptor-welding\/#primaryimage\",\"url\":\"https:\/\/sagitta-safety.com\/wp-content\/uploads\/2017\/11\/RAPTOR-welding-black-1-1.jpg\",\"contentUrl\":\"https:\/\/sagitta-safety.com\/wp-content\/uploads\/2017\/11\/RAPTOR-welding-black-1-1.jpg\",\"width\":1772,\"height\":1772},{\"@type\":\"BreadcrumbList\",\"@id\":\"https:\/\/sagitta-safety.com\/en\/product\/raptor-welding\/#breadcrumb\",\"itemListElement\":[{\"@type\":\"ListItem\",\"position\":1,\"name\":\"Home\",\"item\":\"https:\/\/sagitta-safety.com\/cz\/\"},{\"@type\":\"ListItem\",\"position\":2,\"name\":\"Ochrana zraku\",\"item\":\"https:\/\/sagitta-safety.com\/en\/eye-protection\/\"},{\"@type\":\"ListItem\",\"position\":3,\"name\":\"RAPTOR Welding\"}]},{\"@type\":\"WebSite\",\"@id\":\"https:\/\/sagitta-safety.com\/en\/#website\",\"url\":\"https:\/\/sagitta-safety.com\/en\/\",\"name\":\"Sagitta, \u0161pecialista na o\u010dn\u00fa optiku\",\"description\":\"Profesion\u00e1lna ochrana zraku pre priemysel | SAGITTA\",\"potentialAction\":[{\"@type\":\"SearchAction\",\"target\":{\"@type\":\"EntryPoint\",\"urlTemplate\":\"https:\/\/sagitta-safety.com\/en\/?s={search_term_string}\"},\"query-input\":{\"@type\":\"PropertyValueSpecification\",\"valueRequired\":true,\"valueName\":\"search_term_string\"}}],\"inLanguage\":\"sk-SK\"}]}<\/script>\n<!-- \/ Yoast SEO plugin. -->","yoast_head_json":{"title":"RAPTOR Welding - Sagitta, \u0161pecialista na o\u010dn\u00fa optiku","robots":{"index":"index","follow":"follow","max-snippet":"max-snippet:-1","max-image-preview":"max-image-preview:large","max-video-preview":"max-video-preview:-1"},"canonical":"https:\/\/sagitta-safety.com\/sk\/product\/raptor-welding\/","og_locale":"sk_SK","og_type":"article","og_title":"RAPTOR Welding - Sagitta, \u0161pecialista na o\u010dn\u00fa optiku","og_description":"obl\u00fakov\u00fd dizajn zorn\u00edka eliminuje tunelov\u00fd efekt a umo\u017e\u0148uje obsiahnu\u0165 ve\u013ek\u00e9 zorn\u00e9 pole pracovn\u00e9ho okolia  minim\u00e1lne stranov\u00e9 skreslenie perif\u00e9rneho obrazu  ergonomick\u00fd dizajn pre pohodln\u00e9 celodenn\u00e9 nosenie  slu\u010dky na straniciach fixuj\u00fa okuliare na tv\u00e1ri pri prudk\u00fdch pohyboch  nen\u00e1ro\u010dn\u00e9 na \u00fadr\u017ebu  ochrana pred \u017eiaren\u00edm vznikaj\u00facim pri zv\u00e1ran\u00ed, tvrdom sp\u00e1jkovan\u00ed, bodovan\u00ed  \u00farove\u0148 ochrany: 2, 3, 5 (STN EN 169)","og_url":"https:\/\/sagitta-safety.com\/sk\/product\/raptor-welding\/","og_site_name":"Sagitta, \u0161pecialista na o\u010dn\u00fa optiku","article_modified_time":"2021-04-09T16:13:09+00:00","og_image":[{"width":1772,"height":1772,"url":"https:\/\/sagitta-safety.com\/wp-content\/uploads\/2017\/11\/RAPTOR-welding-black-1-1.jpg","type":"image\/jpeg"}],"twitter_card":"summary_large_image","schema":{"@context":"https:\/\/schema.org","@graph":[{"@type":"WebPage","@id":"https:\/\/sagitta-safety.com\/en\/product\/raptor-welding\/","url":"https:\/\/sagitta-safety.com\/en\/product\/raptor-welding\/","name":"RAPTOR Welding - Sagitta, \u0161pecialista na o\u010dn\u00fa optiku","isPartOf":{"@id":"https:\/\/sagitta-safety.com\/en\/#website"},"primaryImageOfPage":{"@id":"https:\/\/sagitta-safety.com\/en\/product\/raptor-welding\/#primaryimage"},"image":{"@id":"https:\/\/sagitta-safety.com\/en\/product\/raptor-welding\/#primaryimage"},"thumbnailUrl":"https:\/\/sagitta-safety.com\/wp-content\/uploads\/2017\/11\/RAPTOR-welding-black-1-1.jpg","datePublished":"2017-11-04T17:38:47+00:00","dateModified":"2021-04-09T16:13:09+00:00","breadcrumb":{"@id":"https:\/\/sagitta-safety.com\/en\/product\/raptor-welding\/#breadcrumb"},"inLanguage":"sk-SK","potentialAction":[{"@type":"ReadAction","target":["https:\/\/sagitta-safety.com\/en\/product\/raptor-welding\/"]}]},{"@type":"ImageObject","inLanguage":"sk-SK","@id":"https:\/\/sagitta-safety.com\/en\/product\/raptor-welding\/#primaryimage","url":"https:\/\/sagitta-safety.com\/wp-content\/uploads\/2017\/11\/RAPTOR-welding-black-1-1.jpg","contentUrl":"https:\/\/sagitta-safety.com\/wp-content\/uploads\/2017\/11\/RAPTOR-welding-black-1-1.jpg","width":1772,"height":1772},{"@type":"BreadcrumbList","@id":"https:\/\/sagitta-safety.com\/en\/product\/raptor-welding\/#breadcrumb","itemListElement":[{"@type":"ListItem","position":1,"name":"Home","item":"https:\/\/sagitta-safety.com\/cz\/"},{"@type":"ListItem","position":2,"name":"Ochrana zraku","item":"https:\/\/sagitta-safety.com\/en\/eye-protection\/"},{"@type":"ListItem","position":3,"name":"RAPTOR Welding"}]},{"@type":"WebSite","@id":"https:\/\/sagitta-safety.com\/en\/#website","url":"https:\/\/sagitta-safety.com\/en\/","name":"Sagitta, \u0161pecialista na o\u010dn\u00fa optiku","description":"Profesion\u00e1lna ochrana zraku pre priemysel | SAGITTA","potentialAction":[{"@type":"SearchAction","target":{"@type":"EntryPoint","urlTemplate":"https:\/\/sagitta-safety.com\/en\/?s={search_term_string}"},"query-input":{"@type":"PropertyValueSpecification","valueRequired":true,"valueName":"search_term_string"}}],"inLanguage":"sk-SK"}]}},"_links":{"self":[{"href":"https:\/\/sagitta-safety.com\/sk\/wp-json\/wp\/v2\/product\/1791","targetHints":{"allow":["GET"]}}],"collection":[{"href":"https:\/\/sagitta-safety.com\/sk\/wp-json\/wp\/v2\/product"}],"about":[{"href":"https:\/\/sagitta-safety.com\/sk\/wp-json\/wp\/v2\/types\/product"}],"wp:featuredmedia":[{"embeddable":true,"href":"https:\/\/sagitta-safety.com\/sk\/wp-json\/wp\/v2\/media\/7870"}],"wp:attachment":[{"href":"https:\/\/sagitta-safety.com\/sk\/wp-json\/wp\/v2\/media?parent=1791"}],"wp:term":[{"taxonomy":"product_brand","embeddable":true,"href":"https:\/\/sagitta-safety.com\/sk\/wp-json\/wp\/v2\/product_brand?post=1791"},{"taxonomy":"product_cat","embeddable":true,"href":"https:\/\/sagitta-safety.com\/sk\/wp-json\/wp\/v2\/product_cat?post=1791"},{"taxonomy":"product_tag","embeddable":true,"href":"https:\/\/sagitta-safety.com\/sk\/wp-json\/wp\/v2\/product_tag?post=1791"}],"curies":[{"name":"wp","href":"https:\/\/api.w.org\/{rel}","templated":true}]}}