{"id":1762,"date":"2017-11-04T17:52:53","date_gmt":"2017-11-04T16:52:53","guid":{"rendered":"http:\/\/sagitta-safety.com\/produkt\/flexor-plus-outdoor\/"},"modified":"2021-04-09T18:13:16","modified_gmt":"2021-04-09T16:13:16","slug":"flexor-plus-outdoor","status":"publish","type":"product","link":"https:\/\/sagitta-safety.com\/sk\/produkt\/flexor-plus-outdoor\/","title":{"rendered":"FLEXOR PLUS Outdoor"},"content":{"rendered":"","protected":false},"excerpt":{"rendered":"<ul>\n<li>super flexibiln\u00e1 kon\u0161trukcia ochrann\u00fdch okuliarov dobre sed\u00ed na tv\u00e1ri<\/li>\n<li>kon\u0161trukcia okuliarov je extr\u00e9mne ohybn\u00e1<\/li>\n<li>nen\u00e1ro\u010dn\u00e9 na \u00fadr\u017ebu<\/li>\n<li>ve\u013ekoryso otvoren\u00e9 perif\u00e9rne videnie<\/li>\n<li>extr\u00e9mne flexibilne stranice s&nbsp;v\u00fdborn\u00fdm pri\u013enut\u00edm a&nbsp;fix\u00e1ciou s&nbsp;takmer nulov\u00fdm tlakom pri nosen\u00ed na hlave<\/li>\n<li>m\u00e4kk\u00fd nosn\u00edk s&nbsp;mo\u017enos\u0165ou nastavenia pod\u013ea potreby nosite\u013ea<\/li>\n<\/ul>\n\n<table id=\"tablepress-18\" class=\"tablepress tablepress-id-18 tabulka\">\n<thead>\n<tr class=\"row-1\">\n\t<th class=\"column-1\">Farba r\u00e1mu<\/th><th class=\"column-2\">Farba zorn\u00edka<\/th><th class=\"column-3\">K\u00f3d tovaru<\/th>\n<\/tr>\n<\/thead>\n<tbody class=\"row-striping\">\n<tr class=\"row-2\">\n\t<td class=\"column-1\">\u010dierna-tyrkysov\u00e1<\/td><td class=\"column-2\">\u0161ed\u00e1<\/td><td class=\"column-3\">9323&nbsp;625<\/td>\n<\/tr>\n<tr class=\"row-3\">\n\t<td class=\"column-1\">modr\u00e1<\/td><td class=\"column-2\">\u017elt\u00e1<\/td><td class=\"column-3\">9024&nbsp;125<\/td>\n<\/tr>\n<tr class=\"row-4\">\n\t<td class=\"column-1\">biela-modra<\/td><td class=\"column-2\">reflexn\u00e1 modr\u00e1<\/td><td class=\"column-3\">9025&nbsp;130<\/td>\n<\/tr>\n<tr class=\"row-5\">\n\t<td class=\"column-1\">hned\u00e1-\u010derven\u00e1<\/td><td class=\"column-2\">reflexn\u00e1 \u010deveno-hned\u00e1<\/td><td class=\"column-3\">9026&nbsp;886<\/td>\n<\/tr>\n<\/tbody>\n<\/table>\n<!-- #tablepress-18 from cache -->\n","protected":false},"featured_media":7866,"template":"","meta":{"_et_pb_use_builder":"","_et_pb_old_content":"","_et_gb_content_width":""},"product_brand":[],"product_cat":[201],"product_tag":[],"class_list":{"0":"post-1762","1":"product","2":"type-product","3":"status-publish","4":"has-post-thumbnail","6":"product_cat-ochranne-okuliare-outdoor","8":"first","9":"instock","10":"shipping-taxable","11":"product-type-simple"},"yoast_head":"<!-- This site is optimized with the Yoast SEO plugin v26.1.1 - https:\/\/yoast.com\/wordpress\/plugins\/seo\/ -->\n<title>FLEXOR PLUS Outdoor - Sagitta, \u0161pecialista na o\u010dn\u00fa optiku<\/title>\n<meta name=\"robots\" content=\"index, follow, max-snippet:-1, max-image-preview:large, max-video-preview:-1\" \/>\n<link rel=\"canonical\" href=\"https:\/\/sagitta-safety.com\/sk\/produkt\/flexor-plus-outdoor\/\" \/>\n<meta property=\"og:locale\" content=\"sk_SK\" \/>\n<meta property=\"og:type\" content=\"article\" \/>\n<meta property=\"og:title\" content=\"FLEXOR PLUS Outdoor - Sagitta, \u0161pecialista na o\u010dn\u00fa optiku\" \/>\n<meta property=\"og:description\" content=\"super flexibiln\u00e1 kon\u0161trukcia ochrann\u00fdch okuliarov dobre sed\u00ed na tv\u00e1ri  kon\u0161trukcia okuliarov je extr\u00e9mne ohybn\u00e1  nen\u00e1ro\u010dn\u00e9 na \u00fadr\u017ebu  ve\u013ekoryso otvoren\u00e9 perif\u00e9rne videnie  extr\u00e9mne flexibilne stranice s v\u00fdborn\u00fdm pri\u013enut\u00edm a fix\u00e1ciou s takmer nulov\u00fdm tlakom pri nosen\u00ed na hlave  m\u00e4kk\u00fd nosn\u00edk s mo\u017enos\u0165ou nastavenia pod\u013ea potreby nosite\u013ea\" \/>\n<meta property=\"og:url\" content=\"https:\/\/sagitta-safety.com\/sk\/produkt\/flexor-plus-outdoor\/\" \/>\n<meta property=\"og:site_name\" content=\"Sagitta, \u0161pecialista na o\u010dn\u00fa optiku\" \/>\n<meta property=\"article:modified_time\" content=\"2021-04-09T16:13:16+00:00\" \/>\n<meta property=\"og:image\" content=\"https:\/\/sagitta-safety.com\/wp-content\/uploads\/2017\/11\/FLEXOR-PLUS-outdoor-black_1.jpg\" \/>\n\t<meta property=\"og:image:width\" content=\"1772\" \/>\n\t<meta property=\"og:image:height\" content=\"1772\" \/>\n\t<meta property=\"og:image:type\" content=\"image\/jpeg\" \/>\n<meta name=\"twitter:card\" content=\"summary_large_image\" \/>\n<script type=\"application\/ld+json\" class=\"yoast-schema-graph\">{\"@context\":\"https:\/\/schema.org\",\"@graph\":[{\"@type\":\"WebPage\",\"@id\":\"https:\/\/sagitta-safety.com\/cz\/produkt\/flexor-plus-outdoor\/\",\"url\":\"https:\/\/sagitta-safety.com\/cz\/produkt\/flexor-plus-outdoor\/\",\"name\":\"FLEXOR PLUS Outdoor - Sagitta, \u0161pecialista na o\u010dn\u00fa optiku\",\"isPartOf\":{\"@id\":\"https:\/\/sagitta-safety.com\/en\/#website\"},\"primaryImageOfPage\":{\"@id\":\"https:\/\/sagitta-safety.com\/cz\/produkt\/flexor-plus-outdoor\/#primaryimage\"},\"image\":{\"@id\":\"https:\/\/sagitta-safety.com\/cz\/produkt\/flexor-plus-outdoor\/#primaryimage\"},\"thumbnailUrl\":\"https:\/\/sagitta-safety.com\/wp-content\/uploads\/2017\/11\/FLEXOR-PLUS-outdoor-black_1.jpg\",\"datePublished\":\"2017-11-04T16:52:53+00:00\",\"dateModified\":\"2021-04-09T16:13:16+00:00\",\"breadcrumb\":{\"@id\":\"https:\/\/sagitta-safety.com\/cz\/produkt\/flexor-plus-outdoor\/#breadcrumb\"},\"inLanguage\":\"sk-SK\",\"potentialAction\":[{\"@type\":\"ReadAction\",\"target\":[\"https:\/\/sagitta-safety.com\/cz\/produkt\/flexor-plus-outdoor\/\"]}]},{\"@type\":\"ImageObject\",\"inLanguage\":\"sk-SK\",\"@id\":\"https:\/\/sagitta-safety.com\/cz\/produkt\/flexor-plus-outdoor\/#primaryimage\",\"url\":\"https:\/\/sagitta-safety.com\/wp-content\/uploads\/2017\/11\/FLEXOR-PLUS-outdoor-black_1.jpg\",\"contentUrl\":\"https:\/\/sagitta-safety.com\/wp-content\/uploads\/2017\/11\/FLEXOR-PLUS-outdoor-black_1.jpg\",\"width\":1772,\"height\":1772},{\"@type\":\"BreadcrumbList\",\"@id\":\"https:\/\/sagitta-safety.com\/cz\/produkt\/flexor-plus-outdoor\/#breadcrumb\",\"itemListElement\":[{\"@type\":\"ListItem\",\"position\":1,\"name\":\"Home\",\"item\":\"https:\/\/sagitta-safety.com\/cz\/\"},{\"@type\":\"ListItem\",\"position\":2,\"name\":\"Ochrana zraku\",\"item\":\"https:\/\/sagitta-safety.com\/en\/eye-protection\/\"},{\"@type\":\"ListItem\",\"position\":3,\"name\":\"FLEXOR PLUS Outdoor\"}]},{\"@type\":\"WebSite\",\"@id\":\"https:\/\/sagitta-safety.com\/en\/#website\",\"url\":\"https:\/\/sagitta-safety.com\/en\/\",\"name\":\"Sagitta, \u0161pecialista na o\u010dn\u00fa optiku\",\"description\":\"Profesion\u00e1lna ochrana zraku pre priemysel | SAGITTA\",\"potentialAction\":[{\"@type\":\"SearchAction\",\"target\":{\"@type\":\"EntryPoint\",\"urlTemplate\":\"https:\/\/sagitta-safety.com\/en\/?s={search_term_string}\"},\"query-input\":{\"@type\":\"PropertyValueSpecification\",\"valueRequired\":true,\"valueName\":\"search_term_string\"}}],\"inLanguage\":\"sk-SK\"}]}<\/script>\n<!-- \/ Yoast SEO plugin. -->","yoast_head_json":{"title":"FLEXOR PLUS Outdoor - Sagitta, \u0161pecialista na o\u010dn\u00fa optiku","robots":{"index":"index","follow":"follow","max-snippet":"max-snippet:-1","max-image-preview":"max-image-preview:large","max-video-preview":"max-video-preview:-1"},"canonical":"https:\/\/sagitta-safety.com\/sk\/produkt\/flexor-plus-outdoor\/","og_locale":"sk_SK","og_type":"article","og_title":"FLEXOR PLUS Outdoor - Sagitta, \u0161pecialista na o\u010dn\u00fa optiku","og_description":"super flexibiln\u00e1 kon\u0161trukcia ochrann\u00fdch okuliarov dobre sed\u00ed na tv\u00e1ri  kon\u0161trukcia okuliarov je extr\u00e9mne ohybn\u00e1  nen\u00e1ro\u010dn\u00e9 na \u00fadr\u017ebu  ve\u013ekoryso otvoren\u00e9 perif\u00e9rne videnie  extr\u00e9mne flexibilne stranice s v\u00fdborn\u00fdm pri\u013enut\u00edm a fix\u00e1ciou s takmer nulov\u00fdm tlakom pri nosen\u00ed na hlave  m\u00e4kk\u00fd nosn\u00edk s mo\u017enos\u0165ou nastavenia pod\u013ea potreby nosite\u013ea","og_url":"https:\/\/sagitta-safety.com\/sk\/produkt\/flexor-plus-outdoor\/","og_site_name":"Sagitta, \u0161pecialista na o\u010dn\u00fa optiku","article_modified_time":"2021-04-09T16:13:16+00:00","og_image":[{"width":1772,"height":1772,"url":"https:\/\/sagitta-safety.com\/wp-content\/uploads\/2017\/11\/FLEXOR-PLUS-outdoor-black_1.jpg","type":"image\/jpeg"}],"twitter_card":"summary_large_image","schema":{"@context":"https:\/\/schema.org","@graph":[{"@type":"WebPage","@id":"https:\/\/sagitta-safety.com\/cz\/produkt\/flexor-plus-outdoor\/","url":"https:\/\/sagitta-safety.com\/cz\/produkt\/flexor-plus-outdoor\/","name":"FLEXOR PLUS Outdoor - Sagitta, \u0161pecialista na o\u010dn\u00fa optiku","isPartOf":{"@id":"https:\/\/sagitta-safety.com\/en\/#website"},"primaryImageOfPage":{"@id":"https:\/\/sagitta-safety.com\/cz\/produkt\/flexor-plus-outdoor\/#primaryimage"},"image":{"@id":"https:\/\/sagitta-safety.com\/cz\/produkt\/flexor-plus-outdoor\/#primaryimage"},"thumbnailUrl":"https:\/\/sagitta-safety.com\/wp-content\/uploads\/2017\/11\/FLEXOR-PLUS-outdoor-black_1.jpg","datePublished":"2017-11-04T16:52:53+00:00","dateModified":"2021-04-09T16:13:16+00:00","breadcrumb":{"@id":"https:\/\/sagitta-safety.com\/cz\/produkt\/flexor-plus-outdoor\/#breadcrumb"},"inLanguage":"sk-SK","potentialAction":[{"@type":"ReadAction","target":["https:\/\/sagitta-safety.com\/cz\/produkt\/flexor-plus-outdoor\/"]}]},{"@type":"ImageObject","inLanguage":"sk-SK","@id":"https:\/\/sagitta-safety.com\/cz\/produkt\/flexor-plus-outdoor\/#primaryimage","url":"https:\/\/sagitta-safety.com\/wp-content\/uploads\/2017\/11\/FLEXOR-PLUS-outdoor-black_1.jpg","contentUrl":"https:\/\/sagitta-safety.com\/wp-content\/uploads\/2017\/11\/FLEXOR-PLUS-outdoor-black_1.jpg","width":1772,"height":1772},{"@type":"BreadcrumbList","@id":"https:\/\/sagitta-safety.com\/cz\/produkt\/flexor-plus-outdoor\/#breadcrumb","itemListElement":[{"@type":"ListItem","position":1,"name":"Home","item":"https:\/\/sagitta-safety.com\/cz\/"},{"@type":"ListItem","position":2,"name":"Ochrana zraku","item":"https:\/\/sagitta-safety.com\/en\/eye-protection\/"},{"@type":"ListItem","position":3,"name":"FLEXOR PLUS Outdoor"}]},{"@type":"WebSite","@id":"https:\/\/sagitta-safety.com\/en\/#website","url":"https:\/\/sagitta-safety.com\/en\/","name":"Sagitta, \u0161pecialista na o\u010dn\u00fa optiku","description":"Profesion\u00e1lna ochrana zraku pre priemysel | SAGITTA","potentialAction":[{"@type":"SearchAction","target":{"@type":"EntryPoint","urlTemplate":"https:\/\/sagitta-safety.com\/en\/?s={search_term_string}"},"query-input":{"@type":"PropertyValueSpecification","valueRequired":true,"valueName":"search_term_string"}}],"inLanguage":"sk-SK"}]}},"_links":{"self":[{"href":"https:\/\/sagitta-safety.com\/sk\/wp-json\/wp\/v2\/product\/1762","targetHints":{"allow":["GET"]}}],"collection":[{"href":"https:\/\/sagitta-safety.com\/sk\/wp-json\/wp\/v2\/product"}],"about":[{"href":"https:\/\/sagitta-safety.com\/sk\/wp-json\/wp\/v2\/types\/product"}],"wp:featuredmedia":[{"embeddable":true,"href":"https:\/\/sagitta-safety.com\/sk\/wp-json\/wp\/v2\/media\/7866"}],"wp:attachment":[{"href":"https:\/\/sagitta-safety.com\/sk\/wp-json\/wp\/v2\/media?parent=1762"}],"wp:term":[{"taxonomy":"product_brand","embeddable":true,"href":"https:\/\/sagitta-safety.com\/sk\/wp-json\/wp\/v2\/product_brand?post=1762"},{"taxonomy":"product_cat","embeddable":true,"href":"https:\/\/sagitta-safety.com\/sk\/wp-json\/wp\/v2\/product_cat?post=1762"},{"taxonomy":"product_tag","embeddable":true,"href":"https:\/\/sagitta-safety.com\/sk\/wp-json\/wp\/v2\/product_tag?post=1762"}],"curies":[{"name":"wp","href":"https:\/\/api.w.org\/{rel}","templated":true}]}}