{"id":1477,"date":"2017-07-17T12:19:12","date_gmt":"2017-07-17T10:19:12","guid":{"rendered":"http:\/\/sagitta-safety.com\/produkt\/terminator-uv-400\/"},"modified":"2021-04-09T18:14:37","modified_gmt":"2021-04-09T16:14:37","slug":"terminator-uv-400","status":"publish","type":"product","link":"https:\/\/sagitta-safety.com\/sk\/produkt\/terminator-uv-400\/","title":{"rendered":"TERMINATOR BlueCut580"},"content":{"rendered":"","protected":false},"excerpt":{"rendered":"<ul>\n<li>plastov\u00e9 nedioptrick\u00e9 okuliare ur\u010den\u00e9 na pr\u00e1cu s\u00a0UV \u017eiaren\u00edm<\/li>\n<li>obzvl\u00e1\u0161\u0165 nebezpe\u010dn\u00e9 pre n\u00e1\u0161 zrak je UV \u017eiarenie v\u00a0rozsahu 400 \u2013 490 nm, tzv. modr\u00e9 sveteln\u00e9 \u017eiarenie<\/li>\n<li>ve\u013ek\u00e9 d\u00e1vky pri nechr\u00e1nenom kontakte so zrakom m\u00f4\u017eu by\u0165 pr\u00ed\u010dinou nezvratn\u00e9ho po\u0161kodenia sietnice<\/li>\n<li>nov\u00fd UV 530 + modr\u00fd blocker cielene filtruje modr\u00e9 \u017eiarenie a\u00a0UV \u017eiarenie \u2022 optim\u00e1lne chr\u00e1ni o\u010di a\u00a0k\u00a0tomu p\u00f4sob\u00ed kontrastne, \u010d\u00edm predch\u00e1dza \u00fanave o\u010d\u00ed<\/li>\n<li>ve\u013emi odpor\u00fa\u010dan\u00e9 do oblasti medic\u00edny pre spracov\u00e1vanie materi\u00e1lov &#8211; tvrdenie UV \u017eiaren\u00edm<\/li>\n<\/ul>\n","protected":false},"featured_media":8586,"template":"","meta":{"_et_pb_use_builder":"","_et_pb_old_content":"","_et_gb_content_width":""},"product_brand":[],"product_cat":[172],"product_tag":[],"class_list":{"0":"post-1477","1":"product","2":"type-product","3":"status-publish","4":"has-post-thumbnail","6":"product_cat-ochranne-okuliare-led-blue-protect","8":"first","9":"instock","10":"shipping-taxable","11":"product-type-simple"},"yoast_head":"<!-- This site is optimized with the Yoast SEO plugin v26.1.1 - https:\/\/yoast.com\/wordpress\/plugins\/seo\/ -->\n<title>TERMINATOR BlueCut580 - Sagitta, \u0161pecialista na o\u010dn\u00fa optiku<\/title>\n<meta name=\"robots\" content=\"index, follow, max-snippet:-1, max-image-preview:large, max-video-preview:-1\" \/>\n<link rel=\"canonical\" href=\"https:\/\/sagitta-safety.com\/sk\/produkt\/terminator-uv-400\/\" \/>\n<meta property=\"og:locale\" content=\"sk_SK\" \/>\n<meta property=\"og:type\" content=\"article\" \/>\n<meta property=\"og:title\" content=\"TERMINATOR BlueCut580 - Sagitta, \u0161pecialista na o\u010dn\u00fa optiku\" \/>\n<meta property=\"og:description\" content=\"plastov\u00e9 nedioptrick\u00e9 okuliare ur\u010den\u00e9 na pr\u00e1cu s\u00a0UV \u017eiaren\u00edm  obzvl\u00e1\u0161\u0165 nebezpe\u010dn\u00e9 pre n\u00e1\u0161 zrak je UV \u017eiarenie v\u00a0rozsahu 400 \u2013 490 nm, tzv. modr\u00e9 sveteln\u00e9 \u017eiarenie  ve\u013ek\u00e9 d\u00e1vky pri nechr\u00e1nenom kontakte so zrakom m\u00f4\u017eu by\u0165 pr\u00ed\u010dinou nezvratn\u00e9ho po\u0161kodenia sietnice  nov\u00fd UV 530 + modr\u00fd blocker cielene filtruje modr\u00e9 \u017eiarenie a\u00a0UV \u017eiarenie \u2022 optim\u00e1lne chr\u00e1ni o\u010di a\u00a0k\u00a0tomu p\u00f4sob\u00ed kontrastne, \u010d\u00edm predch\u00e1dza \u00fanave o\u010d\u00ed  ve\u013emi odpor\u00fa\u010dan\u00e9 do oblasti medic\u00edny pre spracov\u00e1vanie materi\u00e1lov - tvrdenie UV \u017eiaren\u00edm\" \/>\n<meta property=\"og:url\" content=\"https:\/\/sagitta-safety.com\/sk\/produkt\/terminator-uv-400\/\" \/>\n<meta property=\"og:site_name\" content=\"Sagitta, \u0161pecialista na o\u010dn\u00fa optiku\" \/>\n<meta property=\"article:modified_time\" content=\"2021-04-09T16:14:37+00:00\" \/>\n<meta property=\"og:image\" content=\"https:\/\/sagitta-safety.com\/wp-content\/uploads\/2017\/07\/TERMINATOR-Blue-Cut-580.jpg\" \/>\n\t<meta property=\"og:image:width\" content=\"1772\" \/>\n\t<meta property=\"og:image:height\" content=\"1772\" \/>\n\t<meta property=\"og:image:type\" content=\"image\/jpeg\" \/>\n<meta name=\"twitter:card\" content=\"summary_large_image\" \/>\n<script type=\"application\/ld+json\" class=\"yoast-schema-graph\">{\"@context\":\"https:\/\/schema.org\",\"@graph\":[{\"@type\":\"WebPage\",\"@id\":\"https:\/\/sagitta-safety.com\/sk\/produkt\/terminator-uv-400\/\",\"url\":\"https:\/\/sagitta-safety.com\/sk\/produkt\/terminator-uv-400\/\",\"name\":\"TERMINATOR BlueCut580 - Sagitta, \u0161pecialista na o\u010dn\u00fa optiku\",\"isPartOf\":{\"@id\":\"https:\/\/sagitta-safety.com\/en\/#website\"},\"primaryImageOfPage\":{\"@id\":\"https:\/\/sagitta-safety.com\/sk\/produkt\/terminator-uv-400\/#primaryimage\"},\"image\":{\"@id\":\"https:\/\/sagitta-safety.com\/sk\/produkt\/terminator-uv-400\/#primaryimage\"},\"thumbnailUrl\":\"https:\/\/sagitta-safety.com\/wp-content\/uploads\/2017\/07\/TERMINATOR-Blue-Cut-580.jpg\",\"datePublished\":\"2017-07-17T10:19:12+00:00\",\"dateModified\":\"2021-04-09T16:14:37+00:00\",\"breadcrumb\":{\"@id\":\"https:\/\/sagitta-safety.com\/sk\/produkt\/terminator-uv-400\/#breadcrumb\"},\"inLanguage\":\"sk-SK\",\"potentialAction\":[{\"@type\":\"ReadAction\",\"target\":[\"https:\/\/sagitta-safety.com\/sk\/produkt\/terminator-uv-400\/\"]}]},{\"@type\":\"ImageObject\",\"inLanguage\":\"sk-SK\",\"@id\":\"https:\/\/sagitta-safety.com\/sk\/produkt\/terminator-uv-400\/#primaryimage\",\"url\":\"https:\/\/sagitta-safety.com\/wp-content\/uploads\/2017\/07\/TERMINATOR-Blue-Cut-580.jpg\",\"contentUrl\":\"https:\/\/sagitta-safety.com\/wp-content\/uploads\/2017\/07\/TERMINATOR-Blue-Cut-580.jpg\",\"width\":1772,\"height\":1772},{\"@type\":\"BreadcrumbList\",\"@id\":\"https:\/\/sagitta-safety.com\/sk\/produkt\/terminator-uv-400\/#breadcrumb\",\"itemListElement\":[{\"@type\":\"ListItem\",\"position\":1,\"name\":\"Home\",\"item\":\"https:\/\/sagitta-safety.com\/cz\/\"},{\"@type\":\"ListItem\",\"position\":2,\"name\":\"Ochrana zraku\",\"item\":\"https:\/\/sagitta-safety.com\/en\/eye-protection\/\"},{\"@type\":\"ListItem\",\"position\":3,\"name\":\"TERMINATOR BlueCut580\"}]},{\"@type\":\"WebSite\",\"@id\":\"https:\/\/sagitta-safety.com\/en\/#website\",\"url\":\"https:\/\/sagitta-safety.com\/en\/\",\"name\":\"Sagitta, \u0161pecialista na o\u010dn\u00fa optiku\",\"description\":\"Profesion\u00e1lna ochrana zraku pre priemysel | SAGITTA\",\"potentialAction\":[{\"@type\":\"SearchAction\",\"target\":{\"@type\":\"EntryPoint\",\"urlTemplate\":\"https:\/\/sagitta-safety.com\/en\/?s={search_term_string}\"},\"query-input\":{\"@type\":\"PropertyValueSpecification\",\"valueRequired\":true,\"valueName\":\"search_term_string\"}}],\"inLanguage\":\"sk-SK\"}]}<\/script>\n<!-- \/ Yoast SEO plugin. -->","yoast_head_json":{"title":"TERMINATOR BlueCut580 - Sagitta, \u0161pecialista na o\u010dn\u00fa optiku","robots":{"index":"index","follow":"follow","max-snippet":"max-snippet:-1","max-image-preview":"max-image-preview:large","max-video-preview":"max-video-preview:-1"},"canonical":"https:\/\/sagitta-safety.com\/sk\/produkt\/terminator-uv-400\/","og_locale":"sk_SK","og_type":"article","og_title":"TERMINATOR BlueCut580 - Sagitta, \u0161pecialista na o\u010dn\u00fa optiku","og_description":"plastov\u00e9 nedioptrick\u00e9 okuliare ur\u010den\u00e9 na pr\u00e1cu s\u00a0UV \u017eiaren\u00edm  obzvl\u00e1\u0161\u0165 nebezpe\u010dn\u00e9 pre n\u00e1\u0161 zrak je UV \u017eiarenie v\u00a0rozsahu 400 \u2013 490 nm, tzv. modr\u00e9 sveteln\u00e9 \u017eiarenie  ve\u013ek\u00e9 d\u00e1vky pri nechr\u00e1nenom kontakte so zrakom m\u00f4\u017eu by\u0165 pr\u00ed\u010dinou nezvratn\u00e9ho po\u0161kodenia sietnice  nov\u00fd UV 530 + modr\u00fd blocker cielene filtruje modr\u00e9 \u017eiarenie a\u00a0UV \u017eiarenie \u2022 optim\u00e1lne chr\u00e1ni o\u010di a\u00a0k\u00a0tomu p\u00f4sob\u00ed kontrastne, \u010d\u00edm predch\u00e1dza \u00fanave o\u010d\u00ed  ve\u013emi odpor\u00fa\u010dan\u00e9 do oblasti medic\u00edny pre spracov\u00e1vanie materi\u00e1lov - tvrdenie UV \u017eiaren\u00edm","og_url":"https:\/\/sagitta-safety.com\/sk\/produkt\/terminator-uv-400\/","og_site_name":"Sagitta, \u0161pecialista na o\u010dn\u00fa optiku","article_modified_time":"2021-04-09T16:14:37+00:00","og_image":[{"width":1772,"height":1772,"url":"https:\/\/sagitta-safety.com\/wp-content\/uploads\/2017\/07\/TERMINATOR-Blue-Cut-580.jpg","type":"image\/jpeg"}],"twitter_card":"summary_large_image","schema":{"@context":"https:\/\/schema.org","@graph":[{"@type":"WebPage","@id":"https:\/\/sagitta-safety.com\/sk\/produkt\/terminator-uv-400\/","url":"https:\/\/sagitta-safety.com\/sk\/produkt\/terminator-uv-400\/","name":"TERMINATOR BlueCut580 - Sagitta, \u0161pecialista na o\u010dn\u00fa optiku","isPartOf":{"@id":"https:\/\/sagitta-safety.com\/en\/#website"},"primaryImageOfPage":{"@id":"https:\/\/sagitta-safety.com\/sk\/produkt\/terminator-uv-400\/#primaryimage"},"image":{"@id":"https:\/\/sagitta-safety.com\/sk\/produkt\/terminator-uv-400\/#primaryimage"},"thumbnailUrl":"https:\/\/sagitta-safety.com\/wp-content\/uploads\/2017\/07\/TERMINATOR-Blue-Cut-580.jpg","datePublished":"2017-07-17T10:19:12+00:00","dateModified":"2021-04-09T16:14:37+00:00","breadcrumb":{"@id":"https:\/\/sagitta-safety.com\/sk\/produkt\/terminator-uv-400\/#breadcrumb"},"inLanguage":"sk-SK","potentialAction":[{"@type":"ReadAction","target":["https:\/\/sagitta-safety.com\/sk\/produkt\/terminator-uv-400\/"]}]},{"@type":"ImageObject","inLanguage":"sk-SK","@id":"https:\/\/sagitta-safety.com\/sk\/produkt\/terminator-uv-400\/#primaryimage","url":"https:\/\/sagitta-safety.com\/wp-content\/uploads\/2017\/07\/TERMINATOR-Blue-Cut-580.jpg","contentUrl":"https:\/\/sagitta-safety.com\/wp-content\/uploads\/2017\/07\/TERMINATOR-Blue-Cut-580.jpg","width":1772,"height":1772},{"@type":"BreadcrumbList","@id":"https:\/\/sagitta-safety.com\/sk\/produkt\/terminator-uv-400\/#breadcrumb","itemListElement":[{"@type":"ListItem","position":1,"name":"Home","item":"https:\/\/sagitta-safety.com\/cz\/"},{"@type":"ListItem","position":2,"name":"Ochrana zraku","item":"https:\/\/sagitta-safety.com\/en\/eye-protection\/"},{"@type":"ListItem","position":3,"name":"TERMINATOR BlueCut580"}]},{"@type":"WebSite","@id":"https:\/\/sagitta-safety.com\/en\/#website","url":"https:\/\/sagitta-safety.com\/en\/","name":"Sagitta, \u0161pecialista na o\u010dn\u00fa optiku","description":"Profesion\u00e1lna ochrana zraku pre priemysel | SAGITTA","potentialAction":[{"@type":"SearchAction","target":{"@type":"EntryPoint","urlTemplate":"https:\/\/sagitta-safety.com\/en\/?s={search_term_string}"},"query-input":{"@type":"PropertyValueSpecification","valueRequired":true,"valueName":"search_term_string"}}],"inLanguage":"sk-SK"}]}},"_links":{"self":[{"href":"https:\/\/sagitta-safety.com\/sk\/wp-json\/wp\/v2\/product\/1477","targetHints":{"allow":["GET"]}}],"collection":[{"href":"https:\/\/sagitta-safety.com\/sk\/wp-json\/wp\/v2\/product"}],"about":[{"href":"https:\/\/sagitta-safety.com\/sk\/wp-json\/wp\/v2\/types\/product"}],"wp:featuredmedia":[{"embeddable":true,"href":"https:\/\/sagitta-safety.com\/sk\/wp-json\/wp\/v2\/media\/8586"}],"wp:attachment":[{"href":"https:\/\/sagitta-safety.com\/sk\/wp-json\/wp\/v2\/media?parent=1477"}],"wp:term":[{"taxonomy":"product_brand","embeddable":true,"href":"https:\/\/sagitta-safety.com\/sk\/wp-json\/wp\/v2\/product_brand?post=1477"},{"taxonomy":"product_cat","embeddable":true,"href":"https:\/\/sagitta-safety.com\/sk\/wp-json\/wp\/v2\/product_cat?post=1477"},{"taxonomy":"product_tag","embeddable":true,"href":"https:\/\/sagitta-safety.com\/sk\/wp-json\/wp\/v2\/product_tag?post=1477"}],"curies":[{"name":"wp","href":"https:\/\/api.w.org\/{rel}","templated":true}]}}