{"id":1381,"date":"2017-06-30T13:05:38","date_gmt":"2017-06-30T11:05:38","guid":{"rendered":"http:\/\/sagitta-safety.com\/produkt\/ontor-welding\/"},"modified":"2021-04-09T18:15:28","modified_gmt":"2021-04-09T16:15:28","slug":"ontor-welding","status":"publish","type":"product","link":"https:\/\/sagitta-safety.com\/sk\/produkt\/ontor-welding\/","title":{"rendered":"ONTOR Welding"},"content":{"rendered":"","protected":false},"excerpt":{"rendered":"<ul>\n<li>ochrann\u00e9 okuliare umo\u017e\u0148uj\u00fa prekrytie dioptrick\u00fdch okuliarov a&nbsp;t\u00fdm zabezpe\u010duj\u00fa spo\u013eahliv\u00fa ochranu v&nbsp;pracovnom prostred\u00ed<\/li>\n<li>nov\u00e9 flexibiln\u00e9 stranice umo\u017e\u0148uj\u00fa rovnomern\u00e9 rozlo\u017eenie tlaku, prisp\u00f4sobia sa u\u017e\u00edvate\u013eovi a&nbsp;zabezpe\u010dia potrebn\u00fa stabilitu okuliarov na hlave<\/li>\n<li>zv\u00fd\u0161en\u00e1 tesnos\u0165 v&nbsp;nado\u010dnicovej \u010dasti zabra\u0148uje riziku prenikania \u010dast\u00edc do priestoru o\u010d\u00ed<\/li>\n<li>univerz\u00e1lna ergonomick\u00e1 adaptabilita<\/li>\n<li>prisp\u00f4sobenie uhla stran\u00edc pre dosiahnutie ide\u00e1lneho sklonu okuliarov na tv\u00e1ri<\/li>\n<li>nastavenie d\u013a\u017eky stran\u00edc pod\u013ea individu\u00e1lnych po\u017eiadaviek nosite\u013ea<\/li>\n<li>ochrana pred \u017eiaren\u00edm vznikaj\u00facim pri zv\u00e1ran\u00ed, tvrdom sp\u00e1jkovan\u00ed, bodovan\u00ed<\/li>\n<li>\u00farove\u0148 ochrany: 2, 3, 5 (STN EN 169)<\/li>\n<\/ul>\n","protected":false},"featured_media":7849,"template":"","meta":{"_et_pb_use_builder":"","_et_pb_old_content":"","_et_gb_content_width":""},"product_brand":[],"product_cat":[202],"product_tag":[],"class_list":{"0":"post-1381","1":"product","2":"type-product","3":"status-publish","4":"has-post-thumbnail","6":"product_cat-zvaracske-ochranne-okuliare","8":"first","9":"instock","10":"shipping-taxable","11":"product-type-simple"},"yoast_head":"<!-- This site is optimized with the Yoast SEO plugin v26.1.1 - https:\/\/yoast.com\/wordpress\/plugins\/seo\/ -->\n<title>ONTOR Welding - Sagitta, \u0161pecialista na o\u010dn\u00fa optiku<\/title>\n<meta name=\"robots\" content=\"index, follow, max-snippet:-1, max-image-preview:large, max-video-preview:-1\" \/>\n<link rel=\"canonical\" href=\"https:\/\/sagitta-safety.com\/sk\/produkt\/ontor-welding\/\" \/>\n<meta property=\"og:locale\" content=\"sk_SK\" \/>\n<meta property=\"og:type\" content=\"article\" \/>\n<meta property=\"og:title\" content=\"ONTOR Welding - Sagitta, \u0161pecialista na o\u010dn\u00fa optiku\" \/>\n<meta property=\"og:description\" content=\"ochrann\u00e9 okuliare umo\u017e\u0148uj\u00fa prekrytie dioptrick\u00fdch okuliarov a t\u00fdm zabezpe\u010duj\u00fa spo\u013eahliv\u00fa ochranu v pracovnom prostred\u00ed  nov\u00e9 flexibiln\u00e9 stranice umo\u017e\u0148uj\u00fa rovnomern\u00e9 rozlo\u017eenie tlaku, prisp\u00f4sobia sa u\u017e\u00edvate\u013eovi a zabezpe\u010dia potrebn\u00fa stabilitu okuliarov na hlave  zv\u00fd\u0161en\u00e1 tesnos\u0165 v nado\u010dnicovej \u010dasti zabra\u0148uje riziku prenikania \u010dast\u00edc do priestoru o\u010d\u00ed  univerz\u00e1lna ergonomick\u00e1 adaptabilita  prisp\u00f4sobenie uhla stran\u00edc pre dosiahnutie ide\u00e1lneho sklonu okuliarov na tv\u00e1ri  nastavenie d\u013a\u017eky stran\u00edc pod\u013ea individu\u00e1lnych po\u017eiadaviek nosite\u013ea  ochrana pred \u017eiaren\u00edm vznikaj\u00facim pri zv\u00e1ran\u00ed, tvrdom sp\u00e1jkovan\u00ed, bodovan\u00ed  \u00farove\u0148 ochrany: 2, 3, 5 (STN EN 169)\" \/>\n<meta property=\"og:url\" content=\"https:\/\/sagitta-safety.com\/sk\/produkt\/ontor-welding\/\" \/>\n<meta property=\"og:site_name\" content=\"Sagitta, \u0161pecialista na o\u010dn\u00fa optiku\" \/>\n<meta property=\"article:modified_time\" content=\"2021-04-09T16:15:28+00:00\" \/>\n<meta property=\"og:image\" content=\"https:\/\/sagitta-safety.com\/wp-content\/uploads\/2017\/06\/ONTOR-welding-9090-133_1.jpg\" \/>\n\t<meta property=\"og:image:width\" content=\"1772\" \/>\n\t<meta property=\"og:image:height\" content=\"1772\" \/>\n\t<meta property=\"og:image:type\" content=\"image\/jpeg\" \/>\n<meta name=\"twitter:card\" content=\"summary_large_image\" \/>\n<script type=\"application\/ld+json\" class=\"yoast-schema-graph\">{\"@context\":\"https:\/\/schema.org\",\"@graph\":[{\"@type\":\"WebPage\",\"@id\":\"https:\/\/sagitta-safety.com\/cz\/produkt\/ontor-welding\/\",\"url\":\"https:\/\/sagitta-safety.com\/cz\/produkt\/ontor-welding\/\",\"name\":\"ONTOR Welding - Sagitta, \u0161pecialista na o\u010dn\u00fa optiku\",\"isPartOf\":{\"@id\":\"https:\/\/sagitta-safety.com\/en\/#website\"},\"primaryImageOfPage\":{\"@id\":\"https:\/\/sagitta-safety.com\/cz\/produkt\/ontor-welding\/#primaryimage\"},\"image\":{\"@id\":\"https:\/\/sagitta-safety.com\/cz\/produkt\/ontor-welding\/#primaryimage\"},\"thumbnailUrl\":\"https:\/\/sagitta-safety.com\/wp-content\/uploads\/2017\/06\/ONTOR-welding-9090-133_1.jpg\",\"datePublished\":\"2017-06-30T11:05:38+00:00\",\"dateModified\":\"2021-04-09T16:15:28+00:00\",\"breadcrumb\":{\"@id\":\"https:\/\/sagitta-safety.com\/cz\/produkt\/ontor-welding\/#breadcrumb\"},\"inLanguage\":\"sk-SK\",\"potentialAction\":[{\"@type\":\"ReadAction\",\"target\":[\"https:\/\/sagitta-safety.com\/cz\/produkt\/ontor-welding\/\"]}]},{\"@type\":\"ImageObject\",\"inLanguage\":\"sk-SK\",\"@id\":\"https:\/\/sagitta-safety.com\/cz\/produkt\/ontor-welding\/#primaryimage\",\"url\":\"https:\/\/sagitta-safety.com\/wp-content\/uploads\/2017\/06\/ONTOR-welding-9090-133_1.jpg\",\"contentUrl\":\"https:\/\/sagitta-safety.com\/wp-content\/uploads\/2017\/06\/ONTOR-welding-9090-133_1.jpg\",\"width\":1772,\"height\":1772},{\"@type\":\"BreadcrumbList\",\"@id\":\"https:\/\/sagitta-safety.com\/cz\/produkt\/ontor-welding\/#breadcrumb\",\"itemListElement\":[{\"@type\":\"ListItem\",\"position\":1,\"name\":\"Home\",\"item\":\"https:\/\/sagitta-safety.com\/cz\/\"},{\"@type\":\"ListItem\",\"position\":2,\"name\":\"Ochrana zraku\",\"item\":\"https:\/\/sagitta-safety.com\/en\/eye-protection\/\"},{\"@type\":\"ListItem\",\"position\":3,\"name\":\"ONTOR Welding\"}]},{\"@type\":\"WebSite\",\"@id\":\"https:\/\/sagitta-safety.com\/en\/#website\",\"url\":\"https:\/\/sagitta-safety.com\/en\/\",\"name\":\"Sagitta, \u0161pecialista na o\u010dn\u00fa optiku\",\"description\":\"Profesion\u00e1lna ochrana zraku pre priemysel | SAGITTA\",\"potentialAction\":[{\"@type\":\"SearchAction\",\"target\":{\"@type\":\"EntryPoint\",\"urlTemplate\":\"https:\/\/sagitta-safety.com\/en\/?s={search_term_string}\"},\"query-input\":{\"@type\":\"PropertyValueSpecification\",\"valueRequired\":true,\"valueName\":\"search_term_string\"}}],\"inLanguage\":\"sk-SK\"}]}<\/script>\n<!-- \/ Yoast SEO plugin. -->","yoast_head_json":{"title":"ONTOR Welding - Sagitta, \u0161pecialista na o\u010dn\u00fa optiku","robots":{"index":"index","follow":"follow","max-snippet":"max-snippet:-1","max-image-preview":"max-image-preview:large","max-video-preview":"max-video-preview:-1"},"canonical":"https:\/\/sagitta-safety.com\/sk\/produkt\/ontor-welding\/","og_locale":"sk_SK","og_type":"article","og_title":"ONTOR Welding - Sagitta, \u0161pecialista na o\u010dn\u00fa optiku","og_description":"ochrann\u00e9 okuliare umo\u017e\u0148uj\u00fa prekrytie dioptrick\u00fdch okuliarov a t\u00fdm zabezpe\u010duj\u00fa spo\u013eahliv\u00fa ochranu v pracovnom prostred\u00ed  nov\u00e9 flexibiln\u00e9 stranice umo\u017e\u0148uj\u00fa rovnomern\u00e9 rozlo\u017eenie tlaku, prisp\u00f4sobia sa u\u017e\u00edvate\u013eovi a zabezpe\u010dia potrebn\u00fa stabilitu okuliarov na hlave  zv\u00fd\u0161en\u00e1 tesnos\u0165 v nado\u010dnicovej \u010dasti zabra\u0148uje riziku prenikania \u010dast\u00edc do priestoru o\u010d\u00ed  univerz\u00e1lna ergonomick\u00e1 adaptabilita  prisp\u00f4sobenie uhla stran\u00edc pre dosiahnutie ide\u00e1lneho sklonu okuliarov na tv\u00e1ri  nastavenie d\u013a\u017eky stran\u00edc pod\u013ea individu\u00e1lnych po\u017eiadaviek nosite\u013ea  ochrana pred \u017eiaren\u00edm vznikaj\u00facim pri zv\u00e1ran\u00ed, tvrdom sp\u00e1jkovan\u00ed, bodovan\u00ed  \u00farove\u0148 ochrany: 2, 3, 5 (STN EN 169)","og_url":"https:\/\/sagitta-safety.com\/sk\/produkt\/ontor-welding\/","og_site_name":"Sagitta, \u0161pecialista na o\u010dn\u00fa optiku","article_modified_time":"2021-04-09T16:15:28+00:00","og_image":[{"width":1772,"height":1772,"url":"https:\/\/sagitta-safety.com\/wp-content\/uploads\/2017\/06\/ONTOR-welding-9090-133_1.jpg","type":"image\/jpeg"}],"twitter_card":"summary_large_image","schema":{"@context":"https:\/\/schema.org","@graph":[{"@type":"WebPage","@id":"https:\/\/sagitta-safety.com\/cz\/produkt\/ontor-welding\/","url":"https:\/\/sagitta-safety.com\/cz\/produkt\/ontor-welding\/","name":"ONTOR Welding - Sagitta, \u0161pecialista na o\u010dn\u00fa optiku","isPartOf":{"@id":"https:\/\/sagitta-safety.com\/en\/#website"},"primaryImageOfPage":{"@id":"https:\/\/sagitta-safety.com\/cz\/produkt\/ontor-welding\/#primaryimage"},"image":{"@id":"https:\/\/sagitta-safety.com\/cz\/produkt\/ontor-welding\/#primaryimage"},"thumbnailUrl":"https:\/\/sagitta-safety.com\/wp-content\/uploads\/2017\/06\/ONTOR-welding-9090-133_1.jpg","datePublished":"2017-06-30T11:05:38+00:00","dateModified":"2021-04-09T16:15:28+00:00","breadcrumb":{"@id":"https:\/\/sagitta-safety.com\/cz\/produkt\/ontor-welding\/#breadcrumb"},"inLanguage":"sk-SK","potentialAction":[{"@type":"ReadAction","target":["https:\/\/sagitta-safety.com\/cz\/produkt\/ontor-welding\/"]}]},{"@type":"ImageObject","inLanguage":"sk-SK","@id":"https:\/\/sagitta-safety.com\/cz\/produkt\/ontor-welding\/#primaryimage","url":"https:\/\/sagitta-safety.com\/wp-content\/uploads\/2017\/06\/ONTOR-welding-9090-133_1.jpg","contentUrl":"https:\/\/sagitta-safety.com\/wp-content\/uploads\/2017\/06\/ONTOR-welding-9090-133_1.jpg","width":1772,"height":1772},{"@type":"BreadcrumbList","@id":"https:\/\/sagitta-safety.com\/cz\/produkt\/ontor-welding\/#breadcrumb","itemListElement":[{"@type":"ListItem","position":1,"name":"Home","item":"https:\/\/sagitta-safety.com\/cz\/"},{"@type":"ListItem","position":2,"name":"Ochrana zraku","item":"https:\/\/sagitta-safety.com\/en\/eye-protection\/"},{"@type":"ListItem","position":3,"name":"ONTOR Welding"}]},{"@type":"WebSite","@id":"https:\/\/sagitta-safety.com\/en\/#website","url":"https:\/\/sagitta-safety.com\/en\/","name":"Sagitta, \u0161pecialista na o\u010dn\u00fa optiku","description":"Profesion\u00e1lna ochrana zraku pre priemysel | SAGITTA","potentialAction":[{"@type":"SearchAction","target":{"@type":"EntryPoint","urlTemplate":"https:\/\/sagitta-safety.com\/en\/?s={search_term_string}"},"query-input":{"@type":"PropertyValueSpecification","valueRequired":true,"valueName":"search_term_string"}}],"inLanguage":"sk-SK"}]}},"_links":{"self":[{"href":"https:\/\/sagitta-safety.com\/sk\/wp-json\/wp\/v2\/product\/1381","targetHints":{"allow":["GET"]}}],"collection":[{"href":"https:\/\/sagitta-safety.com\/sk\/wp-json\/wp\/v2\/product"}],"about":[{"href":"https:\/\/sagitta-safety.com\/sk\/wp-json\/wp\/v2\/types\/product"}],"wp:featuredmedia":[{"embeddable":true,"href":"https:\/\/sagitta-safety.com\/sk\/wp-json\/wp\/v2\/media\/7849"}],"wp:attachment":[{"href":"https:\/\/sagitta-safety.com\/sk\/wp-json\/wp\/v2\/media?parent=1381"}],"wp:term":[{"taxonomy":"product_brand","embeddable":true,"href":"https:\/\/sagitta-safety.com\/sk\/wp-json\/wp\/v2\/product_brand?post=1381"},{"taxonomy":"product_cat","embeddable":true,"href":"https:\/\/sagitta-safety.com\/sk\/wp-json\/wp\/v2\/product_cat?post=1381"},{"taxonomy":"product_tag","embeddable":true,"href":"https:\/\/sagitta-safety.com\/sk\/wp-json\/wp\/v2\/product_tag?post=1381"}],"curies":[{"name":"wp","href":"https:\/\/api.w.org\/{rel}","templated":true}]}}