{"id":1352,"date":"2017-06-30T12:38:40","date_gmt":"2017-06-30T10:38:40","guid":{"rendered":"http:\/\/sagitta-safety.com\/produkt\/gondor\/"},"modified":"2021-04-09T18:16:04","modified_gmt":"2021-04-09T16:16:04","slug":"gondor","status":"publish","type":"product","link":"https:\/\/sagitta-safety.com\/sk\/produkt\/gondor\/","title":{"rendered":"GONDOR"},"content":{"rendered":"","protected":false},"excerpt":{"rendered":"<ul>\n<li>tesn\u00e9 ochrann\u00e9 okuliare, uzavret\u00e9 po celom obvode<\/li>\n<li>neobmedzen\u00e9 perif\u00e9rne videnie<\/li>\n<li>odpor\u00fa\u010dan\u00e9 aj pre nosite\u013eov dioptrick\u00fdch okuliarov<\/li>\n<li>komfortn\u00fd a&nbsp;\u0161irok\u00fd pru\u017en\u00fd textiln\u00fd upev\u0148ovac\u00ed p\u00e1s<\/li>\n<li>vhodn\u00e9 do pra\u0161n\u00e9ho prostredia, proti n\u00e1razu letiacich \u010dast\u00edc aj proti rozstreku tekut\u00edn<\/li>\n<\/ul>\n\n<table id=\"tablepress-26\" class=\"tablepress tablepress-id-26 tabulka\">\n<thead>\n<tr class=\"row-1\">\n\t<th class=\"column-1\">Materi\u00e1l zorn\u00edka<br \/>\n<\/th><th class=\"column-2\">Zna\u010denie na r\u00e1me<br \/>\n<\/th><th class=\"column-3\">Farba r\u00e1mu<br \/>\n<\/th><th class=\"column-4\">K\u00f3d tovaru<\/th>\n<\/tr>\n<\/thead>\n<tbody class=\"row-striping\">\n<tr class=\"row-2\">\n\t<td class=\"column-1\">Polykarbon\u00e1t<br \/>\n<\/td><td class=\"column-2\">GA 166 BT 3&nbsp;4&nbsp;9 CE<br \/>\n<\/td><td class=\"column-3\">smoke<\/td><td class=\"column-4\">9550&nbsp;165<br \/>\n<\/td>\n<\/tr>\n<tr class=\"row-3\">\n\t<td class=\"column-1\">Acet\u00e1t<br \/>\n<\/td><td class=\"column-2\">GA 166 BT 3&nbsp;4 CE<br \/>\n<\/td><td class=\"column-3\">smoke<\/td><td class=\"column-4\">9250&nbsp;255<br \/>\n<\/td>\n<\/tr>\n<tr class=\"row-4\">\n\t<td class=\"column-1\">Polykarbon\u00e1t<br \/>\n<\/td><td class=\"column-2\">GA 166 BT 3&nbsp;4&nbsp;5&nbsp;9 CE<br \/>\n<\/td><td class=\"column-3\">\u010derven\u00e1<\/td><td class=\"column-4\">9551&nbsp;165 NV<br \/>\n<\/td>\n<\/tr>\n<tr class=\"row-5\">\n\t<td class=\"column-1\">Acet\u00e1t<br \/>\n<\/td><td class=\"column-2\">GA 166 FT 3&nbsp;4 CE<br \/>\n<\/td><td class=\"column-3\">smoke<\/td><td class=\"column-4\">9552&nbsp;255 CHEM<br \/>\n<\/td>\n<\/tr>\n<\/tbody>\n<\/table>\n\n","protected":false},"featured_media":2916,"template":"","meta":{"_et_pb_use_builder":"","_et_pb_old_content":"","_et_gb_content_width":""},"product_brand":[],"product_cat":[200],"product_tag":[],"class_list":{"0":"post-1352","1":"product","2":"type-product","3":"status-publish","4":"has-post-thumbnail","6":"product_cat-ochranne-okuliare-tesne","8":"first","9":"instock","10":"shipping-taxable","11":"product-type-simple"},"yoast_head":"<!-- This site is optimized with the Yoast SEO plugin v26.1.1 - https:\/\/yoast.com\/wordpress\/plugins\/seo\/ -->\n<title>GONDOR - Sagitta, \u0161pecialista na o\u010dn\u00fa optiku<\/title>\n<meta name=\"robots\" content=\"index, follow, max-snippet:-1, max-image-preview:large, max-video-preview:-1\" \/>\n<link rel=\"canonical\" href=\"https:\/\/sagitta-safety.com\/sk\/produkt\/gondor\/\" \/>\n<meta property=\"og:locale\" content=\"sk_SK\" \/>\n<meta property=\"og:type\" content=\"article\" \/>\n<meta property=\"og:title\" content=\"GONDOR - Sagitta, \u0161pecialista na o\u010dn\u00fa optiku\" \/>\n<meta property=\"og:description\" content=\"tesn\u00e9 ochrann\u00e9 okuliare, uzavret\u00e9 po celom obvode  neobmedzen\u00e9 perif\u00e9rne videnie  odpor\u00fa\u010dan\u00e9 aj pre nosite\u013eov dioptrick\u00fdch okuliarov  komfortn\u00fd a \u0161irok\u00fd pru\u017en\u00fd textiln\u00fd upev\u0148ovac\u00ed p\u00e1s  vhodn\u00e9 do pra\u0161n\u00e9ho prostredia, proti n\u00e1razu letiacich \u010dast\u00edc aj proti rozstreku tekut\u00edn\" \/>\n<meta property=\"og:url\" content=\"https:\/\/sagitta-safety.com\/sk\/produkt\/gondor\/\" \/>\n<meta property=\"og:site_name\" content=\"Sagitta, \u0161pecialista na o\u010dn\u00fa optiku\" \/>\n<meta property=\"article:modified_time\" content=\"2021-04-09T16:16:04+00:00\" \/>\n<meta property=\"og:image\" content=\"https:\/\/sagitta-safety.com\/wp-content\/uploads\/2020\/12\/GONDOR-9552-255-2.jpg\" \/>\n\t<meta property=\"og:image:width\" content=\"1772\" \/>\n\t<meta property=\"og:image:height\" content=\"709\" \/>\n\t<meta property=\"og:image:type\" content=\"image\/jpeg\" \/>\n<meta name=\"twitter:card\" content=\"summary_large_image\" \/>\n<script type=\"application\/ld+json\" class=\"yoast-schema-graph\">{\"@context\":\"https:\/\/schema.org\",\"@graph\":[{\"@type\":\"WebPage\",\"@id\":\"https:\/\/sagitta-safety.com\/cz\/produkt\/gondor\/\",\"url\":\"https:\/\/sagitta-safety.com\/cz\/produkt\/gondor\/\",\"name\":\"GONDOR - Sagitta, \u0161pecialista na o\u010dn\u00fa optiku\",\"isPartOf\":{\"@id\":\"https:\/\/sagitta-safety.com\/en\/#website\"},\"primaryImageOfPage\":{\"@id\":\"https:\/\/sagitta-safety.com\/cz\/produkt\/gondor\/#primaryimage\"},\"image\":{\"@id\":\"https:\/\/sagitta-safety.com\/cz\/produkt\/gondor\/#primaryimage\"},\"thumbnailUrl\":\"https:\/\/sagitta-safety.com\/wp-content\/uploads\/2020\/12\/GONDOR-9552-255-2.jpg\",\"datePublished\":\"2017-06-30T10:38:40+00:00\",\"dateModified\":\"2021-04-09T16:16:04+00:00\",\"breadcrumb\":{\"@id\":\"https:\/\/sagitta-safety.com\/cz\/produkt\/gondor\/#breadcrumb\"},\"inLanguage\":\"sk-SK\",\"potentialAction\":[{\"@type\":\"ReadAction\",\"target\":[\"https:\/\/sagitta-safety.com\/cz\/produkt\/gondor\/\"]}]},{\"@type\":\"ImageObject\",\"inLanguage\":\"sk-SK\",\"@id\":\"https:\/\/sagitta-safety.com\/cz\/produkt\/gondor\/#primaryimage\",\"url\":\"https:\/\/sagitta-safety.com\/wp-content\/uploads\/2020\/12\/GONDOR-9552-255-2.jpg\",\"contentUrl\":\"https:\/\/sagitta-safety.com\/wp-content\/uploads\/2020\/12\/GONDOR-9552-255-2.jpg\",\"width\":1772,\"height\":709,\"caption\":\"GONDOR\"},{\"@type\":\"BreadcrumbList\",\"@id\":\"https:\/\/sagitta-safety.com\/cz\/produkt\/gondor\/#breadcrumb\",\"itemListElement\":[{\"@type\":\"ListItem\",\"position\":1,\"name\":\"Home\",\"item\":\"https:\/\/sagitta-safety.com\/cz\/\"},{\"@type\":\"ListItem\",\"position\":2,\"name\":\"Ochrana zraku\",\"item\":\"https:\/\/sagitta-safety.com\/en\/eye-protection\/\"},{\"@type\":\"ListItem\",\"position\":3,\"name\":\"GONDOR\"}]},{\"@type\":\"WebSite\",\"@id\":\"https:\/\/sagitta-safety.com\/en\/#website\",\"url\":\"https:\/\/sagitta-safety.com\/en\/\",\"name\":\"Sagitta, \u0161pecialista na o\u010dn\u00fa optiku\",\"description\":\"Profesion\u00e1lna ochrana zraku pre priemysel | SAGITTA\",\"potentialAction\":[{\"@type\":\"SearchAction\",\"target\":{\"@type\":\"EntryPoint\",\"urlTemplate\":\"https:\/\/sagitta-safety.com\/en\/?s={search_term_string}\"},\"query-input\":{\"@type\":\"PropertyValueSpecification\",\"valueRequired\":true,\"valueName\":\"search_term_string\"}}],\"inLanguage\":\"sk-SK\"}]}<\/script>\n<!-- \/ Yoast SEO plugin. -->","yoast_head_json":{"title":"GONDOR - Sagitta, \u0161pecialista na o\u010dn\u00fa optiku","robots":{"index":"index","follow":"follow","max-snippet":"max-snippet:-1","max-image-preview":"max-image-preview:large","max-video-preview":"max-video-preview:-1"},"canonical":"https:\/\/sagitta-safety.com\/sk\/produkt\/gondor\/","og_locale":"sk_SK","og_type":"article","og_title":"GONDOR - Sagitta, \u0161pecialista na o\u010dn\u00fa optiku","og_description":"tesn\u00e9 ochrann\u00e9 okuliare, uzavret\u00e9 po celom obvode  neobmedzen\u00e9 perif\u00e9rne videnie  odpor\u00fa\u010dan\u00e9 aj pre nosite\u013eov dioptrick\u00fdch okuliarov  komfortn\u00fd a \u0161irok\u00fd pru\u017en\u00fd textiln\u00fd upev\u0148ovac\u00ed p\u00e1s  vhodn\u00e9 do pra\u0161n\u00e9ho prostredia, proti n\u00e1razu letiacich \u010dast\u00edc aj proti rozstreku tekut\u00edn","og_url":"https:\/\/sagitta-safety.com\/sk\/produkt\/gondor\/","og_site_name":"Sagitta, \u0161pecialista na o\u010dn\u00fa optiku","article_modified_time":"2021-04-09T16:16:04+00:00","og_image":[{"width":1772,"height":709,"url":"https:\/\/sagitta-safety.com\/wp-content\/uploads\/2020\/12\/GONDOR-9552-255-2.jpg","type":"image\/jpeg"}],"twitter_card":"summary_large_image","schema":{"@context":"https:\/\/schema.org","@graph":[{"@type":"WebPage","@id":"https:\/\/sagitta-safety.com\/cz\/produkt\/gondor\/","url":"https:\/\/sagitta-safety.com\/cz\/produkt\/gondor\/","name":"GONDOR - Sagitta, \u0161pecialista na o\u010dn\u00fa optiku","isPartOf":{"@id":"https:\/\/sagitta-safety.com\/en\/#website"},"primaryImageOfPage":{"@id":"https:\/\/sagitta-safety.com\/cz\/produkt\/gondor\/#primaryimage"},"image":{"@id":"https:\/\/sagitta-safety.com\/cz\/produkt\/gondor\/#primaryimage"},"thumbnailUrl":"https:\/\/sagitta-safety.com\/wp-content\/uploads\/2020\/12\/GONDOR-9552-255-2.jpg","datePublished":"2017-06-30T10:38:40+00:00","dateModified":"2021-04-09T16:16:04+00:00","breadcrumb":{"@id":"https:\/\/sagitta-safety.com\/cz\/produkt\/gondor\/#breadcrumb"},"inLanguage":"sk-SK","potentialAction":[{"@type":"ReadAction","target":["https:\/\/sagitta-safety.com\/cz\/produkt\/gondor\/"]}]},{"@type":"ImageObject","inLanguage":"sk-SK","@id":"https:\/\/sagitta-safety.com\/cz\/produkt\/gondor\/#primaryimage","url":"https:\/\/sagitta-safety.com\/wp-content\/uploads\/2020\/12\/GONDOR-9552-255-2.jpg","contentUrl":"https:\/\/sagitta-safety.com\/wp-content\/uploads\/2020\/12\/GONDOR-9552-255-2.jpg","width":1772,"height":709,"caption":"GONDOR"},{"@type":"BreadcrumbList","@id":"https:\/\/sagitta-safety.com\/cz\/produkt\/gondor\/#breadcrumb","itemListElement":[{"@type":"ListItem","position":1,"name":"Home","item":"https:\/\/sagitta-safety.com\/cz\/"},{"@type":"ListItem","position":2,"name":"Ochrana zraku","item":"https:\/\/sagitta-safety.com\/en\/eye-protection\/"},{"@type":"ListItem","position":3,"name":"GONDOR"}]},{"@type":"WebSite","@id":"https:\/\/sagitta-safety.com\/en\/#website","url":"https:\/\/sagitta-safety.com\/en\/","name":"Sagitta, \u0161pecialista na o\u010dn\u00fa optiku","description":"Profesion\u00e1lna ochrana zraku pre priemysel | SAGITTA","potentialAction":[{"@type":"SearchAction","target":{"@type":"EntryPoint","urlTemplate":"https:\/\/sagitta-safety.com\/en\/?s={search_term_string}"},"query-input":{"@type":"PropertyValueSpecification","valueRequired":true,"valueName":"search_term_string"}}],"inLanguage":"sk-SK"}]}},"_links":{"self":[{"href":"https:\/\/sagitta-safety.com\/sk\/wp-json\/wp\/v2\/product\/1352","targetHints":{"allow":["GET"]}}],"collection":[{"href":"https:\/\/sagitta-safety.com\/sk\/wp-json\/wp\/v2\/product"}],"about":[{"href":"https:\/\/sagitta-safety.com\/sk\/wp-json\/wp\/v2\/types\/product"}],"wp:featuredmedia":[{"embeddable":true,"href":"https:\/\/sagitta-safety.com\/sk\/wp-json\/wp\/v2\/media\/2916"}],"wp:attachment":[{"href":"https:\/\/sagitta-safety.com\/sk\/wp-json\/wp\/v2\/media?parent=1352"}],"wp:term":[{"taxonomy":"product_brand","embeddable":true,"href":"https:\/\/sagitta-safety.com\/sk\/wp-json\/wp\/v2\/product_brand?post=1352"},{"taxonomy":"product_cat","embeddable":true,"href":"https:\/\/sagitta-safety.com\/sk\/wp-json\/wp\/v2\/product_cat?post=1352"},{"taxonomy":"product_tag","embeddable":true,"href":"https:\/\/sagitta-safety.com\/sk\/wp-json\/wp\/v2\/product_tag?post=1352"}],"curies":[{"name":"wp","href":"https:\/\/api.w.org\/{rel}","templated":true}]}}