{"id":1138,"date":"2017-06-29T15:14:32","date_gmt":"2017-06-29T13:14:32","guid":{"rendered":"http:\/\/sagitta-safety.com\/produkt\/exor\/"},"modified":"2021-04-09T18:19:51","modified_gmt":"2021-04-09T16:19:51","slug":"exor","status":"publish","type":"product","link":"https:\/\/sagitta-safety.com\/sk\/produkt\/exor\/","title":{"rendered":"EXOR"},"content":{"rendered":"","protected":false},"excerpt":{"rendered":"<ul>\n<li>BI\u2013Asf\u00e9rick\u00fd dizajn zorn\u00edka prin\u00e1\u0161a vysok\u00fd komfort pri pr\u00e1ci, r\u00fdchlu a&nbsp;bezprobl\u00e9mov\u00fa adapt\u00e1ciu na okuliare<\/li>\n<li>kon\u0161trukcia zorn\u00edka eliminuje deform\u00e1ciu obrazu takmer v&nbsp;celej ploche zorn\u00e9ho po\u013ea<\/li>\n<li>ve\u013ekoryso otvoren\u00e9 perif\u00e9rne videnie<\/li>\n<li>prisp\u00f4sobenie uhla stran\u00edc pre dosiahnutie ide\u00e1lneho sklonu okuliarov na tv\u00e1ri<\/li>\n<li>nastavenie d\u013a\u017eky stran\u00edc pod\u013ea individu\u00e1lnych po\u017eiadaviek nosite\u013ea<\/li>\n<li>pou\u017eit\u00e1 kombin\u00e1cia dvoch druhov materi\u00e1lov redukuje tlak stran\u00edc v&nbsp;oblasti ucha<\/li>\n<\/ul>\n\n<table id=\"tablepress-14\" class=\"tablepress tablepress-id-14 tabulka\">\n<thead>\n<tr class=\"row-1\">\n\t<th class=\"column-1\">Farba r\u00e1mu<\/th><th class=\"column-2\">Zu\u0161\u013eachtenie<\/th><th class=\"column-3\">K\u00f3d tovaru<\/th>\n<\/tr>\n<\/thead>\n<tbody class=\"row-striping\">\n<tr class=\"row-2\">\n\t<td class=\"column-1\">\u010dierna<\/td><td class=\"column-2\">Anti scratch<\/td><td class=\"column-3\">9390&nbsp;105<\/td>\n<\/tr>\n<tr class=\"row-3\">\n\t<td class=\"column-1\">\u010dierna<\/td><td class=\"column-2\">Anti scratch, Anti static, Anti fog<\/td><td class=\"column-3\">9390&nbsp;155<\/td>\n<\/tr>\n<tr class=\"row-4\">\n\t<td class=\"column-1\">\u010dierna<\/td><td class=\"column-2\">Anti scratch, Anti fog Plus, Anti static<\/td><td class=\"column-3\">9390&nbsp;006<\/td>\n<\/tr>\n<\/tbody>\n<\/table>\n\n","protected":false},"featured_media":2847,"template":"","meta":{"_et_pb_use_builder":"","_et_pb_old_content":"","_et_gb_content_width":""},"product_brand":[],"product_cat":[199],"product_tag":[],"class_list":{"0":"post-1138","1":"product","2":"type-product","3":"status-publish","4":"has-post-thumbnail","6":"product_cat-ochranne-okuliare-clear","8":"first","9":"instock","10":"shipping-taxable","11":"product-type-simple"},"yoast_head":"<!-- This site is optimized with the Yoast SEO plugin v26.1.1 - https:\/\/yoast.com\/wordpress\/plugins\/seo\/ -->\n<title>EXOR - Sagitta, \u0161pecialista na o\u010dn\u00fa optiku<\/title>\n<meta name=\"robots\" content=\"index, follow, max-snippet:-1, max-image-preview:large, max-video-preview:-1\" \/>\n<link rel=\"canonical\" href=\"https:\/\/sagitta-safety.com\/sk\/produkt\/exor\/\" \/>\n<meta property=\"og:locale\" content=\"sk_SK\" \/>\n<meta property=\"og:type\" content=\"article\" \/>\n<meta property=\"og:title\" content=\"EXOR - Sagitta, \u0161pecialista na o\u010dn\u00fa optiku\" \/>\n<meta property=\"og:description\" content=\"BI\u2013Asf\u00e9rick\u00fd dizajn zorn\u00edka prin\u00e1\u0161a vysok\u00fd komfort pri pr\u00e1ci, r\u00fdchlu a bezprobl\u00e9mov\u00fa adapt\u00e1ciu na okuliare  kon\u0161trukcia zorn\u00edka eliminuje deform\u00e1ciu obrazu takmer v celej ploche zorn\u00e9ho po\u013ea  ve\u013ekoryso otvoren\u00e9 perif\u00e9rne videnie  prisp\u00f4sobenie uhla stran\u00edc pre dosiahnutie ide\u00e1lneho sklonu okuliarov na tv\u00e1ri  nastavenie d\u013a\u017eky stran\u00edc pod\u013ea individu\u00e1lnych po\u017eiadaviek nosite\u013ea  pou\u017eit\u00e1 kombin\u00e1cia dvoch druhov materi\u00e1lov redukuje tlak stran\u00edc v oblasti ucha\" \/>\n<meta property=\"og:url\" content=\"https:\/\/sagitta-safety.com\/sk\/produkt\/exor\/\" \/>\n<meta property=\"og:site_name\" content=\"Sagitta, \u0161pecialista na o\u010dn\u00fa optiku\" \/>\n<meta property=\"article:modified_time\" content=\"2021-04-09T16:19:51+00:00\" \/>\n<meta property=\"og:image\" content=\"https:\/\/sagitta-safety.com\/wp-content\/uploads\/2020\/12\/EXOR-9390-105-1.jpg\" \/>\n\t<meta property=\"og:image:width\" content=\"1772\" \/>\n\t<meta property=\"og:image:height\" content=\"709\" \/>\n\t<meta property=\"og:image:type\" content=\"image\/jpeg\" \/>\n<meta name=\"twitter:card\" content=\"summary_large_image\" \/>\n<script type=\"application\/ld+json\" class=\"yoast-schema-graph\">{\"@context\":\"https:\/\/schema.org\",\"@graph\":[{\"@type\":\"WebPage\",\"@id\":\"https:\/\/sagitta-safety.com\/cz\/produkt\/exor\/\",\"url\":\"https:\/\/sagitta-safety.com\/cz\/produkt\/exor\/\",\"name\":\"EXOR - Sagitta, \u0161pecialista na o\u010dn\u00fa optiku\",\"isPartOf\":{\"@id\":\"https:\/\/sagitta-safety.com\/en\/#website\"},\"primaryImageOfPage\":{\"@id\":\"https:\/\/sagitta-safety.com\/cz\/produkt\/exor\/#primaryimage\"},\"image\":{\"@id\":\"https:\/\/sagitta-safety.com\/cz\/produkt\/exor\/#primaryimage\"},\"thumbnailUrl\":\"https:\/\/sagitta-safety.com\/wp-content\/uploads\/2020\/12\/EXOR-9390-105-1.jpg\",\"datePublished\":\"2017-06-29T13:14:32+00:00\",\"dateModified\":\"2021-04-09T16:19:51+00:00\",\"breadcrumb\":{\"@id\":\"https:\/\/sagitta-safety.com\/cz\/produkt\/exor\/#breadcrumb\"},\"inLanguage\":\"sk-SK\",\"potentialAction\":[{\"@type\":\"ReadAction\",\"target\":[\"https:\/\/sagitta-safety.com\/cz\/produkt\/exor\/\"]}]},{\"@type\":\"ImageObject\",\"inLanguage\":\"sk-SK\",\"@id\":\"https:\/\/sagitta-safety.com\/cz\/produkt\/exor\/#primaryimage\",\"url\":\"https:\/\/sagitta-safety.com\/wp-content\/uploads\/2020\/12\/EXOR-9390-105-1.jpg\",\"contentUrl\":\"https:\/\/sagitta-safety.com\/wp-content\/uploads\/2020\/12\/EXOR-9390-105-1.jpg\",\"width\":1772,\"height\":709,\"caption\":\"EXOR\"},{\"@type\":\"BreadcrumbList\",\"@id\":\"https:\/\/sagitta-safety.com\/cz\/produkt\/exor\/#breadcrumb\",\"itemListElement\":[{\"@type\":\"ListItem\",\"position\":1,\"name\":\"Home\",\"item\":\"https:\/\/sagitta-safety.com\/cz\/\"},{\"@type\":\"ListItem\",\"position\":2,\"name\":\"Ochrana zraku\",\"item\":\"https:\/\/sagitta-safety.com\/en\/eye-protection\/\"},{\"@type\":\"ListItem\",\"position\":3,\"name\":\"EXOR\"}]},{\"@type\":\"WebSite\",\"@id\":\"https:\/\/sagitta-safety.com\/en\/#website\",\"url\":\"https:\/\/sagitta-safety.com\/en\/\",\"name\":\"Sagitta, \u0161pecialista na o\u010dn\u00fa optiku\",\"description\":\"Profesion\u00e1lna ochrana zraku pre priemysel | SAGITTA\",\"potentialAction\":[{\"@type\":\"SearchAction\",\"target\":{\"@type\":\"EntryPoint\",\"urlTemplate\":\"https:\/\/sagitta-safety.com\/en\/?s={search_term_string}\"},\"query-input\":{\"@type\":\"PropertyValueSpecification\",\"valueRequired\":true,\"valueName\":\"search_term_string\"}}],\"inLanguage\":\"sk-SK\"}]}<\/script>\n<!-- \/ Yoast SEO plugin. -->","yoast_head_json":{"title":"EXOR - Sagitta, \u0161pecialista na o\u010dn\u00fa optiku","robots":{"index":"index","follow":"follow","max-snippet":"max-snippet:-1","max-image-preview":"max-image-preview:large","max-video-preview":"max-video-preview:-1"},"canonical":"https:\/\/sagitta-safety.com\/sk\/produkt\/exor\/","og_locale":"sk_SK","og_type":"article","og_title":"EXOR - Sagitta, \u0161pecialista na o\u010dn\u00fa optiku","og_description":"BI\u2013Asf\u00e9rick\u00fd dizajn zorn\u00edka prin\u00e1\u0161a vysok\u00fd komfort pri pr\u00e1ci, r\u00fdchlu a bezprobl\u00e9mov\u00fa adapt\u00e1ciu na okuliare  kon\u0161trukcia zorn\u00edka eliminuje deform\u00e1ciu obrazu takmer v celej ploche zorn\u00e9ho po\u013ea  ve\u013ekoryso otvoren\u00e9 perif\u00e9rne videnie  prisp\u00f4sobenie uhla stran\u00edc pre dosiahnutie ide\u00e1lneho sklonu okuliarov na tv\u00e1ri  nastavenie d\u013a\u017eky stran\u00edc pod\u013ea individu\u00e1lnych po\u017eiadaviek nosite\u013ea  pou\u017eit\u00e1 kombin\u00e1cia dvoch druhov materi\u00e1lov redukuje tlak stran\u00edc v oblasti ucha","og_url":"https:\/\/sagitta-safety.com\/sk\/produkt\/exor\/","og_site_name":"Sagitta, \u0161pecialista na o\u010dn\u00fa optiku","article_modified_time":"2021-04-09T16:19:51+00:00","og_image":[{"width":1772,"height":709,"url":"https:\/\/sagitta-safety.com\/wp-content\/uploads\/2020\/12\/EXOR-9390-105-1.jpg","type":"image\/jpeg"}],"twitter_card":"summary_large_image","schema":{"@context":"https:\/\/schema.org","@graph":[{"@type":"WebPage","@id":"https:\/\/sagitta-safety.com\/cz\/produkt\/exor\/","url":"https:\/\/sagitta-safety.com\/cz\/produkt\/exor\/","name":"EXOR - Sagitta, \u0161pecialista na o\u010dn\u00fa optiku","isPartOf":{"@id":"https:\/\/sagitta-safety.com\/en\/#website"},"primaryImageOfPage":{"@id":"https:\/\/sagitta-safety.com\/cz\/produkt\/exor\/#primaryimage"},"image":{"@id":"https:\/\/sagitta-safety.com\/cz\/produkt\/exor\/#primaryimage"},"thumbnailUrl":"https:\/\/sagitta-safety.com\/wp-content\/uploads\/2020\/12\/EXOR-9390-105-1.jpg","datePublished":"2017-06-29T13:14:32+00:00","dateModified":"2021-04-09T16:19:51+00:00","breadcrumb":{"@id":"https:\/\/sagitta-safety.com\/cz\/produkt\/exor\/#breadcrumb"},"inLanguage":"sk-SK","potentialAction":[{"@type":"ReadAction","target":["https:\/\/sagitta-safety.com\/cz\/produkt\/exor\/"]}]},{"@type":"ImageObject","inLanguage":"sk-SK","@id":"https:\/\/sagitta-safety.com\/cz\/produkt\/exor\/#primaryimage","url":"https:\/\/sagitta-safety.com\/wp-content\/uploads\/2020\/12\/EXOR-9390-105-1.jpg","contentUrl":"https:\/\/sagitta-safety.com\/wp-content\/uploads\/2020\/12\/EXOR-9390-105-1.jpg","width":1772,"height":709,"caption":"EXOR"},{"@type":"BreadcrumbList","@id":"https:\/\/sagitta-safety.com\/cz\/produkt\/exor\/#breadcrumb","itemListElement":[{"@type":"ListItem","position":1,"name":"Home","item":"https:\/\/sagitta-safety.com\/cz\/"},{"@type":"ListItem","position":2,"name":"Ochrana zraku","item":"https:\/\/sagitta-safety.com\/en\/eye-protection\/"},{"@type":"ListItem","position":3,"name":"EXOR"}]},{"@type":"WebSite","@id":"https:\/\/sagitta-safety.com\/en\/#website","url":"https:\/\/sagitta-safety.com\/en\/","name":"Sagitta, \u0161pecialista na o\u010dn\u00fa optiku","description":"Profesion\u00e1lna ochrana zraku pre priemysel | SAGITTA","potentialAction":[{"@type":"SearchAction","target":{"@type":"EntryPoint","urlTemplate":"https:\/\/sagitta-safety.com\/en\/?s={search_term_string}"},"query-input":{"@type":"PropertyValueSpecification","valueRequired":true,"valueName":"search_term_string"}}],"inLanguage":"sk-SK"}]}},"_links":{"self":[{"href":"https:\/\/sagitta-safety.com\/sk\/wp-json\/wp\/v2\/product\/1138","targetHints":{"allow":["GET"]}}],"collection":[{"href":"https:\/\/sagitta-safety.com\/sk\/wp-json\/wp\/v2\/product"}],"about":[{"href":"https:\/\/sagitta-safety.com\/sk\/wp-json\/wp\/v2\/types\/product"}],"wp:featuredmedia":[{"embeddable":true,"href":"https:\/\/sagitta-safety.com\/sk\/wp-json\/wp\/v2\/media\/2847"}],"wp:attachment":[{"href":"https:\/\/sagitta-safety.com\/sk\/wp-json\/wp\/v2\/media?parent=1138"}],"wp:term":[{"taxonomy":"product_brand","embeddable":true,"href":"https:\/\/sagitta-safety.com\/sk\/wp-json\/wp\/v2\/product_brand?post=1138"},{"taxonomy":"product_cat","embeddable":true,"href":"https:\/\/sagitta-safety.com\/sk\/wp-json\/wp\/v2\/product_cat?post=1138"},{"taxonomy":"product_tag","embeddable":true,"href":"https:\/\/sagitta-safety.com\/sk\/wp-json\/wp\/v2\/product_tag?post=1138"}],"curies":[{"name":"wp","href":"https:\/\/api.w.org\/{rel}","templated":true}]}}