{"id":1107,"date":"2017-06-29T14:59:12","date_gmt":"2017-06-29T12:59:12","guid":{"rendered":"http:\/\/sagitta-safety.com\/produkt\/senator\/"},"modified":"2021-04-09T18:21:34","modified_gmt":"2021-04-09T16:21:34","slug":"senator","status":"publish","type":"product","link":"https:\/\/sagitta-safety.com\/sk\/produkt\/senator\/","title":{"rendered":"SENATOR"},"content":{"rendered":"","protected":false},"excerpt":{"rendered":"<ul>\n<li>ochrann\u00e9 okuliare s&nbsp;atrakt\u00edvnym \u0161portov\u00fdm dizajnom do n\u00e1ro\u010dn\u00fdch pracovn\u00fdch podmienok<\/li>\n<li>ve\u013ek\u00fd panoramatick\u00fd zorn\u00edk poskytuje v\u00fdborn\u00e9 perif\u00e9rne videnie a&nbsp;dobr\u00fa bo\u010dn\u00fa ochranu<\/li>\n<li>minim\u00e1lne stranov\u00e9 skreslenie perif\u00e9rneho obrazu<\/li>\n<li>zv\u00fd\u0161en\u00e1 tesnos\u0165 v&nbsp;nado\u010dnicovej \u010dasti zabra\u0148uje riziku prenikania \u010dast\u00edc do priestoru o\u010d\u00ed<\/li>\n<li>m\u00e4kk\u00fd nosn\u00edk s&nbsp;prevetr\u00e1van\u00edm<\/li>\n<li>prisp\u00f4sobenie uhla stran\u00edc pre dosiahnutie ide\u00e1lneho sklonu okuliarov na tv\u00e1ri<\/li>\n<li>pou\u017eit\u00e1 kombin\u00e1cia dvoch druhov materi\u00e1lov redukuje tlak stranice v&nbsp;oblasti ucha<\/li>\n<\/ul>\n","protected":false},"featured_media":2833,"template":"","meta":{"_et_pb_use_builder":"","_et_pb_old_content":"","_et_gb_content_width":""},"product_brand":[],"product_cat":[199],"product_tag":[],"class_list":{"0":"post-1107","1":"product","2":"type-product","3":"status-publish","4":"has-post-thumbnail","6":"product_cat-ochranne-okuliare-clear","8":"first","9":"instock","10":"shipping-taxable","11":"product-type-simple"},"yoast_head":"<!-- This site is optimized with the Yoast SEO plugin v26.1.1 - https:\/\/yoast.com\/wordpress\/plugins\/seo\/ -->\n<title>SENATOR - Sagitta, \u0161pecialista na o\u010dn\u00fa optiku<\/title>\n<meta name=\"robots\" content=\"index, follow, max-snippet:-1, max-image-preview:large, max-video-preview:-1\" \/>\n<link rel=\"canonical\" href=\"https:\/\/sagitta-safety.com\/sk\/produkt\/senator\/\" \/>\n<meta property=\"og:locale\" content=\"sk_SK\" \/>\n<meta property=\"og:type\" content=\"article\" \/>\n<meta property=\"og:title\" content=\"SENATOR - Sagitta, \u0161pecialista na o\u010dn\u00fa optiku\" \/>\n<meta property=\"og:description\" content=\"ochrann\u00e9 okuliare s atrakt\u00edvnym \u0161portov\u00fdm dizajnom do n\u00e1ro\u010dn\u00fdch pracovn\u00fdch podmienok  ve\u013ek\u00fd panoramatick\u00fd zorn\u00edk poskytuje v\u00fdborn\u00e9 perif\u00e9rne videnie a dobr\u00fa bo\u010dn\u00fa ochranu  minim\u00e1lne stranov\u00e9 skreslenie perif\u00e9rneho obrazu  zv\u00fd\u0161en\u00e1 tesnos\u0165 v nado\u010dnicovej \u010dasti zabra\u0148uje riziku prenikania \u010dast\u00edc do priestoru o\u010d\u00ed  m\u00e4kk\u00fd nosn\u00edk s prevetr\u00e1van\u00edm  prisp\u00f4sobenie uhla stran\u00edc pre dosiahnutie ide\u00e1lneho sklonu okuliarov na tv\u00e1ri  pou\u017eit\u00e1 kombin\u00e1cia dvoch druhov materi\u00e1lov redukuje tlak stranice v oblasti ucha\" \/>\n<meta property=\"og:url\" content=\"https:\/\/sagitta-safety.com\/sk\/produkt\/senator\/\" \/>\n<meta property=\"og:site_name\" content=\"Sagitta, \u0161pecialista na o\u010dn\u00fa optiku\" \/>\n<meta property=\"article:modified_time\" content=\"2021-04-09T16:21:34+00:00\" \/>\n<meta property=\"og:image\" content=\"https:\/\/sagitta-safety.com\/wp-content\/uploads\/2020\/12\/SENATOR-9806-105-1.jpg\" \/>\n\t<meta property=\"og:image:width\" content=\"1772\" \/>\n\t<meta property=\"og:image:height\" content=\"709\" \/>\n\t<meta property=\"og:image:type\" content=\"image\/jpeg\" \/>\n<meta name=\"twitter:card\" content=\"summary_large_image\" \/>\n<script type=\"application\/ld+json\" class=\"yoast-schema-graph\">{\"@context\":\"https:\/\/schema.org\",\"@graph\":[{\"@type\":\"WebPage\",\"@id\":\"https:\/\/sagitta-safety.com\/sk\/produkt\/senator\/\",\"url\":\"https:\/\/sagitta-safety.com\/sk\/produkt\/senator\/\",\"name\":\"SENATOR - Sagitta, \u0161pecialista na o\u010dn\u00fa optiku\",\"isPartOf\":{\"@id\":\"https:\/\/sagitta-safety.com\/en\/#website\"},\"primaryImageOfPage\":{\"@id\":\"https:\/\/sagitta-safety.com\/sk\/produkt\/senator\/#primaryimage\"},\"image\":{\"@id\":\"https:\/\/sagitta-safety.com\/sk\/produkt\/senator\/#primaryimage\"},\"thumbnailUrl\":\"https:\/\/sagitta-safety.com\/wp-content\/uploads\/2020\/12\/SENATOR-9806-105-1.jpg\",\"datePublished\":\"2017-06-29T12:59:12+00:00\",\"dateModified\":\"2021-04-09T16:21:34+00:00\",\"breadcrumb\":{\"@id\":\"https:\/\/sagitta-safety.com\/sk\/produkt\/senator\/#breadcrumb\"},\"inLanguage\":\"sk-SK\",\"potentialAction\":[{\"@type\":\"ReadAction\",\"target\":[\"https:\/\/sagitta-safety.com\/sk\/produkt\/senator\/\"]}]},{\"@type\":\"ImageObject\",\"inLanguage\":\"sk-SK\",\"@id\":\"https:\/\/sagitta-safety.com\/sk\/produkt\/senator\/#primaryimage\",\"url\":\"https:\/\/sagitta-safety.com\/wp-content\/uploads\/2020\/12\/SENATOR-9806-105-1.jpg\",\"contentUrl\":\"https:\/\/sagitta-safety.com\/wp-content\/uploads\/2020\/12\/SENATOR-9806-105-1.jpg\",\"width\":1772,\"height\":709,\"caption\":\"SENATOR\"},{\"@type\":\"BreadcrumbList\",\"@id\":\"https:\/\/sagitta-safety.com\/sk\/produkt\/senator\/#breadcrumb\",\"itemListElement\":[{\"@type\":\"ListItem\",\"position\":1,\"name\":\"Home\",\"item\":\"https:\/\/sagitta-safety.com\/cz\/\"},{\"@type\":\"ListItem\",\"position\":2,\"name\":\"Ochrana zraku\",\"item\":\"https:\/\/sagitta-safety.com\/en\/eye-protection\/\"},{\"@type\":\"ListItem\",\"position\":3,\"name\":\"SENATOR\"}]},{\"@type\":\"WebSite\",\"@id\":\"https:\/\/sagitta-safety.com\/en\/#website\",\"url\":\"https:\/\/sagitta-safety.com\/en\/\",\"name\":\"Sagitta, \u0161pecialista na o\u010dn\u00fa optiku\",\"description\":\"Profesion\u00e1lna ochrana zraku pre priemysel | SAGITTA\",\"potentialAction\":[{\"@type\":\"SearchAction\",\"target\":{\"@type\":\"EntryPoint\",\"urlTemplate\":\"https:\/\/sagitta-safety.com\/en\/?s={search_term_string}\"},\"query-input\":{\"@type\":\"PropertyValueSpecification\",\"valueRequired\":true,\"valueName\":\"search_term_string\"}}],\"inLanguage\":\"sk-SK\"}]}<\/script>\n<!-- \/ Yoast SEO plugin. -->","yoast_head_json":{"title":"SENATOR - Sagitta, \u0161pecialista na o\u010dn\u00fa optiku","robots":{"index":"index","follow":"follow","max-snippet":"max-snippet:-1","max-image-preview":"max-image-preview:large","max-video-preview":"max-video-preview:-1"},"canonical":"https:\/\/sagitta-safety.com\/sk\/produkt\/senator\/","og_locale":"sk_SK","og_type":"article","og_title":"SENATOR - Sagitta, \u0161pecialista na o\u010dn\u00fa optiku","og_description":"ochrann\u00e9 okuliare s atrakt\u00edvnym \u0161portov\u00fdm dizajnom do n\u00e1ro\u010dn\u00fdch pracovn\u00fdch podmienok  ve\u013ek\u00fd panoramatick\u00fd zorn\u00edk poskytuje v\u00fdborn\u00e9 perif\u00e9rne videnie a dobr\u00fa bo\u010dn\u00fa ochranu  minim\u00e1lne stranov\u00e9 skreslenie perif\u00e9rneho obrazu  zv\u00fd\u0161en\u00e1 tesnos\u0165 v nado\u010dnicovej \u010dasti zabra\u0148uje riziku prenikania \u010dast\u00edc do priestoru o\u010d\u00ed  m\u00e4kk\u00fd nosn\u00edk s prevetr\u00e1van\u00edm  prisp\u00f4sobenie uhla stran\u00edc pre dosiahnutie ide\u00e1lneho sklonu okuliarov na tv\u00e1ri  pou\u017eit\u00e1 kombin\u00e1cia dvoch druhov materi\u00e1lov redukuje tlak stranice v oblasti ucha","og_url":"https:\/\/sagitta-safety.com\/sk\/produkt\/senator\/","og_site_name":"Sagitta, \u0161pecialista na o\u010dn\u00fa optiku","article_modified_time":"2021-04-09T16:21:34+00:00","og_image":[{"width":1772,"height":709,"url":"https:\/\/sagitta-safety.com\/wp-content\/uploads\/2020\/12\/SENATOR-9806-105-1.jpg","type":"image\/jpeg"}],"twitter_card":"summary_large_image","schema":{"@context":"https:\/\/schema.org","@graph":[{"@type":"WebPage","@id":"https:\/\/sagitta-safety.com\/sk\/produkt\/senator\/","url":"https:\/\/sagitta-safety.com\/sk\/produkt\/senator\/","name":"SENATOR - Sagitta, \u0161pecialista na o\u010dn\u00fa optiku","isPartOf":{"@id":"https:\/\/sagitta-safety.com\/en\/#website"},"primaryImageOfPage":{"@id":"https:\/\/sagitta-safety.com\/sk\/produkt\/senator\/#primaryimage"},"image":{"@id":"https:\/\/sagitta-safety.com\/sk\/produkt\/senator\/#primaryimage"},"thumbnailUrl":"https:\/\/sagitta-safety.com\/wp-content\/uploads\/2020\/12\/SENATOR-9806-105-1.jpg","datePublished":"2017-06-29T12:59:12+00:00","dateModified":"2021-04-09T16:21:34+00:00","breadcrumb":{"@id":"https:\/\/sagitta-safety.com\/sk\/produkt\/senator\/#breadcrumb"},"inLanguage":"sk-SK","potentialAction":[{"@type":"ReadAction","target":["https:\/\/sagitta-safety.com\/sk\/produkt\/senator\/"]}]},{"@type":"ImageObject","inLanguage":"sk-SK","@id":"https:\/\/sagitta-safety.com\/sk\/produkt\/senator\/#primaryimage","url":"https:\/\/sagitta-safety.com\/wp-content\/uploads\/2020\/12\/SENATOR-9806-105-1.jpg","contentUrl":"https:\/\/sagitta-safety.com\/wp-content\/uploads\/2020\/12\/SENATOR-9806-105-1.jpg","width":1772,"height":709,"caption":"SENATOR"},{"@type":"BreadcrumbList","@id":"https:\/\/sagitta-safety.com\/sk\/produkt\/senator\/#breadcrumb","itemListElement":[{"@type":"ListItem","position":1,"name":"Home","item":"https:\/\/sagitta-safety.com\/cz\/"},{"@type":"ListItem","position":2,"name":"Ochrana zraku","item":"https:\/\/sagitta-safety.com\/en\/eye-protection\/"},{"@type":"ListItem","position":3,"name":"SENATOR"}]},{"@type":"WebSite","@id":"https:\/\/sagitta-safety.com\/en\/#website","url":"https:\/\/sagitta-safety.com\/en\/","name":"Sagitta, \u0161pecialista na o\u010dn\u00fa optiku","description":"Profesion\u00e1lna ochrana zraku pre priemysel | SAGITTA","potentialAction":[{"@type":"SearchAction","target":{"@type":"EntryPoint","urlTemplate":"https:\/\/sagitta-safety.com\/en\/?s={search_term_string}"},"query-input":{"@type":"PropertyValueSpecification","valueRequired":true,"valueName":"search_term_string"}}],"inLanguage":"sk-SK"}]}},"_links":{"self":[{"href":"https:\/\/sagitta-safety.com\/sk\/wp-json\/wp\/v2\/product\/1107","targetHints":{"allow":["GET"]}}],"collection":[{"href":"https:\/\/sagitta-safety.com\/sk\/wp-json\/wp\/v2\/product"}],"about":[{"href":"https:\/\/sagitta-safety.com\/sk\/wp-json\/wp\/v2\/types\/product"}],"wp:featuredmedia":[{"embeddable":true,"href":"https:\/\/sagitta-safety.com\/sk\/wp-json\/wp\/v2\/media\/2833"}],"wp:attachment":[{"href":"https:\/\/sagitta-safety.com\/sk\/wp-json\/wp\/v2\/media?parent=1107"}],"wp:term":[{"taxonomy":"product_brand","embeddable":true,"href":"https:\/\/sagitta-safety.com\/sk\/wp-json\/wp\/v2\/product_brand?post=1107"},{"taxonomy":"product_cat","embeddable":true,"href":"https:\/\/sagitta-safety.com\/sk\/wp-json\/wp\/v2\/product_cat?post=1107"},{"taxonomy":"product_tag","embeddable":true,"href":"https:\/\/sagitta-safety.com\/sk\/wp-json\/wp\/v2\/product_tag?post=1107"}],"curies":[{"name":"wp","href":"https:\/\/api.w.org\/{rel}","templated":true}]}}