{"id":1022,"date":"2017-06-27T09:23:20","date_gmt":"2017-06-27T07:23:20","guid":{"rendered":"http:\/\/sagitta-safety.com\/produkt\/optor-plus\/"},"modified":"2024-09-09T21:30:57","modified_gmt":"2024-09-09T19:30:57","slug":"optor-plus","status":"publish","type":"product","link":"https:\/\/sagitta-safety.com\/sk\/produkt\/optor-plus\/","title":{"rendered":"OPTOR PLUS S"},"content":{"rendered":"","protected":false},"excerpt":{"rendered":"<ul>\n<li>dioptrick\u00e9 ochrann\u00e9 okuliare so zv\u00fd\u0161enou ochranou proti letiacim \u010dasticiam<\/li>\n<li>m\u00e4kk\u00e1 tesniaca man\u017eeta integrovan\u00e1 do kon\u0161trukcie r\u00e1mu sa prisp\u00f4sob\u00ed krivk\u00e1m tv\u00e1re a&nbsp;minimalizuje preniknutie nebezpe\u010dn\u00fdch \u010dast\u00edc do oblasti oka<\/li>\n<li>nastavenie d\u013a\u017eky stran\u00edc pod\u013ea individu\u00e1lnych po\u017eiadaviek<\/li>\n<li>m\u00e4kk\u00e9, ergonomicky tvarovate\u013en\u00e9 stranice pod\u013ea potrieb u\u017e\u00edvate\u013ea<\/li>\n<li>slu\u010dky na straniciach fixuj\u00fa okuliare na tv\u00e1ri pri prudk\u00fdch pohyboch<\/li>\n<\/ul>\n","protected":false},"featured_media":10025,"template":"","meta":{"_et_pb_use_builder":"","_et_pb_old_content":"","_et_gb_content_width":""},"product_brand":[],"product_cat":[160],"product_tag":[],"class_list":{"0":"post-1022","1":"product","2":"type-product","3":"status-publish","4":"has-post-thumbnail","6":"product_cat-dioptricke-ochranne-okuliare-tesne","8":"first","9":"instock","10":"shipping-taxable","11":"product-type-simple"},"yoast_head":"<!-- This site is optimized with the Yoast SEO plugin v26.1.1 - https:\/\/yoast.com\/wordpress\/plugins\/seo\/ -->\n<title>OPTOR PLUS S - Sagitta, \u0161pecialista na o\u010dn\u00fa optiku<\/title>\n<meta name=\"robots\" content=\"index, follow, max-snippet:-1, max-image-preview:large, max-video-preview:-1\" \/>\n<link rel=\"canonical\" href=\"https:\/\/sagitta-safety.com\/sk\/product\/optor-plus\/\" \/>\n<meta property=\"og:locale\" content=\"sk_SK\" \/>\n<meta property=\"og:type\" content=\"article\" \/>\n<meta property=\"og:title\" content=\"OPTOR PLUS S - Sagitta, \u0161pecialista na o\u010dn\u00fa optiku\" \/>\n<meta property=\"og:description\" content=\"dioptrick\u00e9 ochrann\u00e9 okuliare so zv\u00fd\u0161enou ochranou proti letiacim \u010dasticiam  m\u00e4kk\u00e1 tesniaca man\u017eeta integrovan\u00e1 do kon\u0161trukcie r\u00e1mu sa prisp\u00f4sob\u00ed krivk\u00e1m tv\u00e1re a minimalizuje preniknutie nebezpe\u010dn\u00fdch \u010dast\u00edc do oblasti oka  nastavenie d\u013a\u017eky stran\u00edc pod\u013ea individu\u00e1lnych po\u017eiadaviek  m\u00e4kk\u00e9, ergonomicky tvarovate\u013en\u00e9 stranice pod\u013ea potrieb u\u017e\u00edvate\u013ea  slu\u010dky na straniciach fixuj\u00fa okuliare na tv\u00e1ri pri prudk\u00fdch pohyboch\" \/>\n<meta property=\"og:url\" content=\"https:\/\/sagitta-safety.com\/sk\/product\/optor-plus\/\" \/>\n<meta property=\"og:site_name\" content=\"Sagitta, \u0161pecialista na o\u010dn\u00fa optiku\" \/>\n<meta property=\"article:modified_time\" content=\"2024-09-09T19:30:57+00:00\" \/>\n<meta property=\"og:image\" content=\"https:\/\/sagitta-safety.com\/wp-content\/uploads\/2017\/06\/OPTOR_PLUS_krystal.jpg\" \/>\n\t<meta property=\"og:image:width\" content=\"1200\" \/>\n\t<meta property=\"og:image:height\" content=\"1200\" \/>\n\t<meta property=\"og:image:type\" content=\"image\/jpeg\" \/>\n<meta name=\"twitter:card\" content=\"summary_large_image\" \/>\n<script type=\"application\/ld+json\" class=\"yoast-schema-graph\">{\"@context\":\"https:\/\/schema.org\",\"@graph\":[{\"@type\":\"WebPage\",\"@id\":\"https:\/\/sagitta-safety.com\/en\/product\/optor-plus\/\",\"url\":\"https:\/\/sagitta-safety.com\/en\/product\/optor-plus\/\",\"name\":\"OPTOR PLUS S - Sagitta, \u0161pecialista na o\u010dn\u00fa optiku\",\"isPartOf\":{\"@id\":\"https:\/\/sagitta-safety.com\/en\/#website\"},\"primaryImageOfPage\":{\"@id\":\"https:\/\/sagitta-safety.com\/en\/product\/optor-plus\/#primaryimage\"},\"image\":{\"@id\":\"https:\/\/sagitta-safety.com\/en\/product\/optor-plus\/#primaryimage\"},\"thumbnailUrl\":\"https:\/\/sagitta-safety.com\/wp-content\/uploads\/2017\/06\/OPTOR_PLUS_krystal.jpg\",\"datePublished\":\"2017-06-27T07:23:20+00:00\",\"dateModified\":\"2024-09-09T19:30:57+00:00\",\"breadcrumb\":{\"@id\":\"https:\/\/sagitta-safety.com\/en\/product\/optor-plus\/#breadcrumb\"},\"inLanguage\":\"sk-SK\",\"potentialAction\":[{\"@type\":\"ReadAction\",\"target\":[\"https:\/\/sagitta-safety.com\/en\/product\/optor-plus\/\"]}]},{\"@type\":\"ImageObject\",\"inLanguage\":\"sk-SK\",\"@id\":\"https:\/\/sagitta-safety.com\/en\/product\/optor-plus\/#primaryimage\",\"url\":\"https:\/\/sagitta-safety.com\/wp-content\/uploads\/2017\/06\/OPTOR_PLUS_krystal.jpg\",\"contentUrl\":\"https:\/\/sagitta-safety.com\/wp-content\/uploads\/2017\/06\/OPTOR_PLUS_krystal.jpg\",\"width\":1200,\"height\":1200},{\"@type\":\"BreadcrumbList\",\"@id\":\"https:\/\/sagitta-safety.com\/en\/product\/optor-plus\/#breadcrumb\",\"itemListElement\":[{\"@type\":\"ListItem\",\"position\":1,\"name\":\"Home\",\"item\":\"https:\/\/sagitta-safety.com\/cz\/\"},{\"@type\":\"ListItem\",\"position\":2,\"name\":\"Ochrana zraku\",\"item\":\"https:\/\/sagitta-safety.com\/en\/eye-protection\/\"},{\"@type\":\"ListItem\",\"position\":3,\"name\":\"OPTOR PLUS S\"}]},{\"@type\":\"WebSite\",\"@id\":\"https:\/\/sagitta-safety.com\/en\/#website\",\"url\":\"https:\/\/sagitta-safety.com\/en\/\",\"name\":\"Sagitta, \u0161pecialista na o\u010dn\u00fa optiku\",\"description\":\"Profesion\u00e1lna ochrana zraku pre priemysel | SAGITTA\",\"potentialAction\":[{\"@type\":\"SearchAction\",\"target\":{\"@type\":\"EntryPoint\",\"urlTemplate\":\"https:\/\/sagitta-safety.com\/en\/?s={search_term_string}\"},\"query-input\":{\"@type\":\"PropertyValueSpecification\",\"valueRequired\":true,\"valueName\":\"search_term_string\"}}],\"inLanguage\":\"sk-SK\"}]}<\/script>\n<!-- \/ Yoast SEO plugin. -->","yoast_head_json":{"title":"OPTOR PLUS S - Sagitta, \u0161pecialista na o\u010dn\u00fa optiku","robots":{"index":"index","follow":"follow","max-snippet":"max-snippet:-1","max-image-preview":"max-image-preview:large","max-video-preview":"max-video-preview:-1"},"canonical":"https:\/\/sagitta-safety.com\/sk\/product\/optor-plus\/","og_locale":"sk_SK","og_type":"article","og_title":"OPTOR PLUS S - Sagitta, \u0161pecialista na o\u010dn\u00fa optiku","og_description":"dioptrick\u00e9 ochrann\u00e9 okuliare so zv\u00fd\u0161enou ochranou proti letiacim \u010dasticiam  m\u00e4kk\u00e1 tesniaca man\u017eeta integrovan\u00e1 do kon\u0161trukcie r\u00e1mu sa prisp\u00f4sob\u00ed krivk\u00e1m tv\u00e1re a minimalizuje preniknutie nebezpe\u010dn\u00fdch \u010dast\u00edc do oblasti oka  nastavenie d\u013a\u017eky stran\u00edc pod\u013ea individu\u00e1lnych po\u017eiadaviek  m\u00e4kk\u00e9, ergonomicky tvarovate\u013en\u00e9 stranice pod\u013ea potrieb u\u017e\u00edvate\u013ea  slu\u010dky na straniciach fixuj\u00fa okuliare na tv\u00e1ri pri prudk\u00fdch pohyboch","og_url":"https:\/\/sagitta-safety.com\/sk\/product\/optor-plus\/","og_site_name":"Sagitta, \u0161pecialista na o\u010dn\u00fa optiku","article_modified_time":"2024-09-09T19:30:57+00:00","og_image":[{"width":1200,"height":1200,"url":"https:\/\/sagitta-safety.com\/wp-content\/uploads\/2017\/06\/OPTOR_PLUS_krystal.jpg","type":"image\/jpeg"}],"twitter_card":"summary_large_image","schema":{"@context":"https:\/\/schema.org","@graph":[{"@type":"WebPage","@id":"https:\/\/sagitta-safety.com\/en\/product\/optor-plus\/","url":"https:\/\/sagitta-safety.com\/en\/product\/optor-plus\/","name":"OPTOR PLUS S - Sagitta, \u0161pecialista na o\u010dn\u00fa optiku","isPartOf":{"@id":"https:\/\/sagitta-safety.com\/en\/#website"},"primaryImageOfPage":{"@id":"https:\/\/sagitta-safety.com\/en\/product\/optor-plus\/#primaryimage"},"image":{"@id":"https:\/\/sagitta-safety.com\/en\/product\/optor-plus\/#primaryimage"},"thumbnailUrl":"https:\/\/sagitta-safety.com\/wp-content\/uploads\/2017\/06\/OPTOR_PLUS_krystal.jpg","datePublished":"2017-06-27T07:23:20+00:00","dateModified":"2024-09-09T19:30:57+00:00","breadcrumb":{"@id":"https:\/\/sagitta-safety.com\/en\/product\/optor-plus\/#breadcrumb"},"inLanguage":"sk-SK","potentialAction":[{"@type":"ReadAction","target":["https:\/\/sagitta-safety.com\/en\/product\/optor-plus\/"]}]},{"@type":"ImageObject","inLanguage":"sk-SK","@id":"https:\/\/sagitta-safety.com\/en\/product\/optor-plus\/#primaryimage","url":"https:\/\/sagitta-safety.com\/wp-content\/uploads\/2017\/06\/OPTOR_PLUS_krystal.jpg","contentUrl":"https:\/\/sagitta-safety.com\/wp-content\/uploads\/2017\/06\/OPTOR_PLUS_krystal.jpg","width":1200,"height":1200},{"@type":"BreadcrumbList","@id":"https:\/\/sagitta-safety.com\/en\/product\/optor-plus\/#breadcrumb","itemListElement":[{"@type":"ListItem","position":1,"name":"Home","item":"https:\/\/sagitta-safety.com\/cz\/"},{"@type":"ListItem","position":2,"name":"Ochrana zraku","item":"https:\/\/sagitta-safety.com\/en\/eye-protection\/"},{"@type":"ListItem","position":3,"name":"OPTOR PLUS S"}]},{"@type":"WebSite","@id":"https:\/\/sagitta-safety.com\/en\/#website","url":"https:\/\/sagitta-safety.com\/en\/","name":"Sagitta, \u0161pecialista na o\u010dn\u00fa optiku","description":"Profesion\u00e1lna ochrana zraku pre priemysel | SAGITTA","potentialAction":[{"@type":"SearchAction","target":{"@type":"EntryPoint","urlTemplate":"https:\/\/sagitta-safety.com\/en\/?s={search_term_string}"},"query-input":{"@type":"PropertyValueSpecification","valueRequired":true,"valueName":"search_term_string"}}],"inLanguage":"sk-SK"}]}},"_links":{"self":[{"href":"https:\/\/sagitta-safety.com\/sk\/wp-json\/wp\/v2\/product\/1022","targetHints":{"allow":["GET"]}}],"collection":[{"href":"https:\/\/sagitta-safety.com\/sk\/wp-json\/wp\/v2\/product"}],"about":[{"href":"https:\/\/sagitta-safety.com\/sk\/wp-json\/wp\/v2\/types\/product"}],"wp:featuredmedia":[{"embeddable":true,"href":"https:\/\/sagitta-safety.com\/sk\/wp-json\/wp\/v2\/media\/10025"}],"wp:attachment":[{"href":"https:\/\/sagitta-safety.com\/sk\/wp-json\/wp\/v2\/media?parent=1022"}],"wp:term":[{"taxonomy":"product_brand","embeddable":true,"href":"https:\/\/sagitta-safety.com\/sk\/wp-json\/wp\/v2\/product_brand?post=1022"},{"taxonomy":"product_cat","embeddable":true,"href":"https:\/\/sagitta-safety.com\/sk\/wp-json\/wp\/v2\/product_cat?post=1022"},{"taxonomy":"product_tag","embeddable":true,"href":"https:\/\/sagitta-safety.com\/sk\/wp-json\/wp\/v2\/product_tag?post=1022"}],"curies":[{"name":"wp","href":"https:\/\/api.w.org\/{rel}","templated":true}]}}