{"id":421,"date":"2020-12-12T16:51:21","date_gmt":"2020-12-12T15:51:21","guid":{"rendered":"http:\/\/sagitta-safety.com\/?page_id=421"},"modified":"2023-06-19T22:52:20","modified_gmt":"2023-06-19T20:52:20","slug":"ochrana-zraku","status":"publish","type":"page","link":"https:\/\/sagitta-safety.com\/sk\/ochrana-zraku\/","title":{"rendered":"Ochrana zraku"},"content":{"rendered":"<p>[et_pb_section fb_built=&#8221;1&#8243; custom_padding_last_edited=&#8221;on|desktop&#8221; _builder_version=&#8221;4.16&#8243; _module_preset=&#8221;default&#8221; custom_margin=&#8221;||||false|false&#8221; custom_padding=&#8221;43px||0px|||&#8221; custom_padding_tablet=&#8221;0px||0px||false|false&#8221; custom_padding_phone=&#8221;30px||||false|false&#8221; da_disable_devices=&#8221;off|off|off&#8221; global_colors_info=&#8221;{}&#8221; da_is_popup=&#8221;off&#8221; da_exit_intent=&#8221;off&#8221; da_has_close=&#8221;on&#8221; da_alt_close=&#8221;off&#8221; da_dark_close=&#8221;off&#8221; da_not_modal=&#8221;on&#8221; da_is_singular=&#8221;off&#8221; da_with_loader=&#8221;off&#8221; da_has_shadow=&#8221;on&#8221;][et_pb_row _builder_version=&#8221;4.16&#8243; _module_preset=&#8221;default&#8221; width=&#8221;90%&#8221; custom_padding=&#8221;0px||0px|||&#8221; global_colors_info=&#8221;{}&#8221;][et_pb_column type=&#8221;4_4&#8243; _builder_version=&#8221;4.16&#8243; _module_preset=&#8221;default&#8221; global_colors_info=&#8221;{}&#8221;][et_pb_text _builder_version=&#8221;4.16&#8243; _module_preset=&#8221;default&#8221; header_font=&#8221;|300|||||||&#8221; header_font_size=&#8221;72px&#8221; width=&#8221;80%&#8221; module_alignment=&#8221;right&#8221; header_font_size_tablet=&#8221;&#8221; header_font_size_phone=&#8221;35px&#8221; header_font_size_last_edited=&#8221;on|phone&#8221; module_alignment_tablet=&#8221;center&#8221; module_alignment_phone=&#8221;center&#8221; module_alignment_last_edited=&#8221;on|tablet&#8221; global_colors_info=&#8221;{}&#8221;]<\/p>\n<h1 style=\"text-align: center;\">Ochrana zraku<\/h1>\n<p>[\/et_pb_text][\/et_pb_column][\/et_pb_row][\/et_pb_section][et_pb_section fb_built=&#8221;1&#8243; _builder_version=&#8221;4.16&#8243; _module_preset=&#8221;default&#8221; da_disable_devices=&#8221;off|off|off&#8221; global_colors_info=&#8221;{}&#8221; da_is_popup=&#8221;off&#8221; da_exit_intent=&#8221;off&#8221; da_has_close=&#8221;on&#8221; da_alt_close=&#8221;off&#8221; da_dark_close=&#8221;off&#8221; da_not_modal=&#8221;on&#8221; da_is_singular=&#8221;off&#8221; da_with_loader=&#8221;off&#8221; da_has_shadow=&#8221;on&#8221;][et_pb_row column_structure=&#8221;1_4,1_4,1_4,1_4&#8243; use_custom_gutter=&#8221;on&#8221; module_class=&#8221;full-height-menu-container&#8221; _builder_version=&#8221;4.16&#8243; _module_preset=&#8221;default&#8221; width=&#8221;100%&#8221; custom_padding=&#8221;|6%||5%|false|false&#8221; global_colors_info=&#8221;{}&#8221;][et_pb_column type=&#8221;1_4&#8243; _builder_version=&#8221;4.16&#8243; _module_preset=&#8221;default&#8221; global_colors_info=&#8221;{}&#8221;][et_pb_sidebar area=&#8221;sidebar-1&#8243; _builder_version=&#8221;4.16&#8243; _module_preset=&#8221;default&#8221; custom_padding=&#8221;115px||||false|false&#8221; sticky_offset_top=&#8221;0px&#8221; global_colors_info=&#8221;{}&#8221;][\/et_pb_sidebar][\/et_pb_column][et_pb_column type=&#8221;1_4&#8243; _builder_version=&#8221;4.16&#8243; _module_preset=&#8221;default&#8221; global_colors_info=&#8221;{}&#8221;][et_pb_blurb title=&#8221;Dioptrick\u00e1 ochrana zraku&#8221; image=&#8221;https:\/\/sagitta-safety.com\/wp-content\/uploads\/2021\/01\/dioptricka-ochrana-zraku.jpg&#8221; alt=&#8221;Dioptrick\u00e1 ochrana zraku&#8221; _builder_version=&#8221;4.16&#8243; _module_preset=&#8221;default&#8221; header_font=&#8221;||||||||&#8221; header_text_align=&#8221;center&#8221; header_font_size=&#8221;20px&#8221; body_font=&#8221;|300|||||||&#8221; body_text_color=&#8221;#000000&#8243; body_font_size=&#8221;17px&#8221; text_orientation=&#8221;center&#8221; link_option_url=&#8221;https:\/\/sagitta-safety.com\/sk\/katalog\/diopricka-ochrana-zraku\/&#8221; global_colors_info=&#8221;{}&#8221; transform_styles__hover_enabled=&#8221;on|hover&#8221; transform_scale__hover_enabled=&#8221;on|desktop&#8221; transform_translate__hover_enabled=&#8221;on|hover&#8221; transform_rotate__hover_enabled=&#8221;on|desktop&#8221; transform_skew__hover_enabled=&#8221;on|desktop&#8221; transform_origin__hover_enabled=&#8221;on|desktop&#8221; transform_scale__hover=&#8221;105%|105%&#8221;]<\/p>\n<p>Okuliare koriguj\u00fa korek\u010dn\u00e9 zrakov\u00e9 chyby oka a&nbsp;s\u00fa\u010dasne chr\u00e1nia zrak pred nebezpe\u010dn\u00fdmi rizikami na pracovisku.<\/p>\n<p>[\/et_pb_blurb][et_pb_blurb title=&#8221;Nedioptrick\u00e1 ochrana zraku&#8221; image=&#8221;https:\/\/sagitta-safety.com\/wp-content\/uploads\/2021\/01\/nedioptricka-ochrana-zraku.jpg&#8221; _builder_version=&#8221;4.16&#8243; _module_preset=&#8221;default&#8221; header_font=&#8221;||||||||&#8221; header_text_align=&#8221;center&#8221; header_font_size=&#8221;20px&#8221; body_font=&#8221;|300|||||||&#8221; body_text_color=&#8221;#000000&#8243; body_font_size=&#8221;17px&#8221; text_orientation=&#8221;center&#8221; custom_margin=&#8221;69px|||||&#8221; link_option_url=&#8221;https:\/\/sagitta-safety.com\/sk\/katalog\/ochranne-okuliare&#8221; global_colors_info=&#8221;{}&#8221; transform_styles__hover_enabled=&#8221;on|hover&#8221; transform_scale__hover_enabled=&#8221;on|hover&#8221; transform_translate__hover_enabled=&#8221;on|desktop&#8221; transform_rotate__hover_enabled=&#8221;on|desktop&#8221; transform_skew__hover_enabled=&#8221;on|desktop&#8221; transform_origin__hover_enabled=&#8221;on|desktop&#8221; transform_scale__hover=&#8221;105%|105%&#8221;]<\/p>\n<p>Dizajn a&nbsp;kon\u0161trukcia ochrann\u00fdch okuliarov zoh\u013ead\u0148uj\u00fa po\u017eiadavky na optim\u00e1lnu ergon\u00f3miu s&nbsp;d\u00f4razom na maxim\u00e1lnu bezpe\u010dnos\u0165 nosite\u013ea.<\/p>\n<p>[\/et_pb_blurb][\/et_pb_column][et_pb_column type=&#8221;1_4&#8243; _builder_version=&#8221;4.16&#8243; _module_preset=&#8221;default&#8221; global_colors_info=&#8221;{}&#8221;][et_pb_blurb title=&#8221;Okuliare k po\u010d\u00edta\u010du&#8221; image=&#8221;https:\/\/sagitta-safety.com\/wp-content\/uploads\/2021\/01\/okuliare-k-pocitacu.jpg&#8221; _builder_version=&#8221;4.16&#8243; _module_preset=&#8221;default&#8221; header_font=&#8221;||||||||&#8221; header_text_align=&#8221;center&#8221; header_font_size=&#8221;20px&#8221; body_font=&#8221;|300|||||||&#8221; body_text_color=&#8221;#000000&#8243; body_font_size=&#8221;17px&#8221; text_orientation=&#8221;center&#8221; link_option_url=&#8221;https:\/\/sagitta-safety.com\/sk\/katalog\/okuliare-k-pocitacu\/&#8221; global_colors_info=&#8221;{}&#8221; transform_styles__hover_enabled=&#8221;on|hover&#8221; transform_scale__hover_enabled=&#8221;on|hover&#8221; transform_translate__hover_enabled=&#8221;on|desktop&#8221; transform_rotate__hover_enabled=&#8221;on|desktop&#8221; transform_skew__hover_enabled=&#8221;on|desktop&#8221; transform_origin__hover_enabled=&#8221;on|desktop&#8221; transform_scale__hover=&#8221;105%|105%&#8221;]<\/p>\n<p>Kompenzuj\u00fa absenciu korekcie strednej vzdialenosti pri pozeran\u00ed na monitor. Integrovan\u00fd BlueCarePurit filter zabra\u0148uje prenikaniu modr\u00e9ho svetla do oka.<\/p>\n<p>[\/et_pb_blurb][et_pb_blurb title=&#8221;\u0160peci\u00e1lna ochrana zraku&#8221; image=&#8221;https:\/\/sagitta-safety.com\/wp-content\/uploads\/2021\/01\/specialna-ochrana-zraku.jpg&#8221; _builder_version=&#8221;4.16&#8243; _module_preset=&#8221;default&#8221; header_font=&#8221;||||||||&#8221; header_text_align=&#8221;center&#8221; header_font_size=&#8221;20px&#8221; body_font=&#8221;|300|||||||&#8221; body_text_color=&#8221;#000000&#8243; body_font_size=&#8221;17px&#8221; text_orientation=&#8221;center&#8221; link_option_url=&#8221;https:\/\/sagitta-safety.com\/sk\/katalog\/specialna-ochrana-zraku\/&#8221; global_colors_info=&#8221;{}&#8221; transform_styles__hover_enabled=&#8221;on|hover&#8221; transform_scale__hover_enabled=&#8221;on|hover&#8221; transform_translate__hover_enabled=&#8221;on|desktop&#8221; transform_rotate__hover_enabled=&#8221;on|desktop&#8221; transform_skew__hover_enabled=&#8221;on|desktop&#8221; transform_origin__hover_enabled=&#8221;on|desktop&#8221; transform_scale__hover=&#8221;105%|105%&#8221;]<\/p>\n<p>Ochrana zraku pred po\u0161koden\u00edm oka \u017eiaren\u00edm. Nebezpe\u010dn\u00e9 \u017eiarenia s\u00a0potencion\u00e1lnom po\u0161kodenia zraku: laserov\u00e9, ionizuj\u00face, IR a\u00a0UV \u017eiarenie, vysoko energetick\u00e9 modr\u00e9 svetlo.<\/p>\n<p>[\/et_pb_blurb][et_pb_blurb title=&#8221;Pr\u00edslu\u0161enstvo&#8221; image=&#8221;https:\/\/sagitta-safety.com\/wp-content\/uploads\/2021\/01\/Prislusenstvo.jpg&#8221; _builder_version=&#8221;4.16&#8243; _module_preset=&#8221;default&#8221; header_font=&#8221;||||||||&#8221; header_text_align=&#8221;center&#8221; header_font_size=&#8221;20px&#8221; body_font=&#8221;|300|||||||&#8221; body_text_color=&#8221;#000000&#8243; body_font_size=&#8221;17px&#8221; text_orientation=&#8221;center&#8221; link_option_url=&#8221;https:\/\/sagitta-safety.com\/sk\/katalog\/prislusenstvo-pre-okuliare\/&#8221; global_colors_info=&#8221;{}&#8221; transform_styles__hover_enabled=&#8221;on|hover&#8221; transform_scale__hover_enabled=&#8221;on|hover&#8221; transform_translate__hover_enabled=&#8221;on|desktop&#8221; transform_rotate__hover_enabled=&#8221;on|desktop&#8221; transform_skew__hover_enabled=&#8221;on|desktop&#8221; transform_origin__hover_enabled=&#8221;on|desktop&#8221; transform_scale__hover=&#8221;105%|105%&#8221;]<\/p>\n<p>Puzdra, \u0161n\u00farky a\u00a0p\u00e1sky na okuliare. Zlep\u0161uj\u00fa celkov\u00fd u\u017e\u00edvate\u013esk\u00fd komfort nosite\u013ea okuliarov.<\/p>\n<p>[\/et_pb_blurb][\/et_pb_column][et_pb_column type=&#8221;1_4&#8243; _builder_version=&#8221;4.16&#8243; _module_preset=&#8221;default&#8221; global_colors_info=&#8221;{}&#8221;][et_pb_blurb title=&#8221;Slu\u017eby&#8221; image=&#8221;https:\/\/sagitta-safety.com\/wp-content\/uploads\/2021\/01\/sluzby.jpg&#8221; alt=&#8221;Screening&#8221; _builder_version=&#8221;4.16&#8243; _module_preset=&#8221;default&#8221; header_font=&#8221;||||||||&#8221; header_text_align=&#8221;center&#8221; header_font_size=&#8221;20px&#8221; body_font=&#8221;|300|||||||&#8221; body_text_color=&#8221;#000000&#8243; body_font_size=&#8221;17px&#8221; transform_scale_last_edited=&#8221;off|desktop&#8221; transform_translate_last_edited=&#8221;off|desktop&#8221; transform_rotate_last_edited=&#8221;off|desktop&#8221; transform_skew_last_edited=&#8221;off|desktop&#8221; transform_origin_last_edited=&#8221;off|desktop&#8221; transform_styles_last_edited=&#8221;off|desktop&#8221; text_orientation=&#8221;center&#8221; link_option_url=&#8221;https:\/\/sagitta-safety.com\/sk\/katalog\/sluzby\/&#8221; global_colors_info=&#8221;{}&#8221; transform_styles__hover_enabled=&#8221;on|hover&#8221; transform_scale__hover_enabled=&#8221;on|hover&#8221; transform_translate__hover_enabled=&#8221;on|desktop&#8221; transform_rotate__hover_enabled=&#8221;on|desktop&#8221; transform_skew__hover_enabled=&#8221;on|desktop&#8221; transform_origin__hover_enabled=&#8221;on|desktop&#8221; transform_scale__hover=&#8221;105%|105%&#8221;]<\/p>\n<p>Vy\u0161etrenie zrakovej ostrosti, screeningu zraku alebo zrakov\u00fd audit vykon\u00e1vaj\u00fa odborn\u00ed \u0161pecialisti priamo v\u00a0z\u00e1vode s\u00a0modern\u00fdm pr\u00edstrojov\u00fdm vybaven\u00edm.<\/p>\n<p>[\/et_pb_blurb][et_pb_blurb title=&#8221;Ultra cleaner&#8221; image=&#8221;https:\/\/sagitta-safety.com\/wp-content\/uploads\/2021\/01\/Ultra-cleaner.jpg&#8221; alt=&#8221;Ultra Cleaner&#8221; _builder_version=&#8221;4.16&#8243; _module_preset=&#8221;default&#8221; header_font=&#8221;|||on|||||&#8221; header_text_align=&#8221;center&#8221; header_font_size=&#8221;20px&#8221; body_font=&#8221;|300|||||||&#8221; body_text_color=&#8221;#000000&#8243; body_font_size=&#8221;17px&#8221; text_orientation=&#8221;center&#8221; link_option_url=&#8221;https:\/\/sagitta-safety.com\/sk\/katalog\/ultra-cleaner\/&#8221; global_colors_info=&#8221;{}&#8221; transform_styles__hover_enabled=&#8221;on|hover&#8221; transform_scale__hover_enabled=&#8221;on|hover&#8221; transform_translate__hover_enabled=&#8221;on|desktop&#8221; transform_rotate__hover_enabled=&#8221;on|desktop&#8221; transform_skew__hover_enabled=&#8221;on|desktop&#8221; transform_origin__hover_enabled=&#8221;on|desktop&#8221; transform_scale__hover=&#8221;105%|105%&#8221;]<\/p>\n<p>Profesion\u00e1lny syst\u00e9m starostlivosti o\u00a0okuliare zameran\u00fd na dezinfekciu, proti zahmlievaniu a\u00a0\u010distenie.<\/p>\n<p>[\/et_pb_blurb][\/et_pb_column][\/et_pb_row][\/et_pb_section]<\/p>\n","protected":false},"excerpt":{"rendered":"<p>Ochrana zrakuOkuliare koriguj\u00fa korek\u010dn\u00e9 zrakov\u00e9 chyby oka a&nbsp;s\u00fa\u010dasne chr\u00e1nia zrak pred nebezpe\u010dn\u00fdmi rizikami na pracovisku.Dizajn a&nbsp;kon\u0161trukcia ochrann\u00fdch okuliarov zoh\u013ead\u0148uj\u00fa po\u017eiadavky na optim\u00e1lnu ergon\u00f3miu s&nbsp;d\u00f4razom na maxim\u00e1lnu bezpe\u010dnos\u0165 nosite\u013ea.Kompenzuj\u00fa absenciu korekcie strednej vzdialenosti pri pozeran\u00ed na monitor. Integrovan\u00fd BlueCarePurit filter zabra\u0148uje prenikaniu modr\u00e9ho svetla do oka.Ochrana zraku pred po\u0161koden\u00edm oka \u017eiaren\u00edm. Nebezpe\u010dn\u00e9 \u017eiarenia [&hellip;]<\/p>\n","protected":false},"author":1,"featured_media":0,"parent":0,"menu_order":0,"comment_status":"closed","ping_status":"closed","template":"","meta":{"_et_pb_use_builder":"on","_et_pb_old_content":"","_et_gb_content_width":"","footnotes":""},"class_list":["post-421","page","type-page","status-publish","hentry"],"yoast_head":"<!-- This site is optimized with the Yoast SEO plugin v26.1.1 - https:\/\/yoast.com\/wordpress\/plugins\/seo\/ -->\n<title>Ochrana zraku - Sagitta, \u0161pecialista na o\u010dn\u00fa optiku<\/title>\n<meta name=\"description\" content=\"Ochrann\u00e9 okuliare od Sagitty v s\u00fa\u010dasnosti chr\u00e1nia zrak tis\u00edckam zamestnancov v mnoh\u00fdch nadn\u00e1rodn\u00fdch podnikoch.\" \/>\n<meta name=\"robots\" content=\"index, follow, max-snippet:-1, max-image-preview:large, max-video-preview:-1\" \/>\n<link rel=\"canonical\" href=\"https:\/\/sagitta-safety.com\/sk\/eye-protection\/\" \/>\n<meta property=\"og:locale\" content=\"sk_SK\" \/>\n<meta property=\"og:type\" content=\"article\" \/>\n<meta property=\"og:title\" content=\"Ochrana zraku - Sagitta, \u0161pecialista na o\u010dn\u00fa optiku\" \/>\n<meta property=\"og:description\" content=\"Ochrann\u00e9 okuliare od Sagitty v s\u00fa\u010dasnosti chr\u00e1nia zrak tis\u00edckam zamestnancov v mnoh\u00fdch nadn\u00e1rodn\u00fdch podnikoch.\" \/>\n<meta property=\"og:url\" content=\"https:\/\/sagitta-safety.com\/sk\/eye-protection\/\" \/>\n<meta property=\"og:site_name\" content=\"Sagitta, \u0161pecialista na o\u010dn\u00fa optiku\" \/>\n<meta property=\"article:modified_time\" content=\"2023-06-19T20:52:20+00:00\" \/>\n<meta name=\"twitter:card\" content=\"summary_large_image\" \/>\n<meta name=\"twitter:label1\" content=\"Predpokladan\u00fd \u010das \u010d\u00edtania\" \/>\n\t<meta name=\"twitter:data1\" content=\"2 min\u00faty\" \/>\n<script type=\"application\/ld+json\" class=\"yoast-schema-graph\">{\"@context\":\"https:\/\/schema.org\",\"@graph\":[{\"@type\":\"WebPage\",\"@id\":\"https:\/\/sagitta-safety.com\/en\/eye-protection\/\",\"url\":\"https:\/\/sagitta-safety.com\/en\/eye-protection\/\",\"name\":\"Ochrana zraku - Sagitta, \u0161pecialista na o\u010dn\u00fa optiku\",\"isPartOf\":{\"@id\":\"https:\/\/sagitta-safety.com\/en\/#website\"},\"datePublished\":\"2020-12-12T15:51:21+00:00\",\"dateModified\":\"2023-06-19T20:52:20+00:00\",\"description\":\"Ochrann\u00e9 okuliare od Sagitty v s\u00fa\u010dasnosti chr\u00e1nia zrak tis\u00edckam zamestnancov v mnoh\u00fdch nadn\u00e1rodn\u00fdch podnikoch.\",\"breadcrumb\":{\"@id\":\"https:\/\/sagitta-safety.com\/en\/eye-protection\/#breadcrumb\"},\"inLanguage\":\"sk-SK\",\"potentialAction\":[{\"@type\":\"ReadAction\",\"target\":[\"https:\/\/sagitta-safety.com\/en\/eye-protection\/\"]}]},{\"@type\":\"BreadcrumbList\",\"@id\":\"https:\/\/sagitta-safety.com\/en\/eye-protection\/#breadcrumb\",\"itemListElement\":[{\"@type\":\"ListItem\",\"position\":1,\"name\":\"Home\",\"item\":\"https:\/\/sagitta-safety.com\/cz\/\"},{\"@type\":\"ListItem\",\"position\":2,\"name\":\"Ochrana zraku\"}]},{\"@type\":\"WebSite\",\"@id\":\"https:\/\/sagitta-safety.com\/en\/#website\",\"url\":\"https:\/\/sagitta-safety.com\/en\/\",\"name\":\"Sagitta, \u0161pecialista na o\u010dn\u00fa optiku\",\"description\":\"Profesion\u00e1lna ochrana zraku pre priemysel | SAGITTA\",\"potentialAction\":[{\"@type\":\"SearchAction\",\"target\":{\"@type\":\"EntryPoint\",\"urlTemplate\":\"https:\/\/sagitta-safety.com\/en\/?s={search_term_string}\"},\"query-input\":{\"@type\":\"PropertyValueSpecification\",\"valueRequired\":true,\"valueName\":\"search_term_string\"}}],\"inLanguage\":\"sk-SK\"}]}<\/script>\n<!-- \/ Yoast SEO plugin. -->","yoast_head_json":{"title":"Ochrana zraku - Sagitta, \u0161pecialista na o\u010dn\u00fa optiku","description":"Ochrann\u00e9 okuliare od Sagitty v s\u00fa\u010dasnosti chr\u00e1nia zrak tis\u00edckam zamestnancov v mnoh\u00fdch nadn\u00e1rodn\u00fdch podnikoch.","robots":{"index":"index","follow":"follow","max-snippet":"max-snippet:-1","max-image-preview":"max-image-preview:large","max-video-preview":"max-video-preview:-1"},"canonical":"https:\/\/sagitta-safety.com\/sk\/eye-protection\/","og_locale":"sk_SK","og_type":"article","og_title":"Ochrana zraku - Sagitta, \u0161pecialista na o\u010dn\u00fa optiku","og_description":"Ochrann\u00e9 okuliare od Sagitty v s\u00fa\u010dasnosti chr\u00e1nia zrak tis\u00edckam zamestnancov v mnoh\u00fdch nadn\u00e1rodn\u00fdch podnikoch.","og_url":"https:\/\/sagitta-safety.com\/sk\/eye-protection\/","og_site_name":"Sagitta, \u0161pecialista na o\u010dn\u00fa optiku","article_modified_time":"2023-06-19T20:52:20+00:00","twitter_card":"summary_large_image","twitter_misc":{"Predpokladan\u00fd \u010das \u010d\u00edtania":"2 min\u00faty"},"schema":{"@context":"https:\/\/schema.org","@graph":[{"@type":"WebPage","@id":"https:\/\/sagitta-safety.com\/en\/eye-protection\/","url":"https:\/\/sagitta-safety.com\/en\/eye-protection\/","name":"Ochrana zraku - Sagitta, \u0161pecialista na o\u010dn\u00fa optiku","isPartOf":{"@id":"https:\/\/sagitta-safety.com\/en\/#website"},"datePublished":"2020-12-12T15:51:21+00:00","dateModified":"2023-06-19T20:52:20+00:00","description":"Ochrann\u00e9 okuliare od Sagitty v s\u00fa\u010dasnosti chr\u00e1nia zrak tis\u00edckam zamestnancov v mnoh\u00fdch nadn\u00e1rodn\u00fdch podnikoch.","breadcrumb":{"@id":"https:\/\/sagitta-safety.com\/en\/eye-protection\/#breadcrumb"},"inLanguage":"sk-SK","potentialAction":[{"@type":"ReadAction","target":["https:\/\/sagitta-safety.com\/en\/eye-protection\/"]}]},{"@type":"BreadcrumbList","@id":"https:\/\/sagitta-safety.com\/en\/eye-protection\/#breadcrumb","itemListElement":[{"@type":"ListItem","position":1,"name":"Home","item":"https:\/\/sagitta-safety.com\/cz\/"},{"@type":"ListItem","position":2,"name":"Ochrana zraku"}]},{"@type":"WebSite","@id":"https:\/\/sagitta-safety.com\/en\/#website","url":"https:\/\/sagitta-safety.com\/en\/","name":"Sagitta, \u0161pecialista na o\u010dn\u00fa optiku","description":"Profesion\u00e1lna ochrana zraku pre priemysel | SAGITTA","potentialAction":[{"@type":"SearchAction","target":{"@type":"EntryPoint","urlTemplate":"https:\/\/sagitta-safety.com\/en\/?s={search_term_string}"},"query-input":{"@type":"PropertyValueSpecification","valueRequired":true,"valueName":"search_term_string"}}],"inLanguage":"sk-SK"}]}},"_links":{"self":[{"href":"https:\/\/sagitta-safety.com\/sk\/wp-json\/wp\/v2\/pages\/421","targetHints":{"allow":["GET"]}}],"collection":[{"href":"https:\/\/sagitta-safety.com\/sk\/wp-json\/wp\/v2\/pages"}],"about":[{"href":"https:\/\/sagitta-safety.com\/sk\/wp-json\/wp\/v2\/types\/page"}],"author":[{"embeddable":true,"href":"https:\/\/sagitta-safety.com\/sk\/wp-json\/wp\/v2\/users\/1"}],"replies":[{"embeddable":true,"href":"https:\/\/sagitta-safety.com\/sk\/wp-json\/wp\/v2\/comments?post=421"}],"version-history":[{"count":10,"href":"https:\/\/sagitta-safety.com\/sk\/wp-json\/wp\/v2\/pages\/421\/revisions"}],"predecessor-version":[{"id":10217,"href":"https:\/\/sagitta-safety.com\/sk\/wp-json\/wp\/v2\/pages\/421\/revisions\/10217"}],"wp:attachment":[{"href":"https:\/\/sagitta-safety.com\/sk\/wp-json\/wp\/v2\/media?parent=421"}],"curies":[{"name":"wp","href":"https:\/\/api.w.org\/{rel}","templated":true}]}}