{"id":10702,"date":"2024-11-27T10:36:51","date_gmt":"2024-11-27T09:36:51","guid":{"rendered":"https:\/\/sagitta-safety.com\/?page_id=10702"},"modified":"2024-11-27T16:19:13","modified_gmt":"2024-11-27T15:19:13","slug":"galeria","status":"publish","type":"page","link":"https:\/\/sagitta-safety.com\/sk\/galeria\/","title":{"rendered":"Gal\u00e9ria"},"content":{"rendered":"<p>[et_pb_section fb_built=&#8221;1&#8243; custom_padding_last_edited=&#8221;on|phone&#8221; _builder_version=&#8221;4.16&#8243; _module_preset=&#8221;default&#8221; custom_margin=&#8221;||||false|false&#8221; custom_padding=&#8221;43px||0px|||&#8221; custom_padding_tablet=&#8221;30px||0px||false|false&#8221; custom_padding_phone=&#8221;&#8221; da_disable_devices=&#8221;off|off|off&#8221; global_colors_info=&#8221;{}&#8221; da_is_popup=&#8221;off&#8221; da_exit_intent=&#8221;off&#8221; da_has_close=&#8221;on&#8221; da_alt_close=&#8221;off&#8221; da_dark_close=&#8221;off&#8221; da_not_modal=&#8221;on&#8221; da_is_singular=&#8221;off&#8221; da_with_loader=&#8221;off&#8221; da_has_shadow=&#8221;on&#8221;][et_pb_row _builder_version=&#8221;4.16&#8243; _module_preset=&#8221;default&#8221; module_alignment=&#8221;center&#8221; custom_padding=&#8221;0px||0px|||&#8221; global_colors_info=&#8221;{}&#8221;][et_pb_column type=&#8221;4_4&#8243; _builder_version=&#8221;4.16&#8243; _module_preset=&#8221;default&#8221; global_colors_info=&#8221;{}&#8221;][et_pb_text _builder_version=&#8221;4.27.0&#8243; _module_preset=&#8221;default&#8221; text_letter_spacing=&#8221;1px&#8221; header_font=&#8221;|300|||||||&#8221; header_font_size=&#8221;72px&#8221; width=&#8221;80%&#8221; module_alignment=&#8221;center&#8221; custom_margin=&#8221;||-2px|||&#8221; header_font_size_tablet=&#8221;&#8221; header_font_size_phone=&#8221;35px&#8221; header_font_size_last_edited=&#8221;on|phone&#8221; module_alignment_tablet=&#8221;center&#8221; module_alignment_phone=&#8221;center&#8221; module_alignment_last_edited=&#8221;on|desktop&#8221; global_colors_info=&#8221;{}&#8221;]<\/p>\n<h1 style=\"text-align: center;\">Gal\u00e9ria<\/h1>\n<p>[\/et_pb_text][et_pb_post_title title=&#8221;off&#8221; author=&#8221;off&#8221; date=&#8221;off&#8221; comments=&#8221;off&#8221; featured_image=&#8221;off&#8221; _builder_version=&#8221;4.16&#8243; _module_preset=&#8221;default&#8221; meta_text_color=&#8221;#545454&#8243; meta_font_size=&#8221;20px&#8221; global_colors_info=&#8221;{}&#8221;][\/et_pb_post_title][\/et_pb_column][\/et_pb_row][\/et_pb_section][et_pb_section fb_built=&#8221;1&#8243; custom_padding_last_edited=&#8221;on|phone&#8221; _builder_version=&#8221;4.27.0&#8243; _module_preset=&#8221;default&#8221; custom_padding=&#8221;54px||||false|false&#8221; custom_padding_tablet=&#8221;54px||||false|false&#8221; custom_padding_phone=&#8221;0px||||false|false&#8221; da_disable_devices=&#8221;off|off|off&#8221; global_colors_info=&#8221;{}&#8221; da_is_popup=&#8221;off&#8221; da_exit_intent=&#8221;off&#8221; da_has_close=&#8221;on&#8221; da_alt_close=&#8221;off&#8221; da_dark_close=&#8221;off&#8221; da_not_modal=&#8221;on&#8221; da_is_singular=&#8221;off&#8221; da_with_loader=&#8221;off&#8221; da_has_shadow=&#8221;on&#8221;][et_pb_row use_custom_gutter=&#8221;on&#8221; gutter_width=&#8221;2&#8243; _builder_version=&#8221;4.27.0&#8243; _module_preset=&#8221;default&#8221; global_colors_info=&#8221;{}&#8221;][et_pb_column type=&#8221;4_4&#8243; _builder_version=&#8221;4.27.0&#8243; _module_preset=&#8221;default&#8221; global_colors_info=&#8221;{}&#8221;][dpddg_dynamic_gallery gallery_ids=&#8221;10705,10695,10692,10699,10697,10704,10732,10731,10696,10703,10691,10690&#8243; show_overlay=&#8221;on&#8221; overlay_action=&#8221;gallery&#8221; show_overlay_icon=&#8221;off&#8221; overlay_data=&#8221;off|off|off&#8221; lightbox_data=&#8221;off|off|off&#8221; columns=&#8221;3&#8243; overlay_color=&#8221;rgba(255,255,255,0.7)&#8221; image_size=&#8221;medium_large&#8221; _builder_version=&#8221;4.27.0&#8243; _module_preset=&#8221;default&#8221; hover_enabled=&#8221;0&#8243; border_width_all=&#8221;0px&#8221; global_colors_info=&#8221;{}&#8221; sticky_enabled=&#8221;0&#8243;][\/dpddg_dynamic_gallery][\/et_pb_column][\/et_pb_row][\/et_pb_section]<\/p>\n","protected":false},"excerpt":{"rendered":"<p>Gal\u00e9ria<div class=\"et_pb_with_border et_pb_module dpddg_dynamic_gallery dpddg_dynamic_gallery_0\">\n\t\t\t\t\n\t\t\t\t\n\t\t\t\t\n\t\t\t\t\n\t\t\t\t\n\t\t\t\t\n\t\t\t\t<div class=\"et_pb_module_inner\">\n\t\t\t\t\t<div class=\"dp-ddg-container dp-ddg-masonry\" data-layout=\"masonry\" style=\"opacity: 0;\" data-gallery-paged=\"on\" data-page=\"1\" data-default-filter=\"\" data-ho=\"off\" data-link-filter=\"\"><div class=\"dp-ddg-items\" data-action=\"gallery\"><div class=\"dp-ddg-gutter-sizer\"><\/div><div class=\"dp-ddg-item  \"><div class=\"dp-ddg-image-container\" data-ratio=\"66.6666666667\"><img width=\"768\" height=\"512\" src=\"https:\/\/sagitta-safety.com\/wp-content\/uploads\/2024\/11\/bozp_24_438.jpg\" class=\"dp-ddg-image\" alt=\"\" decoding=\"async\" \/><div class=\"dp-ddg-overlay\" data-image=\"{&quot;url&quot;:&quot;https:\\\/\\\/sagitta-safety.com\\\/wp-content\\\/uploads\\\/2024\\\/11\\\/bozp_24_438.jpg&quot;,&quot;new_tab&quot;:false}\" data-overlay=\"gallery\"><div class=\"dp-ddg-overlay-content\"><\/div><\/div><\/div><\/div><div class=\"dp-ddg-item  \"><div class=\"dp-ddg-image-container\" data-ratio=\"66.6666666667\"><img width=\"768\" height=\"512\" src=\"https:\/\/sagitta-safety.com\/wp-content\/uploads\/2024\/11\/bozp_24_008.jpg\" class=\"dp-ddg-image\" alt=\"\" decoding=\"async\" \/><div class=\"dp-ddg-overlay\" data-image=\"{&quot;url&quot;:&quot;https:\\\/\\\/sagitta-safety.com\\\/wp-content\\\/uploads\\\/2024\\\/11\\\/bozp_24_008.jpg&quot;,&quot;new_tab&quot;:false}\" data-overlay=\"gallery\"><div class=\"dp-ddg-overlay-content\"><\/div><\/div><\/div><\/div><div class=\"dp-ddg-item  \"><div class=\"dp-ddg-image-container\" data-ratio=\"66.6666666667\"><img width=\"768\" height=\"512\" src=\"https:\/\/sagitta-safety.com\/wp-content\/uploads\/2024\/11\/bozp_24_475.jpg\" class=\"dp-ddg-image\" alt=\"\" decoding=\"async\" \/><div class=\"dp-ddg-overlay\" data-image=\"{&quot;url&quot;:&quot;https:\\\/\\\/sagitta-safety.com\\\/wp-content\\\/uploads\\\/2024\\\/11\\\/bozp_24_475.jpg&quot;,&quot;new_tab&quot;:false}\" data-overlay=\"gallery\"><div class=\"dp-ddg-overlay-content\"><\/div><\/div><\/div><\/div><div class=\"dp-ddg-item  \"><div class=\"dp-ddg-image-container\" data-ratio=\"66.6666666667\"><img width=\"768\" height=\"512\" src=\"https:\/\/sagitta-safety.com\/wp-content\/uploads\/2024\/11\/bozp_24_145.jpg\" class=\"dp-ddg-image\" alt=\"\" decoding=\"async\" \/><div class=\"dp-ddg-overlay\" data-image=\"{&quot;url&quot;:&quot;https:\\\/\\\/sagitta-safety.com\\\/wp-content\\\/uploads\\\/2024\\\/11\\\/bozp_24_145.jpg&quot;,&quot;new_tab&quot;:false}\" data-overlay=\"gallery\"><div class=\"dp-ddg-overlay-content\"><\/div><\/div><\/div><\/div><div class=\"dp-ddg-item  \"><div class=\"dp-ddg-image-container\" data-ratio=\"66.6666666667\"><img width=\"768\" height=\"512\" src=\"https:\/\/sagitta-safety.com\/wp-content\/uploads\/2024\/11\/bozp_24_079.jpg\" class=\"dp-ddg-image\" alt=\"\" decoding=\"async\" \/><div class=\"dp-ddg-overlay\" data-image=\"{&quot;url&quot;:&quot;https:\\\/\\\/sagitta-safety.com\\\/wp-content\\\/uploads\\\/2024\\\/11\\\/bozp_24_079.jpg&quot;,&quot;new_tab&quot;:false}\" data-overlay=\"gallery\"><div class=\"dp-ddg-overlay-content\"><\/div><\/div><\/div><\/div><div class=\"dp-ddg-item  \"><div class=\"dp-ddg-image-container\" data-ratio=\"66.6666666667\"><img width=\"768\" height=\"512\" src=\"https:\/\/sagitta-safety.com\/wp-content\/uploads\/2024\/11\/bozp_24_376.jpg\" class=\"dp-ddg-image\" alt=\"\" decoding=\"async\" \/><div class=\"dp-ddg-overlay\" data-image=\"{&quot;url&quot;:&quot;https:\\\/\\\/sagitta-safety.com\\\/wp-content\\\/uploads\\\/2024\\\/11\\\/bozp_24_376.jpg&quot;,&quot;new_tab&quot;:false}\" data-overlay=\"gallery\"><div class=\"dp-ddg-overlay-content\"><\/div><\/div><\/div><\/div><div class=\"dp-ddg-item  \"><div class=\"dp-ddg-image-container\" data-ratio=\"66.6666666667\"><img width=\"768\" height=\"512\" src=\"https:\/\/sagitta-safety.com\/wp-content\/uploads\/2024\/11\/IMG_E514-768x512.jpg\" class=\"dp-ddg-image\" alt=\"\" decoding=\"async\" \/><div class=\"dp-ddg-overlay\" data-image=\"{&quot;url&quot;:&quot;https:\\\/\\\/sagitta-safety.com\\\/wp-content\\\/uploads\\\/2024\\\/11\\\/IMG_E514.jpg&quot;,&quot;new_tab&quot;:false}\" data-overlay=\"gallery\"><div class=\"dp-ddg-overlay-content\"><\/div><\/div><\/div><\/div><div class=\"dp-ddg-item  \"><div class=\"dp-ddg-image-container\" data-ratio=\"66.6666666667\"><img width=\"768\" height=\"512\" src=\"https:\/\/sagitta-safety.com\/wp-content\/uploads\/2024\/11\/IMG_E515-768x512.jpg\" class=\"dp-ddg-image\" alt=\"\" decoding=\"async\" \/><div class=\"dp-ddg-overlay\" data-image=\"{&quot;url&quot;:&quot;https:\\\/\\\/sagitta-safety.com\\\/wp-content\\\/uploads\\\/2024\\\/11\\\/IMG_E515.jpg&quot;,&quot;new_tab&quot;:false}\" data-overlay=\"gallery\"><div class=\"dp-ddg-overlay-content\"><\/div><\/div><\/div><\/div><div class=\"dp-ddg-item  \"><div class=\"dp-ddg-image-container\" data-ratio=\"66.6666666667\"><img width=\"768\" height=\"512\" src=\"https:\/\/sagitta-safety.com\/wp-content\/uploads\/2024\/11\/bozp_24_078.jpg\" class=\"dp-ddg-image\" alt=\"\" decoding=\"async\" \/><div class=\"dp-ddg-overlay\" data-image=\"{&quot;url&quot;:&quot;https:\\\/\\\/sagitta-safety.com\\\/wp-content\\\/uploads\\\/2024\\\/11\\\/bozp_24_078.jpg&quot;,&quot;new_tab&quot;:false}\" data-overlay=\"gallery\"><div class=\"dp-ddg-overlay-content\"><\/div><\/div><\/div><\/div><div class=\"dp-ddg-item  \"><div class=\"dp-ddg-image-container\" data-ratio=\"66.6666666667\"><img width=\"768\" height=\"512\" src=\"https:\/\/sagitta-safety.com\/wp-content\/uploads\/2024\/11\/bozp_24_367.jpg\" class=\"dp-ddg-image\" alt=\"\" decoding=\"async\" \/><div class=\"dp-ddg-overlay\" data-image=\"{&quot;url&quot;:&quot;https:\\\/\\\/sagitta-safety.com\\\/wp-content\\\/uploads\\\/2024\\\/11\\\/bozp_24_367.jpg&quot;,&quot;new_tab&quot;:false}\" data-overlay=\"gallery\"><div class=\"dp-ddg-overlay-content\"><\/div><\/div><\/div><\/div><div class=\"dp-ddg-item  \"><div class=\"dp-ddg-image-container\" data-ratio=\"66.6666666667\"><img width=\"768\" height=\"512\" src=\"https:\/\/sagitta-safety.com\/wp-content\/uploads\/2024\/11\/bozp_24_466.jpg\" class=\"dp-ddg-image\" alt=\"\" decoding=\"async\" \/><div class=\"dp-ddg-overlay\" data-image=\"{&quot;url&quot;:&quot;https:\\\/\\\/sagitta-safety.com\\\/wp-content\\\/uploads\\\/2024\\\/11\\\/bozp_24_466.jpg&quot;,&quot;new_tab&quot;:false}\" data-overlay=\"gallery\"><div class=\"dp-ddg-overlay-content\"><\/div><\/div><\/div><\/div><div class=\"dp-ddg-item  \"><div class=\"dp-ddg-image-container\" data-ratio=\"66.6666666667\"><img width=\"768\" height=\"512\" src=\"https:\/\/sagitta-safety.com\/wp-content\/uploads\/2024\/11\/bozp_24_462.jpg\" class=\"dp-ddg-image\" alt=\"\" decoding=\"async\" \/><div class=\"dp-ddg-overlay\" data-image=\"{&quot;url&quot;:&quot;https:\\\/\\\/sagitta-safety.com\\\/wp-content\\\/uploads\\\/2024\\\/11\\\/bozp_24_462.jpg&quot;,&quot;new_tab&quot;:false}\" data-overlay=\"gallery\"><div class=\"dp-ddg-overlay-content\"><\/div><\/div><\/div><\/div><\/div><\/div>\n\t\t\t\t<\/div>\n\t\t\t<\/div><\/p>\n","protected":false},"author":1,"featured_media":0,"parent":0,"menu_order":0,"comment_status":"closed","ping_status":"closed","template":"","meta":{"_et_pb_use_builder":"on","_et_pb_old_content":"","_et_gb_content_width":"","footnotes":""},"class_list":["post-10702","page","type-page","status-publish","hentry"],"yoast_head":"<!-- This site is optimized with the Yoast SEO plugin v26.1.1 - https:\/\/yoast.com\/wordpress\/plugins\/seo\/ -->\n<title>Gal\u00e9ria - Sagitta, \u0161pecialista na o\u010dn\u00fa optiku<\/title>\n<meta name=\"robots\" content=\"index, follow, max-snippet:-1, max-image-preview:large, max-video-preview:-1\" \/>\n<link rel=\"canonical\" href=\"https:\/\/sagitta-safety.com\/sk\/galeria\/\" \/>\n<meta property=\"og:locale\" content=\"sk_SK\" \/>\n<meta property=\"og:type\" content=\"article\" \/>\n<meta property=\"og:title\" content=\"Gal\u00e9ria - Sagitta, \u0161pecialista na o\u010dn\u00fa optiku\" \/>\n<meta property=\"og:description\" content=\"Gal\u00e9ria\" \/>\n<meta property=\"og:url\" content=\"https:\/\/sagitta-safety.com\/sk\/galeria\/\" \/>\n<meta property=\"og:site_name\" content=\"Sagitta, \u0161pecialista na o\u010dn\u00fa optiku\" \/>\n<meta property=\"article:modified_time\" content=\"2024-11-27T15:19:13+00:00\" \/>\n<meta name=\"twitter:card\" content=\"summary_large_image\" \/>\n<meta name=\"twitter:label1\" content=\"Predpokladan\u00fd \u010das \u010d\u00edtania\" \/>\n\t<meta name=\"twitter:data1\" content=\"2 min\u00faty\" \/>\n<script type=\"application\/ld+json\" class=\"yoast-schema-graph\">{\"@context\":\"https:\/\/schema.org\",\"@graph\":[{\"@type\":\"WebPage\",\"@id\":\"https:\/\/sagitta-safety.com\/sk\/galeria\/\",\"url\":\"https:\/\/sagitta-safety.com\/sk\/galeria\/\",\"name\":\"Gal\u00e9ria - Sagitta, \u0161pecialista na o\u010dn\u00fa optiku\",\"isPartOf\":{\"@id\":\"https:\/\/sagitta-safety.com\/en\/#website\"},\"datePublished\":\"2024-11-27T09:36:51+00:00\",\"dateModified\":\"2024-11-27T15:19:13+00:00\",\"breadcrumb\":{\"@id\":\"https:\/\/sagitta-safety.com\/sk\/galeria\/#breadcrumb\"},\"inLanguage\":\"sk-SK\",\"potentialAction\":[{\"@type\":\"ReadAction\",\"target\":[\"https:\/\/sagitta-safety.com\/sk\/galeria\/\"]}]},{\"@type\":\"BreadcrumbList\",\"@id\":\"https:\/\/sagitta-safety.com\/sk\/galeria\/#breadcrumb\",\"itemListElement\":[{\"@type\":\"ListItem\",\"position\":1,\"name\":\"Home\",\"item\":\"https:\/\/sagitta-safety.com\/cz\/\"},{\"@type\":\"ListItem\",\"position\":2,\"name\":\"Gal\u00e9ria\"}]},{\"@type\":\"WebSite\",\"@id\":\"https:\/\/sagitta-safety.com\/en\/#website\",\"url\":\"https:\/\/sagitta-safety.com\/en\/\",\"name\":\"Sagitta, \u0161pecialista na o\u010dn\u00fa optiku\",\"description\":\"Profesion\u00e1lna ochrana zraku pre priemysel | SAGITTA\",\"potentialAction\":[{\"@type\":\"SearchAction\",\"target\":{\"@type\":\"EntryPoint\",\"urlTemplate\":\"https:\/\/sagitta-safety.com\/en\/?s={search_term_string}\"},\"query-input\":{\"@type\":\"PropertyValueSpecification\",\"valueRequired\":true,\"valueName\":\"search_term_string\"}}],\"inLanguage\":\"sk-SK\"}]}<\/script>\n<!-- \/ Yoast SEO plugin. -->","yoast_head_json":{"title":"Gal\u00e9ria - Sagitta, \u0161pecialista na o\u010dn\u00fa optiku","robots":{"index":"index","follow":"follow","max-snippet":"max-snippet:-1","max-image-preview":"max-image-preview:large","max-video-preview":"max-video-preview:-1"},"canonical":"https:\/\/sagitta-safety.com\/sk\/galeria\/","og_locale":"sk_SK","og_type":"article","og_title":"Gal\u00e9ria - Sagitta, \u0161pecialista na o\u010dn\u00fa optiku","og_description":"Gal\u00e9ria","og_url":"https:\/\/sagitta-safety.com\/sk\/galeria\/","og_site_name":"Sagitta, \u0161pecialista na o\u010dn\u00fa optiku","article_modified_time":"2024-11-27T15:19:13+00:00","twitter_card":"summary_large_image","twitter_misc":{"Predpokladan\u00fd \u010das \u010d\u00edtania":"2 min\u00faty"},"schema":{"@context":"https:\/\/schema.org","@graph":[{"@type":"WebPage","@id":"https:\/\/sagitta-safety.com\/sk\/galeria\/","url":"https:\/\/sagitta-safety.com\/sk\/galeria\/","name":"Gal\u00e9ria - Sagitta, \u0161pecialista na o\u010dn\u00fa optiku","isPartOf":{"@id":"https:\/\/sagitta-safety.com\/en\/#website"},"datePublished":"2024-11-27T09:36:51+00:00","dateModified":"2024-11-27T15:19:13+00:00","breadcrumb":{"@id":"https:\/\/sagitta-safety.com\/sk\/galeria\/#breadcrumb"},"inLanguage":"sk-SK","potentialAction":[{"@type":"ReadAction","target":["https:\/\/sagitta-safety.com\/sk\/galeria\/"]}]},{"@type":"BreadcrumbList","@id":"https:\/\/sagitta-safety.com\/sk\/galeria\/#breadcrumb","itemListElement":[{"@type":"ListItem","position":1,"name":"Home","item":"https:\/\/sagitta-safety.com\/cz\/"},{"@type":"ListItem","position":2,"name":"Gal\u00e9ria"}]},{"@type":"WebSite","@id":"https:\/\/sagitta-safety.com\/en\/#website","url":"https:\/\/sagitta-safety.com\/en\/","name":"Sagitta, \u0161pecialista na o\u010dn\u00fa optiku","description":"Profesion\u00e1lna ochrana zraku pre priemysel | SAGITTA","potentialAction":[{"@type":"SearchAction","target":{"@type":"EntryPoint","urlTemplate":"https:\/\/sagitta-safety.com\/en\/?s={search_term_string}"},"query-input":{"@type":"PropertyValueSpecification","valueRequired":true,"valueName":"search_term_string"}}],"inLanguage":"sk-SK"}]}},"_links":{"self":[{"href":"https:\/\/sagitta-safety.com\/sk\/wp-json\/wp\/v2\/pages\/10702","targetHints":{"allow":["GET"]}}],"collection":[{"href":"https:\/\/sagitta-safety.com\/sk\/wp-json\/wp\/v2\/pages"}],"about":[{"href":"https:\/\/sagitta-safety.com\/sk\/wp-json\/wp\/v2\/types\/page"}],"author":[{"embeddable":true,"href":"https:\/\/sagitta-safety.com\/sk\/wp-json\/wp\/v2\/users\/1"}],"replies":[{"embeddable":true,"href":"https:\/\/sagitta-safety.com\/sk\/wp-json\/wp\/v2\/comments?post=10702"}],"version-history":[{"count":24,"href":"https:\/\/sagitta-safety.com\/sk\/wp-json\/wp\/v2\/pages\/10702\/revisions"}],"predecessor-version":[{"id":10744,"href":"https:\/\/sagitta-safety.com\/sk\/wp-json\/wp\/v2\/pages\/10702\/revisions\/10744"}],"wp:attachment":[{"href":"https:\/\/sagitta-safety.com\/sk\/wp-json\/wp\/v2\/media?parent=10702"}],"curies":[{"name":"wp","href":"https:\/\/api.w.org\/{rel}","templated":true}]}}