{"id":4142,"date":"2020-12-16T23:04:25","date_gmt":"2020-12-16T22:04:25","guid":{"rendered":"http:\/\/sagitta-safety.com\/?post_type=product&#038;p=4142"},"modified":"2020-12-23T18:10:19","modified_gmt":"2020-12-23T17:10:19","slug":"optor-klip-bluecut-580","status":"publish","type":"product","link":"https:\/\/sagitta-safety.com\/en\/product\/optor-klip-bluecut-580\/","title":{"rendered":"OPTOR Klip BlueCut 580"},"content":{"rendered":"","protected":false},"excerpt":{"rendered":"<ul>\n<li>klip kompatibiln\u00fd s&nbsp;ochrann\u00fdmi okuliarmi Optor S&nbsp;redukuje modr\u00e9 svetlo v&nbsp;jeho modrofialovom spektre<\/li>\n<li>dizajn okuliarov bol vytvoren\u00fd tak, aby maxim\u00e1lne chr\u00e1nili zrak a&nbsp;z\u00e1rove\u0148 ide\u00e1lne sed\u00ed na tv\u00e1ri<\/li>\n<li>bo\u010dn\u00e1 ochrana integrovan\u00e1 v&nbsp;dizajne r\u00e1mu, ve\u013ek\u00e9 o\u010dnice zabezpe\u010duj\u00face \u0161irok\u00e9 zorn\u00e9 pole<\/li>\n<li>nastavenie d\u013a\u017eky stran\u00edc pod\u013ea individu\u00e1lnych po\u017eiadaviek<\/li>\n<li>m\u00e4kk\u00e9, ergonomicky tvarovate\u013en\u00e9 stranice pod\u013ea potrieb u\u017e\u00edvate\u013ea<\/li>\n<li>slu\u010dky na straniciach fixuj\u00fa okuliare na tv\u00e1ri pri prudk\u00fdch pohyboch<\/li>\n<\/ul>","protected":false},"featured_media":7046,"template":"","meta":{"_et_pb_use_builder":"","_et_pb_old_content":"","_et_gb_content_width":""},"product_brand":[],"product_cat":[172],"product_tag":[],"class_list":{"0":"post-4142","1":"product","2":"type-product","3":"status-publish","4":"has-post-thumbnail","6":"product_cat-ochranne-okuliare-led-blue-protect","8":"first","9":"instock","10":"shipping-taxable","11":"product-type-simple"},"yoast_head":"<!-- This site is optimized with the Yoast SEO plugin v26.1.1 - https:\/\/yoast.com\/wordpress\/plugins\/seo\/ -->\n<title>OPTOR Klip BlueCut 580 - Sagitta, \u0161pecialista na o\u010dn\u00fa optiku<\/title>\n<meta name=\"robots\" content=\"index, follow, max-snippet:-1, max-image-preview:large, max-video-preview:-1\" \/>\n<link rel=\"canonical\" href=\"https:\/\/sagitta-safety.com\/en\/product\/optor-klip-bluecut-580\/\" \/>\n<meta property=\"og:locale\" content=\"en_US\" \/>\n<meta property=\"og:type\" content=\"article\" \/>\n<meta property=\"og:title\" content=\"OPTOR Klip BlueCut 580 - Sagitta, \u0161pecialista na o\u010dn\u00fa optiku\" \/>\n<meta property=\"og:description\" content=\"klip kompatibiln\u00fd s ochrann\u00fdmi okuliarmi Optor S redukuje modr\u00e9 svetlo v jeho modrofialovom spektre  dizajn okuliarov bol vytvoren\u00fd tak, aby maxim\u00e1lne chr\u00e1nili zrak a z\u00e1rove\u0148 ide\u00e1lne sed\u00ed na tv\u00e1ri  bo\u010dn\u00e1 ochrana integrovan\u00e1 v dizajne r\u00e1mu, ve\u013ek\u00e9 o\u010dnice zabezpe\u010duj\u00face \u0161irok\u00e9 zorn\u00e9 pole  nastavenie d\u013a\u017eky stran\u00edc pod\u013ea individu\u00e1lnych po\u017eiadaviek  m\u00e4kk\u00e9, ergonomicky tvarovate\u013en\u00e9 stranice pod\u013ea potrieb u\u017e\u00edvate\u013ea  slu\u010dky na straniciach fixuj\u00fa okuliare na tv\u00e1ri pri prudk\u00fdch pohyboch\" \/>\n<meta property=\"og:url\" content=\"https:\/\/sagitta-safety.com\/en\/product\/optor-klip-bluecut-580\/\" \/>\n<meta property=\"og:site_name\" content=\"Sagitta, \u0161pecialista na o\u010dn\u00fa optiku\" \/>\n<meta property=\"article:modified_time\" content=\"2020-12-23T17:10:19+00:00\" \/>\n<meta property=\"og:image\" content=\"https:\/\/sagitta-safety.com\/wp-content\/uploads\/2020\/12\/Optor-clip-580.jpg\" \/>\n\t<meta property=\"og:image:width\" content=\"1772\" \/>\n\t<meta property=\"og:image:height\" content=\"1772\" \/>\n\t<meta property=\"og:image:type\" content=\"image\/jpeg\" \/>\n<meta name=\"twitter:card\" content=\"summary_large_image\" \/>\n<script type=\"application\/ld+json\" class=\"yoast-schema-graph\">{\"@context\":\"https:\/\/schema.org\",\"@graph\":[{\"@type\":\"WebPage\",\"@id\":\"https:\/\/sagitta-safety.com\/en\/product\/optor-klip-bluecut-580\/\",\"url\":\"https:\/\/sagitta-safety.com\/en\/product\/optor-klip-bluecut-580\/\",\"name\":\"OPTOR Klip BlueCut 580 - Sagitta, \u0161pecialista na o\u010dn\u00fa optiku\",\"isPartOf\":{\"@id\":\"https:\/\/sagitta-safety.com\/en\/#website\"},\"primaryImageOfPage\":{\"@id\":\"https:\/\/sagitta-safety.com\/en\/product\/optor-klip-bluecut-580\/#primaryimage\"},\"image\":{\"@id\":\"https:\/\/sagitta-safety.com\/en\/product\/optor-klip-bluecut-580\/#primaryimage\"},\"thumbnailUrl\":\"https:\/\/sagitta-safety.com\/wp-content\/uploads\/2020\/12\/Optor-clip-580.jpg\",\"datePublished\":\"2020-12-16T22:04:25+00:00\",\"dateModified\":\"2020-12-23T17:10:19+00:00\",\"breadcrumb\":{\"@id\":\"https:\/\/sagitta-safety.com\/en\/product\/optor-klip-bluecut-580\/#breadcrumb\"},\"inLanguage\":\"en-US\",\"potentialAction\":[{\"@type\":\"ReadAction\",\"target\":[\"https:\/\/sagitta-safety.com\/en\/product\/optor-klip-bluecut-580\/\"]}]},{\"@type\":\"ImageObject\",\"inLanguage\":\"en-US\",\"@id\":\"https:\/\/sagitta-safety.com\/en\/product\/optor-klip-bluecut-580\/#primaryimage\",\"url\":\"https:\/\/sagitta-safety.com\/wp-content\/uploads\/2020\/12\/Optor-clip-580.jpg\",\"contentUrl\":\"https:\/\/sagitta-safety.com\/wp-content\/uploads\/2020\/12\/Optor-clip-580.jpg\",\"width\":1772,\"height\":1772},{\"@type\":\"BreadcrumbList\",\"@id\":\"https:\/\/sagitta-safety.com\/en\/product\/optor-klip-bluecut-580\/#breadcrumb\",\"itemListElement\":[{\"@type\":\"ListItem\",\"position\":1,\"name\":\"Home\",\"item\":\"https:\/\/sagitta-safety.com\/cz\/\"},{\"@type\":\"ListItem\",\"position\":2,\"name\":\"Ochrana zraku\",\"item\":\"https:\/\/sagitta-safety.com\/en\/eye-protection\/\"},{\"@type\":\"ListItem\",\"position\":3,\"name\":\"OPTOR Klip BlueCut 580\"}]},{\"@type\":\"WebSite\",\"@id\":\"https:\/\/sagitta-safety.com\/en\/#website\",\"url\":\"https:\/\/sagitta-safety.com\/en\/\",\"name\":\"Sagitta, \u0161pecialista na o\u010dn\u00fa optiku\",\"description\":\"Profesion\u00e1lna ochrana zraku pre priemysel | SAGITTA\",\"potentialAction\":[{\"@type\":\"SearchAction\",\"target\":{\"@type\":\"EntryPoint\",\"urlTemplate\":\"https:\/\/sagitta-safety.com\/en\/?s={search_term_string}\"},\"query-input\":{\"@type\":\"PropertyValueSpecification\",\"valueRequired\":true,\"valueName\":\"search_term_string\"}}],\"inLanguage\":\"en-US\"}]}<\/script>\n<!-- \/ Yoast SEO plugin. -->","yoast_head_json":{"title":"OPTOR Klip BlueCut 580 - Sagitta, \u0161pecialista na o\u010dn\u00fa optiku","robots":{"index":"index","follow":"follow","max-snippet":"max-snippet:-1","max-image-preview":"max-image-preview:large","max-video-preview":"max-video-preview:-1"},"canonical":"https:\/\/sagitta-safety.com\/en\/product\/optor-klip-bluecut-580\/","og_locale":"en_US","og_type":"article","og_title":"OPTOR Klip BlueCut 580 - Sagitta, \u0161pecialista na o\u010dn\u00fa optiku","og_description":"klip kompatibiln\u00fd s ochrann\u00fdmi okuliarmi Optor S redukuje modr\u00e9 svetlo v jeho modrofialovom spektre  dizajn okuliarov bol vytvoren\u00fd tak, aby maxim\u00e1lne chr\u00e1nili zrak a z\u00e1rove\u0148 ide\u00e1lne sed\u00ed na tv\u00e1ri  bo\u010dn\u00e1 ochrana integrovan\u00e1 v dizajne r\u00e1mu, ve\u013ek\u00e9 o\u010dnice zabezpe\u010duj\u00face \u0161irok\u00e9 zorn\u00e9 pole  nastavenie d\u013a\u017eky stran\u00edc pod\u013ea individu\u00e1lnych po\u017eiadaviek  m\u00e4kk\u00e9, ergonomicky tvarovate\u013en\u00e9 stranice pod\u013ea potrieb u\u017e\u00edvate\u013ea  slu\u010dky na straniciach fixuj\u00fa okuliare na tv\u00e1ri pri prudk\u00fdch pohyboch","og_url":"https:\/\/sagitta-safety.com\/en\/product\/optor-klip-bluecut-580\/","og_site_name":"Sagitta, \u0161pecialista na o\u010dn\u00fa optiku","article_modified_time":"2020-12-23T17:10:19+00:00","og_image":[{"width":1772,"height":1772,"url":"https:\/\/sagitta-safety.com\/wp-content\/uploads\/2020\/12\/Optor-clip-580.jpg","type":"image\/jpeg"}],"twitter_card":"summary_large_image","schema":{"@context":"https:\/\/schema.org","@graph":[{"@type":"WebPage","@id":"https:\/\/sagitta-safety.com\/en\/product\/optor-klip-bluecut-580\/","url":"https:\/\/sagitta-safety.com\/en\/product\/optor-klip-bluecut-580\/","name":"OPTOR Klip BlueCut 580 - Sagitta, \u0161pecialista na o\u010dn\u00fa optiku","isPartOf":{"@id":"https:\/\/sagitta-safety.com\/en\/#website"},"primaryImageOfPage":{"@id":"https:\/\/sagitta-safety.com\/en\/product\/optor-klip-bluecut-580\/#primaryimage"},"image":{"@id":"https:\/\/sagitta-safety.com\/en\/product\/optor-klip-bluecut-580\/#primaryimage"},"thumbnailUrl":"https:\/\/sagitta-safety.com\/wp-content\/uploads\/2020\/12\/Optor-clip-580.jpg","datePublished":"2020-12-16T22:04:25+00:00","dateModified":"2020-12-23T17:10:19+00:00","breadcrumb":{"@id":"https:\/\/sagitta-safety.com\/en\/product\/optor-klip-bluecut-580\/#breadcrumb"},"inLanguage":"en-US","potentialAction":[{"@type":"ReadAction","target":["https:\/\/sagitta-safety.com\/en\/product\/optor-klip-bluecut-580\/"]}]},{"@type":"ImageObject","inLanguage":"en-US","@id":"https:\/\/sagitta-safety.com\/en\/product\/optor-klip-bluecut-580\/#primaryimage","url":"https:\/\/sagitta-safety.com\/wp-content\/uploads\/2020\/12\/Optor-clip-580.jpg","contentUrl":"https:\/\/sagitta-safety.com\/wp-content\/uploads\/2020\/12\/Optor-clip-580.jpg","width":1772,"height":1772},{"@type":"BreadcrumbList","@id":"https:\/\/sagitta-safety.com\/en\/product\/optor-klip-bluecut-580\/#breadcrumb","itemListElement":[{"@type":"ListItem","position":1,"name":"Home","item":"https:\/\/sagitta-safety.com\/cz\/"},{"@type":"ListItem","position":2,"name":"Ochrana zraku","item":"https:\/\/sagitta-safety.com\/en\/eye-protection\/"},{"@type":"ListItem","position":3,"name":"OPTOR Klip BlueCut 580"}]},{"@type":"WebSite","@id":"https:\/\/sagitta-safety.com\/en\/#website","url":"https:\/\/sagitta-safety.com\/en\/","name":"Sagitta, the specialist in optics","description":"Profesion\u00e1lna ochrana zraku pre priemysel | SAGITTA","potentialAction":[{"@type":"SearchAction","target":{"@type":"EntryPoint","urlTemplate":"https:\/\/sagitta-safety.com\/en\/?s={search_term_string}"},"query-input":{"@type":"PropertyValueSpecification","valueRequired":true,"valueName":"search_term_string"}}],"inLanguage":"en-US"}]}},"_links":{"self":[{"href":"https:\/\/sagitta-safety.com\/en\/wp-json\/wp\/v2\/product\/4142","targetHints":{"allow":["GET"]}}],"collection":[{"href":"https:\/\/sagitta-safety.com\/en\/wp-json\/wp\/v2\/product"}],"about":[{"href":"https:\/\/sagitta-safety.com\/en\/wp-json\/wp\/v2\/types\/product"}],"wp:featuredmedia":[{"embeddable":true,"href":"https:\/\/sagitta-safety.com\/en\/wp-json\/wp\/v2\/media\/7046"}],"wp:attachment":[{"href":"https:\/\/sagitta-safety.com\/en\/wp-json\/wp\/v2\/media?parent=4142"}],"wp:term":[{"taxonomy":"product_brand","embeddable":true,"href":"https:\/\/sagitta-safety.com\/en\/wp-json\/wp\/v2\/product_brand?post=4142"},{"taxonomy":"product_cat","embeddable":true,"href":"https:\/\/sagitta-safety.com\/en\/wp-json\/wp\/v2\/product_cat?post=4142"},{"taxonomy":"product_tag","embeddable":true,"href":"https:\/\/sagitta-safety.com\/en\/wp-json\/wp\/v2\/product_tag?post=4142"}],"curies":[{"name":"wp","href":"https:\/\/api.w.org\/{rel}","templated":true}]}}