{"id":4130,"date":"2020-12-16T20:17:04","date_gmt":"2020-12-16T19:17:04","guid":{"rendered":"http:\/\/sagitta-safety.com\/?post_type=product&#038;p=4130"},"modified":"2022-10-08T15:00:02","modified_gmt":"2022-10-08T13:00:02","slug":"safron","status":"publish","type":"product","link":"https:\/\/sagitta-safety.com\/en\/product\/safron\/","title":{"rendered":"SAFRON"},"content":{"rendered":"","protected":false},"excerpt":{"rendered":"<ul>\n<li>dioptrick\u00e9 ochrann\u00e9 okuliare so zv\u00fd\u0161enou ochranou proti letiacim \u010dasticiam<\/li>\n<li>ve\u013ekoryso otvoren\u00e9 perif\u00e9rne videnie<\/li>\n<li>zv\u00fd\u0161en\u00e1 tesnos\u0165 v&nbsp;nado\u010dnicovej \u010dasti zabra\u0148uje riziku prenikania \u010dast\u00edc do priestoru o\u010d\u00ed<\/li>\n<li>m\u00e4kk\u00fd nosn\u00edk s&nbsp;prevetr\u00e1van\u00edm<\/li>\n<li>flexibilne stranice s&nbsp;v\u00fdborn\u00fdm pri\u013enut\u00edm a&nbsp;fix\u00e1ciou na hlave<\/li>\n<\/ul>","protected":false},"featured_media":8518,"template":"","meta":{"_et_pb_use_builder":"","_et_pb_old_content":"","_et_gb_content_width":""},"product_brand":[],"product_cat":[192],"product_tag":[],"class_list":{"0":"post-4130","1":"product","2":"type-product","3":"status-publish","4":"has-post-thumbnail","6":"product_cat-dioptricke-ochranne-okuliare","8":"first","9":"instock","10":"shipping-taxable","11":"product-type-simple"},"yoast_head":"<!-- This site is optimized with the Yoast SEO plugin v26.1.1 - https:\/\/yoast.com\/wordpress\/plugins\/seo\/ -->\n<title>SAFRON - Sagitta, \u0161pecialista na o\u010dn\u00fa optiku<\/title>\n<meta name=\"robots\" content=\"index, follow, max-snippet:-1, max-image-preview:large, max-video-preview:-1\" \/>\n<link rel=\"canonical\" href=\"https:\/\/sagitta-safety.com\/en\/produkt\/safron\/\" \/>\n<meta property=\"og:locale\" content=\"en_US\" \/>\n<meta property=\"og:type\" content=\"article\" \/>\n<meta property=\"og:title\" content=\"SAFRON - Sagitta, \u0161pecialista na o\u010dn\u00fa optiku\" \/>\n<meta property=\"og:description\" content=\"dioptrick\u00e9 ochrann\u00e9 okuliare so zv\u00fd\u0161enou ochranou proti letiacim \u010dasticiam  ve\u013ekoryso otvoren\u00e9 perif\u00e9rne videnie  zv\u00fd\u0161en\u00e1 tesnos\u0165 v nado\u010dnicovej \u010dasti zabra\u0148uje riziku prenikania \u010dast\u00edc do priestoru o\u010d\u00ed  m\u00e4kk\u00fd nosn\u00edk s prevetr\u00e1van\u00edm  flexibilne stranice s v\u00fdborn\u00fdm pri\u013enut\u00edm a fix\u00e1ciou na hlave\" \/>\n<meta property=\"og:url\" content=\"https:\/\/sagitta-safety.com\/en\/produkt\/safron\/\" \/>\n<meta property=\"og:site_name\" content=\"Sagitta, \u0161pecialista na o\u010dn\u00fa optiku\" \/>\n<meta property=\"article:modified_time\" content=\"2022-10-08T13:00:02+00:00\" \/>\n<meta property=\"og:image\" content=\"https:\/\/sagitta-safety.com\/wp-content\/uploads\/2020\/12\/Safron-2.jpg\" \/>\n\t<meta property=\"og:image:width\" content=\"1772\" \/>\n\t<meta property=\"og:image:height\" content=\"1772\" \/>\n\t<meta property=\"og:image:type\" content=\"image\/jpeg\" \/>\n<meta name=\"twitter:card\" content=\"summary_large_image\" \/>\n<script type=\"application\/ld+json\" class=\"yoast-schema-graph\">{\"@context\":\"https:\/\/schema.org\",\"@graph\":[{\"@type\":\"WebPage\",\"@id\":\"https:\/\/sagitta-safety.com\/cz\/produkt\/safron\/\",\"url\":\"https:\/\/sagitta-safety.com\/cz\/produkt\/safron\/\",\"name\":\"SAFRON - Sagitta, \u0161pecialista na o\u010dn\u00fa optiku\",\"isPartOf\":{\"@id\":\"https:\/\/sagitta-safety.com\/en\/#website\"},\"primaryImageOfPage\":{\"@id\":\"https:\/\/sagitta-safety.com\/cz\/produkt\/safron\/#primaryimage\"},\"image\":{\"@id\":\"https:\/\/sagitta-safety.com\/cz\/produkt\/safron\/#primaryimage\"},\"thumbnailUrl\":\"https:\/\/sagitta-safety.com\/wp-content\/uploads\/2020\/12\/Safron-2.jpg\",\"datePublished\":\"2020-12-16T19:17:04+00:00\",\"dateModified\":\"2022-10-08T13:00:02+00:00\",\"breadcrumb\":{\"@id\":\"https:\/\/sagitta-safety.com\/cz\/produkt\/safron\/#breadcrumb\"},\"inLanguage\":\"en-US\",\"potentialAction\":[{\"@type\":\"ReadAction\",\"target\":[\"https:\/\/sagitta-safety.com\/cz\/produkt\/safron\/\"]}]},{\"@type\":\"ImageObject\",\"inLanguage\":\"en-US\",\"@id\":\"https:\/\/sagitta-safety.com\/cz\/produkt\/safron\/#primaryimage\",\"url\":\"https:\/\/sagitta-safety.com\/wp-content\/uploads\/2020\/12\/Safron-2.jpg\",\"contentUrl\":\"https:\/\/sagitta-safety.com\/wp-content\/uploads\/2020\/12\/Safron-2.jpg\",\"width\":1772,\"height\":1772},{\"@type\":\"BreadcrumbList\",\"@id\":\"https:\/\/sagitta-safety.com\/cz\/produkt\/safron\/#breadcrumb\",\"itemListElement\":[{\"@type\":\"ListItem\",\"position\":1,\"name\":\"Home\",\"item\":\"https:\/\/sagitta-safety.com\/cz\/\"},{\"@type\":\"ListItem\",\"position\":2,\"name\":\"Ochrana zraku\",\"item\":\"https:\/\/sagitta-safety.com\/en\/eye-protection\/\"},{\"@type\":\"ListItem\",\"position\":3,\"name\":\"SAFRON\"}]},{\"@type\":\"WebSite\",\"@id\":\"https:\/\/sagitta-safety.com\/en\/#website\",\"url\":\"https:\/\/sagitta-safety.com\/en\/\",\"name\":\"Sagitta, \u0161pecialista na o\u010dn\u00fa optiku\",\"description\":\"Profesion\u00e1lna ochrana zraku pre priemysel | SAGITTA\",\"potentialAction\":[{\"@type\":\"SearchAction\",\"target\":{\"@type\":\"EntryPoint\",\"urlTemplate\":\"https:\/\/sagitta-safety.com\/en\/?s={search_term_string}\"},\"query-input\":{\"@type\":\"PropertyValueSpecification\",\"valueRequired\":true,\"valueName\":\"search_term_string\"}}],\"inLanguage\":\"en-US\"}]}<\/script>\n<!-- \/ Yoast SEO plugin. -->","yoast_head_json":{"title":"SAFRON - Sagitta, \u0161pecialista na o\u010dn\u00fa optiku","robots":{"index":"index","follow":"follow","max-snippet":"max-snippet:-1","max-image-preview":"max-image-preview:large","max-video-preview":"max-video-preview:-1"},"canonical":"https:\/\/sagitta-safety.com\/en\/produkt\/safron\/","og_locale":"en_US","og_type":"article","og_title":"SAFRON - Sagitta, \u0161pecialista na o\u010dn\u00fa optiku","og_description":"dioptrick\u00e9 ochrann\u00e9 okuliare so zv\u00fd\u0161enou ochranou proti letiacim \u010dasticiam  ve\u013ekoryso otvoren\u00e9 perif\u00e9rne videnie  zv\u00fd\u0161en\u00e1 tesnos\u0165 v nado\u010dnicovej \u010dasti zabra\u0148uje riziku prenikania \u010dast\u00edc do priestoru o\u010d\u00ed  m\u00e4kk\u00fd nosn\u00edk s prevetr\u00e1van\u00edm  flexibilne stranice s v\u00fdborn\u00fdm pri\u013enut\u00edm a fix\u00e1ciou na hlave","og_url":"https:\/\/sagitta-safety.com\/en\/produkt\/safron\/","og_site_name":"Sagitta, \u0161pecialista na o\u010dn\u00fa optiku","article_modified_time":"2022-10-08T13:00:02+00:00","og_image":[{"width":1772,"height":1772,"url":"https:\/\/sagitta-safety.com\/wp-content\/uploads\/2020\/12\/Safron-2.jpg","type":"image\/jpeg"}],"twitter_card":"summary_large_image","schema":{"@context":"https:\/\/schema.org","@graph":[{"@type":"WebPage","@id":"https:\/\/sagitta-safety.com\/cz\/produkt\/safron\/","url":"https:\/\/sagitta-safety.com\/cz\/produkt\/safron\/","name":"SAFRON - Sagitta, \u0161pecialista na o\u010dn\u00fa optiku","isPartOf":{"@id":"https:\/\/sagitta-safety.com\/en\/#website"},"primaryImageOfPage":{"@id":"https:\/\/sagitta-safety.com\/cz\/produkt\/safron\/#primaryimage"},"image":{"@id":"https:\/\/sagitta-safety.com\/cz\/produkt\/safron\/#primaryimage"},"thumbnailUrl":"https:\/\/sagitta-safety.com\/wp-content\/uploads\/2020\/12\/Safron-2.jpg","datePublished":"2020-12-16T19:17:04+00:00","dateModified":"2022-10-08T13:00:02+00:00","breadcrumb":{"@id":"https:\/\/sagitta-safety.com\/cz\/produkt\/safron\/#breadcrumb"},"inLanguage":"en-US","potentialAction":[{"@type":"ReadAction","target":["https:\/\/sagitta-safety.com\/cz\/produkt\/safron\/"]}]},{"@type":"ImageObject","inLanguage":"en-US","@id":"https:\/\/sagitta-safety.com\/cz\/produkt\/safron\/#primaryimage","url":"https:\/\/sagitta-safety.com\/wp-content\/uploads\/2020\/12\/Safron-2.jpg","contentUrl":"https:\/\/sagitta-safety.com\/wp-content\/uploads\/2020\/12\/Safron-2.jpg","width":1772,"height":1772},{"@type":"BreadcrumbList","@id":"https:\/\/sagitta-safety.com\/cz\/produkt\/safron\/#breadcrumb","itemListElement":[{"@type":"ListItem","position":1,"name":"Home","item":"https:\/\/sagitta-safety.com\/cz\/"},{"@type":"ListItem","position":2,"name":"Ochrana zraku","item":"https:\/\/sagitta-safety.com\/en\/eye-protection\/"},{"@type":"ListItem","position":3,"name":"SAFRON"}]},{"@type":"WebSite","@id":"https:\/\/sagitta-safety.com\/en\/#website","url":"https:\/\/sagitta-safety.com\/en\/","name":"Sagitta, the specialist in optics","description":"Profesion\u00e1lna ochrana zraku pre priemysel | SAGITTA","potentialAction":[{"@type":"SearchAction","target":{"@type":"EntryPoint","urlTemplate":"https:\/\/sagitta-safety.com\/en\/?s={search_term_string}"},"query-input":{"@type":"PropertyValueSpecification","valueRequired":true,"valueName":"search_term_string"}}],"inLanguage":"en-US"}]}},"_links":{"self":[{"href":"https:\/\/sagitta-safety.com\/en\/wp-json\/wp\/v2\/product\/4130","targetHints":{"allow":["GET"]}}],"collection":[{"href":"https:\/\/sagitta-safety.com\/en\/wp-json\/wp\/v2\/product"}],"about":[{"href":"https:\/\/sagitta-safety.com\/en\/wp-json\/wp\/v2\/types\/product"}],"wp:featuredmedia":[{"embeddable":true,"href":"https:\/\/sagitta-safety.com\/en\/wp-json\/wp\/v2\/media\/8518"}],"wp:attachment":[{"href":"https:\/\/sagitta-safety.com\/en\/wp-json\/wp\/v2\/media?parent=4130"}],"wp:term":[{"taxonomy":"product_brand","embeddable":true,"href":"https:\/\/sagitta-safety.com\/en\/wp-json\/wp\/v2\/product_brand?post=4130"},{"taxonomy":"product_cat","embeddable":true,"href":"https:\/\/sagitta-safety.com\/en\/wp-json\/wp\/v2\/product_cat?post=4130"},{"taxonomy":"product_tag","embeddable":true,"href":"https:\/\/sagitta-safety.com\/en\/wp-json\/wp\/v2\/product_tag?post=4130"}],"curies":[{"name":"wp","href":"https:\/\/api.w.org\/{rel}","templated":true}]}}