{"id":1856,"date":"2017-11-04T20:17:54","date_gmt":"2017-11-04T19:17:54","guid":{"rendered":"http:\/\/sagitta-safety.com\/produkt\/elasticky-pas\/"},"modified":"2020-12-17T13:15:59","modified_gmt":"2020-12-17T12:15:59","slug":"elasticky-pas","status":"publish","type":"product","link":"https:\/\/sagitta-safety.com\/en\/product\/elasticky-pas\/","title":{"rendered":"Elastick\u00fd p\u00e1s"},"content":{"rendered":"","protected":false},"excerpt":{"rendered":"<p>Elastick\u00e1 p\u00e1ska na fix\u00e1ciu okuliarov na hlave proti zo\u0161myknutiu.<\/p>","protected":false},"featured_media":2994,"template":"","meta":{"_et_pb_use_builder":"","_et_pb_old_content":"","_et_gb_content_width":""},"product_brand":[],"product_cat":[178],"product_tag":[],"class_list":{"0":"post-1856","1":"product","2":"type-product","3":"status-publish","4":"has-post-thumbnail","6":"product_cat-prislusenstvo-pre-okuliare","8":"first","9":"instock","10":"shipping-taxable","11":"product-type-simple"},"yoast_head":"<!-- This site is optimized with the Yoast SEO plugin v26.1.1 - https:\/\/yoast.com\/wordpress\/plugins\/seo\/ -->\n<title>Elastick\u00fd p\u00e1s - Sagitta, \u0161pecialista na o\u010dn\u00fa optiku<\/title>\n<meta name=\"robots\" content=\"index, follow, max-snippet:-1, max-image-preview:large, max-video-preview:-1\" \/>\n<link rel=\"canonical\" href=\"https:\/\/sagitta-safety.com\/en\/produkt\/elasticky-pas\/\" \/>\n<meta property=\"og:locale\" content=\"en_US\" \/>\n<meta property=\"og:type\" content=\"article\" \/>\n<meta property=\"og:title\" content=\"Elastick\u00fd p\u00e1s - Sagitta, \u0161pecialista na o\u010dn\u00fa optiku\" \/>\n<meta property=\"og:description\" content=\"Elastick\u00e1 p\u00e1ska na fix\u00e1ciu okuliarov na hlave proti zo\u0161myknutiu.\" \/>\n<meta property=\"og:url\" content=\"https:\/\/sagitta-safety.com\/en\/produkt\/elasticky-pas\/\" \/>\n<meta property=\"og:site_name\" content=\"Sagitta, \u0161pecialista na o\u010dn\u00fa optiku\" \/>\n<meta property=\"article:modified_time\" content=\"2020-12-17T12:15:59+00:00\" \/>\n<meta property=\"og:image\" content=\"https:\/\/sagitta-safety.com\/wp-content\/uploads\/2020\/12\/elasticky-pas-1.jpg\" \/>\n\t<meta property=\"og:image:width\" content=\"924\" \/>\n\t<meta property=\"og:image:height\" content=\"924\" \/>\n\t<meta property=\"og:image:type\" content=\"image\/jpeg\" \/>\n<meta name=\"twitter:card\" content=\"summary_large_image\" \/>\n<script type=\"application\/ld+json\" class=\"yoast-schema-graph\">{\"@context\":\"https:\/\/schema.org\",\"@graph\":[{\"@type\":\"WebPage\",\"@id\":\"https:\/\/sagitta-safety.com\/cz\/produkt\/elasticky-pas\/\",\"url\":\"https:\/\/sagitta-safety.com\/cz\/produkt\/elasticky-pas\/\",\"name\":\"Elastick\u00fd p\u00e1s - Sagitta, \u0161pecialista na o\u010dn\u00fa optiku\",\"isPartOf\":{\"@id\":\"https:\/\/sagitta-safety.com\/en\/#website\"},\"primaryImageOfPage\":{\"@id\":\"https:\/\/sagitta-safety.com\/cz\/produkt\/elasticky-pas\/#primaryimage\"},\"image\":{\"@id\":\"https:\/\/sagitta-safety.com\/cz\/produkt\/elasticky-pas\/#primaryimage\"},\"thumbnailUrl\":\"https:\/\/sagitta-safety.com\/wp-content\/uploads\/2020\/12\/elasticky-pas-1.jpg\",\"datePublished\":\"2017-11-04T19:17:54+00:00\",\"dateModified\":\"2020-12-17T12:15:59+00:00\",\"breadcrumb\":{\"@id\":\"https:\/\/sagitta-safety.com\/cz\/produkt\/elasticky-pas\/#breadcrumb\"},\"inLanguage\":\"en-US\",\"potentialAction\":[{\"@type\":\"ReadAction\",\"target\":[\"https:\/\/sagitta-safety.com\/cz\/produkt\/elasticky-pas\/\"]}]},{\"@type\":\"ImageObject\",\"inLanguage\":\"en-US\",\"@id\":\"https:\/\/sagitta-safety.com\/cz\/produkt\/elasticky-pas\/#primaryimage\",\"url\":\"https:\/\/sagitta-safety.com\/wp-content\/uploads\/2020\/12\/elasticky-pas-1.jpg\",\"contentUrl\":\"https:\/\/sagitta-safety.com\/wp-content\/uploads\/2020\/12\/elasticky-pas-1.jpg\",\"width\":924,\"height\":924,\"caption\":\"Elastick\u00fd p\u00e1s\"},{\"@type\":\"BreadcrumbList\",\"@id\":\"https:\/\/sagitta-safety.com\/cz\/produkt\/elasticky-pas\/#breadcrumb\",\"itemListElement\":[{\"@type\":\"ListItem\",\"position\":1,\"name\":\"Home\",\"item\":\"https:\/\/sagitta-safety.com\/cz\/\"},{\"@type\":\"ListItem\",\"position\":2,\"name\":\"Ochrana zraku\",\"item\":\"https:\/\/sagitta-safety.com\/en\/eye-protection\/\"},{\"@type\":\"ListItem\",\"position\":3,\"name\":\"Elastick\u00fd p\u00e1s\"}]},{\"@type\":\"WebSite\",\"@id\":\"https:\/\/sagitta-safety.com\/en\/#website\",\"url\":\"https:\/\/sagitta-safety.com\/en\/\",\"name\":\"Sagitta, \u0161pecialista na o\u010dn\u00fa optiku\",\"description\":\"Profesion\u00e1lna ochrana zraku pre priemysel | SAGITTA\",\"potentialAction\":[{\"@type\":\"SearchAction\",\"target\":{\"@type\":\"EntryPoint\",\"urlTemplate\":\"https:\/\/sagitta-safety.com\/en\/?s={search_term_string}\"},\"query-input\":{\"@type\":\"PropertyValueSpecification\",\"valueRequired\":true,\"valueName\":\"search_term_string\"}}],\"inLanguage\":\"en-US\"}]}<\/script>\n<!-- \/ Yoast SEO plugin. -->","yoast_head_json":{"title":"Elastick\u00fd p\u00e1s - Sagitta, \u0161pecialista na o\u010dn\u00fa optiku","robots":{"index":"index","follow":"follow","max-snippet":"max-snippet:-1","max-image-preview":"max-image-preview:large","max-video-preview":"max-video-preview:-1"},"canonical":"https:\/\/sagitta-safety.com\/en\/produkt\/elasticky-pas\/","og_locale":"en_US","og_type":"article","og_title":"Elastick\u00fd p\u00e1s - Sagitta, \u0161pecialista na o\u010dn\u00fa optiku","og_description":"Elastick\u00e1 p\u00e1ska na fix\u00e1ciu okuliarov na hlave proti zo\u0161myknutiu.","og_url":"https:\/\/sagitta-safety.com\/en\/produkt\/elasticky-pas\/","og_site_name":"Sagitta, \u0161pecialista na o\u010dn\u00fa optiku","article_modified_time":"2020-12-17T12:15:59+00:00","og_image":[{"width":924,"height":924,"url":"https:\/\/sagitta-safety.com\/wp-content\/uploads\/2020\/12\/elasticky-pas-1.jpg","type":"image\/jpeg"}],"twitter_card":"summary_large_image","schema":{"@context":"https:\/\/schema.org","@graph":[{"@type":"WebPage","@id":"https:\/\/sagitta-safety.com\/cz\/produkt\/elasticky-pas\/","url":"https:\/\/sagitta-safety.com\/cz\/produkt\/elasticky-pas\/","name":"Elastick\u00fd p\u00e1s - Sagitta, \u0161pecialista na o\u010dn\u00fa optiku","isPartOf":{"@id":"https:\/\/sagitta-safety.com\/en\/#website"},"primaryImageOfPage":{"@id":"https:\/\/sagitta-safety.com\/cz\/produkt\/elasticky-pas\/#primaryimage"},"image":{"@id":"https:\/\/sagitta-safety.com\/cz\/produkt\/elasticky-pas\/#primaryimage"},"thumbnailUrl":"https:\/\/sagitta-safety.com\/wp-content\/uploads\/2020\/12\/elasticky-pas-1.jpg","datePublished":"2017-11-04T19:17:54+00:00","dateModified":"2020-12-17T12:15:59+00:00","breadcrumb":{"@id":"https:\/\/sagitta-safety.com\/cz\/produkt\/elasticky-pas\/#breadcrumb"},"inLanguage":"en-US","potentialAction":[{"@type":"ReadAction","target":["https:\/\/sagitta-safety.com\/cz\/produkt\/elasticky-pas\/"]}]},{"@type":"ImageObject","inLanguage":"en-US","@id":"https:\/\/sagitta-safety.com\/cz\/produkt\/elasticky-pas\/#primaryimage","url":"https:\/\/sagitta-safety.com\/wp-content\/uploads\/2020\/12\/elasticky-pas-1.jpg","contentUrl":"https:\/\/sagitta-safety.com\/wp-content\/uploads\/2020\/12\/elasticky-pas-1.jpg","width":924,"height":924,"caption":"Elastick\u00fd p\u00e1s"},{"@type":"BreadcrumbList","@id":"https:\/\/sagitta-safety.com\/cz\/produkt\/elasticky-pas\/#breadcrumb","itemListElement":[{"@type":"ListItem","position":1,"name":"Home","item":"https:\/\/sagitta-safety.com\/cz\/"},{"@type":"ListItem","position":2,"name":"Ochrana zraku","item":"https:\/\/sagitta-safety.com\/en\/eye-protection\/"},{"@type":"ListItem","position":3,"name":"Elastick\u00fd p\u00e1s"}]},{"@type":"WebSite","@id":"https:\/\/sagitta-safety.com\/en\/#website","url":"https:\/\/sagitta-safety.com\/en\/","name":"Sagitta, the specialist in optics","description":"Profesion\u00e1lna ochrana zraku pre priemysel | SAGITTA","potentialAction":[{"@type":"SearchAction","target":{"@type":"EntryPoint","urlTemplate":"https:\/\/sagitta-safety.com\/en\/?s={search_term_string}"},"query-input":{"@type":"PropertyValueSpecification","valueRequired":true,"valueName":"search_term_string"}}],"inLanguage":"en-US"}]}},"_links":{"self":[{"href":"https:\/\/sagitta-safety.com\/en\/wp-json\/wp\/v2\/product\/1856","targetHints":{"allow":["GET"]}}],"collection":[{"href":"https:\/\/sagitta-safety.com\/en\/wp-json\/wp\/v2\/product"}],"about":[{"href":"https:\/\/sagitta-safety.com\/en\/wp-json\/wp\/v2\/types\/product"}],"wp:featuredmedia":[{"embeddable":true,"href":"https:\/\/sagitta-safety.com\/en\/wp-json\/wp\/v2\/media\/2994"}],"wp:attachment":[{"href":"https:\/\/sagitta-safety.com\/en\/wp-json\/wp\/v2\/media?parent=1856"}],"wp:term":[{"taxonomy":"product_brand","embeddable":true,"href":"https:\/\/sagitta-safety.com\/en\/wp-json\/wp\/v2\/product_brand?post=1856"},{"taxonomy":"product_cat","embeddable":true,"href":"https:\/\/sagitta-safety.com\/en\/wp-json\/wp\/v2\/product_cat?post=1856"},{"taxonomy":"product_tag","embeddable":true,"href":"https:\/\/sagitta-safety.com\/en\/wp-json\/wp\/v2\/product_tag?post=1856"}],"curies":[{"name":"wp","href":"https:\/\/api.w.org\/{rel}","templated":true}]}}