{"id":1476,"date":"2017-07-17T12:18:46","date_gmt":"2017-07-17T10:18:46","guid":{"rendered":"http:\/\/sagitta-safety.com\/produkt\/optor-s-infrared\/"},"modified":"2021-04-09T18:14:44","modified_gmt":"2021-04-09T16:14:44","slug":"optor-s-infrared","status":"publish","type":"product","link":"https:\/\/sagitta-safety.com\/en\/product\/optor-s-infrared\/","title":{"rendered":"OPTOR S&nbsp;INFRARED"},"content":{"rendered":"","protected":false},"excerpt":{"rendered":"<ul>\n<li>ochrann\u00e9 okuliare chr\u00e1nia zrak pred IR \u017eiaren\u00edm<\/li>\n<li>IR filter absorbuje \u0161kodliv\u00e9 infra\u010derven\u00e9 \u017eiarenie v&nbsp;oblasti od 780 nm do 1400 nm a&nbsp;UV \u017eiarenie<\/li>\n<li>dizajn okuliarov bol vytvoren\u00fd tak, aby maxim\u00e1lne chr\u00e1nili zrak a&nbsp;z\u00e1rove\u0148 aby ide\u00e1lne sadli na tv\u00e1r<\/li>\n<li>bo\u010dn\u00e1 ochrana integrovan\u00e1 v&nbsp;dizajne r\u00e1mu, ve\u013ek\u00e9 o\u010dnice zabezpe\u010duj\u00face \u0161irok\u00e9 zorn\u00e9 pole<\/li>\n<li>nastavenie d\u013a\u017eky stran\u00edc pod\u013ea individu\u00e1lnych po\u017eiadaviek<\/li>\n<li>m\u00e4kk\u00e9, ergonomicky tvarovate\u013en\u00e9 stranice pod\u013ea potrieb u\u017e\u00edvate\u013ea<\/li>\n<li>slu\u010dky na straniciach fixuj\u00fa okuliare na tv\u00e1ri pri prudk\u00fdch pohyboch<\/li>\n<li>\u00farove\u0148 ochrany: 4-1,7 (EN 171)<\/li>\n<\/ul>","protected":false},"featured_media":7875,"template":"","meta":{"_et_pb_use_builder":"","_et_pb_old_content":"","_et_gb_content_width":""},"product_brand":[],"product_cat":[173],"product_tag":[],"class_list":{"0":"post-1476","1":"product","2":"type-product","3":"status-publish","4":"has-post-thumbnail","6":"product_cat-ochranne-okuliare-na-uv-ir-ziarenie","8":"first","9":"instock","10":"shipping-taxable","11":"product-type-simple"},"yoast_head":"<!-- This site is optimized with the Yoast SEO plugin v26.1.1 - https:\/\/yoast.com\/wordpress\/plugins\/seo\/ -->\n<title>OPTOR S INFRARED - Sagitta, \u0161pecialista na o\u010dn\u00fa optiku<\/title>\n<meta name=\"robots\" content=\"index, follow, max-snippet:-1, max-image-preview:large, max-video-preview:-1\" \/>\n<link rel=\"canonical\" href=\"https:\/\/sagitta-safety.com\/en\/produkt\/optor-s-infrared\/\" \/>\n<meta property=\"og:locale\" content=\"en_US\" \/>\n<meta property=\"og:type\" content=\"article\" \/>\n<meta property=\"og:title\" content=\"OPTOR S INFRARED - Sagitta, \u0161pecialista na o\u010dn\u00fa optiku\" \/>\n<meta property=\"og:description\" content=\"ochrann\u00e9 okuliare chr\u00e1nia zrak pred IR \u017eiaren\u00edm  IR filter absorbuje \u0161kodliv\u00e9 infra\u010derven\u00e9 \u017eiarenie v oblasti od 780 nm do 1400 nm a UV \u017eiarenie  dizajn okuliarov bol vytvoren\u00fd tak, aby maxim\u00e1lne chr\u00e1nili zrak a z\u00e1rove\u0148 aby ide\u00e1lne sadli na tv\u00e1r  bo\u010dn\u00e1 ochrana integrovan\u00e1 v dizajne r\u00e1mu, ve\u013ek\u00e9 o\u010dnice zabezpe\u010duj\u00face \u0161irok\u00e9 zorn\u00e9 pole  nastavenie d\u013a\u017eky stran\u00edc pod\u013ea individu\u00e1lnych po\u017eiadaviek  m\u00e4kk\u00e9, ergonomicky tvarovate\u013en\u00e9 stranice pod\u013ea potrieb u\u017e\u00edvate\u013ea  slu\u010dky na straniciach fixuj\u00fa okuliare na tv\u00e1ri pri prudk\u00fdch pohyboch  \u00farove\u0148 ochrany: 4-1,7 (EN 171)\" \/>\n<meta property=\"og:url\" content=\"https:\/\/sagitta-safety.com\/en\/produkt\/optor-s-infrared\/\" \/>\n<meta property=\"og:site_name\" content=\"Sagitta, \u0161pecialista na o\u010dn\u00fa optiku\" \/>\n<meta property=\"article:modified_time\" content=\"2021-04-09T16:14:44+00:00\" \/>\n<meta property=\"og:image\" content=\"https:\/\/sagitta-safety.com\/wp-content\/uploads\/2017\/07\/optor-s-infrared_1.jpg\" \/>\n\t<meta property=\"og:image:width\" content=\"1200\" \/>\n\t<meta property=\"og:image:height\" content=\"1200\" \/>\n\t<meta property=\"og:image:type\" content=\"image\/jpeg\" \/>\n<meta name=\"twitter:card\" content=\"summary_large_image\" \/>\n<script type=\"application\/ld+json\" class=\"yoast-schema-graph\">{\"@context\":\"https:\/\/schema.org\",\"@graph\":[{\"@type\":\"WebPage\",\"@id\":\"https:\/\/sagitta-safety.com\/cz\/produkt\/optor-s-infrared\/\",\"url\":\"https:\/\/sagitta-safety.com\/cz\/produkt\/optor-s-infrared\/\",\"name\":\"OPTOR S INFRARED - Sagitta, \u0161pecialista na o\u010dn\u00fa optiku\",\"isPartOf\":{\"@id\":\"https:\/\/sagitta-safety.com\/en\/#website\"},\"primaryImageOfPage\":{\"@id\":\"https:\/\/sagitta-safety.com\/cz\/produkt\/optor-s-infrared\/#primaryimage\"},\"image\":{\"@id\":\"https:\/\/sagitta-safety.com\/cz\/produkt\/optor-s-infrared\/#primaryimage\"},\"thumbnailUrl\":\"https:\/\/sagitta-safety.com\/wp-content\/uploads\/2017\/07\/optor-s-infrared_1.jpg\",\"datePublished\":\"2017-07-17T10:18:46+00:00\",\"dateModified\":\"2021-04-09T16:14:44+00:00\",\"breadcrumb\":{\"@id\":\"https:\/\/sagitta-safety.com\/cz\/produkt\/optor-s-infrared\/#breadcrumb\"},\"inLanguage\":\"en-US\",\"potentialAction\":[{\"@type\":\"ReadAction\",\"target\":[\"https:\/\/sagitta-safety.com\/cz\/produkt\/optor-s-infrared\/\"]}]},{\"@type\":\"ImageObject\",\"inLanguage\":\"en-US\",\"@id\":\"https:\/\/sagitta-safety.com\/cz\/produkt\/optor-s-infrared\/#primaryimage\",\"url\":\"https:\/\/sagitta-safety.com\/wp-content\/uploads\/2017\/07\/optor-s-infrared_1.jpg\",\"contentUrl\":\"https:\/\/sagitta-safety.com\/wp-content\/uploads\/2017\/07\/optor-s-infrared_1.jpg\",\"width\":1200,\"height\":1200},{\"@type\":\"BreadcrumbList\",\"@id\":\"https:\/\/sagitta-safety.com\/cz\/produkt\/optor-s-infrared\/#breadcrumb\",\"itemListElement\":[{\"@type\":\"ListItem\",\"position\":1,\"name\":\"Home\",\"item\":\"https:\/\/sagitta-safety.com\/cz\/\"},{\"@type\":\"ListItem\",\"position\":2,\"name\":\"Ochrana zraku\",\"item\":\"https:\/\/sagitta-safety.com\/en\/eye-protection\/\"},{\"@type\":\"ListItem\",\"position\":3,\"name\":\"OPTOR S&nbsp;INFRARED\"}]},{\"@type\":\"WebSite\",\"@id\":\"https:\/\/sagitta-safety.com\/en\/#website\",\"url\":\"https:\/\/sagitta-safety.com\/en\/\",\"name\":\"Sagitta, \u0161pecialista na o\u010dn\u00fa optiku\",\"description\":\"Profesion\u00e1lna ochrana zraku pre priemysel | SAGITTA\",\"potentialAction\":[{\"@type\":\"SearchAction\",\"target\":{\"@type\":\"EntryPoint\",\"urlTemplate\":\"https:\/\/sagitta-safety.com\/en\/?s={search_term_string}\"},\"query-input\":{\"@type\":\"PropertyValueSpecification\",\"valueRequired\":true,\"valueName\":\"search_term_string\"}}],\"inLanguage\":\"en-US\"}]}<\/script>\n<!-- \/ Yoast SEO plugin. -->","yoast_head_json":{"title":"OPTOR S INFRARED - Sagitta, \u0161pecialista na o\u010dn\u00fa optiku","robots":{"index":"index","follow":"follow","max-snippet":"max-snippet:-1","max-image-preview":"max-image-preview:large","max-video-preview":"max-video-preview:-1"},"canonical":"https:\/\/sagitta-safety.com\/en\/produkt\/optor-s-infrared\/","og_locale":"en_US","og_type":"article","og_title":"OPTOR S INFRARED - Sagitta, \u0161pecialista na o\u010dn\u00fa optiku","og_description":"ochrann\u00e9 okuliare chr\u00e1nia zrak pred IR \u017eiaren\u00edm  IR filter absorbuje \u0161kodliv\u00e9 infra\u010derven\u00e9 \u017eiarenie v oblasti od 780 nm do 1400 nm a UV \u017eiarenie  dizajn okuliarov bol vytvoren\u00fd tak, aby maxim\u00e1lne chr\u00e1nili zrak a z\u00e1rove\u0148 aby ide\u00e1lne sadli na tv\u00e1r  bo\u010dn\u00e1 ochrana integrovan\u00e1 v dizajne r\u00e1mu, ve\u013ek\u00e9 o\u010dnice zabezpe\u010duj\u00face \u0161irok\u00e9 zorn\u00e9 pole  nastavenie d\u013a\u017eky stran\u00edc pod\u013ea individu\u00e1lnych po\u017eiadaviek  m\u00e4kk\u00e9, ergonomicky tvarovate\u013en\u00e9 stranice pod\u013ea potrieb u\u017e\u00edvate\u013ea  slu\u010dky na straniciach fixuj\u00fa okuliare na tv\u00e1ri pri prudk\u00fdch pohyboch  \u00farove\u0148 ochrany: 4-1,7 (EN 171)","og_url":"https:\/\/sagitta-safety.com\/en\/produkt\/optor-s-infrared\/","og_site_name":"Sagitta, \u0161pecialista na o\u010dn\u00fa optiku","article_modified_time":"2021-04-09T16:14:44+00:00","og_image":[{"width":1200,"height":1200,"url":"https:\/\/sagitta-safety.com\/wp-content\/uploads\/2017\/07\/optor-s-infrared_1.jpg","type":"image\/jpeg"}],"twitter_card":"summary_large_image","schema":{"@context":"https:\/\/schema.org","@graph":[{"@type":"WebPage","@id":"https:\/\/sagitta-safety.com\/cz\/produkt\/optor-s-infrared\/","url":"https:\/\/sagitta-safety.com\/cz\/produkt\/optor-s-infrared\/","name":"OPTOR S INFRARED - Sagitta, \u0161pecialista na o\u010dn\u00fa optiku","isPartOf":{"@id":"https:\/\/sagitta-safety.com\/en\/#website"},"primaryImageOfPage":{"@id":"https:\/\/sagitta-safety.com\/cz\/produkt\/optor-s-infrared\/#primaryimage"},"image":{"@id":"https:\/\/sagitta-safety.com\/cz\/produkt\/optor-s-infrared\/#primaryimage"},"thumbnailUrl":"https:\/\/sagitta-safety.com\/wp-content\/uploads\/2017\/07\/optor-s-infrared_1.jpg","datePublished":"2017-07-17T10:18:46+00:00","dateModified":"2021-04-09T16:14:44+00:00","breadcrumb":{"@id":"https:\/\/sagitta-safety.com\/cz\/produkt\/optor-s-infrared\/#breadcrumb"},"inLanguage":"en-US","potentialAction":[{"@type":"ReadAction","target":["https:\/\/sagitta-safety.com\/cz\/produkt\/optor-s-infrared\/"]}]},{"@type":"ImageObject","inLanguage":"en-US","@id":"https:\/\/sagitta-safety.com\/cz\/produkt\/optor-s-infrared\/#primaryimage","url":"https:\/\/sagitta-safety.com\/wp-content\/uploads\/2017\/07\/optor-s-infrared_1.jpg","contentUrl":"https:\/\/sagitta-safety.com\/wp-content\/uploads\/2017\/07\/optor-s-infrared_1.jpg","width":1200,"height":1200},{"@type":"BreadcrumbList","@id":"https:\/\/sagitta-safety.com\/cz\/produkt\/optor-s-infrared\/#breadcrumb","itemListElement":[{"@type":"ListItem","position":1,"name":"Home","item":"https:\/\/sagitta-safety.com\/cz\/"},{"@type":"ListItem","position":2,"name":"Ochrana zraku","item":"https:\/\/sagitta-safety.com\/en\/eye-protection\/"},{"@type":"ListItem","position":3,"name":"OPTOR S&nbsp;INFRARED"}]},{"@type":"WebSite","@id":"https:\/\/sagitta-safety.com\/en\/#website","url":"https:\/\/sagitta-safety.com\/en\/","name":"Sagitta, the specialist in optics","description":"Profesion\u00e1lna ochrana zraku pre priemysel | SAGITTA","potentialAction":[{"@type":"SearchAction","target":{"@type":"EntryPoint","urlTemplate":"https:\/\/sagitta-safety.com\/en\/?s={search_term_string}"},"query-input":{"@type":"PropertyValueSpecification","valueRequired":true,"valueName":"search_term_string"}}],"inLanguage":"en-US"}]}},"_links":{"self":[{"href":"https:\/\/sagitta-safety.com\/en\/wp-json\/wp\/v2\/product\/1476","targetHints":{"allow":["GET"]}}],"collection":[{"href":"https:\/\/sagitta-safety.com\/en\/wp-json\/wp\/v2\/product"}],"about":[{"href":"https:\/\/sagitta-safety.com\/en\/wp-json\/wp\/v2\/types\/product"}],"wp:featuredmedia":[{"embeddable":true,"href":"https:\/\/sagitta-safety.com\/en\/wp-json\/wp\/v2\/media\/7875"}],"wp:attachment":[{"href":"https:\/\/sagitta-safety.com\/en\/wp-json\/wp\/v2\/media?parent=1476"}],"wp:term":[{"taxonomy":"product_brand","embeddable":true,"href":"https:\/\/sagitta-safety.com\/en\/wp-json\/wp\/v2\/product_brand?post=1476"},{"taxonomy":"product_cat","embeddable":true,"href":"https:\/\/sagitta-safety.com\/en\/wp-json\/wp\/v2\/product_cat?post=1476"},{"taxonomy":"product_tag","embeddable":true,"href":"https:\/\/sagitta-safety.com\/en\/wp-json\/wp\/v2\/product_tag?post=1476"}],"curies":[{"name":"wp","href":"https:\/\/api.w.org\/{rel}","templated":true}]}}