{"id":1308,"date":"2017-06-30T10:22:53","date_gmt":"2017-06-30T08:22:53","guid":{"rendered":"http:\/\/sagitta-safety.com\/produkt\/velor-outdoor\/"},"modified":"2021-04-09T18:17:08","modified_gmt":"2021-04-09T16:17:08","slug":"velor-outdoor","status":"publish","type":"product","link":"https:\/\/sagitta-safety.com\/en\/product\/velor-outdoor\/","title":{"rendered":"VELOR Outdoor"},"content":{"rendered":"","protected":false},"excerpt":{"rendered":"<ul>\n<li>kon\u0161trukcia ochrann\u00fdch okuliarov v\u00fdborne prilieha a&nbsp;tesn\u00ed<\/li>\n<li>ve\u013ekoryso otvoren\u00e9 perif\u00e9rne videnie<\/li>\n<li>tesniaca man\u017eeta chr\u00e1ni zrakov\u00fa \u010das\u0165 oka a&nbsp;t\u00fdm zabezpe\u010duje 100% Fit Test<\/li>\n<li>pou\u017eit\u00e1 kombin\u00e1cia dvoch druhov materi\u00e1lov redukuje tlak stranice v&nbsp;oblasti ucha<\/li>\n<li>mo\u017en\u00e1 demont\u00e1\u017e stran\u00edc a&nbsp;ich jednoduch\u00e1 v\u00fdmena za pru\u017en\u00fd p\u00e1sik<\/li>\n<\/ul>","protected":false},"featured_media":2898,"template":"","meta":{"_et_pb_use_builder":"","_et_pb_old_content":"","_et_gb_content_width":""},"product_brand":[],"product_cat":[201],"product_tag":[],"class_list":{"0":"post-1308","1":"product","2":"type-product","3":"status-publish","4":"has-post-thumbnail","6":"product_cat-ochranne-okuliare-outdoor","8":"first","9":"instock","10":"shipping-taxable","11":"product-type-simple"},"yoast_head":"<!-- This site is optimized with the Yoast SEO plugin v26.1.1 - https:\/\/yoast.com\/wordpress\/plugins\/seo\/ -->\n<title>VELOR Outdoor - Sagitta, \u0161pecialista na o\u010dn\u00fa optiku<\/title>\n<meta name=\"robots\" content=\"index, follow, max-snippet:-1, max-image-preview:large, max-video-preview:-1\" \/>\n<link rel=\"canonical\" href=\"https:\/\/sagitta-safety.com\/en\/product\/velor-outdoor\/\" \/>\n<meta property=\"og:locale\" content=\"en_US\" \/>\n<meta property=\"og:type\" content=\"article\" \/>\n<meta property=\"og:title\" content=\"VELOR Outdoor - Sagitta, \u0161pecialista na o\u010dn\u00fa optiku\" \/>\n<meta property=\"og:description\" content=\"kon\u0161trukcia ochrann\u00fdch okuliarov v\u00fdborne prilieha a tesn\u00ed  ve\u013ekoryso otvoren\u00e9 perif\u00e9rne videnie  tesniaca man\u017eeta chr\u00e1ni zrakov\u00fa \u010das\u0165 oka a t\u00fdm zabezpe\u010duje 100% Fit Test  pou\u017eit\u00e1 kombin\u00e1cia dvoch druhov materi\u00e1lov redukuje tlak stranice v oblasti ucha  mo\u017en\u00e1 demont\u00e1\u017e stran\u00edc a ich jednoduch\u00e1 v\u00fdmena za pru\u017en\u00fd p\u00e1sik\" \/>\n<meta property=\"og:url\" content=\"https:\/\/sagitta-safety.com\/en\/product\/velor-outdoor\/\" \/>\n<meta property=\"og:site_name\" content=\"Sagitta, \u0161pecialista na o\u010dn\u00fa optiku\" \/>\n<meta property=\"article:modified_time\" content=\"2021-04-09T16:17:08+00:00\" \/>\n<meta property=\"og:image\" content=\"https:\/\/sagitta-safety.com\/wp-content\/uploads\/2020\/12\/VELOR-outdoor-9600-625-1.jpg\" \/>\n\t<meta property=\"og:image:width\" content=\"1772\" \/>\n\t<meta property=\"og:image:height\" content=\"709\" \/>\n\t<meta property=\"og:image:type\" content=\"image\/jpeg\" \/>\n<meta name=\"twitter:card\" content=\"summary_large_image\" \/>\n<script type=\"application\/ld+json\" class=\"yoast-schema-graph\">{\"@context\":\"https:\/\/schema.org\",\"@graph\":[{\"@type\":\"WebPage\",\"@id\":\"https:\/\/sagitta-safety.com\/sk\/produkt\/velor-outdoor\/\",\"url\":\"https:\/\/sagitta-safety.com\/sk\/produkt\/velor-outdoor\/\",\"name\":\"VELOR Outdoor - Sagitta, \u0161pecialista na o\u010dn\u00fa optiku\",\"isPartOf\":{\"@id\":\"https:\/\/sagitta-safety.com\/en\/#website\"},\"primaryImageOfPage\":{\"@id\":\"https:\/\/sagitta-safety.com\/sk\/produkt\/velor-outdoor\/#primaryimage\"},\"image\":{\"@id\":\"https:\/\/sagitta-safety.com\/sk\/produkt\/velor-outdoor\/#primaryimage\"},\"thumbnailUrl\":\"https:\/\/sagitta-safety.com\/wp-content\/uploads\/2020\/12\/VELOR-outdoor-9600-625-1.jpg\",\"datePublished\":\"2017-06-30T08:22:53+00:00\",\"dateModified\":\"2021-04-09T16:17:08+00:00\",\"breadcrumb\":{\"@id\":\"https:\/\/sagitta-safety.com\/sk\/produkt\/velor-outdoor\/#breadcrumb\"},\"inLanguage\":\"en-US\",\"potentialAction\":[{\"@type\":\"ReadAction\",\"target\":[\"https:\/\/sagitta-safety.com\/sk\/produkt\/velor-outdoor\/\"]}]},{\"@type\":\"ImageObject\",\"inLanguage\":\"en-US\",\"@id\":\"https:\/\/sagitta-safety.com\/sk\/produkt\/velor-outdoor\/#primaryimage\",\"url\":\"https:\/\/sagitta-safety.com\/wp-content\/uploads\/2020\/12\/VELOR-outdoor-9600-625-1.jpg\",\"contentUrl\":\"https:\/\/sagitta-safety.com\/wp-content\/uploads\/2020\/12\/VELOR-outdoor-9600-625-1.jpg\",\"width\":1772,\"height\":709,\"caption\":\"VELOR Outdoor\"},{\"@type\":\"BreadcrumbList\",\"@id\":\"https:\/\/sagitta-safety.com\/sk\/produkt\/velor-outdoor\/#breadcrumb\",\"itemListElement\":[{\"@type\":\"ListItem\",\"position\":1,\"name\":\"Home\",\"item\":\"https:\/\/sagitta-safety.com\/cz\/\"},{\"@type\":\"ListItem\",\"position\":2,\"name\":\"Ochrana zraku\",\"item\":\"https:\/\/sagitta-safety.com\/en\/eye-protection\/\"},{\"@type\":\"ListItem\",\"position\":3,\"name\":\"VELOR Outdoor\"}]},{\"@type\":\"WebSite\",\"@id\":\"https:\/\/sagitta-safety.com\/en\/#website\",\"url\":\"https:\/\/sagitta-safety.com\/en\/\",\"name\":\"Sagitta, \u0161pecialista na o\u010dn\u00fa optiku\",\"description\":\"Profesion\u00e1lna ochrana zraku pre priemysel | SAGITTA\",\"potentialAction\":[{\"@type\":\"SearchAction\",\"target\":{\"@type\":\"EntryPoint\",\"urlTemplate\":\"https:\/\/sagitta-safety.com\/en\/?s={search_term_string}\"},\"query-input\":{\"@type\":\"PropertyValueSpecification\",\"valueRequired\":true,\"valueName\":\"search_term_string\"}}],\"inLanguage\":\"en-US\"}]}<\/script>\n<!-- \/ Yoast SEO plugin. -->","yoast_head_json":{"title":"VELOR Outdoor - Sagitta, \u0161pecialista na o\u010dn\u00fa optiku","robots":{"index":"index","follow":"follow","max-snippet":"max-snippet:-1","max-image-preview":"max-image-preview:large","max-video-preview":"max-video-preview:-1"},"canonical":"https:\/\/sagitta-safety.com\/en\/product\/velor-outdoor\/","og_locale":"en_US","og_type":"article","og_title":"VELOR Outdoor - Sagitta, \u0161pecialista na o\u010dn\u00fa optiku","og_description":"kon\u0161trukcia ochrann\u00fdch okuliarov v\u00fdborne prilieha a tesn\u00ed  ve\u013ekoryso otvoren\u00e9 perif\u00e9rne videnie  tesniaca man\u017eeta chr\u00e1ni zrakov\u00fa \u010das\u0165 oka a t\u00fdm zabezpe\u010duje 100% Fit Test  pou\u017eit\u00e1 kombin\u00e1cia dvoch druhov materi\u00e1lov redukuje tlak stranice v oblasti ucha  mo\u017en\u00e1 demont\u00e1\u017e stran\u00edc a ich jednoduch\u00e1 v\u00fdmena za pru\u017en\u00fd p\u00e1sik","og_url":"https:\/\/sagitta-safety.com\/en\/product\/velor-outdoor\/","og_site_name":"Sagitta, \u0161pecialista na o\u010dn\u00fa optiku","article_modified_time":"2021-04-09T16:17:08+00:00","og_image":[{"width":1772,"height":709,"url":"https:\/\/sagitta-safety.com\/wp-content\/uploads\/2020\/12\/VELOR-outdoor-9600-625-1.jpg","type":"image\/jpeg"}],"twitter_card":"summary_large_image","schema":{"@context":"https:\/\/schema.org","@graph":[{"@type":"WebPage","@id":"https:\/\/sagitta-safety.com\/sk\/produkt\/velor-outdoor\/","url":"https:\/\/sagitta-safety.com\/sk\/produkt\/velor-outdoor\/","name":"VELOR Outdoor - Sagitta, \u0161pecialista na o\u010dn\u00fa optiku","isPartOf":{"@id":"https:\/\/sagitta-safety.com\/en\/#website"},"primaryImageOfPage":{"@id":"https:\/\/sagitta-safety.com\/sk\/produkt\/velor-outdoor\/#primaryimage"},"image":{"@id":"https:\/\/sagitta-safety.com\/sk\/produkt\/velor-outdoor\/#primaryimage"},"thumbnailUrl":"https:\/\/sagitta-safety.com\/wp-content\/uploads\/2020\/12\/VELOR-outdoor-9600-625-1.jpg","datePublished":"2017-06-30T08:22:53+00:00","dateModified":"2021-04-09T16:17:08+00:00","breadcrumb":{"@id":"https:\/\/sagitta-safety.com\/sk\/produkt\/velor-outdoor\/#breadcrumb"},"inLanguage":"en-US","potentialAction":[{"@type":"ReadAction","target":["https:\/\/sagitta-safety.com\/sk\/produkt\/velor-outdoor\/"]}]},{"@type":"ImageObject","inLanguage":"en-US","@id":"https:\/\/sagitta-safety.com\/sk\/produkt\/velor-outdoor\/#primaryimage","url":"https:\/\/sagitta-safety.com\/wp-content\/uploads\/2020\/12\/VELOR-outdoor-9600-625-1.jpg","contentUrl":"https:\/\/sagitta-safety.com\/wp-content\/uploads\/2020\/12\/VELOR-outdoor-9600-625-1.jpg","width":1772,"height":709,"caption":"VELOR Outdoor"},{"@type":"BreadcrumbList","@id":"https:\/\/sagitta-safety.com\/sk\/produkt\/velor-outdoor\/#breadcrumb","itemListElement":[{"@type":"ListItem","position":1,"name":"Home","item":"https:\/\/sagitta-safety.com\/cz\/"},{"@type":"ListItem","position":2,"name":"Ochrana zraku","item":"https:\/\/sagitta-safety.com\/en\/eye-protection\/"},{"@type":"ListItem","position":3,"name":"VELOR Outdoor"}]},{"@type":"WebSite","@id":"https:\/\/sagitta-safety.com\/en\/#website","url":"https:\/\/sagitta-safety.com\/en\/","name":"Sagitta, the specialist in optics","description":"Profesion\u00e1lna ochrana zraku pre priemysel | SAGITTA","potentialAction":[{"@type":"SearchAction","target":{"@type":"EntryPoint","urlTemplate":"https:\/\/sagitta-safety.com\/en\/?s={search_term_string}"},"query-input":{"@type":"PropertyValueSpecification","valueRequired":true,"valueName":"search_term_string"}}],"inLanguage":"en-US"}]}},"_links":{"self":[{"href":"https:\/\/sagitta-safety.com\/en\/wp-json\/wp\/v2\/product\/1308","targetHints":{"allow":["GET"]}}],"collection":[{"href":"https:\/\/sagitta-safety.com\/en\/wp-json\/wp\/v2\/product"}],"about":[{"href":"https:\/\/sagitta-safety.com\/en\/wp-json\/wp\/v2\/types\/product"}],"wp:featuredmedia":[{"embeddable":true,"href":"https:\/\/sagitta-safety.com\/en\/wp-json\/wp\/v2\/media\/2898"}],"wp:attachment":[{"href":"https:\/\/sagitta-safety.com\/en\/wp-json\/wp\/v2\/media?parent=1308"}],"wp:term":[{"taxonomy":"product_brand","embeddable":true,"href":"https:\/\/sagitta-safety.com\/en\/wp-json\/wp\/v2\/product_brand?post=1308"},{"taxonomy":"product_cat","embeddable":true,"href":"https:\/\/sagitta-safety.com\/en\/wp-json\/wp\/v2\/product_cat?post=1308"},{"taxonomy":"product_tag","embeddable":true,"href":"https:\/\/sagitta-safety.com\/en\/wp-json\/wp\/v2\/product_tag?post=1308"}],"curies":[{"name":"wp","href":"https:\/\/api.w.org\/{rel}","templated":true}]}}