{"id":10532,"date":"2024-10-14T16:49:56","date_gmt":"2024-10-14T14:49:56","guid":{"rendered":"https:\/\/sagitta-safety.com\/?post_type=product&#038;p=10532"},"modified":"2024-10-15T13:49:03","modified_gmt":"2024-10-15T11:49:03","slug":"arkon-rx","status":"publish","type":"product","link":"https:\/\/sagitta-safety.com\/en\/product\/arkon-rx\/","title":{"rendered":"ARKON RX"},"content":{"rendered":"","protected":false},"excerpt":{"rendered":"<ul>\n<li>dioptrick\u00fd rozsah: +0,5 \/ +1,0 \/ +1,5 \/ +2,0 \/ +2,5 \/ +3,0 \/ +3,5<\/li>\n<li>jasn\u00e9 a&nbsp;ostr\u00e9 videnie pri pr\u00e1ci bez nutnosti pou\u017ei\u0165 dioptrick\u00e9 okuliare<\/li>\n<li>\u0161irok\u00fd dioptrick\u00fd rozsah ur\u010den\u00fd pri strate schopnosti vidie\u0165 ostro na bl\u00edzko<\/li>\n<li>okuliare pripraven\u00e9 ihne\u010f k&nbsp;pou\u017eitiu &#8211; bez potreby n\u00e1v\u0161tevy o\u010dnej optiky<\/li>\n<li>finan\u010dn\u00e1 \u00faspora pre zv\u00e1ra\u010da &#8211; neni\u010d\u00ed si vlastn\u00e9 dioptrick\u00e9 okuliare v&nbsp;n\u00e1ro\u010dnom pracovnom prostred\u00ed<\/li>\n<li>zv\u00fd\u0161enie u\u017e\u00edvate\u013esk\u00e9ho komfortu zv\u00e1ra\u010da pri pr\u00e1ci<\/li>\n<li>overen\u00fd dizajn zv\u00e1ra\u010dsk\u00fdch (pali\u010dsk\u00fdch) okuliarov<\/li>\n<li>klip s&nbsp;aret\u00e1ciou, vyklopenie max 90 stup\u0148ov<\/li>\n<li>nepriamy syst\u00e9m vetrania vn\u00fatornej \u010dasti<\/li>\n<li>\u013eahko nastavite\u013en\u00fd pru\u017en\u00fd p\u00e1s<\/li>\n<\/ul>\n\n<table id=\"tablepress-27\" class=\"tablepress tablepress-id-27\">\n<thead>\n<tr class=\"row-1\">\n\t<th class=\"column-1\">\u00darove\u0148 ochrany<\/th><th class=\"column-2\">Dioptria<\/th><th class=\"column-3\">K\u00f3d tovaru<\/th>\n<\/tr>\n<\/thead>\n<tbody class=\"row-striping row-hover\">\n<tr class=\"row-2\">\n\t<td class=\"column-1\">PC\/SVAR 5<\/td><td class=\"column-2\">+ 0,5<\/td><td class=\"column-3\">BV0024010.05<\/td>\n<\/tr>\n<tr class=\"row-3\">\n\t<td class=\"column-1\">PC\/SVAR 5<\/td><td class=\"column-2\">+ 1,0<\/td><td class=\"column-3\">BV0024010.10<\/td>\n<\/tr>\n<tr class=\"row-4\">\n\t<td class=\"column-1\">PC\/SVAR 5<\/td><td class=\"column-2\">+ 1,5<\/td><td class=\"column-3\">BV0024010.15<\/td>\n<\/tr>\n<tr class=\"row-5\">\n\t<td class=\"column-1\">PC\/SVAR 5<\/td><td class=\"column-2\">+ 2,0<\/td><td class=\"column-3\">BV0024010.20<\/td>\n<\/tr>\n<tr class=\"row-6\">\n\t<td class=\"column-1\">PC\/SVAR 5<\/td><td class=\"column-2\">+ 2,5<\/td><td class=\"column-3\">BV0024010.25<\/td>\n<\/tr>\n<tr class=\"row-7\">\n\t<td class=\"column-1\">PC\/SVAR 5<\/td><td class=\"column-2\">+ 3,0<\/td><td class=\"column-3\">BV0024010.30<\/td>\n<\/tr>\n<tr class=\"row-8\">\n\t<td class=\"column-1\">PC\/SVAR 5<\/td><td class=\"column-2\">+ 3,5<\/td><td class=\"column-3\">BV0024010.35<\/td>\n<\/tr>\n<\/tbody>\n<\/table>","protected":false},"featured_media":10556,"template":"","meta":{"_et_pb_use_builder":"","_et_pb_old_content":"","_et_gb_content_width":""},"product_brand":[],"product_cat":[191,205],"product_tag":[],"class_list":{"0":"post-10532","1":"product","2":"type-product","3":"status-publish","4":"has-post-thumbnail","6":"product_cat-dioptricka-ochrana-zraku","7":"product_cat-dioptricke-zvaracske-okuliare","9":"first","10":"instock","11":"shipping-taxable","12":"product-type-simple"},"yoast_head":"<!-- This site is optimized with the Yoast SEO plugin v26.1.1 - https:\/\/yoast.com\/wordpress\/plugins\/seo\/ -->\n<title>ARKON RX - Sagitta, \u0161pecialista na o\u010dn\u00fa optiku<\/title>\n<meta name=\"robots\" content=\"index, follow, max-snippet:-1, max-image-preview:large, max-video-preview:-1\" \/>\n<link rel=\"canonical\" href=\"https:\/\/sagitta-safety.com\/en\/produkt\/arkon-rx\/\" \/>\n<meta property=\"og:locale\" content=\"en_US\" \/>\n<meta property=\"og:type\" content=\"article\" \/>\n<meta property=\"og:title\" content=\"ARKON RX - Sagitta, \u0161pecialista na o\u010dn\u00fa optiku\" \/>\n<meta property=\"og:description\" content=\"dioptrick\u00fd rozsah: +0,5 \/ +1,0 \/ +1,5 \/ +2,0 \/ +2,5 \/ +3,0 \/ +3,5  jasn\u00e9 a ostr\u00e9 videnie pri pr\u00e1ci bez nutnosti pou\u017ei\u0165 dioptrick\u00e9 okuliare  \u0161irok\u00fd dioptrick\u00fd rozsah ur\u010den\u00fd pri strate schopnosti vidie\u0165 ostro na bl\u00edzko  okuliare pripraven\u00e9 ihne\u010f k pou\u017eitiu - bez potreby n\u00e1v\u0161tevy o\u010dnej optiky  finan\u010dn\u00e1 \u00faspora pre zv\u00e1ra\u010da - neni\u010d\u00ed si vlastn\u00e9 dioptrick\u00e9 okuliare v n\u00e1ro\u010dnom pracovnom prostred\u00ed  zv\u00fd\u0161enie u\u017e\u00edvate\u013esk\u00e9ho komfortu zv\u00e1ra\u010da pri pr\u00e1ci  overen\u00fd dizajn zv\u00e1ra\u010dsk\u00fdch (pali\u010dsk\u00fdch) okuliarov  klip s aret\u00e1ciou, vyklopenie max 90 stup\u0148ov  nepriamy syst\u00e9m vetrania vn\u00fatornej \u010dasti  \u013eahko nastavite\u013en\u00fd pru\u017en\u00fd p\u00e1s\" \/>\n<meta property=\"og:url\" content=\"https:\/\/sagitta-safety.com\/en\/produkt\/arkon-rx\/\" \/>\n<meta property=\"og:site_name\" content=\"Sagitta, \u0161pecialista na o\u010dn\u00fa optiku\" \/>\n<meta property=\"article:modified_time\" content=\"2024-10-15T11:49:03+00:00\" \/>\n<meta property=\"og:image\" content=\"https:\/\/sagitta-safety.com\/wp-content\/uploads\/2024\/10\/arkon-rx-zvaracske.jpg\" \/>\n\t<meta property=\"og:image:width\" content=\"1200\" \/>\n\t<meta property=\"og:image:height\" content=\"1200\" \/>\n\t<meta property=\"og:image:type\" content=\"image\/jpeg\" \/>\n<meta name=\"twitter:card\" content=\"summary_large_image\" \/>\n<script type=\"application\/ld+json\" class=\"yoast-schema-graph\">{\"@context\":\"https:\/\/schema.org\",\"@graph\":[{\"@type\":\"WebPage\",\"@id\":\"https:\/\/sagitta-safety.com\/cz\/produkt\/arkon-rx\/\",\"url\":\"https:\/\/sagitta-safety.com\/cz\/produkt\/arkon-rx\/\",\"name\":\"ARKON RX - Sagitta, \u0161pecialista na o\u010dn\u00fa optiku\",\"isPartOf\":{\"@id\":\"https:\/\/sagitta-safety.com\/en\/#website\"},\"primaryImageOfPage\":{\"@id\":\"https:\/\/sagitta-safety.com\/cz\/produkt\/arkon-rx\/#primaryimage\"},\"image\":{\"@id\":\"https:\/\/sagitta-safety.com\/cz\/produkt\/arkon-rx\/#primaryimage\"},\"thumbnailUrl\":\"https:\/\/sagitta-safety.com\/wp-content\/uploads\/2024\/10\/arkon-rx-zvaracske.jpg\",\"datePublished\":\"2024-10-14T14:49:56+00:00\",\"dateModified\":\"2024-10-15T11:49:03+00:00\",\"breadcrumb\":{\"@id\":\"https:\/\/sagitta-safety.com\/cz\/produkt\/arkon-rx\/#breadcrumb\"},\"inLanguage\":\"en-US\",\"potentialAction\":[{\"@type\":\"ReadAction\",\"target\":[\"https:\/\/sagitta-safety.com\/cz\/produkt\/arkon-rx\/\"]}]},{\"@type\":\"ImageObject\",\"inLanguage\":\"en-US\",\"@id\":\"https:\/\/sagitta-safety.com\/cz\/produkt\/arkon-rx\/#primaryimage\",\"url\":\"https:\/\/sagitta-safety.com\/wp-content\/uploads\/2024\/10\/arkon-rx-zvaracske.jpg\",\"contentUrl\":\"https:\/\/sagitta-safety.com\/wp-content\/uploads\/2024\/10\/arkon-rx-zvaracske.jpg\",\"width\":1200,\"height\":1200},{\"@type\":\"BreadcrumbList\",\"@id\":\"https:\/\/sagitta-safety.com\/cz\/produkt\/arkon-rx\/#breadcrumb\",\"itemListElement\":[{\"@type\":\"ListItem\",\"position\":1,\"name\":\"Home\",\"item\":\"https:\/\/sagitta-safety.com\/cz\/\"},{\"@type\":\"ListItem\",\"position\":2,\"name\":\"Ochrana zraku\",\"item\":\"https:\/\/sagitta-safety.com\/en\/eye-protection\/\"},{\"@type\":\"ListItem\",\"position\":3,\"name\":\"ARKON RX\"}]},{\"@type\":\"WebSite\",\"@id\":\"https:\/\/sagitta-safety.com\/en\/#website\",\"url\":\"https:\/\/sagitta-safety.com\/en\/\",\"name\":\"Sagitta, \u0161pecialista na o\u010dn\u00fa optiku\",\"description\":\"Profesion\u00e1lna ochrana zraku pre priemysel | SAGITTA\",\"potentialAction\":[{\"@type\":\"SearchAction\",\"target\":{\"@type\":\"EntryPoint\",\"urlTemplate\":\"https:\/\/sagitta-safety.com\/en\/?s={search_term_string}\"},\"query-input\":{\"@type\":\"PropertyValueSpecification\",\"valueRequired\":true,\"valueName\":\"search_term_string\"}}],\"inLanguage\":\"en-US\"}]}<\/script>\n<!-- \/ Yoast SEO plugin. -->","yoast_head_json":{"title":"ARKON RX - Sagitta, \u0161pecialista na o\u010dn\u00fa optiku","robots":{"index":"index","follow":"follow","max-snippet":"max-snippet:-1","max-image-preview":"max-image-preview:large","max-video-preview":"max-video-preview:-1"},"canonical":"https:\/\/sagitta-safety.com\/en\/produkt\/arkon-rx\/","og_locale":"en_US","og_type":"article","og_title":"ARKON RX - Sagitta, \u0161pecialista na o\u010dn\u00fa optiku","og_description":"dioptrick\u00fd rozsah: +0,5 \/ +1,0 \/ +1,5 \/ +2,0 \/ +2,5 \/ +3,0 \/ +3,5  jasn\u00e9 a ostr\u00e9 videnie pri pr\u00e1ci bez nutnosti pou\u017ei\u0165 dioptrick\u00e9 okuliare  \u0161irok\u00fd dioptrick\u00fd rozsah ur\u010den\u00fd pri strate schopnosti vidie\u0165 ostro na bl\u00edzko  okuliare pripraven\u00e9 ihne\u010f k pou\u017eitiu - bez potreby n\u00e1v\u0161tevy o\u010dnej optiky  finan\u010dn\u00e1 \u00faspora pre zv\u00e1ra\u010da - neni\u010d\u00ed si vlastn\u00e9 dioptrick\u00e9 okuliare v n\u00e1ro\u010dnom pracovnom prostred\u00ed  zv\u00fd\u0161enie u\u017e\u00edvate\u013esk\u00e9ho komfortu zv\u00e1ra\u010da pri pr\u00e1ci  overen\u00fd dizajn zv\u00e1ra\u010dsk\u00fdch (pali\u010dsk\u00fdch) okuliarov  klip s aret\u00e1ciou, vyklopenie max 90 stup\u0148ov  nepriamy syst\u00e9m vetrania vn\u00fatornej \u010dasti  \u013eahko nastavite\u013en\u00fd pru\u017en\u00fd p\u00e1s","og_url":"https:\/\/sagitta-safety.com\/en\/produkt\/arkon-rx\/","og_site_name":"Sagitta, \u0161pecialista na o\u010dn\u00fa optiku","article_modified_time":"2024-10-15T11:49:03+00:00","og_image":[{"width":1200,"height":1200,"url":"https:\/\/sagitta-safety.com\/wp-content\/uploads\/2024\/10\/arkon-rx-zvaracske.jpg","type":"image\/jpeg"}],"twitter_card":"summary_large_image","schema":{"@context":"https:\/\/schema.org","@graph":[{"@type":"WebPage","@id":"https:\/\/sagitta-safety.com\/cz\/produkt\/arkon-rx\/","url":"https:\/\/sagitta-safety.com\/cz\/produkt\/arkon-rx\/","name":"ARKON RX - Sagitta, \u0161pecialista na o\u010dn\u00fa optiku","isPartOf":{"@id":"https:\/\/sagitta-safety.com\/en\/#website"},"primaryImageOfPage":{"@id":"https:\/\/sagitta-safety.com\/cz\/produkt\/arkon-rx\/#primaryimage"},"image":{"@id":"https:\/\/sagitta-safety.com\/cz\/produkt\/arkon-rx\/#primaryimage"},"thumbnailUrl":"https:\/\/sagitta-safety.com\/wp-content\/uploads\/2024\/10\/arkon-rx-zvaracske.jpg","datePublished":"2024-10-14T14:49:56+00:00","dateModified":"2024-10-15T11:49:03+00:00","breadcrumb":{"@id":"https:\/\/sagitta-safety.com\/cz\/produkt\/arkon-rx\/#breadcrumb"},"inLanguage":"en-US","potentialAction":[{"@type":"ReadAction","target":["https:\/\/sagitta-safety.com\/cz\/produkt\/arkon-rx\/"]}]},{"@type":"ImageObject","inLanguage":"en-US","@id":"https:\/\/sagitta-safety.com\/cz\/produkt\/arkon-rx\/#primaryimage","url":"https:\/\/sagitta-safety.com\/wp-content\/uploads\/2024\/10\/arkon-rx-zvaracske.jpg","contentUrl":"https:\/\/sagitta-safety.com\/wp-content\/uploads\/2024\/10\/arkon-rx-zvaracske.jpg","width":1200,"height":1200},{"@type":"BreadcrumbList","@id":"https:\/\/sagitta-safety.com\/cz\/produkt\/arkon-rx\/#breadcrumb","itemListElement":[{"@type":"ListItem","position":1,"name":"Home","item":"https:\/\/sagitta-safety.com\/cz\/"},{"@type":"ListItem","position":2,"name":"Ochrana zraku","item":"https:\/\/sagitta-safety.com\/en\/eye-protection\/"},{"@type":"ListItem","position":3,"name":"ARKON RX"}]},{"@type":"WebSite","@id":"https:\/\/sagitta-safety.com\/en\/#website","url":"https:\/\/sagitta-safety.com\/en\/","name":"Sagitta, the specialist in optics","description":"Profesion\u00e1lna ochrana zraku pre priemysel | SAGITTA","potentialAction":[{"@type":"SearchAction","target":{"@type":"EntryPoint","urlTemplate":"https:\/\/sagitta-safety.com\/en\/?s={search_term_string}"},"query-input":{"@type":"PropertyValueSpecification","valueRequired":true,"valueName":"search_term_string"}}],"inLanguage":"en-US"}]}},"_links":{"self":[{"href":"https:\/\/sagitta-safety.com\/en\/wp-json\/wp\/v2\/product\/10532","targetHints":{"allow":["GET"]}}],"collection":[{"href":"https:\/\/sagitta-safety.com\/en\/wp-json\/wp\/v2\/product"}],"about":[{"href":"https:\/\/sagitta-safety.com\/en\/wp-json\/wp\/v2\/types\/product"}],"wp:featuredmedia":[{"embeddable":true,"href":"https:\/\/sagitta-safety.com\/en\/wp-json\/wp\/v2\/media\/10556"}],"wp:attachment":[{"href":"https:\/\/sagitta-safety.com\/en\/wp-json\/wp\/v2\/media?parent=10532"}],"wp:term":[{"taxonomy":"product_brand","embeddable":true,"href":"https:\/\/sagitta-safety.com\/en\/wp-json\/wp\/v2\/product_brand?post=10532"},{"taxonomy":"product_cat","embeddable":true,"href":"https:\/\/sagitta-safety.com\/en\/wp-json\/wp\/v2\/product_cat?post=10532"},{"taxonomy":"product_tag","embeddable":true,"href":"https:\/\/sagitta-safety.com\/en\/wp-json\/wp\/v2\/product_tag?post=10532"}],"curies":[{"name":"wp","href":"https:\/\/api.w.org\/{rel}","templated":true}]}}