{"id":1025,"date":"2017-06-27T09:24:17","date_gmt":"2017-06-27T07:24:17","guid":{"rendered":"http:\/\/sagitta-safety.com\/produkt\/superior\/"},"modified":"2022-10-08T15:01:11","modified_gmt":"2022-10-08T13:01:11","slug":"superior","status":"publish","type":"product","link":"https:\/\/sagitta-safety.com\/en\/product\/superior\/","title":{"rendered":"SUPERIOR"},"content":{"rendered":"","protected":false},"excerpt":{"rendered":"<ul>\n<li>plastov\u00e9 dioptrick\u00e9 ochrann\u00e9 okuliare<\/li>\n<li>mo\u017enos\u0165 jednoduch\u00e9ho upevnenia ochrann\u00e9ho klipu proti oslneniu a&nbsp;ochrany pri zv\u00e1ran\u00ed<\/li>\n<li>optim\u00e1lne nastavenie d\u013a\u017eky stran\u00edc zabezpe\u010d\u00ed pohodlie pri nosen\u00ed okuliarov<\/li>\n<li>slu\u010dky na straniciach fixuj\u00fa okuliare na tv\u00e1ri pri prudk\u00fdch pohyboch<\/li>\n<\/ul>","protected":false},"featured_media":9074,"template":"","meta":{"_et_pb_use_builder":"","_et_pb_old_content":"","_et_gb_content_width":""},"product_brand":[],"product_cat":[192],"product_tag":[],"class_list":{"0":"post-1025","1":"product","2":"type-product","3":"status-publish","4":"has-post-thumbnail","6":"product_cat-dioptricke-ochranne-okuliare","8":"first","9":"instock","10":"shipping-taxable","11":"product-type-simple"},"yoast_head":"<!-- This site is optimized with the Yoast SEO plugin v26.1.1 - https:\/\/yoast.com\/wordpress\/plugins\/seo\/ -->\n<title>SUPERIOR - Sagitta, \u0161pecialista na o\u010dn\u00fa optiku<\/title>\n<meta name=\"robots\" content=\"index, follow, max-snippet:-1, max-image-preview:large, max-video-preview:-1\" \/>\n<link rel=\"canonical\" href=\"https:\/\/sagitta-safety.com\/en\/product\/superior\/\" \/>\n<meta property=\"og:locale\" content=\"en_US\" \/>\n<meta property=\"og:type\" content=\"article\" \/>\n<meta property=\"og:title\" content=\"SUPERIOR - Sagitta, \u0161pecialista na o\u010dn\u00fa optiku\" \/>\n<meta property=\"og:description\" content=\"plastov\u00e9 dioptrick\u00e9 ochrann\u00e9 okuliare  mo\u017enos\u0165 jednoduch\u00e9ho upevnenia ochrann\u00e9ho klipu proti oslneniu a ochrany pri zv\u00e1ran\u00ed  optim\u00e1lne nastavenie d\u013a\u017eky stran\u00edc zabezpe\u010d\u00ed pohodlie pri nosen\u00ed okuliarov  slu\u010dky na straniciach fixuj\u00fa okuliare na tv\u00e1ri pri prudk\u00fdch pohyboch\" \/>\n<meta property=\"og:url\" content=\"https:\/\/sagitta-safety.com\/en\/product\/superior\/\" \/>\n<meta property=\"og:site_name\" content=\"Sagitta, \u0161pecialista na o\u010dn\u00fa optiku\" \/>\n<meta property=\"article:modified_time\" content=\"2022-10-08T13:01:11+00:00\" \/>\n<meta property=\"og:image\" content=\"https:\/\/sagitta-safety.com\/wp-content\/uploads\/2017\/06\/Superior_transparent.jpg\" \/>\n\t<meta property=\"og:image:width\" content=\"1772\" \/>\n\t<meta property=\"og:image:height\" content=\"1772\" \/>\n\t<meta property=\"og:image:type\" content=\"image\/jpeg\" \/>\n<meta name=\"twitter:card\" content=\"summary_large_image\" \/>\n<script type=\"application\/ld+json\" class=\"yoast-schema-graph\">{\"@context\":\"https:\/\/schema.org\",\"@graph\":[{\"@type\":\"WebPage\",\"@id\":\"https:\/\/sagitta-safety.com\/sk\/produkt\/superior\/\",\"url\":\"https:\/\/sagitta-safety.com\/sk\/produkt\/superior\/\",\"name\":\"SUPERIOR - Sagitta, \u0161pecialista na o\u010dn\u00fa optiku\",\"isPartOf\":{\"@id\":\"https:\/\/sagitta-safety.com\/en\/#website\"},\"primaryImageOfPage\":{\"@id\":\"https:\/\/sagitta-safety.com\/sk\/produkt\/superior\/#primaryimage\"},\"image\":{\"@id\":\"https:\/\/sagitta-safety.com\/sk\/produkt\/superior\/#primaryimage\"},\"thumbnailUrl\":\"https:\/\/sagitta-safety.com\/wp-content\/uploads\/2017\/06\/Superior_transparent.jpg\",\"datePublished\":\"2017-06-27T07:24:17+00:00\",\"dateModified\":\"2022-10-08T13:01:11+00:00\",\"breadcrumb\":{\"@id\":\"https:\/\/sagitta-safety.com\/sk\/produkt\/superior\/#breadcrumb\"},\"inLanguage\":\"en-US\",\"potentialAction\":[{\"@type\":\"ReadAction\",\"target\":[\"https:\/\/sagitta-safety.com\/sk\/produkt\/superior\/\"]}]},{\"@type\":\"ImageObject\",\"inLanguage\":\"en-US\",\"@id\":\"https:\/\/sagitta-safety.com\/sk\/produkt\/superior\/#primaryimage\",\"url\":\"https:\/\/sagitta-safety.com\/wp-content\/uploads\/2017\/06\/Superior_transparent.jpg\",\"contentUrl\":\"https:\/\/sagitta-safety.com\/wp-content\/uploads\/2017\/06\/Superior_transparent.jpg\",\"width\":1772,\"height\":1772},{\"@type\":\"BreadcrumbList\",\"@id\":\"https:\/\/sagitta-safety.com\/sk\/produkt\/superior\/#breadcrumb\",\"itemListElement\":[{\"@type\":\"ListItem\",\"position\":1,\"name\":\"Home\",\"item\":\"https:\/\/sagitta-safety.com\/cz\/\"},{\"@type\":\"ListItem\",\"position\":2,\"name\":\"Ochrana zraku\",\"item\":\"https:\/\/sagitta-safety.com\/en\/eye-protection\/\"},{\"@type\":\"ListItem\",\"position\":3,\"name\":\"SUPERIOR\"}]},{\"@type\":\"WebSite\",\"@id\":\"https:\/\/sagitta-safety.com\/en\/#website\",\"url\":\"https:\/\/sagitta-safety.com\/en\/\",\"name\":\"Sagitta, \u0161pecialista na o\u010dn\u00fa optiku\",\"description\":\"Profesion\u00e1lna ochrana zraku pre priemysel | SAGITTA\",\"potentialAction\":[{\"@type\":\"SearchAction\",\"target\":{\"@type\":\"EntryPoint\",\"urlTemplate\":\"https:\/\/sagitta-safety.com\/en\/?s={search_term_string}\"},\"query-input\":{\"@type\":\"PropertyValueSpecification\",\"valueRequired\":true,\"valueName\":\"search_term_string\"}}],\"inLanguage\":\"en-US\"}]}<\/script>\n<!-- \/ Yoast SEO plugin. -->","yoast_head_json":{"title":"SUPERIOR - Sagitta, \u0161pecialista na o\u010dn\u00fa optiku","robots":{"index":"index","follow":"follow","max-snippet":"max-snippet:-1","max-image-preview":"max-image-preview:large","max-video-preview":"max-video-preview:-1"},"canonical":"https:\/\/sagitta-safety.com\/en\/product\/superior\/","og_locale":"en_US","og_type":"article","og_title":"SUPERIOR - Sagitta, \u0161pecialista na o\u010dn\u00fa optiku","og_description":"plastov\u00e9 dioptrick\u00e9 ochrann\u00e9 okuliare  mo\u017enos\u0165 jednoduch\u00e9ho upevnenia ochrann\u00e9ho klipu proti oslneniu a ochrany pri zv\u00e1ran\u00ed  optim\u00e1lne nastavenie d\u013a\u017eky stran\u00edc zabezpe\u010d\u00ed pohodlie pri nosen\u00ed okuliarov  slu\u010dky na straniciach fixuj\u00fa okuliare na tv\u00e1ri pri prudk\u00fdch pohyboch","og_url":"https:\/\/sagitta-safety.com\/en\/product\/superior\/","og_site_name":"Sagitta, \u0161pecialista na o\u010dn\u00fa optiku","article_modified_time":"2022-10-08T13:01:11+00:00","og_image":[{"width":1772,"height":1772,"url":"https:\/\/sagitta-safety.com\/wp-content\/uploads\/2017\/06\/Superior_transparent.jpg","type":"image\/jpeg"}],"twitter_card":"summary_large_image","schema":{"@context":"https:\/\/schema.org","@graph":[{"@type":"WebPage","@id":"https:\/\/sagitta-safety.com\/sk\/produkt\/superior\/","url":"https:\/\/sagitta-safety.com\/sk\/produkt\/superior\/","name":"SUPERIOR - Sagitta, \u0161pecialista na o\u010dn\u00fa optiku","isPartOf":{"@id":"https:\/\/sagitta-safety.com\/en\/#website"},"primaryImageOfPage":{"@id":"https:\/\/sagitta-safety.com\/sk\/produkt\/superior\/#primaryimage"},"image":{"@id":"https:\/\/sagitta-safety.com\/sk\/produkt\/superior\/#primaryimage"},"thumbnailUrl":"https:\/\/sagitta-safety.com\/wp-content\/uploads\/2017\/06\/Superior_transparent.jpg","datePublished":"2017-06-27T07:24:17+00:00","dateModified":"2022-10-08T13:01:11+00:00","breadcrumb":{"@id":"https:\/\/sagitta-safety.com\/sk\/produkt\/superior\/#breadcrumb"},"inLanguage":"en-US","potentialAction":[{"@type":"ReadAction","target":["https:\/\/sagitta-safety.com\/sk\/produkt\/superior\/"]}]},{"@type":"ImageObject","inLanguage":"en-US","@id":"https:\/\/sagitta-safety.com\/sk\/produkt\/superior\/#primaryimage","url":"https:\/\/sagitta-safety.com\/wp-content\/uploads\/2017\/06\/Superior_transparent.jpg","contentUrl":"https:\/\/sagitta-safety.com\/wp-content\/uploads\/2017\/06\/Superior_transparent.jpg","width":1772,"height":1772},{"@type":"BreadcrumbList","@id":"https:\/\/sagitta-safety.com\/sk\/produkt\/superior\/#breadcrumb","itemListElement":[{"@type":"ListItem","position":1,"name":"Home","item":"https:\/\/sagitta-safety.com\/cz\/"},{"@type":"ListItem","position":2,"name":"Ochrana zraku","item":"https:\/\/sagitta-safety.com\/en\/eye-protection\/"},{"@type":"ListItem","position":3,"name":"SUPERIOR"}]},{"@type":"WebSite","@id":"https:\/\/sagitta-safety.com\/en\/#website","url":"https:\/\/sagitta-safety.com\/en\/","name":"Sagitta, the specialist in optics","description":"Profesion\u00e1lna ochrana zraku pre priemysel | SAGITTA","potentialAction":[{"@type":"SearchAction","target":{"@type":"EntryPoint","urlTemplate":"https:\/\/sagitta-safety.com\/en\/?s={search_term_string}"},"query-input":{"@type":"PropertyValueSpecification","valueRequired":true,"valueName":"search_term_string"}}],"inLanguage":"en-US"}]}},"_links":{"self":[{"href":"https:\/\/sagitta-safety.com\/en\/wp-json\/wp\/v2\/product\/1025","targetHints":{"allow":["GET"]}}],"collection":[{"href":"https:\/\/sagitta-safety.com\/en\/wp-json\/wp\/v2\/product"}],"about":[{"href":"https:\/\/sagitta-safety.com\/en\/wp-json\/wp\/v2\/types\/product"}],"wp:featuredmedia":[{"embeddable":true,"href":"https:\/\/sagitta-safety.com\/en\/wp-json\/wp\/v2\/media\/9074"}],"wp:attachment":[{"href":"https:\/\/sagitta-safety.com\/en\/wp-json\/wp\/v2\/media?parent=1025"}],"wp:term":[{"taxonomy":"product_brand","embeddable":true,"href":"https:\/\/sagitta-safety.com\/en\/wp-json\/wp\/v2\/product_brand?post=1025"},{"taxonomy":"product_cat","embeddable":true,"href":"https:\/\/sagitta-safety.com\/en\/wp-json\/wp\/v2\/product_cat?post=1025"},{"taxonomy":"product_tag","embeddable":true,"href":"https:\/\/sagitta-safety.com\/en\/wp-json\/wp\/v2\/product_tag?post=1025"}],"curies":[{"name":"wp","href":"https:\/\/api.w.org\/{rel}","templated":true}]}}