{"id":10131,"date":"2022-10-10T15:27:40","date_gmt":"2022-10-10T13:27:40","guid":{"rendered":"https:\/\/sagitta-safety.com\/?post_type=product&#038;p=10131"},"modified":"2022-10-10T15:28:28","modified_gmt":"2022-10-10T13:28:28","slug":"krypton-carbo-purit","status":"publish","type":"product","link":"https:\/\/sagitta-safety.com\/en\/product\/krypton-carbo-purit\/","title":{"rendered":"KRYPTON Carbo Purit"},"content":{"rendered":"","protected":false},"excerpt":{"rendered":"<ul>\n<li>dizajn okuliarov navrhnut\u00fd s&nbsp;d\u00f4razom na maxim\u00e1lnu ochranu zraku a&nbsp;ide\u00e1lne sa prisp\u00f4sobenie tv\u00e1ri<\/li>\n<li>unik\u00e1tna mo\u017enos\u0165 nastavenia \u0161\u00edrky okuliarov jednoduch\u00fdm klik syst\u00e9mom v&nbsp;dvoch stup\u0148och<\/li>\n<li>bo\u010dn\u00e1 ochrana integrovan\u00e1 v&nbsp;dizajne r\u00e1mu, ve\u013ek\u00e9 o\u010dnice zabezpe\u010duj\u00face \u0161irok\u00e9 zorn\u00e9 pole<\/li>\n<li>nastavenie d\u013a\u017eky a&nbsp;uhla stran\u00edc pod\u013ea individu\u00e1lnych po\u017eiadaviek<\/li>\n<li>m\u00e4kk\u00e9, ergonomicky tvarovate\u013en\u00e9 stranice pod\u013ea potrieb u\u017e\u00edvate\u013ea<\/li>\n<\/ul>","protected":false},"featured_media":8859,"template":"","meta":{"_et_pb_use_builder":"","_et_pb_old_content":"","_et_gb_content_width":""},"product_brand":[],"product_cat":[467],"product_tag":[],"class_list":{"0":"post-10131","1":"product","2":"type-product","3":"status-publish","4":"has-post-thumbnail","6":"product_cat-carbo-purit","8":"first","9":"instock","10":"shipping-taxable","11":"product-type-simple"},"yoast_head":"<!-- This site is optimized with the Yoast SEO plugin v26.1.1 - https:\/\/yoast.com\/wordpress\/plugins\/seo\/ -->\n<title>KRYPTON Carbo Purit - Sagitta, \u0161pecialista na o\u010dn\u00fa optiku<\/title>\n<meta name=\"robots\" content=\"index, follow, max-snippet:-1, max-image-preview:large, max-video-preview:-1\" \/>\n<link rel=\"canonical\" href=\"https:\/\/sagitta-safety.com\/en\/product\/krypton-carbo-purit\/\" \/>\n<meta property=\"og:locale\" content=\"en_US\" \/>\n<meta property=\"og:type\" content=\"article\" \/>\n<meta property=\"og:title\" content=\"KRYPTON Carbo Purit - Sagitta, \u0161pecialista na o\u010dn\u00fa optiku\" \/>\n<meta property=\"og:description\" content=\"dizajn okuliarov navrhnut\u00fd s d\u00f4razom na maxim\u00e1lnu ochranu zraku a ide\u00e1lne sa prisp\u00f4sobenie tv\u00e1ri  unik\u00e1tna mo\u017enos\u0165 nastavenia \u0161\u00edrky okuliarov jednoduch\u00fdm klik syst\u00e9mom v dvoch stup\u0148och  bo\u010dn\u00e1 ochrana integrovan\u00e1 v dizajne r\u00e1mu, ve\u013ek\u00e9 o\u010dnice zabezpe\u010duj\u00face \u0161irok\u00e9 zorn\u00e9 pole  nastavenie d\u013a\u017eky a uhla stran\u00edc pod\u013ea individu\u00e1lnych po\u017eiadaviek  m\u00e4kk\u00e9, ergonomicky tvarovate\u013en\u00e9 stranice pod\u013ea potrieb u\u017e\u00edvate\u013ea\" \/>\n<meta property=\"og:url\" content=\"https:\/\/sagitta-safety.com\/en\/product\/krypton-carbo-purit\/\" \/>\n<meta property=\"og:site_name\" content=\"Sagitta, \u0161pecialista na o\u010dn\u00fa optiku\" \/>\n<meta property=\"article:modified_time\" content=\"2022-10-10T13:28:28+00:00\" \/>\n<meta property=\"og:image\" content=\"https:\/\/sagitta-safety.com\/wp-content\/uploads\/2020\/12\/Krypton_col_01.jpg\" \/>\n\t<meta property=\"og:image:width\" content=\"1772\" \/>\n\t<meta property=\"og:image:height\" content=\"1772\" \/>\n\t<meta property=\"og:image:type\" content=\"image\/jpeg\" \/>\n<meta name=\"twitter:card\" content=\"summary_large_image\" \/>\n<script type=\"application\/ld+json\" class=\"yoast-schema-graph\">{\"@context\":\"https:\/\/schema.org\",\"@graph\":[{\"@type\":\"WebPage\",\"@id\":\"https:\/\/sagitta-safety.com\/sk\/produkt\/krypton-carbo-purit\/\",\"url\":\"https:\/\/sagitta-safety.com\/sk\/produkt\/krypton-carbo-purit\/\",\"name\":\"KRYPTON Carbo Purit - Sagitta, \u0161pecialista na o\u010dn\u00fa optiku\",\"isPartOf\":{\"@id\":\"https:\/\/sagitta-safety.com\/en\/#website\"},\"primaryImageOfPage\":{\"@id\":\"https:\/\/sagitta-safety.com\/sk\/produkt\/krypton-carbo-purit\/#primaryimage\"},\"image\":{\"@id\":\"https:\/\/sagitta-safety.com\/sk\/produkt\/krypton-carbo-purit\/#primaryimage\"},\"thumbnailUrl\":\"https:\/\/sagitta-safety.com\/wp-content\/uploads\/2020\/12\/Krypton_col_01.jpg\",\"datePublished\":\"2022-10-10T13:27:40+00:00\",\"dateModified\":\"2022-10-10T13:28:28+00:00\",\"breadcrumb\":{\"@id\":\"https:\/\/sagitta-safety.com\/sk\/produkt\/krypton-carbo-purit\/#breadcrumb\"},\"inLanguage\":\"en-US\",\"potentialAction\":[{\"@type\":\"ReadAction\",\"target\":[\"https:\/\/sagitta-safety.com\/sk\/produkt\/krypton-carbo-purit\/\"]}]},{\"@type\":\"ImageObject\",\"inLanguage\":\"en-US\",\"@id\":\"https:\/\/sagitta-safety.com\/sk\/produkt\/krypton-carbo-purit\/#primaryimage\",\"url\":\"https:\/\/sagitta-safety.com\/wp-content\/uploads\/2020\/12\/Krypton_col_01.jpg\",\"contentUrl\":\"https:\/\/sagitta-safety.com\/wp-content\/uploads\/2020\/12\/Krypton_col_01.jpg\",\"width\":1772,\"height\":1772},{\"@type\":\"BreadcrumbList\",\"@id\":\"https:\/\/sagitta-safety.com\/sk\/produkt\/krypton-carbo-purit\/#breadcrumb\",\"itemListElement\":[{\"@type\":\"ListItem\",\"position\":1,\"name\":\"Home\",\"item\":\"https:\/\/sagitta-safety.com\/cz\/\"},{\"@type\":\"ListItem\",\"position\":2,\"name\":\"Ochrana zraku\",\"item\":\"https:\/\/sagitta-safety.com\/en\/eye-protection\/\"},{\"@type\":\"ListItem\",\"position\":3,\"name\":\"KRYPTON Carbo Purit\"}]},{\"@type\":\"WebSite\",\"@id\":\"https:\/\/sagitta-safety.com\/en\/#website\",\"url\":\"https:\/\/sagitta-safety.com\/en\/\",\"name\":\"Sagitta, \u0161pecialista na o\u010dn\u00fa optiku\",\"description\":\"Profesion\u00e1lna ochrana zraku pre priemysel | SAGITTA\",\"potentialAction\":[{\"@type\":\"SearchAction\",\"target\":{\"@type\":\"EntryPoint\",\"urlTemplate\":\"https:\/\/sagitta-safety.com\/en\/?s={search_term_string}\"},\"query-input\":{\"@type\":\"PropertyValueSpecification\",\"valueRequired\":true,\"valueName\":\"search_term_string\"}}],\"inLanguage\":\"en-US\"}]}<\/script>\n<!-- \/ Yoast SEO plugin. -->","yoast_head_json":{"title":"KRYPTON Carbo Purit - Sagitta, \u0161pecialista na o\u010dn\u00fa optiku","robots":{"index":"index","follow":"follow","max-snippet":"max-snippet:-1","max-image-preview":"max-image-preview:large","max-video-preview":"max-video-preview:-1"},"canonical":"https:\/\/sagitta-safety.com\/en\/product\/krypton-carbo-purit\/","og_locale":"en_US","og_type":"article","og_title":"KRYPTON Carbo Purit - Sagitta, \u0161pecialista na o\u010dn\u00fa optiku","og_description":"dizajn okuliarov navrhnut\u00fd s d\u00f4razom na maxim\u00e1lnu ochranu zraku a ide\u00e1lne sa prisp\u00f4sobenie tv\u00e1ri  unik\u00e1tna mo\u017enos\u0165 nastavenia \u0161\u00edrky okuliarov jednoduch\u00fdm klik syst\u00e9mom v dvoch stup\u0148och  bo\u010dn\u00e1 ochrana integrovan\u00e1 v dizajne r\u00e1mu, ve\u013ek\u00e9 o\u010dnice zabezpe\u010duj\u00face \u0161irok\u00e9 zorn\u00e9 pole  nastavenie d\u013a\u017eky a uhla stran\u00edc pod\u013ea individu\u00e1lnych po\u017eiadaviek  m\u00e4kk\u00e9, ergonomicky tvarovate\u013en\u00e9 stranice pod\u013ea potrieb u\u017e\u00edvate\u013ea","og_url":"https:\/\/sagitta-safety.com\/en\/product\/krypton-carbo-purit\/","og_site_name":"Sagitta, \u0161pecialista na o\u010dn\u00fa optiku","article_modified_time":"2022-10-10T13:28:28+00:00","og_image":[{"width":1772,"height":1772,"url":"https:\/\/sagitta-safety.com\/wp-content\/uploads\/2020\/12\/Krypton_col_01.jpg","type":"image\/jpeg"}],"twitter_card":"summary_large_image","schema":{"@context":"https:\/\/schema.org","@graph":[{"@type":"WebPage","@id":"https:\/\/sagitta-safety.com\/sk\/produkt\/krypton-carbo-purit\/","url":"https:\/\/sagitta-safety.com\/sk\/produkt\/krypton-carbo-purit\/","name":"KRYPTON Carbo Purit - Sagitta, \u0161pecialista na o\u010dn\u00fa optiku","isPartOf":{"@id":"https:\/\/sagitta-safety.com\/en\/#website"},"primaryImageOfPage":{"@id":"https:\/\/sagitta-safety.com\/sk\/produkt\/krypton-carbo-purit\/#primaryimage"},"image":{"@id":"https:\/\/sagitta-safety.com\/sk\/produkt\/krypton-carbo-purit\/#primaryimage"},"thumbnailUrl":"https:\/\/sagitta-safety.com\/wp-content\/uploads\/2020\/12\/Krypton_col_01.jpg","datePublished":"2022-10-10T13:27:40+00:00","dateModified":"2022-10-10T13:28:28+00:00","breadcrumb":{"@id":"https:\/\/sagitta-safety.com\/sk\/produkt\/krypton-carbo-purit\/#breadcrumb"},"inLanguage":"en-US","potentialAction":[{"@type":"ReadAction","target":["https:\/\/sagitta-safety.com\/sk\/produkt\/krypton-carbo-purit\/"]}]},{"@type":"ImageObject","inLanguage":"en-US","@id":"https:\/\/sagitta-safety.com\/sk\/produkt\/krypton-carbo-purit\/#primaryimage","url":"https:\/\/sagitta-safety.com\/wp-content\/uploads\/2020\/12\/Krypton_col_01.jpg","contentUrl":"https:\/\/sagitta-safety.com\/wp-content\/uploads\/2020\/12\/Krypton_col_01.jpg","width":1772,"height":1772},{"@type":"BreadcrumbList","@id":"https:\/\/sagitta-safety.com\/sk\/produkt\/krypton-carbo-purit\/#breadcrumb","itemListElement":[{"@type":"ListItem","position":1,"name":"Home","item":"https:\/\/sagitta-safety.com\/cz\/"},{"@type":"ListItem","position":2,"name":"Ochrana zraku","item":"https:\/\/sagitta-safety.com\/en\/eye-protection\/"},{"@type":"ListItem","position":3,"name":"KRYPTON Carbo Purit"}]},{"@type":"WebSite","@id":"https:\/\/sagitta-safety.com\/en\/#website","url":"https:\/\/sagitta-safety.com\/en\/","name":"Sagitta, the specialist in optics","description":"Profesion\u00e1lna ochrana zraku pre priemysel | SAGITTA","potentialAction":[{"@type":"SearchAction","target":{"@type":"EntryPoint","urlTemplate":"https:\/\/sagitta-safety.com\/en\/?s={search_term_string}"},"query-input":{"@type":"PropertyValueSpecification","valueRequired":true,"valueName":"search_term_string"}}],"inLanguage":"en-US"}]}},"_links":{"self":[{"href":"https:\/\/sagitta-safety.com\/en\/wp-json\/wp\/v2\/product\/10131","targetHints":{"allow":["GET"]}}],"collection":[{"href":"https:\/\/sagitta-safety.com\/en\/wp-json\/wp\/v2\/product"}],"about":[{"href":"https:\/\/sagitta-safety.com\/en\/wp-json\/wp\/v2\/types\/product"}],"wp:featuredmedia":[{"embeddable":true,"href":"https:\/\/sagitta-safety.com\/en\/wp-json\/wp\/v2\/media\/8859"}],"wp:attachment":[{"href":"https:\/\/sagitta-safety.com\/en\/wp-json\/wp\/v2\/media?parent=10131"}],"wp:term":[{"taxonomy":"product_brand","embeddable":true,"href":"https:\/\/sagitta-safety.com\/en\/wp-json\/wp\/v2\/product_brand?post=10131"},{"taxonomy":"product_cat","embeddable":true,"href":"https:\/\/sagitta-safety.com\/en\/wp-json\/wp\/v2\/product_cat?post=10131"},{"taxonomy":"product_tag","embeddable":true,"href":"https:\/\/sagitta-safety.com\/en\/wp-json\/wp\/v2\/product_tag?post=10131"}],"curies":[{"name":"wp","href":"https:\/\/api.w.org\/{rel}","templated":true}]}}