{"id":9026,"date":"2021-02-16T19:03:07","date_gmt":"2021-02-16T18:03:07","guid":{"rendered":"https:\/\/sagitta-safety.com\/?page_id=9026"},"modified":"2021-03-22T17:12:25","modified_gmt":"2021-03-22T16:12:25","slug":"blog","status":"publish","type":"page","link":"https:\/\/sagitta-safety.com\/en\/blog\/","title":{"rendered":"Blog"},"content":{"rendered":"<p>[et_pb_section fb_built=&#8220;1&#8243; custom_padding_last_edited=&#8220;on|phone&#8220; _builder_version=&#8220;4.9.0&#8243; _module_preset=&#8220;default&#8220; custom_margin=&#8220;||||false|false&#8220; custom_padding=&#8220;43px||0px|||&#8220; custom_padding_tablet=&#8220;30px||0px||false|false&#8220; custom_padding_phone=&#8220;&#8220; hover_enabled=&#8220;0&#8243; sticky_enabled=&#8220;0&#8243;][et_pb_row _builder_version=&#8220;4.7.7&#8243; _module_preset=&#8220;default&#8220; module_alignment=&#8220;center&#8220; custom_padding=&#8220;0px||0px|||&#8220;][et_pb_column type=&#8220;4_4&#8243; _builder_version=&#8220;4.7.5&#8243; _module_preset=&#8220;default&#8220;][et_pb_text _builder_version=&#8220;4.7.7&#8243; _module_preset=&#8220;default&#8220; text_letter_spacing=&#8220;1px&#8220; header_font=&#8220;|300|||||||&#8220; header_font_size=&#8220;72px&#8220; width=&#8220;80%&#8220; module_alignment=&#8220;center&#8220; custom_margin=&#8220;||-2px|||&#8220; header_font_size_tablet=&#8220;&#8220; header_font_size_phone=&#8220;35px&#8220; header_font_size_last_edited=&#8220;on|phone&#8220; module_alignment_tablet=&#8220;center&#8220; module_alignment_phone=&#8220;center&#8220; module_alignment_last_edited=&#8220;on|desktop&#8220;]<\/p>\n<h1 style=\"text-align: center;\">Articles<\/h1>\n<p>[\/et_pb_text][et_pb_post_title title=&#8220;off&#8220; author=&#8220;off&#8220; date=&#8220;off&#8220; comments=&#8220;off&#8220; featured_image=&#8220;off&#8220; _builder_version=&#8220;4.7.7&#8243; _module_preset=&#8220;default&#8220; meta_text_color=&#8220;#545454&#8243; meta_font_size=&#8220;20px&#8220;][\/et_pb_post_title][\/et_pb_column][\/et_pb_row][\/et_pb_section][et_pb_section fb_built=&#8220;1&#8243; custom_padding_last_edited=&#8220;on|tablet&#8220; _builder_version=&#8220;4.7.7&#8243; _module_preset=&#8220;default&#8220; custom_padding=&#8220;54px|||||&#8220; custom_padding_tablet=&#8220;&#8220; custom_padding_phone=&#8220;0px||||false|false&#8220;][et_pb_row make_equal=&#8220;on&#8220; _builder_version=&#8220;4.7.7&#8243; _module_preset=&#8220;default&#8220;][et_pb_column type=&#8220;4_4&#8243; _builder_version=&#8220;4.7.7&#8243; _module_preset=&#8220;default&#8220;][et_pb_blog fullwidth=&#8220;off&#8220; include_categories=&#8220;all&#8220; excerpt_length=&#8220;250&#8243; show_more=&#8220;on&#8220; show_date=&#8220;off&#8220; show_categories=&#8220;off&#8220; show_pagination=&#8220;off&#8220; use_overlay=&#8220;on&#8220; overlay_icon_color=&#8220;rgba(0,0,0,0)&#8220; module_class=&#8220;bloggrid&#8220; _builder_version=&#8220;4.9.0&#8243; _module_preset=&#8220;default&#8220; header_font=&#8220;|300|||||||&#8220; header_font_size=&#8220;31px&#8220; body_font=&#8220;|300|||||||&#8220; body_font_size=&#8220;17px&#8220; meta_font=&#8220;||||||||&#8220; meta_text_color=&#8220;#545454&#8243; read_more_font=&#8220;||||||||solid&#8220; read_more_text_color=&#8220;#00abbd&#8220; read_more_font_size=&#8220;17px&#8220; read_more_line_height=&#8220;2.5em&#8220; pagination_font=&#8220;|300|||||||&#8220; text_orientation=&#8220;left&#8220; module_alignment=&#8220;center&#8220; custom_margin=&#8220;||||false|false&#8220; border_width_all=&#8220;0px&#8220; border_color_all=&#8220;#00abbd&#8220; box_shadow_style=&#8220;preset2&#8243; custom_css_read_more_last_edited=&#8220;off|desktop&#8220; custom_css_read_more_tablet=&#8220;;&#8220;][\/et_pb_blog][\/et_pb_column][\/et_pb_row][\/et_pb_section]<\/p>","protected":false},"excerpt":{"rendered":"<p>Articles<\/p>","protected":false},"author":1,"featured_media":0,"parent":0,"menu_order":0,"comment_status":"closed","ping_status":"closed","template":"","meta":{"_et_pb_use_builder":"on","_et_pb_old_content":"<!-- wp:divi\/placeholder \/-->","_et_gb_content_width":"","footnotes":""},"class_list":["post-9026","page","type-page","status-publish","hentry"],"yoast_head":"<!-- This site is optimized with the Yoast SEO plugin v26.1.1 - https:\/\/yoast.com\/wordpress\/plugins\/seo\/ -->\n<title>Blog - Sagitta, \u0161pecialista na o\u010dn\u00fa optiku<\/title>\n<meta name=\"description\" content=\"Ochrann\u00e9 okuliare od Sagitty v s\u00fa\u010dasnosti chr\u00e1nia zrak tis\u00edckam zamestnancov v mnoh\u00fdch nadn\u00e1rodn\u00fdch podnikoch.\" \/>\n<meta name=\"robots\" content=\"index, follow, max-snippet:-1, max-image-preview:large, max-video-preview:-1\" \/>\n<link rel=\"canonical\" href=\"https:\/\/sagitta-safety.com\/en\/blog\/\" \/>\n<meta property=\"og:locale\" content=\"en_US\" \/>\n<meta property=\"og:type\" content=\"article\" \/>\n<meta property=\"og:title\" content=\"Blog - Sagitta, \u0161pecialista na o\u010dn\u00fa optiku\" \/>\n<meta property=\"og:description\" content=\"Ochrann\u00e9 okuliare od Sagitty v s\u00fa\u010dasnosti chr\u00e1nia zrak tis\u00edckam zamestnancov v mnoh\u00fdch nadn\u00e1rodn\u00fdch podnikoch.\" \/>\n<meta property=\"og:url\" content=\"https:\/\/sagitta-safety.com\/en\/blog\/\" \/>\n<meta property=\"og:site_name\" content=\"Sagitta, \u0161pecialista na o\u010dn\u00fa optiku\" \/>\n<meta property=\"article:modified_time\" content=\"2021-03-22T16:12:25+00:00\" \/>\n<meta name=\"twitter:card\" content=\"summary_large_image\" \/>\n<meta name=\"twitter:label1\" content=\"Est. reading time\" \/>\n\t<meta name=\"twitter:data1\" content=\"1 minute\" \/>\n<script type=\"application\/ld+json\" class=\"yoast-schema-graph\">{\"@context\":\"https:\/\/schema.org\",\"@graph\":[{\"@type\":\"WebPage\",\"@id\":\"https:\/\/sagitta-safety.com\/sk\/blog\/\",\"url\":\"https:\/\/sagitta-safety.com\/sk\/blog\/\",\"name\":\"Blog - Sagitta, \u0161pecialista na o\u010dn\u00fa optiku\",\"isPartOf\":{\"@id\":\"https:\/\/sagitta-safety.com\/en\/#website\"},\"datePublished\":\"2021-02-16T18:03:07+00:00\",\"dateModified\":\"2021-03-22T16:12:25+00:00\",\"description\":\"Ochrann\u00e9 okuliare od Sagitty v s\u00fa\u010dasnosti chr\u00e1nia zrak tis\u00edckam zamestnancov v mnoh\u00fdch nadn\u00e1rodn\u00fdch podnikoch.\",\"breadcrumb\":{\"@id\":\"https:\/\/sagitta-safety.com\/sk\/blog\/#breadcrumb\"},\"inLanguage\":\"en-US\",\"potentialAction\":[{\"@type\":\"ReadAction\",\"target\":[\"https:\/\/sagitta-safety.com\/sk\/blog\/\"]}]},{\"@type\":\"BreadcrumbList\",\"@id\":\"https:\/\/sagitta-safety.com\/sk\/blog\/#breadcrumb\",\"itemListElement\":[{\"@type\":\"ListItem\",\"position\":1,\"name\":\"Home\",\"item\":\"https:\/\/sagitta-safety.com\/cz\/\"},{\"@type\":\"ListItem\",\"position\":2,\"name\":\"Blog\"}]},{\"@type\":\"WebSite\",\"@id\":\"https:\/\/sagitta-safety.com\/en\/#website\",\"url\":\"https:\/\/sagitta-safety.com\/en\/\",\"name\":\"Sagitta, \u0161pecialista na o\u010dn\u00fa optiku\",\"description\":\"Profesion\u00e1lna ochrana zraku pre priemysel | SAGITTA\",\"potentialAction\":[{\"@type\":\"SearchAction\",\"target\":{\"@type\":\"EntryPoint\",\"urlTemplate\":\"https:\/\/sagitta-safety.com\/en\/?s={search_term_string}\"},\"query-input\":{\"@type\":\"PropertyValueSpecification\",\"valueRequired\":true,\"valueName\":\"search_term_string\"}}],\"inLanguage\":\"en-US\"}]}<\/script>\n<!-- \/ Yoast SEO plugin. -->","yoast_head_json":{"title":"Blog - Sagitta, the specialist in optics","description":"Safety glasses from Sagitta currently protect eyes of thousands employees in many multinational companies.","robots":{"index":"index","follow":"follow","max-snippet":"max-snippet:-1","max-image-preview":"max-image-preview:large","max-video-preview":"max-video-preview:-1"},"canonical":"https:\/\/sagitta-safety.com\/en\/blog\/","og_locale":"en_US","og_type":"article","og_title":"Blog - Sagitta, \u0161pecialista na o\u010dn\u00fa optiku","og_description":"Ochrann\u00e9 okuliare od Sagitty v s\u00fa\u010dasnosti chr\u00e1nia zrak tis\u00edckam zamestnancov v mnoh\u00fdch nadn\u00e1rodn\u00fdch podnikoch.","og_url":"https:\/\/sagitta-safety.com\/en\/blog\/","og_site_name":"Sagitta, \u0161pecialista na o\u010dn\u00fa optiku","article_modified_time":"2021-03-22T16:12:25+00:00","twitter_card":"summary_large_image","twitter_misc":{"Est. reading time":"1 minute"},"schema":{"@context":"https:\/\/schema.org","@graph":[{"@type":"WebPage","@id":"https:\/\/sagitta-safety.com\/sk\/blog\/","url":"https:\/\/sagitta-safety.com\/sk\/blog\/","name":"Blog - Sagitta, the specialist in optics","isPartOf":{"@id":"https:\/\/sagitta-safety.com\/en\/#website"},"datePublished":"2021-02-16T18:03:07+00:00","dateModified":"2021-03-22T16:12:25+00:00","description":"Safety glasses from Sagitta currently protect eyes of thousands employees in many multinational companies.","breadcrumb":{"@id":"https:\/\/sagitta-safety.com\/sk\/blog\/#breadcrumb"},"inLanguage":"en-US","potentialAction":[{"@type":"ReadAction","target":["https:\/\/sagitta-safety.com\/sk\/blog\/"]}]},{"@type":"BreadcrumbList","@id":"https:\/\/sagitta-safety.com\/sk\/blog\/#breadcrumb","itemListElement":[{"@type":"ListItem","position":1,"name":"Home","item":"https:\/\/sagitta-safety.com\/cz\/"},{"@type":"ListItem","position":2,"name":"Blog"}]},{"@type":"WebSite","@id":"https:\/\/sagitta-safety.com\/en\/#website","url":"https:\/\/sagitta-safety.com\/en\/","name":"Sagitta, the specialist in optics","description":"Profesion\u00e1lna ochrana zraku pre priemysel | SAGITTA","potentialAction":[{"@type":"SearchAction","target":{"@type":"EntryPoint","urlTemplate":"https:\/\/sagitta-safety.com\/en\/?s={search_term_string}"},"query-input":{"@type":"PropertyValueSpecification","valueRequired":true,"valueName":"search_term_string"}}],"inLanguage":"en-US"}]}},"_links":{"self":[{"href":"https:\/\/sagitta-safety.com\/en\/wp-json\/wp\/v2\/pages\/9026","targetHints":{"allow":["GET"]}}],"collection":[{"href":"https:\/\/sagitta-safety.com\/en\/wp-json\/wp\/v2\/pages"}],"about":[{"href":"https:\/\/sagitta-safety.com\/en\/wp-json\/wp\/v2\/types\/page"}],"author":[{"embeddable":true,"href":"https:\/\/sagitta-safety.com\/en\/wp-json\/wp\/v2\/users\/1"}],"replies":[{"embeddable":true,"href":"https:\/\/sagitta-safety.com\/en\/wp-json\/wp\/v2\/comments?post=9026"}],"version-history":[{"count":0,"href":"https:\/\/sagitta-safety.com\/en\/wp-json\/wp\/v2\/pages\/9026\/revisions"}],"wp:attachment":[{"href":"https:\/\/sagitta-safety.com\/en\/wp-json\/wp\/v2\/media?parent=9026"}],"curies":[{"name":"wp","href":"https:\/\/api.w.org\/{rel}","templated":true}]}}