{"id":421,"date":"2020-12-12T16:51:21","date_gmt":"2020-12-12T15:51:21","guid":{"rendered":"http:\/\/sagitta-safety.com\/?page_id=421"},"modified":"2023-06-19T22:52:20","modified_gmt":"2023-06-19T20:52:20","slug":"ochrana-zraku","status":"publish","type":"page","link":"https:\/\/sagitta-safety.com\/en\/eye-protection\/","title":{"rendered":"Eye protection"},"content":{"rendered":"<p>[et_pb_section fb_built=&#8220;1&#8243; custom_padding_last_edited=&#8220;on|desktop&#8220; _builder_version=&#8220;4.16&#8243; _module_preset=&#8220;default&#8220; custom_margin=&#8220;||||false|false&#8220; custom_padding=&#8220;43px||0px|||&#8220; custom_padding_tablet=&#8220;0px||0px||false|false&#8220; custom_padding_phone=&#8220;30px||||false|false&#8220; da_disable_devices=&#8220;off|off|off&#8220; global_colors_info=&#8220;{}&#8220; da_is_popup=&#8220;off&#8220; da_exit_intent=&#8220;off&#8220; da_has_close=&#8220;on&#8220; da_alt_close=&#8220;off&#8220; da_dark_close=&#8220;off&#8220; da_not_modal=&#8220;on&#8220; da_is_singular=&#8220;off&#8220; da_with_loader=&#8220;off&#8220; da_has_shadow=&#8220;on&#8220;][et_pb_row _builder_version=&#8220;4.16&#8243; _module_preset=&#8220;default&#8220; width=&#8220;90%&#8220; custom_padding=&#8220;0px||0px|||&#8220; global_colors_info=&#8220;{}&#8220;][et_pb_column type=&#8220;4_4&#8243; _builder_version=&#8220;4.16&#8243; _module_preset=&#8220;default&#8220; global_colors_info=&#8220;{}&#8220;][et_pb_text _builder_version=&#8220;4.16&#8243; _module_preset=&#8220;default&#8220; header_font=&#8220;|300|||||||&#8220; header_font_size=&#8220;72px&#8220; width=&#8220;80%&#8220; module_alignment=&#8220;right&#8220; header_font_size_tablet=&#8220;&#8220; header_font_size_phone=&#8220;35px&#8220; header_font_size_last_edited=&#8220;on|phone&#8220; module_alignment_tablet=&#8220;center&#8220; module_alignment_phone=&#8220;center&#8220; module_alignment_last_edited=&#8220;on|tablet&#8220; global_colors_info=&#8220;{}&#8220;]<\/p>\n<h1 style=\"text-align: center;\">Eye protection<\/h1>\n<p>[\/et_pb_text][\/et_pb_column][\/et_pb_row][\/et_pb_section][et_pb_section fb_built=&#8220;1&#8243; _builder_version=&#8220;4.16&#8243; _module_preset=&#8220;default&#8220; da_disable_devices=&#8220;off|off|off&#8220; global_colors_info=&#8220;{}&#8220; da_is_popup=&#8220;off&#8220; da_exit_intent=&#8220;off&#8220; da_has_close=&#8220;on&#8220; da_alt_close=&#8220;off&#8220; da_dark_close=&#8220;off&#8220; da_not_modal=&#8220;on&#8220; da_is_singular=&#8220;off&#8220; da_with_loader=&#8220;off&#8220; da_has_shadow=&#8220;on&#8220;][et_pb_row column_structure=&#8220;1_4,1_4,1_4,1_4&#8243; use_custom_gutter=&#8220;on&#8220; module_class=&#8220;full-height-menu-container&#8220; _builder_version=&#8220;4.16&#8243; _module_preset=&#8220;default&#8220; width=&#8220;100%&#8220; custom_padding=&#8220;|6%||5%|false|false&#8220; global_colors_info=&#8220;{}&#8220;][et_pb_column type=&#8220;1_4&#8243; _builder_version=&#8220;4.16&#8243; _module_preset=&#8220;default&#8220; global_colors_info=&#8220;{}&#8220;][et_pb_sidebar area=&#8220;sidebar-1&#8243; _builder_version=&#8220;4.16&#8243; _module_preset=&#8220;default&#8220; custom_padding=&#8220;115px||||false|false&#8220; sticky_offset_top=&#8220;0px&#8220; global_colors_info=&#8220;{}&#8220;][\/et_pb_sidebar][\/et_pb_column][et_pb_column type=&#8220;1_4&#8243; _builder_version=&#8220;4.16&#8243; _module_preset=&#8220;default&#8220; global_colors_info=&#8220;{}&#8220;][et_pb_blurb title=&#8220;Dioptrick\u00e1 ochrana zraku&#8220; image=&#8220;https:\/\/sagitta-safety.com\/wp-content\/uploads\/2021\/01\/dioptricka-ochrana-zraku.jpg&#8220; alt=&#8220;Dioptrick\u00e1 ochrana zraku&#8220; _builder_version=&#8220;4.16&#8243; _module_preset=&#8220;default&#8220; header_font=&#8220;||||||||&#8220; header_text_align=&#8220;center&#8220; header_font_size=&#8220;20px&#8220; body_font=&#8220;|300|||||||&#8220; body_text_color=&#8220;#000000&#8243; body_font_size=&#8220;17px&#8220; text_orientation=&#8220;center&#8220; link_option_url=&#8220;https:\/\/sagitta-safety.com\/sk\/katalog\/diopricka-ochrana-zraku\/&#8220; global_colors_info=&#8220;{}&#8220; transform_styles__hover_enabled=&#8220;on|hover&#8220; transform_scale__hover_enabled=&#8220;on|desktop&#8220; transform_translate__hover_enabled=&#8220;on|hover&#8220; transform_rotate__hover_enabled=&#8220;on|desktop&#8220; transform_skew__hover_enabled=&#8220;on|desktop&#8220; transform_origin__hover_enabled=&#8220;on|desktop&#8220; transform_scale__hover=&#8220;105%|105%&#8220;]<\/p>\n<p>The glasses correct visual defects and, at the same time, protect the eyes from dangerous risks in the workplace.<\/p>\n<p>[\/et_pb_blurb][et_pb_blurb title=&#8220;Nedioptrick\u00e1 ochrana zraku&#8220; image=&#8220;https:\/\/sagitta-safety.com\/wp-content\/uploads\/2021\/01\/nedioptricka-ochrana-zraku.jpg&#8220; _builder_version=&#8220;4.16&#8243; _module_preset=&#8220;default&#8220; header_font=&#8220;||||||||&#8220; header_text_align=&#8220;center&#8220; header_font_size=&#8220;20px&#8220; body_font=&#8220;|300|||||||&#8220; body_text_color=&#8220;#000000&#8243; body_font_size=&#8220;17px&#8220; text_orientation=&#8220;center&#8220; custom_margin=&#8220;69px|||||&#8220; link_option_url=&#8220;https:\/\/sagitta-safety.com\/sk\/katalog\/ochranne-okuliare&#8220; global_colors_info=&#8220;{}&#8220; transform_styles__hover_enabled=&#8220;on|hover&#8220; transform_scale__hover_enabled=&#8220;on|hover&#8220; transform_translate__hover_enabled=&#8220;on|desktop&#8220; transform_rotate__hover_enabled=&#8220;on|desktop&#8220; transform_skew__hover_enabled=&#8220;on|desktop&#8220; transform_origin__hover_enabled=&#8220;on|desktop&#8220; transform_scale__hover=&#8220;105%|105%&#8220;]<\/p>\n<p>The design and construction of glasses take into account the requirements for optimal ergonomics with an emphasis on maximum safety for the wearer.<\/p>\n<p>[\/et_pb_blurb][\/et_pb_column][et_pb_column type=&#8220;1_4&#8243; _builder_version=&#8220;4.16&#8243; _module_preset=&#8220;default&#8220; global_colors_info=&#8220;{}&#8220;][et_pb_blurb title=&#8220;Okuliare k po\u010d\u00edta\u010du&#8220; image=&#8220;https:\/\/sagitta-safety.com\/wp-content\/uploads\/2021\/01\/okuliare-k-pocitacu.jpg&#8220; _builder_version=&#8220;4.16&#8243; _module_preset=&#8220;default&#8220; header_font=&#8220;||||||||&#8220; header_text_align=&#8220;center&#8220; header_font_size=&#8220;20px&#8220; body_font=&#8220;|300|||||||&#8220; body_text_color=&#8220;#000000&#8243; body_font_size=&#8220;17px&#8220; text_orientation=&#8220;center&#8220; link_option_url=&#8220;https:\/\/sagitta-safety.com\/sk\/katalog\/okuliare-k-pocitacu\/&#8220; global_colors_info=&#8220;{}&#8220; transform_styles__hover_enabled=&#8220;on|hover&#8220; transform_scale__hover_enabled=&#8220;on|hover&#8220; transform_translate__hover_enabled=&#8220;on|desktop&#8220; transform_rotate__hover_enabled=&#8220;on|desktop&#8220; transform_skew__hover_enabled=&#8220;on|desktop&#8220; transform_origin__hover_enabled=&#8220;on|desktop&#8220; transform_scale__hover=&#8220;105%|105%&#8220;]<\/p>\n<p>They compensate for the absence of medium distance correction when looking at the monitor. The integrated BlueCarePurit filter prevents blue light from penetrating into the eye.<\/p>\n<p>[\/et_pb_blurb][et_pb_blurb title=&#8220;\u0160peci\u00e1lna ochrana zraku&#8220; image=&#8220;https:\/\/sagitta-safety.com\/wp-content\/uploads\/2021\/01\/specialna-ochrana-zraku.jpg&#8220; _builder_version=&#8220;4.16&#8243; _module_preset=&#8220;default&#8220; header_font=&#8220;||||||||&#8220; header_text_align=&#8220;center&#8220; header_font_size=&#8220;20px&#8220; body_font=&#8220;|300|||||||&#8220; body_text_color=&#8220;#000000&#8243; body_font_size=&#8220;17px&#8220; text_orientation=&#8220;center&#8220; link_option_url=&#8220;https:\/\/sagitta-safety.com\/sk\/katalog\/specialna-ochrana-zraku\/&#8220; global_colors_info=&#8220;{}&#8220; transform_styles__hover_enabled=&#8220;on|hover&#8220; transform_scale__hover_enabled=&#8220;on|hover&#8220; transform_translate__hover_enabled=&#8220;on|desktop&#8220; transform_rotate__hover_enabled=&#8220;on|desktop&#8220; transform_skew__hover_enabled=&#8220;on|desktop&#8220; transform_origin__hover_enabled=&#8220;on|desktop&#8220; transform_scale__hover=&#8220;105%|105%&#8220;]<\/p>\n<p>Eye protection against radiation damage to the eye. Dangerous radiation with potential vision damage: laser, ionizing, IR and UV radiation, high-energy blue light<\/p>\n<p>[\/et_pb_blurb][et_pb_blurb title=&#8220;Pr\u00edslu\u0161enstvo&#8220; image=&#8220;https:\/\/sagitta-safety.com\/wp-content\/uploads\/2021\/01\/Prislusenstvo.jpg&#8220; _builder_version=&#8220;4.16&#8243; _module_preset=&#8220;default&#8220; header_font=&#8220;||||||||&#8220; header_text_align=&#8220;center&#8220; header_font_size=&#8220;20px&#8220; body_font=&#8220;|300|||||||&#8220; body_text_color=&#8220;#000000&#8243; body_font_size=&#8220;17px&#8220; text_orientation=&#8220;center&#8220; link_option_url=&#8220;https:\/\/sagitta-safety.com\/sk\/katalog\/prislusenstvo-pre-okuliare\/&#8220; global_colors_info=&#8220;{}&#8220; transform_styles__hover_enabled=&#8220;on|hover&#8220; transform_scale__hover_enabled=&#8220;on|hover&#8220; transform_translate__hover_enabled=&#8220;on|desktop&#8220; transform_rotate__hover_enabled=&#8220;on|desktop&#8220; transform_skew__hover_enabled=&#8220;on|desktop&#8220; transform_origin__hover_enabled=&#8220;on|desktop&#8220; transform_scale__hover=&#8220;105%|105%&#8220;]<\/p>\n<p>Cases, laces and straps for glasses. They improve overall user comfort.<\/p>\n<p>[\/et_pb_blurb][\/et_pb_column][et_pb_column type=&#8220;1_4&#8243; _builder_version=&#8220;4.16&#8243; _module_preset=&#8220;default&#8220; global_colors_info=&#8220;{}&#8220;][et_pb_blurb title=&#8220;Slu\u017eby&#8220; image=&#8220;https:\/\/sagitta-safety.com\/wp-content\/uploads\/2021\/01\/sluzby.jpg&#8220; alt=&#8220;Screening&#8220; _builder_version=&#8220;4.16&#8243; _module_preset=&#8220;default&#8220; header_font=&#8220;||||||||&#8220; header_text_align=&#8220;center&#8220; header_font_size=&#8220;20px&#8220; body_font=&#8220;|300|||||||&#8220; body_text_color=&#8220;#000000&#8243; body_font_size=&#8220;17px&#8220; transform_scale_last_edited=&#8220;off|desktop&#8220; transform_translate_last_edited=&#8220;off|desktop&#8220; transform_rotate_last_edited=&#8220;off|desktop&#8220; transform_skew_last_edited=&#8220;off|desktop&#8220; transform_origin_last_edited=&#8220;off|desktop&#8220; transform_styles_last_edited=&#8220;off|desktop&#8220; text_orientation=&#8220;center&#8220; link_option_url=&#8220;https:\/\/sagitta-safety.com\/sk\/katalog\/sluzby\/&#8220; global_colors_info=&#8220;{}&#8220; transform_styles__hover_enabled=&#8220;on|hover&#8220; transform_scale__hover_enabled=&#8220;on|hover&#8220; transform_translate__hover_enabled=&#8220;on|desktop&#8220; transform_rotate__hover_enabled=&#8220;on|desktop&#8220; transform_skew__hover_enabled=&#8220;on|desktop&#8220; transform_origin__hover_enabled=&#8220;on|desktop&#8220; transform_scale__hover=&#8220;105%|105%&#8220;]<\/p>\n<p>Examination of visual acuity, vision screening and vision auditing is performed by specialists directly in the plant with modern instruments.  <br> <br><\/p>\n<p>[\/et_pb_blurb][et_pb_blurb title=&#8220;Ultra cleaner&#8220; image=&#8220;https:\/\/sagitta-safety.com\/wp-content\/uploads\/2021\/01\/Ultra-cleaner.jpg&#8220; alt=&#8220;Ultra Cleaner&#8220; _builder_version=&#8220;4.16&#8243; _module_preset=&#8220;default&#8220; header_font=&#8220;|||on|||||&#8220; header_text_align=&#8220;center&#8220; header_font_size=&#8220;20px&#8220; body_font=&#8220;|300|||||||&#8220; body_text_color=&#8220;#000000&#8243; body_font_size=&#8220;17px&#8220; text_orientation=&#8220;center&#8220; link_option_url=&#8220;https:\/\/sagitta-safety.com\/sk\/katalog\/ultra-cleaner\/&#8220; global_colors_info=&#8220;{}&#8220; transform_styles__hover_enabled=&#8220;on|hover&#8220; transform_scale__hover_enabled=&#8220;on|hover&#8220; transform_translate__hover_enabled=&#8220;on|desktop&#8220; transform_rotate__hover_enabled=&#8220;on|desktop&#8220; transform_skew__hover_enabled=&#8220;on|desktop&#8220; transform_origin__hover_enabled=&#8220;on|desktop&#8220; transform_scale__hover=&#8220;105%|105%&#8220;]<\/p>\n<p>Professional care system for your glasses focused on disinfection, anti-fog and cleaning.<\/p>\n<p>[\/et_pb_blurb][\/et_pb_column][\/et_pb_row][\/et_pb_section]<\/p>","protected":false},"excerpt":{"rendered":"<p>Ochrana zrakuOkuliare koriguj\u00fa korek\u010dn\u00e9 zrakov\u00e9 chyby oka a&nbsp;s\u00fa\u010dasne chr\u00e1nia zrak pred nebezpe\u010dn\u00fdmi rizikami na pracovisku.Dizajn a&nbsp;kon\u0161trukcia ochrann\u00fdch okuliarov zoh\u013ead\u0148uj\u00fa po\u017eiadavky na optim\u00e1lnu ergon\u00f3miu s&nbsp;d\u00f4razom na maxim\u00e1lnu bezpe\u010dnos\u0165 nosite\u013ea.Kompenzuj\u00fa absenciu korekcie strednej vzdialenosti pri pozeran\u00ed na monitor. Integrovan\u00fd BlueCarePurit filter zabra\u0148uje prenikaniu modr\u00e9ho svetla do oka.Ochrana zraku pred po\u0161koden\u00edm oka \u017eiaren\u00edm. Nebezpe\u010dn\u00e9 \u017eiarenia [&hellip;]<\/p>","protected":false},"author":1,"featured_media":0,"parent":0,"menu_order":0,"comment_status":"closed","ping_status":"closed","template":"","meta":{"_et_pb_use_builder":"on","_et_pb_old_content":"","_et_gb_content_width":"","footnotes":""},"class_list":["post-421","page","type-page","status-publish","hentry"],"yoast_head":"<!-- This site is optimized with the Yoast SEO plugin v26.1.1 - https:\/\/yoast.com\/wordpress\/plugins\/seo\/ -->\n<title>Ochrana zraku - Sagitta, \u0161pecialista na o\u010dn\u00fa optiku<\/title>\n<meta name=\"description\" content=\"Ochrann\u00e9 okuliare od Sagitty v s\u00fa\u010dasnosti chr\u00e1nia zrak tis\u00edckam zamestnancov v mnoh\u00fdch nadn\u00e1rodn\u00fdch podnikoch.\" \/>\n<meta name=\"robots\" content=\"index, follow, max-snippet:-1, max-image-preview:large, max-video-preview:-1\" \/>\n<link rel=\"canonical\" href=\"https:\/\/sagitta-safety.com\/en\/eye-protection\/\" \/>\n<meta property=\"og:locale\" content=\"en_US\" \/>\n<meta property=\"og:type\" content=\"article\" \/>\n<meta property=\"og:title\" content=\"Ochrana zraku - Sagitta, \u0161pecialista na o\u010dn\u00fa optiku\" \/>\n<meta property=\"og:description\" content=\"Ochrann\u00e9 okuliare od Sagitty v s\u00fa\u010dasnosti chr\u00e1nia zrak tis\u00edckam zamestnancov v mnoh\u00fdch nadn\u00e1rodn\u00fdch podnikoch.\" \/>\n<meta property=\"og:url\" content=\"https:\/\/sagitta-safety.com\/en\/eye-protection\/\" \/>\n<meta property=\"og:site_name\" content=\"Sagitta, \u0161pecialista na o\u010dn\u00fa optiku\" \/>\n<meta property=\"article:modified_time\" content=\"2023-06-19T20:52:20+00:00\" \/>\n<meta name=\"twitter:card\" content=\"summary_large_image\" \/>\n<meta name=\"twitter:label1\" content=\"Est. reading time\" \/>\n\t<meta name=\"twitter:data1\" content=\"2 minutes\" \/>\n<script type=\"application\/ld+json\" class=\"yoast-schema-graph\">{\"@context\":\"https:\/\/schema.org\",\"@graph\":[{\"@type\":\"WebPage\",\"@id\":\"https:\/\/sagitta-safety.com\/en\/eye-protection\/\",\"url\":\"https:\/\/sagitta-safety.com\/en\/eye-protection\/\",\"name\":\"Ochrana zraku - Sagitta, \u0161pecialista na o\u010dn\u00fa optiku\",\"isPartOf\":{\"@id\":\"https:\/\/sagitta-safety.com\/en\/#website\"},\"datePublished\":\"2020-12-12T15:51:21+00:00\",\"dateModified\":\"2023-06-19T20:52:20+00:00\",\"description\":\"Ochrann\u00e9 okuliare od Sagitty v s\u00fa\u010dasnosti chr\u00e1nia zrak tis\u00edckam zamestnancov v mnoh\u00fdch nadn\u00e1rodn\u00fdch podnikoch.\",\"breadcrumb\":{\"@id\":\"https:\/\/sagitta-safety.com\/en\/eye-protection\/#breadcrumb\"},\"inLanguage\":\"en-US\",\"potentialAction\":[{\"@type\":\"ReadAction\",\"target\":[\"https:\/\/sagitta-safety.com\/en\/eye-protection\/\"]}]},{\"@type\":\"BreadcrumbList\",\"@id\":\"https:\/\/sagitta-safety.com\/en\/eye-protection\/#breadcrumb\",\"itemListElement\":[{\"@type\":\"ListItem\",\"position\":1,\"name\":\"Home\",\"item\":\"https:\/\/sagitta-safety.com\/cz\/\"},{\"@type\":\"ListItem\",\"position\":2,\"name\":\"Ochrana zraku\"}]},{\"@type\":\"WebSite\",\"@id\":\"https:\/\/sagitta-safety.com\/en\/#website\",\"url\":\"https:\/\/sagitta-safety.com\/en\/\",\"name\":\"Sagitta, \u0161pecialista na o\u010dn\u00fa optiku\",\"description\":\"Profesion\u00e1lna ochrana zraku pre priemysel | SAGITTA\",\"potentialAction\":[{\"@type\":\"SearchAction\",\"target\":{\"@type\":\"EntryPoint\",\"urlTemplate\":\"https:\/\/sagitta-safety.com\/en\/?s={search_term_string}\"},\"query-input\":{\"@type\":\"PropertyValueSpecification\",\"valueRequired\":true,\"valueName\":\"search_term_string\"}}],\"inLanguage\":\"en-US\"}]}<\/script>\n<!-- \/ Yoast SEO plugin. -->","yoast_head_json":{"title":"Eye protection - Sagitta, the specialist in optics","description":"Safety glasses from Sagitta currently protect eyes of thousands employees in many multinational companies.","robots":{"index":"index","follow":"follow","max-snippet":"max-snippet:-1","max-image-preview":"max-image-preview:large","max-video-preview":"max-video-preview:-1"},"canonical":"https:\/\/sagitta-safety.com\/en\/eye-protection\/","og_locale":"en_US","og_type":"article","og_title":"Ochrana zraku - Sagitta, \u0161pecialista na o\u010dn\u00fa optiku","og_description":"Ochrann\u00e9 okuliare od Sagitty v s\u00fa\u010dasnosti chr\u00e1nia zrak tis\u00edckam zamestnancov v mnoh\u00fdch nadn\u00e1rodn\u00fdch podnikoch.","og_url":"https:\/\/sagitta-safety.com\/en\/eye-protection\/","og_site_name":"Sagitta, \u0161pecialista na o\u010dn\u00fa optiku","article_modified_time":"2023-06-19T20:52:20+00:00","twitter_card":"summary_large_image","twitter_misc":{"Est. reading time":"2 minutes"},"schema":{"@context":"https:\/\/schema.org","@graph":[{"@type":"WebPage","@id":"https:\/\/sagitta-safety.com\/en\/eye-protection\/","url":"https:\/\/sagitta-safety.com\/en\/eye-protection\/","name":"Eye protection - Sagitta, the specialist in optics","isPartOf":{"@id":"https:\/\/sagitta-safety.com\/en\/#website"},"datePublished":"2020-12-12T15:51:21+00:00","dateModified":"2023-06-19T20:52:20+00:00","description":"Safety glasses from Sagitta currently protect eyes of thousands employees in many multinational companies.","breadcrumb":{"@id":"https:\/\/sagitta-safety.com\/en\/eye-protection\/#breadcrumb"},"inLanguage":"en-US","potentialAction":[{"@type":"ReadAction","target":["https:\/\/sagitta-safety.com\/en\/eye-protection\/"]}]},{"@type":"BreadcrumbList","@id":"https:\/\/sagitta-safety.com\/en\/eye-protection\/#breadcrumb","itemListElement":[{"@type":"ListItem","position":1,"name":"Home","item":"https:\/\/sagitta-safety.com\/cz\/"},{"@type":"ListItem","position":2,"name":"Ochrana zraku"}]},{"@type":"WebSite","@id":"https:\/\/sagitta-safety.com\/en\/#website","url":"https:\/\/sagitta-safety.com\/en\/","name":"Sagitta, the specialist in optics","description":"Profesion\u00e1lna ochrana zraku pre priemysel | SAGITTA","potentialAction":[{"@type":"SearchAction","target":{"@type":"EntryPoint","urlTemplate":"https:\/\/sagitta-safety.com\/en\/?s={search_term_string}"},"query-input":{"@type":"PropertyValueSpecification","valueRequired":true,"valueName":"search_term_string"}}],"inLanguage":"en-US"}]}},"_links":{"self":[{"href":"https:\/\/sagitta-safety.com\/en\/wp-json\/wp\/v2\/pages\/421","targetHints":{"allow":["GET"]}}],"collection":[{"href":"https:\/\/sagitta-safety.com\/en\/wp-json\/wp\/v2\/pages"}],"about":[{"href":"https:\/\/sagitta-safety.com\/en\/wp-json\/wp\/v2\/types\/page"}],"author":[{"embeddable":true,"href":"https:\/\/sagitta-safety.com\/en\/wp-json\/wp\/v2\/users\/1"}],"replies":[{"embeddable":true,"href":"https:\/\/sagitta-safety.com\/en\/wp-json\/wp\/v2\/comments?post=421"}],"version-history":[{"count":0,"href":"https:\/\/sagitta-safety.com\/en\/wp-json\/wp\/v2\/pages\/421\/revisions"}],"wp:attachment":[{"href":"https:\/\/sagitta-safety.com\/en\/wp-json\/wp\/v2\/media?parent=421"}],"curies":[{"name":"wp","href":"https:\/\/api.w.org\/{rel}","templated":true}]}}