{"id":9415,"date":"2021-07-14T23:15:03","date_gmt":"2021-07-14T21:15:03","guid":{"rendered":"https:\/\/sagitta-safety.com\/?post_type=product&#038;p=9415"},"modified":"2024-09-09T20:50:01","modified_gmt":"2024-09-09T18:50:01","slug":"katon-clean-fog","status":"publish","type":"product","link":"https:\/\/sagitta-safety.com\/cz\/produkt\/katon-clean-fog\/","title":{"rendered":"KATON Clean Fog"},"content":{"rendered":"","protected":false},"excerpt":{"rendered":"<ul>\n<li>ultra \u013eahk\u00e9 ochrann\u00e9 okuliare, ve\u013emi pru\u017en\u00e9<\/li>\n<li>atrakt\u00edvny \u0161portov\u00fd dizajn<\/li>\n<li>\u00faprava zorn\u00edka Permanent Fog trvale eliminuje ne\u017eiad\u00face zahmlievanie zorn\u00edkov<\/li>\n<li>LED Blue Protect filter efekt\u00edvne redukuje nebezpe\u010dn\u00e9 modr\u00e9 svetlo do 420nm<\/li>\n<li>panoramatick\u00fd tvar zorn\u00edka zabezpe\u010duje \u0161irok\u00e9 zorn\u00e9 pole<\/li>\n<li>univerz\u00e1lna ergonomick\u00e1 adaptabilita<\/li>\n<li>minim\u00e1lne stranov\u00e9 skreslenie perifern\u00e9ho obrazu<\/li>\n<li>nen\u00e1ro\u010dn\u00e9 na \u00fadr\u017ebu<\/li>\n<\/ul>","protected":false},"featured_media":9427,"template":"","meta":{"_et_pb_use_builder":"","_et_pb_old_content":"","_et_gb_content_width":""},"product_brand":[],"product_cat":[199],"product_tag":[],"class_list":{"0":"post-9415","1":"product","2":"type-product","3":"status-publish","4":"has-post-thumbnail","6":"product_cat-ochranne-okuliare-clear","8":"first","9":"instock","10":"shipping-taxable","11":"product-type-simple"},"yoast_head":"<!-- This site is optimized with the Yoast SEO plugin v26.1.1 - https:\/\/yoast.com\/wordpress\/plugins\/seo\/ -->\n<title>KATON Clean Fog - Sagitta, \u0161pecialista na o\u010dn\u00fa optiku<\/title>\n<meta name=\"robots\" content=\"index, follow, max-snippet:-1, max-image-preview:large, max-video-preview:-1\" \/>\n<link rel=\"canonical\" href=\"https:\/\/sagitta-safety.com\/cz\/produkt\/katon-clean-fog\/\" \/>\n<meta property=\"og:locale\" content=\"cs_CZ\" \/>\n<meta property=\"og:type\" content=\"article\" \/>\n<meta property=\"og:title\" content=\"KATON Clean Fog - Sagitta, \u0161pecialista na o\u010dn\u00fa optiku\" \/>\n<meta property=\"og:description\" content=\"ultra \u013eahk\u00e9 ochrann\u00e9 okuliare, ve\u013emi pru\u017en\u00e9  atrakt\u00edvny \u0161portov\u00fd dizajn  \u00faprava zorn\u00edka Permanent Fog trvale eliminuje ne\u017eiad\u00face zahmlievanie zorn\u00edkov  LED Blue Protect filter efekt\u00edvne redukuje nebezpe\u010dn\u00e9 modr\u00e9 svetlo do 420nm  panoramatick\u00fd tvar zorn\u00edka zabezpe\u010duje \u0161irok\u00e9 zorn\u00e9 pole  univerz\u00e1lna ergonomick\u00e1 adaptabilita  minim\u00e1lne stranov\u00e9 skreslenie perifern\u00e9ho obrazu  nen\u00e1ro\u010dn\u00e9 na \u00fadr\u017ebu\" \/>\n<meta property=\"og:url\" content=\"https:\/\/sagitta-safety.com\/cz\/produkt\/katon-clean-fog\/\" \/>\n<meta property=\"og:site_name\" content=\"Sagitta, \u0161pecialista na o\u010dn\u00fa optiku\" \/>\n<meta property=\"article:modified_time\" content=\"2024-09-09T18:50:01+00:00\" \/>\n<meta property=\"og:image\" content=\"https:\/\/sagitta-safety.com\/wp-content\/uploads\/2021\/07\/Katon_High_Vision-1.jpg\" \/>\n\t<meta property=\"og:image:width\" content=\"1772\" \/>\n\t<meta property=\"og:image:height\" content=\"1772\" \/>\n\t<meta property=\"og:image:type\" content=\"image\/jpeg\" \/>\n<meta name=\"twitter:card\" content=\"summary_large_image\" \/>\n<script type=\"application\/ld+json\" class=\"yoast-schema-graph\">{\"@context\":\"https:\/\/schema.org\",\"@graph\":[{\"@type\":\"WebPage\",\"@id\":\"https:\/\/sagitta-safety.com\/cz\/produkt\/katon-clean-fog\/\",\"url\":\"https:\/\/sagitta-safety.com\/cz\/produkt\/katon-clean-fog\/\",\"name\":\"KATON Clean Fog - Sagitta, \u0161pecialista na o\u010dn\u00fa optiku\",\"isPartOf\":{\"@id\":\"https:\/\/sagitta-safety.com\/en\/#website\"},\"primaryImageOfPage\":{\"@id\":\"https:\/\/sagitta-safety.com\/cz\/produkt\/katon-clean-fog\/#primaryimage\"},\"image\":{\"@id\":\"https:\/\/sagitta-safety.com\/cz\/produkt\/katon-clean-fog\/#primaryimage\"},\"thumbnailUrl\":\"https:\/\/sagitta-safety.com\/wp-content\/uploads\/2021\/07\/Katon_High_Vision-1.jpg\",\"datePublished\":\"2021-07-14T21:15:03+00:00\",\"dateModified\":\"2024-09-09T18:50:01+00:00\",\"breadcrumb\":{\"@id\":\"https:\/\/sagitta-safety.com\/cz\/produkt\/katon-clean-fog\/#breadcrumb\"},\"inLanguage\":\"cs\",\"potentialAction\":[{\"@type\":\"ReadAction\",\"target\":[\"https:\/\/sagitta-safety.com\/cz\/produkt\/katon-clean-fog\/\"]}]},{\"@type\":\"ImageObject\",\"inLanguage\":\"cs\",\"@id\":\"https:\/\/sagitta-safety.com\/cz\/produkt\/katon-clean-fog\/#primaryimage\",\"url\":\"https:\/\/sagitta-safety.com\/wp-content\/uploads\/2021\/07\/Katon_High_Vision-1.jpg\",\"contentUrl\":\"https:\/\/sagitta-safety.com\/wp-content\/uploads\/2021\/07\/Katon_High_Vision-1.jpg\",\"width\":1772,\"height\":1772},{\"@type\":\"BreadcrumbList\",\"@id\":\"https:\/\/sagitta-safety.com\/cz\/produkt\/katon-clean-fog\/#breadcrumb\",\"itemListElement\":[{\"@type\":\"ListItem\",\"position\":1,\"name\":\"Home\",\"item\":\"https:\/\/sagitta-safety.com\/cz\/\"},{\"@type\":\"ListItem\",\"position\":2,\"name\":\"Ochrana zraku\",\"item\":\"https:\/\/sagitta-safety.com\/en\/eye-protection\/\"},{\"@type\":\"ListItem\",\"position\":3,\"name\":\"KATON Clean Fog\"}]},{\"@type\":\"WebSite\",\"@id\":\"https:\/\/sagitta-safety.com\/en\/#website\",\"url\":\"https:\/\/sagitta-safety.com\/en\/\",\"name\":\"Sagitta, \u0161pecialista na o\u010dn\u00fa optiku\",\"description\":\"Profesion\u00e1lna ochrana zraku pre priemysel | SAGITTA\",\"potentialAction\":[{\"@type\":\"SearchAction\",\"target\":{\"@type\":\"EntryPoint\",\"urlTemplate\":\"https:\/\/sagitta-safety.com\/en\/?s={search_term_string}\"},\"query-input\":{\"@type\":\"PropertyValueSpecification\",\"valueRequired\":true,\"valueName\":\"search_term_string\"}}],\"inLanguage\":\"cs\"}]}<\/script>\n<!-- \/ Yoast SEO plugin. -->","yoast_head_json":{"title":"KATON Clean Fog - Sagitta, \u0161pecialista na o\u010dn\u00fa optiku","robots":{"index":"index","follow":"follow","max-snippet":"max-snippet:-1","max-image-preview":"max-image-preview:large","max-video-preview":"max-video-preview:-1"},"canonical":"https:\/\/sagitta-safety.com\/cz\/produkt\/katon-clean-fog\/","og_locale":"cs_CZ","og_type":"article","og_title":"KATON Clean Fog - Sagitta, \u0161pecialista na o\u010dn\u00fa optiku","og_description":"ultra \u013eahk\u00e9 ochrann\u00e9 okuliare, ve\u013emi pru\u017en\u00e9  atrakt\u00edvny \u0161portov\u00fd dizajn  \u00faprava zorn\u00edka Permanent Fog trvale eliminuje ne\u017eiad\u00face zahmlievanie zorn\u00edkov  LED Blue Protect filter efekt\u00edvne redukuje nebezpe\u010dn\u00e9 modr\u00e9 svetlo do 420nm  panoramatick\u00fd tvar zorn\u00edka zabezpe\u010duje \u0161irok\u00e9 zorn\u00e9 pole  univerz\u00e1lna ergonomick\u00e1 adaptabilita  minim\u00e1lne stranov\u00e9 skreslenie perifern\u00e9ho obrazu  nen\u00e1ro\u010dn\u00e9 na \u00fadr\u017ebu","og_url":"https:\/\/sagitta-safety.com\/cz\/produkt\/katon-clean-fog\/","og_site_name":"Sagitta, \u0161pecialista na o\u010dn\u00fa optiku","article_modified_time":"2024-09-09T18:50:01+00:00","og_image":[{"width":1772,"height":1772,"url":"https:\/\/sagitta-safety.com\/wp-content\/uploads\/2021\/07\/Katon_High_Vision-1.jpg","type":"image\/jpeg"}],"twitter_card":"summary_large_image","schema":{"@context":"https:\/\/schema.org","@graph":[{"@type":"WebPage","@id":"https:\/\/sagitta-safety.com\/cz\/produkt\/katon-clean-fog\/","url":"https:\/\/sagitta-safety.com\/cz\/produkt\/katon-clean-fog\/","name":"KATON Clean Fog - Sagitta, \u0161pecialista na o\u010dn\u00fa optiku","isPartOf":{"@id":"https:\/\/sagitta-safety.com\/en\/#website"},"primaryImageOfPage":{"@id":"https:\/\/sagitta-safety.com\/cz\/produkt\/katon-clean-fog\/#primaryimage"},"image":{"@id":"https:\/\/sagitta-safety.com\/cz\/produkt\/katon-clean-fog\/#primaryimage"},"thumbnailUrl":"https:\/\/sagitta-safety.com\/wp-content\/uploads\/2021\/07\/Katon_High_Vision-1.jpg","datePublished":"2021-07-14T21:15:03+00:00","dateModified":"2024-09-09T18:50:01+00:00","breadcrumb":{"@id":"https:\/\/sagitta-safety.com\/cz\/produkt\/katon-clean-fog\/#breadcrumb"},"inLanguage":"cs","potentialAction":[{"@type":"ReadAction","target":["https:\/\/sagitta-safety.com\/cz\/produkt\/katon-clean-fog\/"]}]},{"@type":"ImageObject","inLanguage":"cs","@id":"https:\/\/sagitta-safety.com\/cz\/produkt\/katon-clean-fog\/#primaryimage","url":"https:\/\/sagitta-safety.com\/wp-content\/uploads\/2021\/07\/Katon_High_Vision-1.jpg","contentUrl":"https:\/\/sagitta-safety.com\/wp-content\/uploads\/2021\/07\/Katon_High_Vision-1.jpg","width":1772,"height":1772},{"@type":"BreadcrumbList","@id":"https:\/\/sagitta-safety.com\/cz\/produkt\/katon-clean-fog\/#breadcrumb","itemListElement":[{"@type":"ListItem","position":1,"name":"Home","item":"https:\/\/sagitta-safety.com\/cz\/"},{"@type":"ListItem","position":2,"name":"Ochrana zraku","item":"https:\/\/sagitta-safety.com\/en\/eye-protection\/"},{"@type":"ListItem","position":3,"name":"KATON Clean Fog"}]},{"@type":"WebSite","@id":"https:\/\/sagitta-safety.com\/en\/#website","url":"https:\/\/sagitta-safety.com\/en\/","name":"Sagitta, specialista na o\u010dn\u00ed optiku","description":"Profesion\u00e1lna ochrana zraku pre priemysel | SAGITTA","potentialAction":[{"@type":"SearchAction","target":{"@type":"EntryPoint","urlTemplate":"https:\/\/sagitta-safety.com\/en\/?s={search_term_string}"},"query-input":{"@type":"PropertyValueSpecification","valueRequired":true,"valueName":"search_term_string"}}],"inLanguage":"cs"}]}},"_links":{"self":[{"href":"https:\/\/sagitta-safety.com\/cz\/wp-json\/wp\/v2\/product\/9415","targetHints":{"allow":["GET"]}}],"collection":[{"href":"https:\/\/sagitta-safety.com\/cz\/wp-json\/wp\/v2\/product"}],"about":[{"href":"https:\/\/sagitta-safety.com\/cz\/wp-json\/wp\/v2\/types\/product"}],"wp:featuredmedia":[{"embeddable":true,"href":"https:\/\/sagitta-safety.com\/cz\/wp-json\/wp\/v2\/media\/9427"}],"wp:attachment":[{"href":"https:\/\/sagitta-safety.com\/cz\/wp-json\/wp\/v2\/media?parent=9415"}],"wp:term":[{"taxonomy":"product_brand","embeddable":true,"href":"https:\/\/sagitta-safety.com\/cz\/wp-json\/wp\/v2\/product_brand?post=9415"},{"taxonomy":"product_cat","embeddable":true,"href":"https:\/\/sagitta-safety.com\/cz\/wp-json\/wp\/v2\/product_cat?post=9415"},{"taxonomy":"product_tag","embeddable":true,"href":"https:\/\/sagitta-safety.com\/cz\/wp-json\/wp\/v2\/product_tag?post=9415"}],"curies":[{"name":"wp","href":"https:\/\/api.w.org\/{rel}","templated":true}]}}