{"id":4145,"date":"2020-12-16T23:43:52","date_gmt":"2020-12-16T22:43:52","guid":{"rendered":"http:\/\/sagitta-safety.com\/?post_type=product&#038;p=4145"},"modified":"2021-07-21T15:19:16","modified_gmt":"2021-07-21T13:19:16","slug":"klip-infrazor","status":"publish","type":"product","link":"https:\/\/sagitta-safety.com\/cz\/produkt\/klip-infrazor\/","title":{"rendered":"Klip INFRAZOR"},"content":{"rendered":"","protected":false},"excerpt":{"rendered":"<ul>\n<li>ochrann\u00fd klip obsahuje IR filter INRAZOR z&nbsp;miner\u00e1lneho skla<\/li>\n<li>IR filter absorbuje \u0161kodliv\u00e9 infra\u010derven\u00e9 \u017eiarenie v&nbsp;oblasti od 780 do 2000 nm a&nbsp;UV \u017eiarenie<\/li>\n<li>IR filter poskytuje dokonal\u00fa rozli\u0161ovaciu schopnos\u0165 pri pozorovan\u00ed detailov v&nbsp;peci<\/li>\n<li>kon\u0161trukcia umo\u017e\u0148uje vyklopenie klipu s&nbsp;aret\u00e1ciou polohy<\/li>\n<li>pou\u017eitie v&nbsp;zlievarenskom, oceliarskom a&nbsp;skl\u00e1rskom priemysle<\/li>\n<li>klip je kompatibiln\u00fd s&nbsp;ochrann\u00fdm r\u00e1mom Optor S&nbsp;a&nbsp;Superior<\/li>\n<\/ul>","protected":false},"featured_media":9429,"template":"","meta":{"_et_pb_use_builder":"","_et_pb_old_content":"","_et_gb_content_width":""},"product_brand":[],"product_cat":[173],"product_tag":[],"class_list":{"0":"post-4145","1":"product","2":"type-product","3":"status-publish","4":"has-post-thumbnail","6":"product_cat-ochranne-okuliare-na-uv-ir-ziarenie","8":"first","9":"instock","10":"shipping-taxable","11":"product-type-simple"},"yoast_head":"<!-- This site is optimized with the Yoast SEO plugin v26.1.1 - https:\/\/yoast.com\/wordpress\/plugins\/seo\/ -->\n<title>Klip INFRAZOR - Sagitta, \u0161pecialista na o\u010dn\u00fa optiku<\/title>\n<meta name=\"robots\" content=\"index, follow, max-snippet:-1, max-image-preview:large, max-video-preview:-1\" \/>\n<link rel=\"canonical\" href=\"https:\/\/sagitta-safety.com\/cz\/product\/klip-infrazor\/\" \/>\n<meta property=\"og:locale\" content=\"cs_CZ\" \/>\n<meta property=\"og:type\" content=\"article\" \/>\n<meta property=\"og:title\" content=\"Klip INFRAZOR - Sagitta, \u0161pecialista na o\u010dn\u00fa optiku\" \/>\n<meta property=\"og:description\" content=\"ochrann\u00fd klip obsahuje IR filter INRAZOR z miner\u00e1lneho skla  IR filter absorbuje \u0161kodliv\u00e9 infra\u010derven\u00e9 \u017eiarenie v oblasti od 780 do 2000 nm a UV \u017eiarenie  IR filter poskytuje dokonal\u00fa rozli\u0161ovaciu schopnos\u0165 pri pozorovan\u00ed detailov v peci  kon\u0161trukcia umo\u017e\u0148uje vyklopenie klipu s aret\u00e1ciou polohy  pou\u017eitie v zlievarenskom, oceliarskom a skl\u00e1rskom priemysle  klip je kompatibiln\u00fd s ochrann\u00fdm r\u00e1mom Optor S a Superior\" \/>\n<meta property=\"og:url\" content=\"https:\/\/sagitta-safety.com\/cz\/product\/klip-infrazor\/\" \/>\n<meta property=\"og:site_name\" content=\"Sagitta, \u0161pecialista na o\u010dn\u00fa optiku\" \/>\n<meta property=\"article:modified_time\" content=\"2021-07-21T13:19:16+00:00\" \/>\n<meta property=\"og:image\" content=\"https:\/\/sagitta-safety.com\/wp-content\/uploads\/2020\/12\/Infrazor-1.jpg\" \/>\n\t<meta property=\"og:image:width\" content=\"1772\" \/>\n\t<meta property=\"og:image:height\" content=\"1772\" \/>\n\t<meta property=\"og:image:type\" content=\"image\/jpeg\" \/>\n<meta name=\"twitter:card\" content=\"summary_large_image\" \/>\n<script type=\"application\/ld+json\" class=\"yoast-schema-graph\">{\"@context\":\"https:\/\/schema.org\",\"@graph\":[{\"@type\":\"WebPage\",\"@id\":\"https:\/\/sagitta-safety.com\/en\/product\/klip-infrazor\/\",\"url\":\"https:\/\/sagitta-safety.com\/en\/product\/klip-infrazor\/\",\"name\":\"Klip INFRAZOR - Sagitta, \u0161pecialista na o\u010dn\u00fa optiku\",\"isPartOf\":{\"@id\":\"https:\/\/sagitta-safety.com\/en\/#website\"},\"primaryImageOfPage\":{\"@id\":\"https:\/\/sagitta-safety.com\/en\/product\/klip-infrazor\/#primaryimage\"},\"image\":{\"@id\":\"https:\/\/sagitta-safety.com\/en\/product\/klip-infrazor\/#primaryimage\"},\"thumbnailUrl\":\"https:\/\/sagitta-safety.com\/wp-content\/uploads\/2020\/12\/Infrazor-1.jpg\",\"datePublished\":\"2020-12-16T22:43:52+00:00\",\"dateModified\":\"2021-07-21T13:19:16+00:00\",\"breadcrumb\":{\"@id\":\"https:\/\/sagitta-safety.com\/en\/product\/klip-infrazor\/#breadcrumb\"},\"inLanguage\":\"cs\",\"potentialAction\":[{\"@type\":\"ReadAction\",\"target\":[\"https:\/\/sagitta-safety.com\/en\/product\/klip-infrazor\/\"]}]},{\"@type\":\"ImageObject\",\"inLanguage\":\"cs\",\"@id\":\"https:\/\/sagitta-safety.com\/en\/product\/klip-infrazor\/#primaryimage\",\"url\":\"https:\/\/sagitta-safety.com\/wp-content\/uploads\/2020\/12\/Infrazor-1.jpg\",\"contentUrl\":\"https:\/\/sagitta-safety.com\/wp-content\/uploads\/2020\/12\/Infrazor-1.jpg\",\"width\":1772,\"height\":1772},{\"@type\":\"BreadcrumbList\",\"@id\":\"https:\/\/sagitta-safety.com\/en\/product\/klip-infrazor\/#breadcrumb\",\"itemListElement\":[{\"@type\":\"ListItem\",\"position\":1,\"name\":\"Home\",\"item\":\"https:\/\/sagitta-safety.com\/cz\/\"},{\"@type\":\"ListItem\",\"position\":2,\"name\":\"Ochrana zraku\",\"item\":\"https:\/\/sagitta-safety.com\/en\/eye-protection\/\"},{\"@type\":\"ListItem\",\"position\":3,\"name\":\"Klip INFRAZOR\"}]},{\"@type\":\"WebSite\",\"@id\":\"https:\/\/sagitta-safety.com\/en\/#website\",\"url\":\"https:\/\/sagitta-safety.com\/en\/\",\"name\":\"Sagitta, \u0161pecialista na o\u010dn\u00fa optiku\",\"description\":\"Profesion\u00e1lna ochrana zraku pre priemysel | SAGITTA\",\"potentialAction\":[{\"@type\":\"SearchAction\",\"target\":{\"@type\":\"EntryPoint\",\"urlTemplate\":\"https:\/\/sagitta-safety.com\/en\/?s={search_term_string}\"},\"query-input\":{\"@type\":\"PropertyValueSpecification\",\"valueRequired\":true,\"valueName\":\"search_term_string\"}}],\"inLanguage\":\"cs\"}]}<\/script>\n<!-- \/ Yoast SEO plugin. -->","yoast_head_json":{"title":"Klip INFRAZOR - Sagitta, \u0161pecialista na o\u010dn\u00fa optiku","robots":{"index":"index","follow":"follow","max-snippet":"max-snippet:-1","max-image-preview":"max-image-preview:large","max-video-preview":"max-video-preview:-1"},"canonical":"https:\/\/sagitta-safety.com\/cz\/product\/klip-infrazor\/","og_locale":"cs_CZ","og_type":"article","og_title":"Klip INFRAZOR - Sagitta, \u0161pecialista na o\u010dn\u00fa optiku","og_description":"ochrann\u00fd klip obsahuje IR filter INRAZOR z miner\u00e1lneho skla  IR filter absorbuje \u0161kodliv\u00e9 infra\u010derven\u00e9 \u017eiarenie v oblasti od 780 do 2000 nm a UV \u017eiarenie  IR filter poskytuje dokonal\u00fa rozli\u0161ovaciu schopnos\u0165 pri pozorovan\u00ed detailov v peci  kon\u0161trukcia umo\u017e\u0148uje vyklopenie klipu s aret\u00e1ciou polohy  pou\u017eitie v zlievarenskom, oceliarskom a skl\u00e1rskom priemysle  klip je kompatibiln\u00fd s ochrann\u00fdm r\u00e1mom Optor S a Superior","og_url":"https:\/\/sagitta-safety.com\/cz\/product\/klip-infrazor\/","og_site_name":"Sagitta, \u0161pecialista na o\u010dn\u00fa optiku","article_modified_time":"2021-07-21T13:19:16+00:00","og_image":[{"width":1772,"height":1772,"url":"https:\/\/sagitta-safety.com\/wp-content\/uploads\/2020\/12\/Infrazor-1.jpg","type":"image\/jpeg"}],"twitter_card":"summary_large_image","schema":{"@context":"https:\/\/schema.org","@graph":[{"@type":"WebPage","@id":"https:\/\/sagitta-safety.com\/en\/product\/klip-infrazor\/","url":"https:\/\/sagitta-safety.com\/en\/product\/klip-infrazor\/","name":"Klip INFRAZOR - Sagitta, \u0161pecialista na o\u010dn\u00fa optiku","isPartOf":{"@id":"https:\/\/sagitta-safety.com\/en\/#website"},"primaryImageOfPage":{"@id":"https:\/\/sagitta-safety.com\/en\/product\/klip-infrazor\/#primaryimage"},"image":{"@id":"https:\/\/sagitta-safety.com\/en\/product\/klip-infrazor\/#primaryimage"},"thumbnailUrl":"https:\/\/sagitta-safety.com\/wp-content\/uploads\/2020\/12\/Infrazor-1.jpg","datePublished":"2020-12-16T22:43:52+00:00","dateModified":"2021-07-21T13:19:16+00:00","breadcrumb":{"@id":"https:\/\/sagitta-safety.com\/en\/product\/klip-infrazor\/#breadcrumb"},"inLanguage":"cs","potentialAction":[{"@type":"ReadAction","target":["https:\/\/sagitta-safety.com\/en\/product\/klip-infrazor\/"]}]},{"@type":"ImageObject","inLanguage":"cs","@id":"https:\/\/sagitta-safety.com\/en\/product\/klip-infrazor\/#primaryimage","url":"https:\/\/sagitta-safety.com\/wp-content\/uploads\/2020\/12\/Infrazor-1.jpg","contentUrl":"https:\/\/sagitta-safety.com\/wp-content\/uploads\/2020\/12\/Infrazor-1.jpg","width":1772,"height":1772},{"@type":"BreadcrumbList","@id":"https:\/\/sagitta-safety.com\/en\/product\/klip-infrazor\/#breadcrumb","itemListElement":[{"@type":"ListItem","position":1,"name":"Home","item":"https:\/\/sagitta-safety.com\/cz\/"},{"@type":"ListItem","position":2,"name":"Ochrana zraku","item":"https:\/\/sagitta-safety.com\/en\/eye-protection\/"},{"@type":"ListItem","position":3,"name":"Klip INFRAZOR"}]},{"@type":"WebSite","@id":"https:\/\/sagitta-safety.com\/en\/#website","url":"https:\/\/sagitta-safety.com\/en\/","name":"Sagitta, specialista na o\u010dn\u00ed optiku","description":"Profesion\u00e1lna ochrana zraku pre priemysel | SAGITTA","potentialAction":[{"@type":"SearchAction","target":{"@type":"EntryPoint","urlTemplate":"https:\/\/sagitta-safety.com\/en\/?s={search_term_string}"},"query-input":{"@type":"PropertyValueSpecification","valueRequired":true,"valueName":"search_term_string"}}],"inLanguage":"cs"}]}},"_links":{"self":[{"href":"https:\/\/sagitta-safety.com\/cz\/wp-json\/wp\/v2\/product\/4145","targetHints":{"allow":["GET"]}}],"collection":[{"href":"https:\/\/sagitta-safety.com\/cz\/wp-json\/wp\/v2\/product"}],"about":[{"href":"https:\/\/sagitta-safety.com\/cz\/wp-json\/wp\/v2\/types\/product"}],"wp:featuredmedia":[{"embeddable":true,"href":"https:\/\/sagitta-safety.com\/cz\/wp-json\/wp\/v2\/media\/9429"}],"wp:attachment":[{"href":"https:\/\/sagitta-safety.com\/cz\/wp-json\/wp\/v2\/media?parent=4145"}],"wp:term":[{"taxonomy":"product_brand","embeddable":true,"href":"https:\/\/sagitta-safety.com\/cz\/wp-json\/wp\/v2\/product_brand?post=4145"},{"taxonomy":"product_cat","embeddable":true,"href":"https:\/\/sagitta-safety.com\/cz\/wp-json\/wp\/v2\/product_cat?post=4145"},{"taxonomy":"product_tag","embeddable":true,"href":"https:\/\/sagitta-safety.com\/cz\/wp-json\/wp\/v2\/product_tag?post=4145"}],"curies":[{"name":"wp","href":"https:\/\/api.w.org\/{rel}","templated":true}]}}