{"id":4138,"date":"2020-12-16T22:14:57","date_gmt":"2020-12-16T21:14:57","guid":{"rendered":"http:\/\/sagitta-safety.com\/?post_type=product&#038;p=4138"},"modified":"2021-02-16T16:36:33","modified_gmt":"2021-02-16T15:36:33","slug":"zrakovy-audit","status":"publish","type":"product","link":"https:\/\/sagitta-safety.com\/cz\/produkt\/zrakovy-audit\/","title":{"rendered":"Zrakov\u00fd Audit"},"content":{"rendered":"<p>[et_pb_section fb_built=&#8220;1&#8243; _builder_version=&#8220;3.22&#8243; custom_padding=&#8220;0px||||false|false&#8220;][et_pb_row _builder_version=&#8220;3.25&#8243; background_size=&#8220;initial&#8220; background_position=&#8220;top_left&#8220; background_repeat=&#8220;repeat&#8220; width=&#8220;100%&#8220; custom_padding=&#8220;0px||0px||false|false&#8220;][et_pb_column type=&#8220;4_4&#8243; _builder_version=&#8220;3.25&#8243; custom_padding=&#8220;|||&#8220; custom_padding__hover=&#8220;|||&#8220;][et_pb_wc_breadcrumb _builder_version=&#8220;3.0.47&#8243;][\/et_pb_wc_breadcrumb][et_pb_wc_cart_notice _builder_version=&#8220;3.0.47&#8243;][\/et_pb_wc_cart_notice][\/et_pb_column][\/et_pb_row][et_pb_row _builder_version=&#8220;3.25&#8243; background_size=&#8220;initial&#8220; background_position=&#8220;top_left&#8220; background_repeat=&#8220;repeat&#8220; width=&#8220;100%&#8220; custom_padding=&#8220;0px||||false|false&#8220; column_structure=&#8220;1_2,1_2&#8243;][et_pb_column type=&#8220;1_2&#8243; _builder_version=&#8220;3.25&#8243; custom_padding=&#8220;|||&#8220; custom_padding__hover=&#8220;|||&#8220;][et_pb_wc_images _builder_version=&#8220;3.0.47&#8243;][\/et_pb_wc_images][\/et_pb_column][et_pb_column type=&#8220;1_2&#8243; _builder_version=&#8220;3.25&#8243; custom_padding=&#8220;|||&#8220; custom_padding__hover=&#8220;|||&#8220;][et_pb_wc_title _builder_version=&#8220;3.0.47&#8243;][\/et_pb_wc_title][et_pb_wc_rating _builder_version=&#8220;3.0.47&#8243;][\/et_pb_wc_rating][et_pb_wc_price _builder_version=&#8220;3.0.47&#8243;][\/et_pb_wc_price][et_pb_wc_description _builder_version=&#8220;3.0.47&#8243; hover_enabled=&#8220;0&#8243; sticky_enabled=&#8220;0&#8243;][\/et_pb_wc_description][et_pb_wc_add_to_cart _builder_version=&#8220;3.0.47&#8243;][\/et_pb_wc_add_to_cart][et_pb_wc_meta _builder_version=&#8220;3.0.47&#8243;][\/et_pb_wc_meta][\/et_pb_column][\/et_pb_row][et_pb_row _builder_version=&#8220;3.25&#8243; background_size=&#8220;initial&#8220; background_position=&#8220;top_left&#8220; background_repeat=&#8220;repeat&#8220; width=&#8220;100%&#8220;][et_pb_column type=&#8220;4_4&#8243; _builder_version=&#8220;3.25&#8243; custom_padding=&#8220;|||&#8220; custom_padding__hover=&#8220;|||&#8220;][et_pb_wc_tabs _builder_version=&#8220;3.0.47&#8243;]\t\t\t\t\t[\/et_pb_wc_tabs][et_pb_wc_upsells _builder_version=&#8220;3.0.47&#8243;][\/et_pb_wc_upsells][et_pb_wc_related_products _builder_version=&#8220;3.0.47&#8243;][\/et_pb_wc_related_products][\/et_pb_column][\/et_pb_row][\/et_pb_section]<\/p>","protected":false},"excerpt":{"rendered":"<p>Pos\u00fadenie pracovn\u00e9ho prostredia pre optim\u00e1lny v\u00fdber ochrann\u00fdch pracovn\u00fdch okuliarov a&nbsp;vytvorenie syst\u00e9mu ich spr\u00e1vneho pou\u017e\u00edvania a&nbsp;zaopatrenia. Cie\u013eom auditu je stanovi\u0165 optim\u00e1lnu, z\u00e1konom a&nbsp;normami ur\u010den\u00fa ochranu zraku na vybran\u00e9 pracovisk\u00e1 s&nbsp;prihliadnut\u00edm na ich \u0161pecifik\u00e1 tak, aby sa dosiahlo:<\/p>\n<ul>\n<li>maxim\u00e1ln\u00edho vizu\u00e1ln\u00edho vjemu pracovn\u00edka<\/li>\n<li>neru\u0161en\u00e9, jasn\u00e9, bezpe\u010dn\u00e9 videnie v&nbsp;predp\u00edsanej ochrane zraku<\/li>\n<li>dostato\u010dne ostr\u00e9 videnie pracovn\u00edka s&nbsp;prihliadnut\u00edm na jeho zrakov\u00fa vadu<\/li>\n<li>zkvalitn\u011bn\u00ed pr\u00e1ce n\u00e1ro\u010dn\u00e9 na vizu\u00e1ln\u00ed vjemy<\/li>\n<li>odstran\u011bn\u00ed p\u0159ed\u010dasn\u00e9 zrakov\u00e9 \u00fanavy<\/li>\n<li>spokojenosti pracovn\u00edka p\u0159i pou\u017e\u00edv\u00e1n\u00ed ochrany zraku<\/li>\n<li>\u00faspory n\u00e1kladov a&nbsp;\u017eivotnosti pri opakovanom obstar\u00e1van\u00ed OOPP zraku<\/li>\n<\/ul>","protected":false},"featured_media":8849,"template":"","meta":{"_et_pb_use_builder":"on","_et_pb_old_content":"","_et_gb_content_width":""},"product_brand":[],"product_cat":[179],"product_tag":[],"class_list":{"0":"post-4138","1":"product","2":"type-product","3":"status-publish","4":"has-post-thumbnail","6":"product_cat-sluzby","8":"first","9":"instock","10":"shipping-taxable","11":"product-type-simple"},"yoast_head":"<!-- This site is optimized with the Yoast SEO plugin v26.1.1 - https:\/\/yoast.com\/wordpress\/plugins\/seo\/ -->\n<title>Zrakov\u00fd Audit - Sagitta, \u0161pecialista na o\u010dn\u00fa optiku<\/title>\n<meta name=\"robots\" content=\"index, follow, max-snippet:-1, max-image-preview:large, max-video-preview:-1\" \/>\n<link rel=\"canonical\" href=\"https:\/\/sagitta-safety.com\/cz\/produkt\/zrakovy-audit\/\" \/>\n<meta property=\"og:locale\" content=\"cs_CZ\" \/>\n<meta property=\"og:type\" content=\"article\" \/>\n<meta property=\"og:title\" content=\"Zrakov\u00fd Audit - Sagitta, \u0161pecialista na o\u010dn\u00fa optiku\" \/>\n<meta property=\"og:description\" content=\"Pos\u00fadenie pracovn\u00e9ho prostredia pre optim\u00e1lny v\u00fdber ochrann\u00fdch pracovn\u00fdch okuliarov a vytvorenie syst\u00e9mu ich spr\u00e1vneho pou\u017e\u00edvania a zaopatrenia. Cie\u013eom auditu je stanovi\u0165 optim\u00e1lnu, z\u00e1konom a normami ur\u010den\u00fa ochranu zraku na vybran\u00e9 pracovisk\u00e1 s prihliadnut\u00edm na ich \u0161pecifik\u00e1 tak, aby sa dosiahlo:   maxim\u00e1lneho vizu\u00e1lneho vnemu pracovn\u00edka  neru\u0161en\u00e9, jasn\u00e9, bezpe\u010dn\u00e9 videnie v predp\u00edsanej ochrane zraku  dostato\u010dne ostr\u00e9 videnie pracovn\u00edka s prihliadnut\u00edm na jeho zrakov\u00fa vadu  skvalitnenie pr\u00e1ce n\u00e1ro\u010dnej na vizu\u00e1lny vnem  odstr\u00e1nenie pred\u010dasnej zrakovej \u00fanavy  spokojnosti pracovn\u00edka pri pou\u017e\u00edvan\u00ed ochrany zraku  \u00faspory n\u00e1kladov a \u017eivotnosti pri opakovanom obstar\u00e1van\u00ed OOPP zraku\" \/>\n<meta property=\"og:url\" content=\"https:\/\/sagitta-safety.com\/cz\/produkt\/zrakovy-audit\/\" \/>\n<meta property=\"og:site_name\" content=\"Sagitta, \u0161pecialista na o\u010dn\u00fa optiku\" \/>\n<meta property=\"article:modified_time\" content=\"2021-02-16T15:36:33+00:00\" \/>\n<meta property=\"og:image\" content=\"https:\/\/sagitta-safety.com\/wp-content\/uploads\/2020\/12\/zrakovy_audit.jpg\" \/>\n\t<meta property=\"og:image:width\" content=\"1772\" \/>\n\t<meta property=\"og:image:height\" content=\"1772\" \/>\n\t<meta property=\"og:image:type\" content=\"image\/jpeg\" \/>\n<meta name=\"twitter:card\" content=\"summary_large_image\" \/>\n<meta name=\"twitter:label1\" content=\"Odhadovan\u00e1 doba \u010dten\u00ed\" \/>\n\t<meta name=\"twitter:data1\" content=\"1 minuta\" \/>\n<script type=\"application\/ld+json\" class=\"yoast-schema-graph\">{\"@context\":\"https:\/\/schema.org\",\"@graph\":[{\"@type\":\"WebPage\",\"@id\":\"https:\/\/sagitta-safety.com\/sk\/produkt\/zrakovy-audit\/\",\"url\":\"https:\/\/sagitta-safety.com\/sk\/produkt\/zrakovy-audit\/\",\"name\":\"Zrakov\u00fd Audit - Sagitta, \u0161pecialista na o\u010dn\u00fa optiku\",\"isPartOf\":{\"@id\":\"https:\/\/sagitta-safety.com\/en\/#website\"},\"primaryImageOfPage\":{\"@id\":\"https:\/\/sagitta-safety.com\/sk\/produkt\/zrakovy-audit\/#primaryimage\"},\"image\":{\"@id\":\"https:\/\/sagitta-safety.com\/sk\/produkt\/zrakovy-audit\/#primaryimage\"},\"thumbnailUrl\":\"https:\/\/sagitta-safety.com\/wp-content\/uploads\/2020\/12\/zrakovy_audit.jpg\",\"datePublished\":\"2020-12-16T21:14:57+00:00\",\"dateModified\":\"2021-02-16T15:36:33+00:00\",\"breadcrumb\":{\"@id\":\"https:\/\/sagitta-safety.com\/sk\/produkt\/zrakovy-audit\/#breadcrumb\"},\"inLanguage\":\"cs\",\"potentialAction\":[{\"@type\":\"ReadAction\",\"target\":[\"https:\/\/sagitta-safety.com\/sk\/produkt\/zrakovy-audit\/\"]}]},{\"@type\":\"ImageObject\",\"inLanguage\":\"cs\",\"@id\":\"https:\/\/sagitta-safety.com\/sk\/produkt\/zrakovy-audit\/#primaryimage\",\"url\":\"https:\/\/sagitta-safety.com\/wp-content\/uploads\/2020\/12\/zrakovy_audit.jpg\",\"contentUrl\":\"https:\/\/sagitta-safety.com\/wp-content\/uploads\/2020\/12\/zrakovy_audit.jpg\",\"width\":1772,\"height\":1772},{\"@type\":\"BreadcrumbList\",\"@id\":\"https:\/\/sagitta-safety.com\/sk\/produkt\/zrakovy-audit\/#breadcrumb\",\"itemListElement\":[{\"@type\":\"ListItem\",\"position\":1,\"name\":\"Home\",\"item\":\"https:\/\/sagitta-safety.com\/cz\/\"},{\"@type\":\"ListItem\",\"position\":2,\"name\":\"Ochrana zraku\",\"item\":\"https:\/\/sagitta-safety.com\/en\/eye-protection\/\"},{\"@type\":\"ListItem\",\"position\":3,\"name\":\"Zrakov\u00fd Audit\"}]},{\"@type\":\"WebSite\",\"@id\":\"https:\/\/sagitta-safety.com\/en\/#website\",\"url\":\"https:\/\/sagitta-safety.com\/en\/\",\"name\":\"Sagitta, \u0161pecialista na o\u010dn\u00fa optiku\",\"description\":\"Profesion\u00e1lna ochrana zraku pre priemysel | SAGITTA\",\"potentialAction\":[{\"@type\":\"SearchAction\",\"target\":{\"@type\":\"EntryPoint\",\"urlTemplate\":\"https:\/\/sagitta-safety.com\/en\/?s={search_term_string}\"},\"query-input\":{\"@type\":\"PropertyValueSpecification\",\"valueRequired\":true,\"valueName\":\"search_term_string\"}}],\"inLanguage\":\"cs\"}]}<\/script>\n<!-- \/ Yoast SEO plugin. -->","yoast_head_json":{"title":"Zrakov\u00fd Audit - Sagitta, \u0161pecialista na o\u010dn\u00fa optiku","robots":{"index":"index","follow":"follow","max-snippet":"max-snippet:-1","max-image-preview":"max-image-preview:large","max-video-preview":"max-video-preview:-1"},"canonical":"https:\/\/sagitta-safety.com\/cz\/produkt\/zrakovy-audit\/","og_locale":"cs_CZ","og_type":"article","og_title":"Zrakov\u00fd Audit - Sagitta, \u0161pecialista na o\u010dn\u00fa optiku","og_description":"Pos\u00fadenie pracovn\u00e9ho prostredia pre optim\u00e1lny v\u00fdber ochrann\u00fdch pracovn\u00fdch okuliarov a vytvorenie syst\u00e9mu ich spr\u00e1vneho pou\u017e\u00edvania a zaopatrenia. Cie\u013eom auditu je stanovi\u0165 optim\u00e1lnu, z\u00e1konom a normami ur\u010den\u00fa ochranu zraku na vybran\u00e9 pracovisk\u00e1 s prihliadnut\u00edm na ich \u0161pecifik\u00e1 tak, aby sa dosiahlo:   maxim\u00e1lneho vizu\u00e1lneho vnemu pracovn\u00edka  neru\u0161en\u00e9, jasn\u00e9, bezpe\u010dn\u00e9 videnie v predp\u00edsanej ochrane zraku  dostato\u010dne ostr\u00e9 videnie pracovn\u00edka s prihliadnut\u00edm na jeho zrakov\u00fa vadu  skvalitnenie pr\u00e1ce n\u00e1ro\u010dnej na vizu\u00e1lny vnem  odstr\u00e1nenie pred\u010dasnej zrakovej \u00fanavy  spokojnosti pracovn\u00edka pri pou\u017e\u00edvan\u00ed ochrany zraku  \u00faspory n\u00e1kladov a \u017eivotnosti pri opakovanom obstar\u00e1van\u00ed OOPP zraku","og_url":"https:\/\/sagitta-safety.com\/cz\/produkt\/zrakovy-audit\/","og_site_name":"Sagitta, \u0161pecialista na o\u010dn\u00fa optiku","article_modified_time":"2021-02-16T15:36:33+00:00","og_image":[{"width":1772,"height":1772,"url":"https:\/\/sagitta-safety.com\/wp-content\/uploads\/2020\/12\/zrakovy_audit.jpg","type":"image\/jpeg"}],"twitter_card":"summary_large_image","twitter_misc":{"Odhadovan\u00e1 doba \u010dten\u00ed":"1 minuta"},"schema":{"@context":"https:\/\/schema.org","@graph":[{"@type":"WebPage","@id":"https:\/\/sagitta-safety.com\/sk\/produkt\/zrakovy-audit\/","url":"https:\/\/sagitta-safety.com\/sk\/produkt\/zrakovy-audit\/","name":"Zrakov\u00fd Audit - Sagitta, \u0161pecialista na o\u010dn\u00fa optiku","isPartOf":{"@id":"https:\/\/sagitta-safety.com\/en\/#website"},"primaryImageOfPage":{"@id":"https:\/\/sagitta-safety.com\/sk\/produkt\/zrakovy-audit\/#primaryimage"},"image":{"@id":"https:\/\/sagitta-safety.com\/sk\/produkt\/zrakovy-audit\/#primaryimage"},"thumbnailUrl":"https:\/\/sagitta-safety.com\/wp-content\/uploads\/2020\/12\/zrakovy_audit.jpg","datePublished":"2020-12-16T21:14:57+00:00","dateModified":"2021-02-16T15:36:33+00:00","breadcrumb":{"@id":"https:\/\/sagitta-safety.com\/sk\/produkt\/zrakovy-audit\/#breadcrumb"},"inLanguage":"cs","potentialAction":[{"@type":"ReadAction","target":["https:\/\/sagitta-safety.com\/sk\/produkt\/zrakovy-audit\/"]}]},{"@type":"ImageObject","inLanguage":"cs","@id":"https:\/\/sagitta-safety.com\/sk\/produkt\/zrakovy-audit\/#primaryimage","url":"https:\/\/sagitta-safety.com\/wp-content\/uploads\/2020\/12\/zrakovy_audit.jpg","contentUrl":"https:\/\/sagitta-safety.com\/wp-content\/uploads\/2020\/12\/zrakovy_audit.jpg","width":1772,"height":1772},{"@type":"BreadcrumbList","@id":"https:\/\/sagitta-safety.com\/sk\/produkt\/zrakovy-audit\/#breadcrumb","itemListElement":[{"@type":"ListItem","position":1,"name":"Home","item":"https:\/\/sagitta-safety.com\/cz\/"},{"@type":"ListItem","position":2,"name":"Ochrana zraku","item":"https:\/\/sagitta-safety.com\/en\/eye-protection\/"},{"@type":"ListItem","position":3,"name":"Zrakov\u00fd Audit"}]},{"@type":"WebSite","@id":"https:\/\/sagitta-safety.com\/en\/#website","url":"https:\/\/sagitta-safety.com\/en\/","name":"Sagitta, specialista na o\u010dn\u00ed optiku","description":"Profesion\u00e1lna ochrana zraku pre priemysel | SAGITTA","potentialAction":[{"@type":"SearchAction","target":{"@type":"EntryPoint","urlTemplate":"https:\/\/sagitta-safety.com\/en\/?s={search_term_string}"},"query-input":{"@type":"PropertyValueSpecification","valueRequired":true,"valueName":"search_term_string"}}],"inLanguage":"cs"}]}},"_links":{"self":[{"href":"https:\/\/sagitta-safety.com\/cz\/wp-json\/wp\/v2\/product\/4138","targetHints":{"allow":["GET"]}}],"collection":[{"href":"https:\/\/sagitta-safety.com\/cz\/wp-json\/wp\/v2\/product"}],"about":[{"href":"https:\/\/sagitta-safety.com\/cz\/wp-json\/wp\/v2\/types\/product"}],"wp:featuredmedia":[{"embeddable":true,"href":"https:\/\/sagitta-safety.com\/cz\/wp-json\/wp\/v2\/media\/8849"}],"wp:attachment":[{"href":"https:\/\/sagitta-safety.com\/cz\/wp-json\/wp\/v2\/media?parent=4138"}],"wp:term":[{"taxonomy":"product_brand","embeddable":true,"href":"https:\/\/sagitta-safety.com\/cz\/wp-json\/wp\/v2\/product_brand?post=4138"},{"taxonomy":"product_cat","embeddable":true,"href":"https:\/\/sagitta-safety.com\/cz\/wp-json\/wp\/v2\/product_cat?post=4138"},{"taxonomy":"product_tag","embeddable":true,"href":"https:\/\/sagitta-safety.com\/cz\/wp-json\/wp\/v2\/product_tag?post=4138"}],"curies":[{"name":"wp","href":"https:\/\/api.w.org\/{rel}","templated":true}]}}