{"id":1475,"date":"2017-07-17T12:17:29","date_gmt":"2017-07-17T10:17:29","guid":{"rendered":"http:\/\/sagitta-safety.com\/produkt\/led-blue-protect\/"},"modified":"2021-04-09T18:14:51","modified_gmt":"2021-04-09T16:14:51","slug":"led-blue-protect","status":"publish","type":"product","link":"https:\/\/sagitta-safety.com\/cz\/produkt\/led-blue-protect\/","title":{"rendered":"LED BLUE Protect"},"content":{"rendered":"","protected":false},"excerpt":{"rendered":"<ul>\n<li>Ochrann\u00e9 okuliare so zorn\u00edkmi radu LED BLUE Protect s\u00fa osobn\u00e9 ochrann\u00e9 prostriedky na ochranu o\u010d\u00ed pred \u0161kodliv\u00fdm svetlom emitovan\u00fdm z&nbsp;modr\u00e9ho LED zdroja. Toto svetlo je okuliarmi v&nbsp;podstatnej miere redukovan\u00e9 pod\u013ea intenzity filtra.<\/li>\n<li>Okuliare m\u00f4\u017eu z\u00e1rove\u0148 korigova\u0165 refrak\u010dn\u00e9 chyby oka \u2013 kr\u00e1tkozrakos\u0165, \u010falekozrakos\u0165 a&nbsp;in\u00e9, \u010falej poskytuj\u00fa ochranu zraku proti mechanick\u00fdm vplyvom, chemick\u00fdm vplyvom a&nbsp;ochranu pred dlhodob\u00fdm pre\u0165a\u017eovan\u00edm optick\u00e9ho apar\u00e1tu.<\/li>\n<li>\u00daprava povrchu zorn\u00edkov je Grafit Ultra (anti-scratch), antireflex NanoPurit\u00ae a&nbsp;TOP COAT, \u010d\u00edm sa zvy\u0161uje bezpe\u010dnos\u0165, komfort videnia a&nbsp;predl\u017euje \u017eivotnos\u0165 zorn\u00edkov.<\/li>\n<\/ul>\n<p>ROZSAH POU\u017dITIA:<\/p>\n<ul>\n<li>Pou\u017eitie okuliarov LED BLUE Protect je pr\u00edpustn\u00e9 v&nbsp;zmysle riz\u00edk optick\u00e9ho \u017eiarenia definovan\u00e9ho pod\u013ea normy STN EN 62471, \u010dl\u00e1nkov 1 , 3.4 , 6.1.2 , 6.1.3 , 6.1.4 .<\/li>\n<li>Vhodn\u00e9 do prev\u00e1dzok: Automobilov\u00fd priemysel \u2013 v\u00fdroba svetlometov, v\u00fdroba osvet- \u013eovacej techniky, kde je aplikovan\u00e9 LED svetlo.<\/li>\n<li>Rizikov\u00e9 skupiny: 2; 3 pod\u013ea STN EN 62471&#8243;<\/li>\n<\/ul>","protected":false},"featured_media":7874,"template":"","meta":{"_et_pb_use_builder":"","_et_pb_old_content":"","_et_gb_content_width":""},"product_brand":[],"product_cat":[172],"product_tag":[],"class_list":{"0":"post-1475","1":"product","2":"type-product","3":"status-publish","4":"has-post-thumbnail","6":"product_cat-ochranne-okuliare-led-blue-protect","8":"first","9":"instock","10":"shipping-taxable","11":"product-type-simple"},"yoast_head":"<!-- This site is optimized with the Yoast SEO plugin v26.1.1 - https:\/\/yoast.com\/wordpress\/plugins\/seo\/ -->\n<title>LED BLUE Protect - Sagitta, \u0161pecialista na o\u010dn\u00fa optiku<\/title>\n<meta name=\"robots\" content=\"index, follow, max-snippet:-1, max-image-preview:large, max-video-preview:-1\" \/>\n<link rel=\"canonical\" href=\"https:\/\/sagitta-safety.com\/cz\/produkt\/led-blue-protect\/\" \/>\n<meta property=\"og:locale\" content=\"cs_CZ\" \/>\n<meta property=\"og:type\" content=\"article\" \/>\n<meta property=\"og:title\" content=\"LED BLUE Protect - Sagitta, \u0161pecialista na o\u010dn\u00fa optiku\" \/>\n<meta property=\"og:description\" content=\"Ochrann\u00e9 okuliare so zorn\u00edkmi radu LED BLUE Protect s\u00fa osobn\u00e9 ochrann\u00e9 prostriedky na ochranu o\u010d\u00ed pred \u0161kodliv\u00fdm svetlom emitovan\u00fdm z modr\u00e9ho LED zdroja. Toto svetlo je okuliarmi v podstatnej miere redukovan\u00e9 pod\u013ea intenzity filtra.  Okuliare m\u00f4\u017eu z\u00e1rove\u0148 korigova\u0165 refrak\u010dn\u00e9 chyby oka \u2013 kr\u00e1tkozrakos\u0165, \u010falekozrakos\u0165 a in\u00e9, \u010falej poskytuj\u00fa ochranu zraku proti mechanick\u00fdm vplyvom, chemick\u00fdm vplyvom a ochranu pred dlhodob\u00fdm pre\u0165a\u017eovan\u00edm optick\u00e9ho apar\u00e1tu.  \u00daprava povrchu zorn\u00edkov je Grafit Ultra (anti-scratch), antireflex NanoPurit\u00ae a TOP COAT, \u010d\u00edm sa zvy\u0161uje bezpe\u010dnos\u0165, komfort videnia a predl\u017euje \u017eivotnos\u0165 zorn\u00edkov.  ROZSAH POU\u017dITIA:   Pou\u017eitie okuliarov LED BLUE Protect je pr\u00edpustn\u00e9 v zmysle riz\u00edk optick\u00e9ho \u017eiarenia definovan\u00e9ho pod\u013ea normy STN EN 62471, \u010dl\u00e1nkov 1 , 3.4 , 6.1.2 , 6.1.3 , 6.1.4 .  Vhodn\u00e9 do prev\u00e1dzok: Automobilov\u00fd priemysel \u2013 v\u00fdroba svetlometov, v\u00fdroba osvet- \u013eovacej techniky, kde je aplikovan\u00e9 LED svetlo.  Rizikov\u00e9 skupiny: 2; 3 pod\u013ea STN EN 62471&quot;\" \/>\n<meta property=\"og:url\" content=\"https:\/\/sagitta-safety.com\/cz\/produkt\/led-blue-protect\/\" \/>\n<meta property=\"og:site_name\" content=\"Sagitta, \u0161pecialista na o\u010dn\u00fa optiku\" \/>\n<meta property=\"article:modified_time\" content=\"2021-04-09T16:14:51+00:00\" \/>\n<meta property=\"og:image\" content=\"https:\/\/sagitta-safety.com\/wp-content\/uploads\/2017\/07\/Led-Blue-Protect_1.jpg\" \/>\n\t<meta property=\"og:image:width\" content=\"1417\" \/>\n\t<meta property=\"og:image:height\" content=\"1417\" \/>\n\t<meta property=\"og:image:type\" content=\"image\/jpeg\" \/>\n<meta name=\"twitter:card\" content=\"summary_large_image\" \/>\n<script type=\"application\/ld+json\" class=\"yoast-schema-graph\">{\"@context\":\"https:\/\/schema.org\",\"@graph\":[{\"@type\":\"WebPage\",\"@id\":\"https:\/\/sagitta-safety.com\/sk\/produkt\/led-blue-protect\/\",\"url\":\"https:\/\/sagitta-safety.com\/sk\/produkt\/led-blue-protect\/\",\"name\":\"LED BLUE Protect - Sagitta, \u0161pecialista na o\u010dn\u00fa optiku\",\"isPartOf\":{\"@id\":\"https:\/\/sagitta-safety.com\/en\/#website\"},\"primaryImageOfPage\":{\"@id\":\"https:\/\/sagitta-safety.com\/sk\/produkt\/led-blue-protect\/#primaryimage\"},\"image\":{\"@id\":\"https:\/\/sagitta-safety.com\/sk\/produkt\/led-blue-protect\/#primaryimage\"},\"thumbnailUrl\":\"https:\/\/sagitta-safety.com\/wp-content\/uploads\/2017\/07\/Led-Blue-Protect_1.jpg\",\"datePublished\":\"2017-07-17T10:17:29+00:00\",\"dateModified\":\"2021-04-09T16:14:51+00:00\",\"breadcrumb\":{\"@id\":\"https:\/\/sagitta-safety.com\/sk\/produkt\/led-blue-protect\/#breadcrumb\"},\"inLanguage\":\"cs\",\"potentialAction\":[{\"@type\":\"ReadAction\",\"target\":[\"https:\/\/sagitta-safety.com\/sk\/produkt\/led-blue-protect\/\"]}]},{\"@type\":\"ImageObject\",\"inLanguage\":\"cs\",\"@id\":\"https:\/\/sagitta-safety.com\/sk\/produkt\/led-blue-protect\/#primaryimage\",\"url\":\"https:\/\/sagitta-safety.com\/wp-content\/uploads\/2017\/07\/Led-Blue-Protect_1.jpg\",\"contentUrl\":\"https:\/\/sagitta-safety.com\/wp-content\/uploads\/2017\/07\/Led-Blue-Protect_1.jpg\",\"width\":1417,\"height\":1417},{\"@type\":\"BreadcrumbList\",\"@id\":\"https:\/\/sagitta-safety.com\/sk\/produkt\/led-blue-protect\/#breadcrumb\",\"itemListElement\":[{\"@type\":\"ListItem\",\"position\":1,\"name\":\"Home\",\"item\":\"https:\/\/sagitta-safety.com\/cz\/\"},{\"@type\":\"ListItem\",\"position\":2,\"name\":\"Ochrana zraku\",\"item\":\"https:\/\/sagitta-safety.com\/en\/eye-protection\/\"},{\"@type\":\"ListItem\",\"position\":3,\"name\":\"LED BLUE Protect\"}]},{\"@type\":\"WebSite\",\"@id\":\"https:\/\/sagitta-safety.com\/en\/#website\",\"url\":\"https:\/\/sagitta-safety.com\/en\/\",\"name\":\"Sagitta, \u0161pecialista na o\u010dn\u00fa optiku\",\"description\":\"Profesion\u00e1lna ochrana zraku pre priemysel | SAGITTA\",\"potentialAction\":[{\"@type\":\"SearchAction\",\"target\":{\"@type\":\"EntryPoint\",\"urlTemplate\":\"https:\/\/sagitta-safety.com\/en\/?s={search_term_string}\"},\"query-input\":{\"@type\":\"PropertyValueSpecification\",\"valueRequired\":true,\"valueName\":\"search_term_string\"}}],\"inLanguage\":\"cs\"}]}<\/script>\n<!-- \/ Yoast SEO plugin. -->","yoast_head_json":{"title":"LED BLUE Protect - Sagitta, \u0161pecialista na o\u010dn\u00fa optiku","robots":{"index":"index","follow":"follow","max-snippet":"max-snippet:-1","max-image-preview":"max-image-preview:large","max-video-preview":"max-video-preview:-1"},"canonical":"https:\/\/sagitta-safety.com\/cz\/produkt\/led-blue-protect\/","og_locale":"cs_CZ","og_type":"article","og_title":"LED BLUE Protect - Sagitta, \u0161pecialista na o\u010dn\u00fa optiku","og_description":"Ochrann\u00e9 okuliare so zorn\u00edkmi radu LED BLUE Protect s\u00fa osobn\u00e9 ochrann\u00e9 prostriedky na ochranu o\u010d\u00ed pred \u0161kodliv\u00fdm svetlom emitovan\u00fdm z modr\u00e9ho LED zdroja. Toto svetlo je okuliarmi v podstatnej miere redukovan\u00e9 pod\u013ea intenzity filtra.  Okuliare m\u00f4\u017eu z\u00e1rove\u0148 korigova\u0165 refrak\u010dn\u00e9 chyby oka \u2013 kr\u00e1tkozrakos\u0165, \u010falekozrakos\u0165 a in\u00e9, \u010falej poskytuj\u00fa ochranu zraku proti mechanick\u00fdm vplyvom, chemick\u00fdm vplyvom a ochranu pred dlhodob\u00fdm pre\u0165a\u017eovan\u00edm optick\u00e9ho apar\u00e1tu.  \u00daprava povrchu zorn\u00edkov je Grafit Ultra (anti-scratch), antireflex NanoPurit\u00ae a TOP COAT, \u010d\u00edm sa zvy\u0161uje bezpe\u010dnos\u0165, komfort videnia a predl\u017euje \u017eivotnos\u0165 zorn\u00edkov.  ROZSAH POU\u017dITIA:   Pou\u017eitie okuliarov LED BLUE Protect je pr\u00edpustn\u00e9 v zmysle riz\u00edk optick\u00e9ho \u017eiarenia definovan\u00e9ho pod\u013ea normy STN EN 62471, \u010dl\u00e1nkov 1 , 3.4 , 6.1.2 , 6.1.3 , 6.1.4 .  Vhodn\u00e9 do prev\u00e1dzok: Automobilov\u00fd priemysel \u2013 v\u00fdroba svetlometov, v\u00fdroba osvet- \u013eovacej techniky, kde je aplikovan\u00e9 LED svetlo.  Rizikov\u00e9 skupiny: 2; 3 pod\u013ea STN EN 62471\"","og_url":"https:\/\/sagitta-safety.com\/cz\/produkt\/led-blue-protect\/","og_site_name":"Sagitta, \u0161pecialista na o\u010dn\u00fa optiku","article_modified_time":"2021-04-09T16:14:51+00:00","og_image":[{"width":1417,"height":1417,"url":"https:\/\/sagitta-safety.com\/wp-content\/uploads\/2017\/07\/Led-Blue-Protect_1.jpg","type":"image\/jpeg"}],"twitter_card":"summary_large_image","schema":{"@context":"https:\/\/schema.org","@graph":[{"@type":"WebPage","@id":"https:\/\/sagitta-safety.com\/sk\/produkt\/led-blue-protect\/","url":"https:\/\/sagitta-safety.com\/sk\/produkt\/led-blue-protect\/","name":"LED BLUE Protect - Sagitta, \u0161pecialista na o\u010dn\u00fa optiku","isPartOf":{"@id":"https:\/\/sagitta-safety.com\/en\/#website"},"primaryImageOfPage":{"@id":"https:\/\/sagitta-safety.com\/sk\/produkt\/led-blue-protect\/#primaryimage"},"image":{"@id":"https:\/\/sagitta-safety.com\/sk\/produkt\/led-blue-protect\/#primaryimage"},"thumbnailUrl":"https:\/\/sagitta-safety.com\/wp-content\/uploads\/2017\/07\/Led-Blue-Protect_1.jpg","datePublished":"2017-07-17T10:17:29+00:00","dateModified":"2021-04-09T16:14:51+00:00","breadcrumb":{"@id":"https:\/\/sagitta-safety.com\/sk\/produkt\/led-blue-protect\/#breadcrumb"},"inLanguage":"cs","potentialAction":[{"@type":"ReadAction","target":["https:\/\/sagitta-safety.com\/sk\/produkt\/led-blue-protect\/"]}]},{"@type":"ImageObject","inLanguage":"cs","@id":"https:\/\/sagitta-safety.com\/sk\/produkt\/led-blue-protect\/#primaryimage","url":"https:\/\/sagitta-safety.com\/wp-content\/uploads\/2017\/07\/Led-Blue-Protect_1.jpg","contentUrl":"https:\/\/sagitta-safety.com\/wp-content\/uploads\/2017\/07\/Led-Blue-Protect_1.jpg","width":1417,"height":1417},{"@type":"BreadcrumbList","@id":"https:\/\/sagitta-safety.com\/sk\/produkt\/led-blue-protect\/#breadcrumb","itemListElement":[{"@type":"ListItem","position":1,"name":"Home","item":"https:\/\/sagitta-safety.com\/cz\/"},{"@type":"ListItem","position":2,"name":"Ochrana zraku","item":"https:\/\/sagitta-safety.com\/en\/eye-protection\/"},{"@type":"ListItem","position":3,"name":"LED BLUE Protect"}]},{"@type":"WebSite","@id":"https:\/\/sagitta-safety.com\/en\/#website","url":"https:\/\/sagitta-safety.com\/en\/","name":"Sagitta, specialista na o\u010dn\u00ed optiku","description":"Profesion\u00e1lna ochrana zraku pre priemysel | SAGITTA","potentialAction":[{"@type":"SearchAction","target":{"@type":"EntryPoint","urlTemplate":"https:\/\/sagitta-safety.com\/en\/?s={search_term_string}"},"query-input":{"@type":"PropertyValueSpecification","valueRequired":true,"valueName":"search_term_string"}}],"inLanguage":"cs"}]}},"_links":{"self":[{"href":"https:\/\/sagitta-safety.com\/cz\/wp-json\/wp\/v2\/product\/1475","targetHints":{"allow":["GET"]}}],"collection":[{"href":"https:\/\/sagitta-safety.com\/cz\/wp-json\/wp\/v2\/product"}],"about":[{"href":"https:\/\/sagitta-safety.com\/cz\/wp-json\/wp\/v2\/types\/product"}],"wp:featuredmedia":[{"embeddable":true,"href":"https:\/\/sagitta-safety.com\/cz\/wp-json\/wp\/v2\/media\/7874"}],"wp:attachment":[{"href":"https:\/\/sagitta-safety.com\/cz\/wp-json\/wp\/v2\/media?parent=1475"}],"wp:term":[{"taxonomy":"product_brand","embeddable":true,"href":"https:\/\/sagitta-safety.com\/cz\/wp-json\/wp\/v2\/product_brand?post=1475"},{"taxonomy":"product_cat","embeddable":true,"href":"https:\/\/sagitta-safety.com\/cz\/wp-json\/wp\/v2\/product_cat?post=1475"},{"taxonomy":"product_tag","embeddable":true,"href":"https:\/\/sagitta-safety.com\/cz\/wp-json\/wp\/v2\/product_tag?post=1475"}],"curies":[{"name":"wp","href":"https:\/\/api.w.org\/{rel}","templated":true}]}}