{"id":1172,"date":"2017-06-30T08:52:11","date_gmt":"2017-06-30T06:52:11","guid":{"rendered":"http:\/\/sagitta-safety.com\/produkt\/terminator-xtra-outdoor\/"},"modified":"2021-07-14T23:29:32","modified_gmt":"2021-07-14T21:29:32","slug":"terminator-xtra-outdoor","status":"publish","type":"product","link":"https:\/\/sagitta-safety.com\/cz\/produkt\/terminator-xtra-outdoor\/","title":{"rendered":"TERMINATOR X-TRA Outdoor"},"content":{"rendered":"","protected":false},"excerpt":{"rendered":"<ul>\n<li>ergonomick\u00fd dizajn pre pohodln\u00e9 celodenn\u00e9 nosenie<\/li>\n<li>ve\u013ekoryso otvoren\u00e9 perif\u00e9rne videnie<\/li>\n<li>minim\u00e1lne stranov\u00e9 skreslenie perif\u00e9rneho obrazu<\/li>\n<li>tesniaca man\u017eeta chr\u00e1ni zrakov\u00fa \u010das\u0165 oka a&nbsp;t\u00fdm zabezpe\u010duje 100% Fit Test<\/li>\n<li>m\u00e4kk\u00fd nosn\u00edk s&nbsp;prevetr\u00e1van\u00edm<\/li>\n<li>prisp\u00f4sobenie uhla stran\u00edc pre dosiahnutie ide\u00e1lneho sklonu okuliarov na tv\u00e1ri<\/li>\n<li>nastavenie d\u013a\u017eky stran\u00edc pod\u013ea individu\u00e1lnych po\u017eiadaviek nosite\u013ea<\/li>\n<li>mo\u017en\u00e1 demont\u00e1\u017e stran\u00edc a&nbsp;ich jednoduch\u00e1 v\u00fdmena za pru\u017en\u00fd p\u00e1sik<\/li>\n<li>ochrann\u00e9 okuliare umo\u017e\u0148uj\u00fa pou\u017ei\u0165 \u013eahko vymenite\u013en\u00fd dioptrick\u00fd klip<\/li>\n<\/ul>\n\n<table id=\"tablepress-16\" class=\"tablepress tablepress-id-16 tabulka\">\n<thead>\n<tr class=\"row-1\">\n\t<th class=\"column-1\">Farba r\u00e1mu<\/th><th class=\"column-2\">Farba zorn\u00edka<\/th><th class=\"column-3\">Zu\u0161\u013eachtenie<\/th><th class=\"column-4\">K\u00f3d tovaru<\/th>\n<\/tr>\n<\/thead>\n<tbody class=\"row-striping\">\n<tr class=\"row-2\">\n\t<td class=\"column-1\">\u010dierna<\/td><td class=\"column-2\">\u0161ed\u00e1<\/td><td class=\"column-3\">Anti scratch, Anti static, Anti fog<\/td><td class=\"column-4\">9320&nbsp;625<\/td>\n<\/tr>\n<tr class=\"row-3\">\n\t<td class=\"column-1\">\u010dierna<\/td><td class=\"column-2\">\u017elt\u00e1<\/td><td class=\"column-3\">Anti scratch, Anti static, Anti fog<\/td><td class=\"column-4\">9320&nbsp;125<\/td>\n<\/tr>\n<tr class=\"row-4\">\n\t<td class=\"column-1\">oran\u017eov\u00e1<\/td><td class=\"column-2\">\u0161ed\u00e1<\/td><td class=\"column-3\">Anti scratch, Anti static, Anti fog<\/td><td class=\"column-4\">9321&nbsp;625<\/td>\n<\/tr>\n<tr class=\"row-5\">\n\t<td class=\"column-1\">zelen\u00e1<\/td><td class=\"column-2\">\u0161ed\u00e1<\/td><td class=\"column-3\">Anti scratch, Anti static, Anti fog<\/td><td class=\"column-4\">9322&nbsp;625<\/td>\n<\/tr>\n<\/tbody>\n<\/table>\n<!-- #tablepress-16 from cache -->","protected":false},"featured_media":2860,"template":"","meta":{"_et_pb_use_builder":"","_et_pb_old_content":"","_et_gb_content_width":""},"product_brand":[],"product_cat":[201],"product_tag":[],"class_list":{"0":"post-1172","1":"product","2":"type-product","3":"status-publish","4":"has-post-thumbnail","6":"product_cat-ochranne-okuliare-outdoor","8":"first","9":"instock","10":"shipping-taxable","11":"product-type-simple"},"yoast_head":"<!-- This site is optimized with the Yoast SEO plugin v26.1.1 - https:\/\/yoast.com\/wordpress\/plugins\/seo\/ -->\n<title>TERMINATOR X-TRA Outdoor - Sagitta, \u0161pecialista na o\u010dn\u00fa optiku<\/title>\n<meta name=\"robots\" content=\"index, follow, max-snippet:-1, max-image-preview:large, max-video-preview:-1\" \/>\n<link rel=\"canonical\" href=\"https:\/\/sagitta-safety.com\/cz\/produkt\/terminator-xtra-outdoor\/\" \/>\n<meta property=\"og:locale\" content=\"cs_CZ\" \/>\n<meta property=\"og:type\" content=\"article\" \/>\n<meta property=\"og:title\" content=\"TERMINATOR X-TRA Outdoor - Sagitta, \u0161pecialista na o\u010dn\u00fa optiku\" \/>\n<meta property=\"og:description\" content=\"ergonomick\u00fd dizajn pre pohodln\u00e9 celodenn\u00e9 nosenie  ve\u013ekoryso otvoren\u00e9 perif\u00e9rne videnie  minim\u00e1lne stranov\u00e9 skreslenie perif\u00e9rneho obrazu  tesniaca man\u017eeta chr\u00e1ni zrakov\u00fa \u010das\u0165 oka a t\u00fdm zabezpe\u010duje 100% Fit Test  m\u00e4kk\u00fd nosn\u00edk s prevetr\u00e1van\u00edm  prisp\u00f4sobenie uhla stran\u00edc pre dosiahnutie ide\u00e1lneho sklonu okuliarov na tv\u00e1ri  nastavenie d\u013a\u017eky stran\u00edc pod\u013ea individu\u00e1lnych po\u017eiadaviek nosite\u013ea  mo\u017en\u00e1 demont\u00e1\u017e stran\u00edc a ich jednoduch\u00e1 v\u00fdmena za pru\u017en\u00fd p\u00e1sik  ochrann\u00e9 okuliare umo\u017e\u0148uj\u00fa pou\u017ei\u0165 \u013eahko vymenite\u013en\u00fd dioptrick\u00fd klip\" \/>\n<meta property=\"og:url\" content=\"https:\/\/sagitta-safety.com\/cz\/produkt\/terminator-xtra-outdoor\/\" \/>\n<meta property=\"og:site_name\" content=\"Sagitta, \u0161pecialista na o\u010dn\u00fa optiku\" \/>\n<meta property=\"article:modified_time\" content=\"2021-07-14T21:29:32+00:00\" \/>\n<meta property=\"og:image\" content=\"https:\/\/sagitta-safety.com\/wp-content\/uploads\/2020\/12\/TERMINATOR-XTRA-outdoor-9321-625-1.jpg\" \/>\n\t<meta property=\"og:image:width\" content=\"1772\" \/>\n\t<meta property=\"og:image:height\" content=\"709\" \/>\n\t<meta property=\"og:image:type\" content=\"image\/jpeg\" \/>\n<meta name=\"twitter:card\" content=\"summary_large_image\" \/>\n<script type=\"application\/ld+json\" class=\"yoast-schema-graph\">{\"@context\":\"https:\/\/schema.org\",\"@graph\":[{\"@type\":\"WebPage\",\"@id\":\"https:\/\/sagitta-safety.com\/cz\/produkt\/terminator-xtra-outdoor\/\",\"url\":\"https:\/\/sagitta-safety.com\/cz\/produkt\/terminator-xtra-outdoor\/\",\"name\":\"TERMINATOR X-TRA Outdoor - Sagitta, \u0161pecialista na o\u010dn\u00fa optiku\",\"isPartOf\":{\"@id\":\"https:\/\/sagitta-safety.com\/en\/#website\"},\"primaryImageOfPage\":{\"@id\":\"https:\/\/sagitta-safety.com\/cz\/produkt\/terminator-xtra-outdoor\/#primaryimage\"},\"image\":{\"@id\":\"https:\/\/sagitta-safety.com\/cz\/produkt\/terminator-xtra-outdoor\/#primaryimage\"},\"thumbnailUrl\":\"https:\/\/sagitta-safety.com\/wp-content\/uploads\/2020\/12\/TERMINATOR-XTRA-outdoor-9321-625-1.jpg\",\"datePublished\":\"2017-06-30T06:52:11+00:00\",\"dateModified\":\"2021-07-14T21:29:32+00:00\",\"breadcrumb\":{\"@id\":\"https:\/\/sagitta-safety.com\/cz\/produkt\/terminator-xtra-outdoor\/#breadcrumb\"},\"inLanguage\":\"cs\",\"potentialAction\":[{\"@type\":\"ReadAction\",\"target\":[\"https:\/\/sagitta-safety.com\/cz\/produkt\/terminator-xtra-outdoor\/\"]}]},{\"@type\":\"ImageObject\",\"inLanguage\":\"cs\",\"@id\":\"https:\/\/sagitta-safety.com\/cz\/produkt\/terminator-xtra-outdoor\/#primaryimage\",\"url\":\"https:\/\/sagitta-safety.com\/wp-content\/uploads\/2020\/12\/TERMINATOR-XTRA-outdoor-9321-625-1.jpg\",\"contentUrl\":\"https:\/\/sagitta-safety.com\/wp-content\/uploads\/2020\/12\/TERMINATOR-XTRA-outdoor-9321-625-1.jpg\",\"width\":1772,\"height\":709,\"caption\":\"TERMINATOR XTRA Outdoor\"},{\"@type\":\"BreadcrumbList\",\"@id\":\"https:\/\/sagitta-safety.com\/cz\/produkt\/terminator-xtra-outdoor\/#breadcrumb\",\"itemListElement\":[{\"@type\":\"ListItem\",\"position\":1,\"name\":\"Home\",\"item\":\"https:\/\/sagitta-safety.com\/cz\/\"},{\"@type\":\"ListItem\",\"position\":2,\"name\":\"Ochrana zraku\",\"item\":\"https:\/\/sagitta-safety.com\/en\/eye-protection\/\"},{\"@type\":\"ListItem\",\"position\":3,\"name\":\"TERMINATOR X-TRA Outdoor\"}]},{\"@type\":\"WebSite\",\"@id\":\"https:\/\/sagitta-safety.com\/en\/#website\",\"url\":\"https:\/\/sagitta-safety.com\/en\/\",\"name\":\"Sagitta, \u0161pecialista na o\u010dn\u00fa optiku\",\"description\":\"Profesion\u00e1lna ochrana zraku pre priemysel | SAGITTA\",\"potentialAction\":[{\"@type\":\"SearchAction\",\"target\":{\"@type\":\"EntryPoint\",\"urlTemplate\":\"https:\/\/sagitta-safety.com\/en\/?s={search_term_string}\"},\"query-input\":{\"@type\":\"PropertyValueSpecification\",\"valueRequired\":true,\"valueName\":\"search_term_string\"}}],\"inLanguage\":\"cs\"}]}<\/script>\n<!-- \/ Yoast SEO plugin. -->","yoast_head_json":{"title":"TERMINATOR X-TRA Outdoor - Sagitta, \u0161pecialista na o\u010dn\u00fa optiku","robots":{"index":"index","follow":"follow","max-snippet":"max-snippet:-1","max-image-preview":"max-image-preview:large","max-video-preview":"max-video-preview:-1"},"canonical":"https:\/\/sagitta-safety.com\/cz\/produkt\/terminator-xtra-outdoor\/","og_locale":"cs_CZ","og_type":"article","og_title":"TERMINATOR X-TRA Outdoor - Sagitta, \u0161pecialista na o\u010dn\u00fa optiku","og_description":"ergonomick\u00fd dizajn pre pohodln\u00e9 celodenn\u00e9 nosenie  ve\u013ekoryso otvoren\u00e9 perif\u00e9rne videnie  minim\u00e1lne stranov\u00e9 skreslenie perif\u00e9rneho obrazu  tesniaca man\u017eeta chr\u00e1ni zrakov\u00fa \u010das\u0165 oka a t\u00fdm zabezpe\u010duje 100% Fit Test  m\u00e4kk\u00fd nosn\u00edk s prevetr\u00e1van\u00edm  prisp\u00f4sobenie uhla stran\u00edc pre dosiahnutie ide\u00e1lneho sklonu okuliarov na tv\u00e1ri  nastavenie d\u013a\u017eky stran\u00edc pod\u013ea individu\u00e1lnych po\u017eiadaviek nosite\u013ea  mo\u017en\u00e1 demont\u00e1\u017e stran\u00edc a ich jednoduch\u00e1 v\u00fdmena za pru\u017en\u00fd p\u00e1sik  ochrann\u00e9 okuliare umo\u017e\u0148uj\u00fa pou\u017ei\u0165 \u013eahko vymenite\u013en\u00fd dioptrick\u00fd klip","og_url":"https:\/\/sagitta-safety.com\/cz\/produkt\/terminator-xtra-outdoor\/","og_site_name":"Sagitta, \u0161pecialista na o\u010dn\u00fa optiku","article_modified_time":"2021-07-14T21:29:32+00:00","og_image":[{"width":1772,"height":709,"url":"https:\/\/sagitta-safety.com\/wp-content\/uploads\/2020\/12\/TERMINATOR-XTRA-outdoor-9321-625-1.jpg","type":"image\/jpeg"}],"twitter_card":"summary_large_image","schema":{"@context":"https:\/\/schema.org","@graph":[{"@type":"WebPage","@id":"https:\/\/sagitta-safety.com\/cz\/produkt\/terminator-xtra-outdoor\/","url":"https:\/\/sagitta-safety.com\/cz\/produkt\/terminator-xtra-outdoor\/","name":"TERMINATOR X-TRA Outdoor - Sagitta, \u0161pecialista na o\u010dn\u00fa optiku","isPartOf":{"@id":"https:\/\/sagitta-safety.com\/en\/#website"},"primaryImageOfPage":{"@id":"https:\/\/sagitta-safety.com\/cz\/produkt\/terminator-xtra-outdoor\/#primaryimage"},"image":{"@id":"https:\/\/sagitta-safety.com\/cz\/produkt\/terminator-xtra-outdoor\/#primaryimage"},"thumbnailUrl":"https:\/\/sagitta-safety.com\/wp-content\/uploads\/2020\/12\/TERMINATOR-XTRA-outdoor-9321-625-1.jpg","datePublished":"2017-06-30T06:52:11+00:00","dateModified":"2021-07-14T21:29:32+00:00","breadcrumb":{"@id":"https:\/\/sagitta-safety.com\/cz\/produkt\/terminator-xtra-outdoor\/#breadcrumb"},"inLanguage":"cs","potentialAction":[{"@type":"ReadAction","target":["https:\/\/sagitta-safety.com\/cz\/produkt\/terminator-xtra-outdoor\/"]}]},{"@type":"ImageObject","inLanguage":"cs","@id":"https:\/\/sagitta-safety.com\/cz\/produkt\/terminator-xtra-outdoor\/#primaryimage","url":"https:\/\/sagitta-safety.com\/wp-content\/uploads\/2020\/12\/TERMINATOR-XTRA-outdoor-9321-625-1.jpg","contentUrl":"https:\/\/sagitta-safety.com\/wp-content\/uploads\/2020\/12\/TERMINATOR-XTRA-outdoor-9321-625-1.jpg","width":1772,"height":709,"caption":"TERMINATOR XTRA Outdoor"},{"@type":"BreadcrumbList","@id":"https:\/\/sagitta-safety.com\/cz\/produkt\/terminator-xtra-outdoor\/#breadcrumb","itemListElement":[{"@type":"ListItem","position":1,"name":"Home","item":"https:\/\/sagitta-safety.com\/cz\/"},{"@type":"ListItem","position":2,"name":"Ochrana zraku","item":"https:\/\/sagitta-safety.com\/en\/eye-protection\/"},{"@type":"ListItem","position":3,"name":"TERMINATOR X-TRA Outdoor"}]},{"@type":"WebSite","@id":"https:\/\/sagitta-safety.com\/en\/#website","url":"https:\/\/sagitta-safety.com\/en\/","name":"Sagitta, specialista na o\u010dn\u00ed optiku","description":"Profesion\u00e1lna ochrana zraku pre priemysel | SAGITTA","potentialAction":[{"@type":"SearchAction","target":{"@type":"EntryPoint","urlTemplate":"https:\/\/sagitta-safety.com\/en\/?s={search_term_string}"},"query-input":{"@type":"PropertyValueSpecification","valueRequired":true,"valueName":"search_term_string"}}],"inLanguage":"cs"}]}},"_links":{"self":[{"href":"https:\/\/sagitta-safety.com\/cz\/wp-json\/wp\/v2\/product\/1172","targetHints":{"allow":["GET"]}}],"collection":[{"href":"https:\/\/sagitta-safety.com\/cz\/wp-json\/wp\/v2\/product"}],"about":[{"href":"https:\/\/sagitta-safety.com\/cz\/wp-json\/wp\/v2\/types\/product"}],"wp:featuredmedia":[{"embeddable":true,"href":"https:\/\/sagitta-safety.com\/cz\/wp-json\/wp\/v2\/media\/2860"}],"wp:attachment":[{"href":"https:\/\/sagitta-safety.com\/cz\/wp-json\/wp\/v2\/media?parent=1172"}],"wp:term":[{"taxonomy":"product_brand","embeddable":true,"href":"https:\/\/sagitta-safety.com\/cz\/wp-json\/wp\/v2\/product_brand?post=1172"},{"taxonomy":"product_cat","embeddable":true,"href":"https:\/\/sagitta-safety.com\/cz\/wp-json\/wp\/v2\/product_cat?post=1172"},{"taxonomy":"product_tag","embeddable":true,"href":"https:\/\/sagitta-safety.com\/cz\/wp-json\/wp\/v2\/product_tag?post=1172"}],"curies":[{"name":"wp","href":"https:\/\/api.w.org\/{rel}","templated":true}]}}