{"id":1073,"date":"2017-06-29T14:41:14","date_gmt":"2017-06-29T12:41:14","guid":{"rendered":"http:\/\/sagitta-safety.com\/produkt\/terminator-plus\/"},"modified":"2021-04-09T18:22:27","modified_gmt":"2021-04-09T16:22:27","slug":"terminator-plus","status":"publish","type":"product","link":"https:\/\/sagitta-safety.com\/cz\/produkt\/terminator-plus\/","title":{"rendered":"TERMINATOR PLUS"},"content":{"rendered":"","protected":false},"excerpt":{"rendered":"<ul>\n<li>ochrann\u00e9 okuliare poskytuj\u00fa vysok\u00fa \u00farove\u0148 u\u017e\u00edvate\u013esk\u00e9ho komfortu pri manipul\u00e1ci\u00ed<\/li>\n<li>ve\u013ekoryso otvoren\u00e9 perif\u00e9rne videnie<\/li>\n<li>minim\u00e1lne stranov\u00e9 skreslenie perif\u00e9rneho obrazu<\/li>\n<li>zv\u00fd\u0161en\u00e1 tesnos\u0165 v&nbsp;nado\u010dnicovej \u010dasti zabra\u0148uje riziku prenikania \u010dast\u00edc do priestoru o\u010d\u00ed<\/li>\n<li>m\u00e4kk\u00fd nosn\u00edk s&nbsp;prevetr\u00e1van\u00edm<\/li>\n<li>prisp\u00f4sobenie uhla stran\u00edc pre dosiahnutie ide\u00e1lneho sklonu okuliarov na tv\u00e1ri<\/li>\n<li>nastavenie d\u013a\u017eky stran\u00edc pod\u013ea individu\u00e1lnych po\u017eiadaviek nosite\u013ea<\/li>\n<li>pou\u017eit\u00e1 kombin\u00e1cia dvoch druhov materi\u00e1lov redukuje tlak stran\u00edc v&nbsp;oblasti ucha<\/li>\n<\/ul>\n\n<table id=\"tablepress-4\" class=\"tablepress tablepress-id-4 tabulka\">\n<thead>\n<tr class=\"row-1\">\n\t<th class=\"column-1\">Farba r\u00e1mu<\/th><th class=\"column-2\">Zu\u0161\u013eachtenie<\/th><th class=\"column-3\">K\u00f3d tovaru<\/th>\n<\/tr>\n<\/thead>\n<tbody class=\"row-striping\">\n<tr class=\"row-2\">\n\t<td class=\"column-1\">\u010dierna-tyrkysov\u00e1<\/td><td class=\"column-2\">Anti scratch<\/td><td class=\"column-3\">9395&nbsp;105<br \/>\n<\/td>\n<\/tr>\n<tr class=\"row-3\">\n\t<td class=\"column-1\">\u010dierna-tyrkysov\u00e1<\/td><td class=\"column-2\">Anti scratch, Anti fog, Anti static<\/td><td class=\"column-3\">9395&nbsp;155<br \/>\n<\/td>\n<\/tr>\n<tr class=\"row-4\">\n\t<td class=\"column-1\">\u010dierna-tyrkysov\u00e1<\/td><td class=\"column-2\">Anti scratch, Anti fog Plus, Anti static<br \/>\n<\/td><td class=\"column-3\">9395&nbsp;006<br \/>\n<\/td>\n<\/tr>\n<\/tbody>\n<\/table>","protected":false},"featured_media":2818,"template":"","meta":{"_et_pb_use_builder":"","_et_pb_old_content":"","_et_gb_content_width":""},"product_brand":[],"product_cat":[199],"product_tag":[],"class_list":{"0":"post-1073","1":"product","2":"type-product","3":"status-publish","4":"has-post-thumbnail","6":"product_cat-ochranne-okuliare-clear","8":"first","9":"instock","10":"shipping-taxable","11":"product-type-simple"},"yoast_head":"<!-- This site is optimized with the Yoast SEO plugin v26.1.1 - https:\/\/yoast.com\/wordpress\/plugins\/seo\/ -->\n<title>TERMINATOR PLUS - Sagitta, \u0161pecialista na o\u010dn\u00fa optiku<\/title>\n<meta name=\"robots\" content=\"index, follow, max-snippet:-1, max-image-preview:large, max-video-preview:-1\" \/>\n<link rel=\"canonical\" href=\"https:\/\/sagitta-safety.com\/cz\/produkt\/terminator-plus\/\" \/>\n<meta property=\"og:locale\" content=\"cs_CZ\" \/>\n<meta property=\"og:type\" content=\"article\" \/>\n<meta property=\"og:title\" content=\"TERMINATOR PLUS - Sagitta, \u0161pecialista na o\u010dn\u00fa optiku\" \/>\n<meta property=\"og:description\" content=\"ochrann\u00e9 okuliare poskytuj\u00fa vysok\u00fa \u00farove\u0148 u\u017e\u00edvate\u013esk\u00e9ho komfortu pri manipul\u00e1ci\u00ed  ve\u013ekoryso otvoren\u00e9 perif\u00e9rne videnie  minim\u00e1lne stranov\u00e9 skreslenie perif\u00e9rneho obrazu  zv\u00fd\u0161en\u00e1 tesnos\u0165 v nado\u010dnicovej \u010dasti zabra\u0148uje riziku prenikania \u010dast\u00edc do priestoru o\u010d\u00ed  m\u00e4kk\u00fd nosn\u00edk s prevetr\u00e1van\u00edm  prisp\u00f4sobenie uhla stran\u00edc pre dosiahnutie ide\u00e1lneho sklonu okuliarov na tv\u00e1ri  nastavenie d\u013a\u017eky stran\u00edc pod\u013ea individu\u00e1lnych po\u017eiadaviek nosite\u013ea  pou\u017eit\u00e1 kombin\u00e1cia dvoch druhov materi\u00e1lov redukuje tlak stran\u00edc v oblasti ucha\" \/>\n<meta property=\"og:url\" content=\"https:\/\/sagitta-safety.com\/cz\/produkt\/terminator-plus\/\" \/>\n<meta property=\"og:site_name\" content=\"Sagitta, \u0161pecialista na o\u010dn\u00fa optiku\" \/>\n<meta property=\"article:modified_time\" content=\"2021-04-09T16:22:27+00:00\" \/>\n<meta property=\"og:image\" content=\"https:\/\/sagitta-safety.com\/wp-content\/uploads\/2020\/12\/TERMINATOR-PLUS-9395-105-2.jpg\" \/>\n\t<meta property=\"og:image:width\" content=\"1772\" \/>\n\t<meta property=\"og:image:height\" content=\"709\" \/>\n\t<meta property=\"og:image:type\" content=\"image\/jpeg\" \/>\n<meta name=\"twitter:card\" content=\"summary_large_image\" \/>\n<script type=\"application\/ld+json\" class=\"yoast-schema-graph\">{\"@context\":\"https:\/\/schema.org\",\"@graph\":[{\"@type\":\"WebPage\",\"@id\":\"https:\/\/sagitta-safety.com\/sk\/produkt\/terminator-plus\/\",\"url\":\"https:\/\/sagitta-safety.com\/sk\/produkt\/terminator-plus\/\",\"name\":\"TERMINATOR PLUS - Sagitta, \u0161pecialista na o\u010dn\u00fa optiku\",\"isPartOf\":{\"@id\":\"https:\/\/sagitta-safety.com\/en\/#website\"},\"primaryImageOfPage\":{\"@id\":\"https:\/\/sagitta-safety.com\/sk\/produkt\/terminator-plus\/#primaryimage\"},\"image\":{\"@id\":\"https:\/\/sagitta-safety.com\/sk\/produkt\/terminator-plus\/#primaryimage\"},\"thumbnailUrl\":\"https:\/\/sagitta-safety.com\/wp-content\/uploads\/2020\/12\/TERMINATOR-PLUS-9395-105-2.jpg\",\"datePublished\":\"2017-06-29T12:41:14+00:00\",\"dateModified\":\"2021-04-09T16:22:27+00:00\",\"breadcrumb\":{\"@id\":\"https:\/\/sagitta-safety.com\/sk\/produkt\/terminator-plus\/#breadcrumb\"},\"inLanguage\":\"cs\",\"potentialAction\":[{\"@type\":\"ReadAction\",\"target\":[\"https:\/\/sagitta-safety.com\/sk\/produkt\/terminator-plus\/\"]}]},{\"@type\":\"ImageObject\",\"inLanguage\":\"cs\",\"@id\":\"https:\/\/sagitta-safety.com\/sk\/produkt\/terminator-plus\/#primaryimage\",\"url\":\"https:\/\/sagitta-safety.com\/wp-content\/uploads\/2020\/12\/TERMINATOR-PLUS-9395-105-2.jpg\",\"contentUrl\":\"https:\/\/sagitta-safety.com\/wp-content\/uploads\/2020\/12\/TERMINATOR-PLUS-9395-105-2.jpg\",\"width\":1772,\"height\":709,\"caption\":\"TERMINATOR PLUS\"},{\"@type\":\"BreadcrumbList\",\"@id\":\"https:\/\/sagitta-safety.com\/sk\/produkt\/terminator-plus\/#breadcrumb\",\"itemListElement\":[{\"@type\":\"ListItem\",\"position\":1,\"name\":\"Home\",\"item\":\"https:\/\/sagitta-safety.com\/cz\/\"},{\"@type\":\"ListItem\",\"position\":2,\"name\":\"Ochrana zraku\",\"item\":\"https:\/\/sagitta-safety.com\/en\/eye-protection\/\"},{\"@type\":\"ListItem\",\"position\":3,\"name\":\"TERMINATOR PLUS\"}]},{\"@type\":\"WebSite\",\"@id\":\"https:\/\/sagitta-safety.com\/en\/#website\",\"url\":\"https:\/\/sagitta-safety.com\/en\/\",\"name\":\"Sagitta, \u0161pecialista na o\u010dn\u00fa optiku\",\"description\":\"Profesion\u00e1lna ochrana zraku pre priemysel | SAGITTA\",\"potentialAction\":[{\"@type\":\"SearchAction\",\"target\":{\"@type\":\"EntryPoint\",\"urlTemplate\":\"https:\/\/sagitta-safety.com\/en\/?s={search_term_string}\"},\"query-input\":{\"@type\":\"PropertyValueSpecification\",\"valueRequired\":true,\"valueName\":\"search_term_string\"}}],\"inLanguage\":\"cs\"}]}<\/script>\n<!-- \/ Yoast SEO plugin. -->","yoast_head_json":{"title":"TERMINATOR PLUS - Sagitta, \u0161pecialista na o\u010dn\u00fa optiku","robots":{"index":"index","follow":"follow","max-snippet":"max-snippet:-1","max-image-preview":"max-image-preview:large","max-video-preview":"max-video-preview:-1"},"canonical":"https:\/\/sagitta-safety.com\/cz\/produkt\/terminator-plus\/","og_locale":"cs_CZ","og_type":"article","og_title":"TERMINATOR PLUS - Sagitta, \u0161pecialista na o\u010dn\u00fa optiku","og_description":"ochrann\u00e9 okuliare poskytuj\u00fa vysok\u00fa \u00farove\u0148 u\u017e\u00edvate\u013esk\u00e9ho komfortu pri manipul\u00e1ci\u00ed  ve\u013ekoryso otvoren\u00e9 perif\u00e9rne videnie  minim\u00e1lne stranov\u00e9 skreslenie perif\u00e9rneho obrazu  zv\u00fd\u0161en\u00e1 tesnos\u0165 v nado\u010dnicovej \u010dasti zabra\u0148uje riziku prenikania \u010dast\u00edc do priestoru o\u010d\u00ed  m\u00e4kk\u00fd nosn\u00edk s prevetr\u00e1van\u00edm  prisp\u00f4sobenie uhla stran\u00edc pre dosiahnutie ide\u00e1lneho sklonu okuliarov na tv\u00e1ri  nastavenie d\u013a\u017eky stran\u00edc pod\u013ea individu\u00e1lnych po\u017eiadaviek nosite\u013ea  pou\u017eit\u00e1 kombin\u00e1cia dvoch druhov materi\u00e1lov redukuje tlak stran\u00edc v oblasti ucha","og_url":"https:\/\/sagitta-safety.com\/cz\/produkt\/terminator-plus\/","og_site_name":"Sagitta, \u0161pecialista na o\u010dn\u00fa optiku","article_modified_time":"2021-04-09T16:22:27+00:00","og_image":[{"width":1772,"height":709,"url":"https:\/\/sagitta-safety.com\/wp-content\/uploads\/2020\/12\/TERMINATOR-PLUS-9395-105-2.jpg","type":"image\/jpeg"}],"twitter_card":"summary_large_image","schema":{"@context":"https:\/\/schema.org","@graph":[{"@type":"WebPage","@id":"https:\/\/sagitta-safety.com\/sk\/produkt\/terminator-plus\/","url":"https:\/\/sagitta-safety.com\/sk\/produkt\/terminator-plus\/","name":"TERMINATOR PLUS - Sagitta, \u0161pecialista na o\u010dn\u00fa optiku","isPartOf":{"@id":"https:\/\/sagitta-safety.com\/en\/#website"},"primaryImageOfPage":{"@id":"https:\/\/sagitta-safety.com\/sk\/produkt\/terminator-plus\/#primaryimage"},"image":{"@id":"https:\/\/sagitta-safety.com\/sk\/produkt\/terminator-plus\/#primaryimage"},"thumbnailUrl":"https:\/\/sagitta-safety.com\/wp-content\/uploads\/2020\/12\/TERMINATOR-PLUS-9395-105-2.jpg","datePublished":"2017-06-29T12:41:14+00:00","dateModified":"2021-04-09T16:22:27+00:00","breadcrumb":{"@id":"https:\/\/sagitta-safety.com\/sk\/produkt\/terminator-plus\/#breadcrumb"},"inLanguage":"cs","potentialAction":[{"@type":"ReadAction","target":["https:\/\/sagitta-safety.com\/sk\/produkt\/terminator-plus\/"]}]},{"@type":"ImageObject","inLanguage":"cs","@id":"https:\/\/sagitta-safety.com\/sk\/produkt\/terminator-plus\/#primaryimage","url":"https:\/\/sagitta-safety.com\/wp-content\/uploads\/2020\/12\/TERMINATOR-PLUS-9395-105-2.jpg","contentUrl":"https:\/\/sagitta-safety.com\/wp-content\/uploads\/2020\/12\/TERMINATOR-PLUS-9395-105-2.jpg","width":1772,"height":709,"caption":"TERMINATOR PLUS"},{"@type":"BreadcrumbList","@id":"https:\/\/sagitta-safety.com\/sk\/produkt\/terminator-plus\/#breadcrumb","itemListElement":[{"@type":"ListItem","position":1,"name":"Home","item":"https:\/\/sagitta-safety.com\/cz\/"},{"@type":"ListItem","position":2,"name":"Ochrana zraku","item":"https:\/\/sagitta-safety.com\/en\/eye-protection\/"},{"@type":"ListItem","position":3,"name":"TERMINATOR PLUS"}]},{"@type":"WebSite","@id":"https:\/\/sagitta-safety.com\/en\/#website","url":"https:\/\/sagitta-safety.com\/en\/","name":"Sagitta, specialista na o\u010dn\u00ed optiku","description":"Profesion\u00e1lna ochrana zraku pre priemysel | SAGITTA","potentialAction":[{"@type":"SearchAction","target":{"@type":"EntryPoint","urlTemplate":"https:\/\/sagitta-safety.com\/en\/?s={search_term_string}"},"query-input":{"@type":"PropertyValueSpecification","valueRequired":true,"valueName":"search_term_string"}}],"inLanguage":"cs"}]}},"_links":{"self":[{"href":"https:\/\/sagitta-safety.com\/cz\/wp-json\/wp\/v2\/product\/1073","targetHints":{"allow":["GET"]}}],"collection":[{"href":"https:\/\/sagitta-safety.com\/cz\/wp-json\/wp\/v2\/product"}],"about":[{"href":"https:\/\/sagitta-safety.com\/cz\/wp-json\/wp\/v2\/types\/product"}],"wp:featuredmedia":[{"embeddable":true,"href":"https:\/\/sagitta-safety.com\/cz\/wp-json\/wp\/v2\/media\/2818"}],"wp:attachment":[{"href":"https:\/\/sagitta-safety.com\/cz\/wp-json\/wp\/v2\/media?parent=1073"}],"wp:term":[{"taxonomy":"product_brand","embeddable":true,"href":"https:\/\/sagitta-safety.com\/cz\/wp-json\/wp\/v2\/product_brand?post=1073"},{"taxonomy":"product_cat","embeddable":true,"href":"https:\/\/sagitta-safety.com\/cz\/wp-json\/wp\/v2\/product_cat?post=1073"},{"taxonomy":"product_tag","embeddable":true,"href":"https:\/\/sagitta-safety.com\/cz\/wp-json\/wp\/v2\/product_tag?post=1073"}],"curies":[{"name":"wp","href":"https:\/\/api.w.org\/{rel}","templated":true}]}}