{"id":10186,"date":"2022-11-16T17:56:30","date_gmt":"2022-11-16T16:56:30","guid":{"rendered":"https:\/\/sagitta-safety.com\/?post_type=product&#038;p=10186"},"modified":"2022-11-16T17:57:39","modified_gmt":"2022-11-16T16:57:39","slug":"sl334-c1-49-17","status":"publish","type":"product","link":"https:\/\/sagitta-safety.com\/cz\/produkt\/sl334-c1-49-17\/","title":{"rendered":"SL334 C1&nbsp;49&nbsp;17"},"content":{"rendered":"","protected":false},"excerpt":{"rendered":"<p>Okuliare OFFICE s\u00fa ur\u010den\u00e9 pre pr\u00e1cu so zobrazovac\u00edmi jednotkami v&nbsp;zmysle predpisov o&nbsp;minim\u00e1lnych bezpe\u010dnostn\u00fdch po\u017eiadavk\u00e1ch pri pr\u00e1ci so zobrazovac\u00edmi jednotkami. Eliminuj\u00fa rizik\u00e1 z\u00e1\u0165a\u017ee podpornej pohybovej s\u00fastavy a&nbsp;zrakovej z\u00e1\u0165a\u017ee z&nbsp;titulu:<\/p>\n<ol>\n<li>Neionizuj\u00faceho \u017eiarenia emitovan\u00e9ho z&nbsp;LED zdroja<\/li>\n<li>Neostr\u00e9ho videnia na bl\u00edzku a&nbsp;stredn\u00fa vzdialenos\u0165 Okuliarov\u00e9 r\u00e1my OFFICE Basic s\u00fa klasick\u00e9ho dizajnu pre nosite\u013eov preferuj\u00facich nen\u00e1padn\u00fa eleganciu.<\/li>\n<\/ol>","protected":false},"featured_media":10187,"template":"","meta":{"_et_pb_use_builder":"","_et_pb_old_content":"","_et_gb_content_width":""},"product_brand":[],"product_cat":[203],"product_tag":[],"class_list":{"0":"post-10186","1":"product","2":"type-product","3":"status-publish","4":"has-post-thumbnail","6":"product_cat-okuliare-k-pocitacu","8":"first","9":"instock","10":"shipping-taxable","11":"product-type-simple"},"yoast_head":"<!-- This site is optimized with the Yoast SEO plugin v26.1.1 - https:\/\/yoast.com\/wordpress\/plugins\/seo\/ -->\n<title>SL334 C1 49 17 - Sagitta, \u0161pecialista na o\u010dn\u00fa optiku<\/title>\n<meta name=\"robots\" content=\"index, follow, max-snippet:-1, max-image-preview:large, max-video-preview:-1\" \/>\n<link rel=\"canonical\" href=\"https:\/\/sagitta-safety.com\/cz\/produkt\/sl334-c1-49-17\/\" \/>\n<meta property=\"og:locale\" content=\"cs_CZ\" \/>\n<meta property=\"og:type\" content=\"article\" \/>\n<meta property=\"og:title\" content=\"SL334 C1 49 17 - Sagitta, \u0161pecialista na o\u010dn\u00fa optiku\" \/>\n<meta property=\"og:description\" content=\"Okuliare OFFICE s\u00fa ur\u010den\u00e9 pre pr\u00e1cu so zobrazovac\u00edmi jednotkami v zmysle predpisov o minim\u00e1lnych bezpe\u010dnostn\u00fdch po\u017eiadavk\u00e1ch pri pr\u00e1ci so zobrazovac\u00edmi jednotkami. Eliminuj\u00fa rizik\u00e1 z\u00e1\u0165a\u017ee podpornej pohybovej s\u00fastavy a zrakovej z\u00e1\u0165a\u017ee z titulu:   Neionizuj\u00faceho \u017eiarenia emitovan\u00e9ho z LED zdroja  Neostr\u00e9ho videnia na bl\u00edzku a stredn\u00fa vzdialenos\u0165 Okuliarov\u00e9 r\u00e1my OFFICE Basic s\u00fa klasick\u00e9ho dizajnu pre nosite\u013eov preferuj\u00facich nen\u00e1padn\u00fa eleganciu.\" \/>\n<meta property=\"og:url\" content=\"https:\/\/sagitta-safety.com\/cz\/produkt\/sl334-c1-49-17\/\" \/>\n<meta property=\"og:site_name\" content=\"Sagitta, \u0161pecialista na o\u010dn\u00fa optiku\" \/>\n<meta property=\"article:modified_time\" content=\"2022-11-16T16:57:39+00:00\" \/>\n<meta property=\"og:image\" content=\"https:\/\/sagitta-safety.com\/wp-content\/uploads\/2022\/11\/SL334-C1-49_17.jpg\" \/>\n\t<meta property=\"og:image:width\" content=\"1772\" \/>\n\t<meta property=\"og:image:height\" content=\"1772\" \/>\n\t<meta property=\"og:image:type\" content=\"image\/jpeg\" \/>\n<meta name=\"twitter:card\" content=\"summary_large_image\" \/>\n<script type=\"application\/ld+json\" class=\"yoast-schema-graph\">{\"@context\":\"https:\/\/schema.org\",\"@graph\":[{\"@type\":\"WebPage\",\"@id\":\"https:\/\/sagitta-safety.com\/sk\/produkt\/sl334-c1-49-17\/\",\"url\":\"https:\/\/sagitta-safety.com\/sk\/produkt\/sl334-c1-49-17\/\",\"name\":\"SL334 C1 49 17 - Sagitta, \u0161pecialista na o\u010dn\u00fa optiku\",\"isPartOf\":{\"@id\":\"https:\/\/sagitta-safety.com\/en\/#website\"},\"primaryImageOfPage\":{\"@id\":\"https:\/\/sagitta-safety.com\/sk\/produkt\/sl334-c1-49-17\/#primaryimage\"},\"image\":{\"@id\":\"https:\/\/sagitta-safety.com\/sk\/produkt\/sl334-c1-49-17\/#primaryimage\"},\"thumbnailUrl\":\"https:\/\/sagitta-safety.com\/wp-content\/uploads\/2022\/11\/SL334-C1-49_17.jpg\",\"datePublished\":\"2022-11-16T16:56:30+00:00\",\"dateModified\":\"2022-11-16T16:57:39+00:00\",\"breadcrumb\":{\"@id\":\"https:\/\/sagitta-safety.com\/sk\/produkt\/sl334-c1-49-17\/#breadcrumb\"},\"inLanguage\":\"cs\",\"potentialAction\":[{\"@type\":\"ReadAction\",\"target\":[\"https:\/\/sagitta-safety.com\/sk\/produkt\/sl334-c1-49-17\/\"]}]},{\"@type\":\"ImageObject\",\"inLanguage\":\"cs\",\"@id\":\"https:\/\/sagitta-safety.com\/sk\/produkt\/sl334-c1-49-17\/#primaryimage\",\"url\":\"https:\/\/sagitta-safety.com\/wp-content\/uploads\/2022\/11\/SL334-C1-49_17.jpg\",\"contentUrl\":\"https:\/\/sagitta-safety.com\/wp-content\/uploads\/2022\/11\/SL334-C1-49_17.jpg\",\"width\":1772,\"height\":1772},{\"@type\":\"BreadcrumbList\",\"@id\":\"https:\/\/sagitta-safety.com\/sk\/produkt\/sl334-c1-49-17\/#breadcrumb\",\"itemListElement\":[{\"@type\":\"ListItem\",\"position\":1,\"name\":\"Home\",\"item\":\"https:\/\/sagitta-safety.com\/cz\/\"},{\"@type\":\"ListItem\",\"position\":2,\"name\":\"Ochrana zraku\",\"item\":\"https:\/\/sagitta-safety.com\/en\/eye-protection\/\"},{\"@type\":\"ListItem\",\"position\":3,\"name\":\"SL334 C1&nbsp;49&nbsp;17\"}]},{\"@type\":\"WebSite\",\"@id\":\"https:\/\/sagitta-safety.com\/en\/#website\",\"url\":\"https:\/\/sagitta-safety.com\/en\/\",\"name\":\"Sagitta, \u0161pecialista na o\u010dn\u00fa optiku\",\"description\":\"Profesion\u00e1lna ochrana zraku pre priemysel | SAGITTA\",\"potentialAction\":[{\"@type\":\"SearchAction\",\"target\":{\"@type\":\"EntryPoint\",\"urlTemplate\":\"https:\/\/sagitta-safety.com\/en\/?s={search_term_string}\"},\"query-input\":{\"@type\":\"PropertyValueSpecification\",\"valueRequired\":true,\"valueName\":\"search_term_string\"}}],\"inLanguage\":\"cs\"}]}<\/script>\n<!-- \/ Yoast SEO plugin. -->","yoast_head_json":{"title":"SL334 C1 49 17 - Sagitta, \u0161pecialista na o\u010dn\u00fa optiku","robots":{"index":"index","follow":"follow","max-snippet":"max-snippet:-1","max-image-preview":"max-image-preview:large","max-video-preview":"max-video-preview:-1"},"canonical":"https:\/\/sagitta-safety.com\/cz\/produkt\/sl334-c1-49-17\/","og_locale":"cs_CZ","og_type":"article","og_title":"SL334 C1 49 17 - Sagitta, \u0161pecialista na o\u010dn\u00fa optiku","og_description":"Okuliare OFFICE s\u00fa ur\u010den\u00e9 pre pr\u00e1cu so zobrazovac\u00edmi jednotkami v zmysle predpisov o minim\u00e1lnych bezpe\u010dnostn\u00fdch po\u017eiadavk\u00e1ch pri pr\u00e1ci so zobrazovac\u00edmi jednotkami. Eliminuj\u00fa rizik\u00e1 z\u00e1\u0165a\u017ee podpornej pohybovej s\u00fastavy a zrakovej z\u00e1\u0165a\u017ee z titulu:   Neionizuj\u00faceho \u017eiarenia emitovan\u00e9ho z LED zdroja  Neostr\u00e9ho videnia na bl\u00edzku a stredn\u00fa vzdialenos\u0165 Okuliarov\u00e9 r\u00e1my OFFICE Basic s\u00fa klasick\u00e9ho dizajnu pre nosite\u013eov preferuj\u00facich nen\u00e1padn\u00fa eleganciu.","og_url":"https:\/\/sagitta-safety.com\/cz\/produkt\/sl334-c1-49-17\/","og_site_name":"Sagitta, \u0161pecialista na o\u010dn\u00fa optiku","article_modified_time":"2022-11-16T16:57:39+00:00","og_image":[{"width":1772,"height":1772,"url":"https:\/\/sagitta-safety.com\/wp-content\/uploads\/2022\/11\/SL334-C1-49_17.jpg","type":"image\/jpeg"}],"twitter_card":"summary_large_image","schema":{"@context":"https:\/\/schema.org","@graph":[{"@type":"WebPage","@id":"https:\/\/sagitta-safety.com\/sk\/produkt\/sl334-c1-49-17\/","url":"https:\/\/sagitta-safety.com\/sk\/produkt\/sl334-c1-49-17\/","name":"SL334 C1 49 17 - Sagitta, \u0161pecialista na o\u010dn\u00fa optiku","isPartOf":{"@id":"https:\/\/sagitta-safety.com\/en\/#website"},"primaryImageOfPage":{"@id":"https:\/\/sagitta-safety.com\/sk\/produkt\/sl334-c1-49-17\/#primaryimage"},"image":{"@id":"https:\/\/sagitta-safety.com\/sk\/produkt\/sl334-c1-49-17\/#primaryimage"},"thumbnailUrl":"https:\/\/sagitta-safety.com\/wp-content\/uploads\/2022\/11\/SL334-C1-49_17.jpg","datePublished":"2022-11-16T16:56:30+00:00","dateModified":"2022-11-16T16:57:39+00:00","breadcrumb":{"@id":"https:\/\/sagitta-safety.com\/sk\/produkt\/sl334-c1-49-17\/#breadcrumb"},"inLanguage":"cs","potentialAction":[{"@type":"ReadAction","target":["https:\/\/sagitta-safety.com\/sk\/produkt\/sl334-c1-49-17\/"]}]},{"@type":"ImageObject","inLanguage":"cs","@id":"https:\/\/sagitta-safety.com\/sk\/produkt\/sl334-c1-49-17\/#primaryimage","url":"https:\/\/sagitta-safety.com\/wp-content\/uploads\/2022\/11\/SL334-C1-49_17.jpg","contentUrl":"https:\/\/sagitta-safety.com\/wp-content\/uploads\/2022\/11\/SL334-C1-49_17.jpg","width":1772,"height":1772},{"@type":"BreadcrumbList","@id":"https:\/\/sagitta-safety.com\/sk\/produkt\/sl334-c1-49-17\/#breadcrumb","itemListElement":[{"@type":"ListItem","position":1,"name":"Home","item":"https:\/\/sagitta-safety.com\/cz\/"},{"@type":"ListItem","position":2,"name":"Ochrana zraku","item":"https:\/\/sagitta-safety.com\/en\/eye-protection\/"},{"@type":"ListItem","position":3,"name":"SL334 C1&nbsp;49&nbsp;17"}]},{"@type":"WebSite","@id":"https:\/\/sagitta-safety.com\/en\/#website","url":"https:\/\/sagitta-safety.com\/en\/","name":"Sagitta, specialista na o\u010dn\u00ed optiku","description":"Profesion\u00e1lna ochrana zraku pre priemysel | SAGITTA","potentialAction":[{"@type":"SearchAction","target":{"@type":"EntryPoint","urlTemplate":"https:\/\/sagitta-safety.com\/en\/?s={search_term_string}"},"query-input":{"@type":"PropertyValueSpecification","valueRequired":true,"valueName":"search_term_string"}}],"inLanguage":"cs"}]}},"_links":{"self":[{"href":"https:\/\/sagitta-safety.com\/cz\/wp-json\/wp\/v2\/product\/10186","targetHints":{"allow":["GET"]}}],"collection":[{"href":"https:\/\/sagitta-safety.com\/cz\/wp-json\/wp\/v2\/product"}],"about":[{"href":"https:\/\/sagitta-safety.com\/cz\/wp-json\/wp\/v2\/types\/product"}],"wp:featuredmedia":[{"embeddable":true,"href":"https:\/\/sagitta-safety.com\/cz\/wp-json\/wp\/v2\/media\/10187"}],"wp:attachment":[{"href":"https:\/\/sagitta-safety.com\/cz\/wp-json\/wp\/v2\/media?parent=10186"}],"wp:term":[{"taxonomy":"product_brand","embeddable":true,"href":"https:\/\/sagitta-safety.com\/cz\/wp-json\/wp\/v2\/product_brand?post=10186"},{"taxonomy":"product_cat","embeddable":true,"href":"https:\/\/sagitta-safety.com\/cz\/wp-json\/wp\/v2\/product_cat?post=10186"},{"taxonomy":"product_tag","embeddable":true,"href":"https:\/\/sagitta-safety.com\/cz\/wp-json\/wp\/v2\/product_tag?post=10186"}],"curies":[{"name":"wp","href":"https:\/\/api.w.org\/{rel}","templated":true}]}}