{"id":1017,"date":"2017-06-27T09:20:38","date_gmt":"2017-06-27T07:20:38","guid":{"rendered":"http:\/\/sagitta-safety.com\/produkt\/sb100\/"},"modified":"2022-10-08T15:02:13","modified_gmt":"2022-10-08T13:02:13","slug":"sb100","status":"publish","type":"product","link":"https:\/\/sagitta-safety.com\/cz\/produkt\/sb100\/","title":{"rendered":"SB100"},"content":{"rendered":"","protected":false},"excerpt":{"rendered":"<ul>\n<li>dioptrick\u00e9 ochrann\u00e9 okuliare modern\u00e9ho vzh\u013eadu<\/li>\n<li>transparentn\u00e1 bo\u010dn\u00e1 ochrana z&nbsp;odoln\u00e9ho polykarbon\u00e1tu<\/li>\n<li>ergonomick\u00e1 kon\u0161trukcia, individu\u00e1lne nastavenie sedielok<\/li>\n<li>zakon\u010denie stran\u00edc s&nbsp;kovovou v\u00fdstuhou pre lep\u0161ie prisp\u00f4sobenie a&nbsp;fixovanie na tv\u00e1ri<\/li>\n<li>k dispoz\u00edci\u00ed s\u00fa dve ve\u013ekosti<\/li>\n<\/ul>","protected":false},"featured_media":2630,"template":"","meta":{"_et_pb_use_builder":"","_et_pb_old_content":"","_et_gb_content_width":""},"product_brand":[],"product_cat":[192],"product_tag":[],"class_list":{"0":"post-1017","1":"product","2":"type-product","3":"status-publish","4":"has-post-thumbnail","6":"product_cat-dioptricke-ochranne-okuliare","8":"first","9":"instock","10":"shipping-taxable","11":"product-type-simple"},"yoast_head":"<!-- This site is optimized with the Yoast SEO plugin v26.1.1 - https:\/\/yoast.com\/wordpress\/plugins\/seo\/ -->\n<title>SB100 - Sagitta, \u0161pecialista na o\u010dn\u00fa optiku<\/title>\n<meta name=\"robots\" content=\"index, follow, max-snippet:-1, max-image-preview:large, max-video-preview:-1\" \/>\n<link rel=\"canonical\" href=\"https:\/\/sagitta-safety.com\/cz\/produkt\/sb100\/\" \/>\n<meta property=\"og:locale\" content=\"cs_CZ\" \/>\n<meta property=\"og:type\" content=\"article\" \/>\n<meta property=\"og:title\" content=\"SB100 - Sagitta, \u0161pecialista na o\u010dn\u00fa optiku\" \/>\n<meta property=\"og:description\" content=\"dioptrick\u00e9 ochrann\u00e9 okuliare modern\u00e9ho vzh\u013eadu  transparentn\u00e1 bo\u010dn\u00e1 ochrana z odoln\u00e9ho polykarbon\u00e1tu  ergonomick\u00e1 kon\u0161trukcia, individu\u00e1lne nastavenie sedielok  zakon\u010denie stran\u00edc s kovovou v\u00fdstuhou pre lep\u0161ie prisp\u00f4sobenie a fixovanie na tv\u00e1ri  k dispoz\u00edci\u00ed s\u00fa dve ve\u013ekosti\" \/>\n<meta property=\"og:url\" content=\"https:\/\/sagitta-safety.com\/cz\/produkt\/sb100\/\" \/>\n<meta property=\"og:site_name\" content=\"Sagitta, \u0161pecialista na o\u010dn\u00fa optiku\" \/>\n<meta property=\"article:modified_time\" content=\"2022-10-08T13:02:13+00:00\" \/>\n<meta property=\"og:image\" content=\"https:\/\/sagitta-safety.com\/wp-content\/uploads\/2020\/12\/SB100.jpg\" \/>\n\t<meta property=\"og:image:width\" content=\"1888\" \/>\n\t<meta property=\"og:image:height\" content=\"708\" \/>\n\t<meta property=\"og:image:type\" content=\"image\/jpeg\" \/>\n<meta name=\"twitter:card\" content=\"summary_large_image\" \/>\n<script type=\"application\/ld+json\" class=\"yoast-schema-graph\">{\"@context\":\"https:\/\/schema.org\",\"@graph\":[{\"@type\":\"WebPage\",\"@id\":\"https:\/\/sagitta-safety.com\/sk\/produkt\/sb100\/\",\"url\":\"https:\/\/sagitta-safety.com\/sk\/produkt\/sb100\/\",\"name\":\"SB100 - Sagitta, \u0161pecialista na o\u010dn\u00fa optiku\",\"isPartOf\":{\"@id\":\"https:\/\/sagitta-safety.com\/en\/#website\"},\"primaryImageOfPage\":{\"@id\":\"https:\/\/sagitta-safety.com\/sk\/produkt\/sb100\/#primaryimage\"},\"image\":{\"@id\":\"https:\/\/sagitta-safety.com\/sk\/produkt\/sb100\/#primaryimage\"},\"thumbnailUrl\":\"https:\/\/sagitta-safety.com\/wp-content\/uploads\/2020\/12\/SB100.jpg\",\"datePublished\":\"2017-06-27T07:20:38+00:00\",\"dateModified\":\"2022-10-08T13:02:13+00:00\",\"breadcrumb\":{\"@id\":\"https:\/\/sagitta-safety.com\/sk\/produkt\/sb100\/#breadcrumb\"},\"inLanguage\":\"cs\",\"potentialAction\":[{\"@type\":\"ReadAction\",\"target\":[\"https:\/\/sagitta-safety.com\/sk\/produkt\/sb100\/\"]}]},{\"@type\":\"ImageObject\",\"inLanguage\":\"cs\",\"@id\":\"https:\/\/sagitta-safety.com\/sk\/produkt\/sb100\/#primaryimage\",\"url\":\"https:\/\/sagitta-safety.com\/wp-content\/uploads\/2020\/12\/SB100.jpg\",\"contentUrl\":\"https:\/\/sagitta-safety.com\/wp-content\/uploads\/2020\/12\/SB100.jpg\",\"width\":1888,\"height\":708},{\"@type\":\"BreadcrumbList\",\"@id\":\"https:\/\/sagitta-safety.com\/sk\/produkt\/sb100\/#breadcrumb\",\"itemListElement\":[{\"@type\":\"ListItem\",\"position\":1,\"name\":\"Home\",\"item\":\"https:\/\/sagitta-safety.com\/cz\/\"},{\"@type\":\"ListItem\",\"position\":2,\"name\":\"Ochrana zraku\",\"item\":\"https:\/\/sagitta-safety.com\/en\/eye-protection\/\"},{\"@type\":\"ListItem\",\"position\":3,\"name\":\"SB100\"}]},{\"@type\":\"WebSite\",\"@id\":\"https:\/\/sagitta-safety.com\/en\/#website\",\"url\":\"https:\/\/sagitta-safety.com\/en\/\",\"name\":\"Sagitta, \u0161pecialista na o\u010dn\u00fa optiku\",\"description\":\"Profesion\u00e1lna ochrana zraku pre priemysel | SAGITTA\",\"potentialAction\":[{\"@type\":\"SearchAction\",\"target\":{\"@type\":\"EntryPoint\",\"urlTemplate\":\"https:\/\/sagitta-safety.com\/en\/?s={search_term_string}\"},\"query-input\":{\"@type\":\"PropertyValueSpecification\",\"valueRequired\":true,\"valueName\":\"search_term_string\"}}],\"inLanguage\":\"cs\"}]}<\/script>\n<!-- \/ Yoast SEO plugin. -->","yoast_head_json":{"title":"SB100 - Sagitta, \u0161pecialista na o\u010dn\u00fa optiku","robots":{"index":"index","follow":"follow","max-snippet":"max-snippet:-1","max-image-preview":"max-image-preview:large","max-video-preview":"max-video-preview:-1"},"canonical":"https:\/\/sagitta-safety.com\/cz\/produkt\/sb100\/","og_locale":"cs_CZ","og_type":"article","og_title":"SB100 - Sagitta, \u0161pecialista na o\u010dn\u00fa optiku","og_description":"dioptrick\u00e9 ochrann\u00e9 okuliare modern\u00e9ho vzh\u013eadu  transparentn\u00e1 bo\u010dn\u00e1 ochrana z odoln\u00e9ho polykarbon\u00e1tu  ergonomick\u00e1 kon\u0161trukcia, individu\u00e1lne nastavenie sedielok  zakon\u010denie stran\u00edc s kovovou v\u00fdstuhou pre lep\u0161ie prisp\u00f4sobenie a fixovanie na tv\u00e1ri  k dispoz\u00edci\u00ed s\u00fa dve ve\u013ekosti","og_url":"https:\/\/sagitta-safety.com\/cz\/produkt\/sb100\/","og_site_name":"Sagitta, \u0161pecialista na o\u010dn\u00fa optiku","article_modified_time":"2022-10-08T13:02:13+00:00","og_image":[{"width":1888,"height":708,"url":"https:\/\/sagitta-safety.com\/wp-content\/uploads\/2020\/12\/SB100.jpg","type":"image\/jpeg"}],"twitter_card":"summary_large_image","schema":{"@context":"https:\/\/schema.org","@graph":[{"@type":"WebPage","@id":"https:\/\/sagitta-safety.com\/sk\/produkt\/sb100\/","url":"https:\/\/sagitta-safety.com\/sk\/produkt\/sb100\/","name":"SB100 - Sagitta, \u0161pecialista na o\u010dn\u00fa optiku","isPartOf":{"@id":"https:\/\/sagitta-safety.com\/en\/#website"},"primaryImageOfPage":{"@id":"https:\/\/sagitta-safety.com\/sk\/produkt\/sb100\/#primaryimage"},"image":{"@id":"https:\/\/sagitta-safety.com\/sk\/produkt\/sb100\/#primaryimage"},"thumbnailUrl":"https:\/\/sagitta-safety.com\/wp-content\/uploads\/2020\/12\/SB100.jpg","datePublished":"2017-06-27T07:20:38+00:00","dateModified":"2022-10-08T13:02:13+00:00","breadcrumb":{"@id":"https:\/\/sagitta-safety.com\/sk\/produkt\/sb100\/#breadcrumb"},"inLanguage":"cs","potentialAction":[{"@type":"ReadAction","target":["https:\/\/sagitta-safety.com\/sk\/produkt\/sb100\/"]}]},{"@type":"ImageObject","inLanguage":"cs","@id":"https:\/\/sagitta-safety.com\/sk\/produkt\/sb100\/#primaryimage","url":"https:\/\/sagitta-safety.com\/wp-content\/uploads\/2020\/12\/SB100.jpg","contentUrl":"https:\/\/sagitta-safety.com\/wp-content\/uploads\/2020\/12\/SB100.jpg","width":1888,"height":708},{"@type":"BreadcrumbList","@id":"https:\/\/sagitta-safety.com\/sk\/produkt\/sb100\/#breadcrumb","itemListElement":[{"@type":"ListItem","position":1,"name":"Home","item":"https:\/\/sagitta-safety.com\/cz\/"},{"@type":"ListItem","position":2,"name":"Ochrana zraku","item":"https:\/\/sagitta-safety.com\/en\/eye-protection\/"},{"@type":"ListItem","position":3,"name":"SB100"}]},{"@type":"WebSite","@id":"https:\/\/sagitta-safety.com\/en\/#website","url":"https:\/\/sagitta-safety.com\/en\/","name":"Sagitta, specialista na o\u010dn\u00ed optiku","description":"Profesion\u00e1lna ochrana zraku pre priemysel | SAGITTA","potentialAction":[{"@type":"SearchAction","target":{"@type":"EntryPoint","urlTemplate":"https:\/\/sagitta-safety.com\/en\/?s={search_term_string}"},"query-input":{"@type":"PropertyValueSpecification","valueRequired":true,"valueName":"search_term_string"}}],"inLanguage":"cs"}]}},"_links":{"self":[{"href":"https:\/\/sagitta-safety.com\/cz\/wp-json\/wp\/v2\/product\/1017","targetHints":{"allow":["GET"]}}],"collection":[{"href":"https:\/\/sagitta-safety.com\/cz\/wp-json\/wp\/v2\/product"}],"about":[{"href":"https:\/\/sagitta-safety.com\/cz\/wp-json\/wp\/v2\/types\/product"}],"wp:featuredmedia":[{"embeddable":true,"href":"https:\/\/sagitta-safety.com\/cz\/wp-json\/wp\/v2\/media\/2630"}],"wp:attachment":[{"href":"https:\/\/sagitta-safety.com\/cz\/wp-json\/wp\/v2\/media?parent=1017"}],"wp:term":[{"taxonomy":"product_brand","embeddable":true,"href":"https:\/\/sagitta-safety.com\/cz\/wp-json\/wp\/v2\/product_brand?post=1017"},{"taxonomy":"product_cat","embeddable":true,"href":"https:\/\/sagitta-safety.com\/cz\/wp-json\/wp\/v2\/product_cat?post=1017"},{"taxonomy":"product_tag","embeddable":true,"href":"https:\/\/sagitta-safety.com\/cz\/wp-json\/wp\/v2\/product_tag?post=1017"}],"curies":[{"name":"wp","href":"https:\/\/api.w.org\/{rel}","templated":true}]}}